{"id":987,"date":"2021-02-24T00:18:15","date_gmt":"2021-02-24T00:18:15","guid":{"rendered":"https:\/\/www.consejoderectores.cl\/?page_id=987"},"modified":"2024-01-19T11:20:13","modified_gmt":"2024-01-19T11:20:13","slug":"hungria","status":"publish","type":"page","link":"https:\/\/consejoderectores.cl\/en\/vinculos-internacionales-old\/convenios-internacionales-cruch\/hungria\/","title":{"rendered":"Hungary"},"content":{"rendered":"<div class=\"vce-row-container\" data-vce-boxed-width=\"true\"><div class=\"vce-row vce-row--col-gap-30 cont-inter vce-row-equal-height vce-row-content--top\" id=\"el-72fd8827\" data-vce-do-apply=\"all el-72fd8827\"><div class=\"vce-row-content\" data-vce-element-content=\"true\"><div class=\"vce-col vce-col--md-auto vce-col--xs-1 vce-col--xs-last vce-col--xs-first vce-col--sm-last vce-col--sm-first vce-col--md-last vce-col--lg-last vce-col--xl-last vce-col--md-first vce-col--lg-first vce-col--xl-first\" id=\"el-d2a6f869\"><div class=\"vce-col-inner\" data-vce-do-apply=\"border margin background  el-d2a6f869\"><div class=\"vce-col-content\" data-vce-element-content=\"true\" data-vce-do-apply=\"padding el-d2a6f869\"><div class=\"vce-row-container\" data-vce-boxed-width=\"true\"><div class=\"vce-row vce-row--col-gap-30 vce-row-equal-height vce-row-content--top\" id=\"el-147fe08d\" data-vce-do-apply=\"all el-147fe08d\"><div class=\"vce-row-content\" data-vce-element-content=\"true\"><div class=\"vce-col vce-col--md-auto vce-col--xs-1 vce-col--xs-last vce-col--xs-first vce-col--sm-last vce-col--sm-first vce-col--md-last vce-col--lg-last vce-col--xl-last vce-col--md-first vce-col--lg-first vce-col--xl-first\" id=\"el-62c12b96\"><div class=\"vce-col-inner\" data-vce-do-apply=\"border margin background  el-62c12b96\"><div class=\"vce-col-content\" data-vce-element-content=\"true\" data-vce-do-apply=\"padding el-62c12b96\"><div class=\"vce-row-container\" data-vce-boxed-width=\"true\"><div class=\"vce-row vce-row--col-gap-30 vce-row-equal-height vce-row-content--top\" id=\"el-64cc8020\" data-vce-do-apply=\"all el-64cc8020\"><div class=\"vce-row-content\" data-vce-element-content=\"true\"><div class=\"vce-col vce-col--md-auto vce-col--xs-1 vce-col--xs-last vce-col--xs-first vce-col--sm-last vce-col--sm-first vce-col--md-last vce-col--lg-last vce-col--xl-last vce-col--md-first vce-col--lg-first vce-col--xl-first\" id=\"el-532f308c\"><div class=\"vce-col-inner\" data-vce-do-apply=\"border margin background  el-532f308c\"><div class=\"vce-col-content\" data-vce-element-content=\"true\" data-vce-do-apply=\"padding el-532f308c\"><div class=\"vce-row-container\" data-vce-boxed-width=\"true\"><div class=\"vce-row vce-row--col-gap-30 vce-row-equal-height vce-row-content--top\" id=\"el-55f3406f\" data-vce-do-apply=\"all el-55f3406f\"><div class=\"vce-content-background-container\"><\/div><div class=\"vce-row-content\" data-vce-element-content=\"true\"><div class=\"vce-col vce-col--md-100-px vce-col--xs-1 vce-col--xs-last vce-col--xs-first vce-col--sm-last vce-col--sm-first vce-col--md-first vce-col--lg-first vce-col--xl-first\" id=\"el-a4713f15\"><div class=\"vce-col-inner\" data-vce-do-apply=\"border margin background  el-a4713f15\"><div class=\"vce-col-content\" data-vce-element-content=\"true\" data-vce-do-apply=\"padding el-a4713f15\"><div class=\"vce-single-image-container vce-single-image--align-left\"><div class=\"vce vce-single-image-wrapper\" id=\"el-c8b9d2a9\" data-vce-do-apply=\"all el-c8b9d2a9\"><figure><div class=\"vce-single-image-figure-inner\" style=\"width: 190px;\"><div class=\"vce-single-image-inner vce-single-image--absolute\" style=\"width: 100%; padding-bottom: 57.8947%;\"><img loading=\"lazy\" decoding=\"async\" class=\"vce-single-image\"  width=\"190\" height=\"110\" srcset=\"https:\/\/consejoderectores.cl\/wp-content\/uploads\/2024\/01\/flag-hu-190x110.jpg 190w\" src=\"https:\/\/consejoderectores.cl\/wp-content\/uploads\/2024\/01\/flag-hu-190x110.jpg\" data-img-src=\"https:\/\/consejoderectores.cl\/wp-content\/uploads\/2021\/02\/flag-hu.jpg\" data-attachment-id=\"927\"  alt=\"\" title=\"flag-hu\" \/><\/div><\/div><figcaption hidden=\"\"><\/figcaption><\/figure><\/div><\/div><\/div><\/div><\/div><div class=\"vce-col vce-col--md-auto vce-col--xs-1 vce-col--xs-last vce-col--xs-first vce-col--sm-last vce-col--sm-first vce-col--md-last vce-col--lg-last vce-col--xl-last\" id=\"el-48cd4015\"><div class=\"vce-col-inner\" data-vce-do-apply=\"border margin background  el-48cd4015\"><div class=\"vce-col-content\" data-vce-element-content=\"true\" data-vce-do-apply=\"padding el-48cd4015\"><div class=\"vce-text-block country-subtitles\"><div class=\"vce-text-block-wrapper vce\" id=\"el-a02739ee\" data-vce-do-apply=\"all el-a02739ee\"><p>ACADEMIC COOPERATION AGREEMENTS<\/p><h4>BETWEEN CHILE AND HUNGARY<\/h4><\/div><\/div><\/div><\/div><\/div><\/div><\/div><\/div><div class=\"vce-raw-html\"><div class=\"vce-raw-html-wrapper\" id=\"el-0f20b2db\" data-vce-do-apply=\"all el-0f20b2db\"><div class=\"mod-acuerdos\">\n\t<div class=\"mod-content\">\n\t\t<h5>Download pdf<\/h5>\n\t\t<div class=\"row-doc\">\n\t\t\t<a href=\"https:\/\/www.consejoderectores.cl\/wp-content\/uploads\/convenio-internacional\/acuerdo_cooperacion_hungria.pdf\">\n\t\t\t\t<div class=\"icon-doc\"><i class=\"fal fa-file-pdf\"><\/i><\/div>\n\t\t\t\t<div class=\"title-doc\">\n\t\t\t\t\t<h6>March 16, 2016<\/h6>\n\t\t\t\t\t<p>Memorandum of Understanding between the Council of Rectors and the Hungarian Rector&#039;s Conference (HRC).<\/p>\n\t\t\t\t<\/div>\n\t\t\t<\/a>\n\t\t<\/div>\t\n\t<\/div>\n<\/div><\/div><\/div><\/div><\/div><\/div><\/div><\/div><\/div><\/div><\/div><\/div><\/div><\/div><\/div><\/div><\/div><\/div><\/div><\/div><\/div>","protected":false},"excerpt":{"rendered":"<p>ACUERDOS DE COOPERACION ACAD\u00c9MICAENTRE CHILE Y HUNGR\u00cdA Descargar PDF 16 marzo 2016 Memorandum de Entendimiento entre el Consejo de Rectores y la Conferencia de Rectores de Hungr\u00eda (HRC, Hungarian Rector\u2019s Conference).<\/p>","protected":false},"author":1,"featured_media":0,"parent":907,"menu_order":0,"comment_status":"closed","ping_status":"closed","template":"page-header.php","meta":{"_acf_changed":false,"footnotes":""},"class_list":["post-987","page","type-page","status-publish","hentry"],"acf":[],"yoast_head":"<!-- This site is optimized with the Yoast SEO plugin v27.1.1 - https:\/\/yoast.com\/product\/yoast-seo-wordpress\/ -->\n<title>Hungr\u00eda - Consejo de Rectoras y Rectores de las Universidades Chilenas<\/title>\n<meta name=\"robots\" content=\"index, follow, max-snippet:-1, max-image-preview:large, max-video-preview:-1\" \/>\n<link rel=\"canonical\" href=\"https:\/\/consejoderectores.cl\/en\/vinculos-internacionales-old\/convenios-internacionales-cruch\/hungria\/\" \/>\n<meta property=\"og:locale\" content=\"en_US\" \/>\n<meta property=\"og:type\" content=\"article\" \/>\n<meta property=\"og:title\" content=\"Hungr\u00eda - Consejo de Rectoras y Rectores de las Universidades Chilenas\" \/>\n<meta property=\"og:description\" content=\"ACUERDOS DE COOPERACION ACAD\u00c9MICAENTRE CHILE Y HUNGR\u00cdA Descargar PDF 16 marzo 2016 Memorandum de Entendimiento entre el Consejo de Rectores y la Conferencia de Rectores de Hungr\u00eda (HRC, Hungarian Rector\u2019s Conference).\" \/>\n<meta property=\"og:url\" content=\"https:\/\/consejoderectores.cl\/en\/vinculos-internacionales-old\/convenios-internacionales-cruch\/hungria\/\" \/>\n<meta property=\"og:site_name\" content=\"Consejo de Rectoras y Rectores de las Universidades Chilenas\" \/>\n<meta property=\"article:modified_time\" content=\"2024-01-19T11:20:13+00:00\" \/>\n<meta name=\"twitter:card\" content=\"summary_large_image\" \/>\n<meta name=\"twitter:site\" content=\"@CRUCH_cl\" \/>\n<script type=\"application\/ld+json\" class=\"yoast-schema-graph\">{\"@context\":\"https:\/\/schema.org\",\"@graph\":[{\"@type\":\"WebPage\",\"@id\":\"https:\/\/consejoderectores.cl\/vinculos-internacionales-old\/convenios-internacionales-cruch\/hungria\/\",\"url\":\"https:\/\/consejoderectores.cl\/vinculos-internacionales-old\/convenios-internacionales-cruch\/hungria\/\",\"name\":\"Hungr\u00eda - Consejo de Rectoras y Rectores de las Universidades Chilenas\",\"isPartOf\":{\"@id\":\"https:\/\/consejoderectores.cl\/en\/#website\"},\"datePublished\":\"2021-02-24T00:18:15+00:00\",\"dateModified\":\"2024-01-19T11:20:13+00:00\",\"breadcrumb\":{\"@id\":\"https:\/\/consejoderectores.cl\/vinculos-internacionales-old\/convenios-internacionales-cruch\/hungria\/#breadcrumb\"},\"inLanguage\":\"en-US\",\"potentialAction\":[{\"@type\":\"ReadAction\",\"target\":[\"https:\/\/consejoderectores.cl\/vinculos-internacionales-old\/convenios-internacionales-cruch\/hungria\/\"]}]},{\"@type\":\"BreadcrumbList\",\"@id\":\"https:\/\/consejoderectores.cl\/vinculos-internacionales-old\/convenios-internacionales-cruch\/hungria\/#breadcrumb\",\"itemListElement\":[{\"@type\":\"ListItem\",\"position\":1,\"name\":\"Home\",\"item\":\"https:\/\/consejoderectores.cl\/\"},{\"@type\":\"ListItem\",\"position\":2,\"name\":\"V\u00ednculos Internacionales OLD\",\"item\":\"https:\/\/consejoderectores.cl\/vinculos-internacionales-old\/\"},{\"@type\":\"ListItem\",\"position\":3,\"name\":\"Convenios Internacionales CRUCH\",\"item\":\"https:\/\/consejoderectores.cl\/vinculos-internacionales-old\/convenios-internacionales-cruch\/\"},{\"@type\":\"ListItem\",\"position\":4,\"name\":\"Hungr\u00eda\"}]},{\"@type\":\"WebSite\",\"@id\":\"https:\/\/consejoderectores.cl\/en\/#website\",\"url\":\"https:\/\/consejoderectores.cl\/en\/\",\"name\":\"Consejo de Rectoras y Rectores de las Universidades Chilenas\",\"description\":\"\",\"publisher\":{\"@id\":\"https:\/\/consejoderectores.cl\/en\/#organization\"},\"potentialAction\":[{\"@type\":\"SearchAction\",\"target\":{\"@type\":\"EntryPoint\",\"urlTemplate\":\"https:\/\/consejoderectores.cl\/en\/?s={search_term_string}\"},\"query-input\":{\"@type\":\"PropertyValueSpecification\",\"valueRequired\":true,\"valueName\":\"search_term_string\"}}],\"inLanguage\":\"en-US\"},{\"@type\":\"Organization\",\"@id\":\"https:\/\/consejoderectores.cl\/en\/#organization\",\"name\":\"Consejo de Rectoras y Rectores de las Universidades Chilenas\",\"url\":\"https:\/\/consejoderectores.cl\/en\/\",\"logo\":{\"@type\":\"ImageObject\",\"inLanguage\":\"en-US\",\"@id\":\"https:\/\/consejoderectores.cl\/en\/#\/schema\/logo\/image\/\",\"url\":\"https:\/\/consejoderectores.cl\/wp-content\/uploads\/2025\/12\/logoheader_2025.png\",\"contentUrl\":\"https:\/\/consejoderectores.cl\/wp-content\/uploads\/2025\/12\/logoheader_2025.png\",\"width\":666,\"height\":305,\"caption\":\"Consejo de Rectoras y Rectores de las Universidades Chilenas\"},\"image\":{\"@id\":\"https:\/\/consejoderectores.cl\/en\/#\/schema\/logo\/image\/\"},\"sameAs\":[\"https:\/\/x.com\/CRUCH_cl\",\"https:\/\/www.instagram.com\/consejoderectores\/\",\"https:\/\/www.linkedin.com\/company\/cruch\/\",\"https:\/\/www.youtube.com\/channel\/UCzgIFRCsDlKoFpimiQmEaOA\"]}]}<\/script>\n<!-- \/ Yoast SEO plugin. -->","yoast_head_json":{"title":"Hungr\u00eda - Consejo de Rectoras y Rectores de las Universidades Chilenas","robots":{"index":"index","follow":"follow","max-snippet":"max-snippet:-1","max-image-preview":"max-image-preview:large","max-video-preview":"max-video-preview:-1"},"canonical":"https:\/\/consejoderectores.cl\/en\/vinculos-internacionales-old\/convenios-internacionales-cruch\/hungria\/","og_locale":"en_US","og_type":"article","og_title":"Hungr\u00eda - Consejo de Rectoras y Rectores de las Universidades Chilenas","og_description":"ACUERDOS DE COOPERACION ACAD\u00c9MICAENTRE CHILE Y HUNGR\u00cdA Descargar PDF 16 marzo 2016 Memorandum de Entendimiento entre el Consejo de Rectores y la Conferencia de Rectores de Hungr\u00eda (HRC, Hungarian Rector\u2019s Conference).","og_url":"https:\/\/consejoderectores.cl\/en\/vinculos-internacionales-old\/convenios-internacionales-cruch\/hungria\/","og_site_name":"Consejo de Rectoras y Rectores de las Universidades Chilenas","article_modified_time":"2024-01-19T11:20:13+00:00","twitter_card":"summary_large_image","twitter_site":"@CRUCH_cl","schema":{"@context":"https:\/\/schema.org","@graph":[{"@type":"WebPage","@id":"https:\/\/consejoderectores.cl\/vinculos-internacionales-old\/convenios-internacionales-cruch\/hungria\/","url":"https:\/\/consejoderectores.cl\/vinculos-internacionales-old\/convenios-internacionales-cruch\/hungria\/","name":"Hungr\u00eda - Consejo de Rectoras y Rectores de las Universidades Chilenas","isPartOf":{"@id":"https:\/\/consejoderectores.cl\/en\/#website"},"datePublished":"2021-02-24T00:18:15+00:00","dateModified":"2024-01-19T11:20:13+00:00","breadcrumb":{"@id":"https:\/\/consejoderectores.cl\/vinculos-internacionales-old\/convenios-internacionales-cruch\/hungria\/#breadcrumb"},"inLanguage":"en-US","potentialAction":[{"@type":"ReadAction","target":["https:\/\/consejoderectores.cl\/vinculos-internacionales-old\/convenios-internacionales-cruch\/hungria\/"]}]},{"@type":"BreadcrumbList","@id":"https:\/\/consejoderectores.cl\/vinculos-internacionales-old\/convenios-internacionales-cruch\/hungria\/#breadcrumb","itemListElement":[{"@type":"ListItem","position":1,"name":"Home","item":"https:\/\/consejoderectores.cl\/"},{"@type":"ListItem","position":2,"name":"V\u00ednculos Internacionales OLD","item":"https:\/\/consejoderectores.cl\/vinculos-internacionales-old\/"},{"@type":"ListItem","position":3,"name":"Convenios Internacionales CRUCH","item":"https:\/\/consejoderectores.cl\/vinculos-internacionales-old\/convenios-internacionales-cruch\/"},{"@type":"ListItem","position":4,"name":"Hungr\u00eda"}]},{"@type":"WebSite","@id":"https:\/\/consejoderectores.cl\/en\/#website","url":"https:\/\/consejoderectores.cl\/en\/","name":"Council of Rectors of Chilean Universities","description":"","publisher":{"@id":"https:\/\/consejoderectores.cl\/en\/#organization"},"potentialAction":[{"@type":"SearchAction","target":{"@type":"EntryPoint","urlTemplate":"https:\/\/consejoderectores.cl\/en\/?s={search_term_string}"},"query-input":{"@type":"PropertyValueSpecification","valueRequired":true,"valueName":"search_term_string"}}],"inLanguage":"en-US"},{"@type":"Organization","@id":"https:\/\/consejoderectores.cl\/en\/#organization","name":"Council of Rectors of Chilean Universities","url":"https:\/\/consejoderectores.cl\/en\/","logo":{"@type":"ImageObject","inLanguage":"en-US","@id":"https:\/\/consejoderectores.cl\/en\/#\/schema\/logo\/image\/","url":"https:\/\/consejoderectores.cl\/wp-content\/uploads\/2025\/12\/logoheader_2025.png","contentUrl":"https:\/\/consejoderectores.cl\/wp-content\/uploads\/2025\/12\/logoheader_2025.png","width":666,"height":305,"caption":"Consejo de Rectoras y Rectores de las Universidades Chilenas"},"image":{"@id":"https:\/\/consejoderectores.cl\/en\/#\/schema\/logo\/image\/"},"sameAs":["https:\/\/x.com\/CRUCH_cl","https:\/\/www.instagram.com\/consejoderectores\/","https:\/\/www.linkedin.com\/company\/cruch\/","https:\/\/www.youtube.com\/channel\/UCzgIFRCsDlKoFpimiQmEaOA"]}]}},"_links":{"self":[{"href":"https:\/\/consejoderectores.cl\/en\/wp-json\/wp\/v2\/pages\/987","targetHints":{"allow":["GET"]}}],"collection":[{"href":"https:\/\/consejoderectores.cl\/en\/wp-json\/wp\/v2\/pages"}],"about":[{"href":"https:\/\/consejoderectores.cl\/en\/wp-json\/wp\/v2\/types\/page"}],"author":[{"embeddable":true,"href":"https:\/\/consejoderectores.cl\/en\/wp-json\/wp\/v2\/users\/1"}],"replies":[{"embeddable":true,"href":"https:\/\/consejoderectores.cl\/en\/wp-json\/wp\/v2\/comments?post=987"}],"version-history":[{"count":7,"href":"https:\/\/consejoderectores.cl\/en\/wp-json\/wp\/v2\/pages\/987\/revisions"}],"predecessor-version":[{"id":9136,"href":"https:\/\/consejoderectores.cl\/en\/wp-json\/wp\/v2\/pages\/987\/revisions\/9136"}],"up":[{"embeddable":true,"href":"https:\/\/consejoderectores.cl\/en\/wp-json\/wp\/v2\/pages\/907"}],"wp:attachment":[{"href":"https:\/\/consejoderectores.cl\/en\/wp-json\/wp\/v2\/media?parent=987"}],"curies":[{"name":"wp","href":"https:\/\/api.w.org\/{rel}","templated":true}]}}