{"id":9535,"date":"2024-02-02T10:24:33","date_gmt":"2024-02-02T10:24:33","guid":{"rendered":"https:\/\/cruch-2024.saargo.com\/?page_id=9535"},"modified":"2024-02-07T15:29:17","modified_gmt":"2024-02-07T15:29:17","slug":"ips-instituto-de-previsionssocial","status":"publish","type":"page","link":"https:\/\/consejoderectores.cl\/en\/convenios-nacionales\/ips-instituto-de-previsionssocial\/","title":{"rendered":"IPS Social Security Institute"},"content":{"rendered":"<div class=\"vce-row-container\" data-vce-boxed-width=\"true\"><div class=\"vce-row vce-row--col-gap-30 vce-row-equal-height vce-row-content--top\" id=\"el-f14a9e19\" data-vce-do-apply=\"all el-f14a9e19\"><div class=\"vce-content-background-container\"><\/div><div class=\"vce-row-content\" data-vce-element-content=\"true\"><div class=\"vce-col vce-col--md-auto vce-col--xs-1 vce-col--xs-last vce-col--xs-first vce-col--sm-last vce-col--sm-first vce-col--md-last vce-col--lg-last vce-col--xl-last vce-col--md-first vce-col--lg-first vce-col--xl-first\" id=\"el-038e5872\"><div class=\"vce-col-inner\" data-vce-do-apply=\"border margin background  el-038e5872\"><div class=\"vce-content-background-container\"><\/div><div class=\"vce-col-content\" data-vce-element-content=\"true\" data-vce-do-apply=\"padding el-038e5872\"><div class=\"vce-row-container\" data-vce-boxed-width=\"true\"><div class=\"vce-row vce-row--col-gap-30 vce-row-equal-height vce-row-content--top\" id=\"el-1bffeee0\" data-vce-do-apply=\"all el-1bffeee0\"><div class=\"vce-row-content\" data-vce-element-content=\"true\"><div class=\"vce-col vce-col--xs-100p vce-col--xs-visible vce-col--xs-last vce-col--xs-first vce-col--sm-160-px vce-col--sm-visible vce-col--sm-first vce-col--md-200-px vce-col--md-visible vce-col--md-first vce-col--lg-300-px vce-col--lg-visible vce-col--lg-first vce-col--xl-300-px vce-col--xl-visible vce-col--xl-first\" id=\"el-2e343a0c\"><div class=\"vce-col-inner\" data-vce-do-apply=\"border margin background  el-2e343a0c\"><div class=\"vce-col-content\" data-vce-element-content=\"true\" data-vce-do-apply=\"padding el-2e343a0c\"><div class=\"vce-single-image-container vce-single-image--align-left\"><div class=\"vce vce-single-image-wrapper\" id=\"el-7ec5ed56\" data-vce-do-apply=\"all el-7ec5ed56\"><figure><div class=\"vce-single-image-figure-inner\" style=\"width: 1024px;\"><div class=\"vce-single-image-inner vce-single-image--absolute vce-single-image--border-rounded\" style=\"width: 100%; padding-bottom: 90.4297%;\"><img loading=\"lazy\" decoding=\"async\" class=\"vce-single-image\"  width=\"1024\" height=\"926\" srcset=\"https:\/\/consejoderectores.cl\/wp-content\/uploads\/2024\/02\/Logo-IPS-1024x927.png 1024w, https:\/\/consejoderectores.cl\/wp-content\/uploads\/2024\/02\/Logo-IPS-320x290.png 320w, https:\/\/consejoderectores.cl\/wp-content\/uploads\/2024\/02\/Logo-IPS-480x435.png 480w, https:\/\/consejoderectores.cl\/wp-content\/uploads\/2024\/02\/Logo-IPS-800x724.png 800w\" src=\"https:\/\/consejoderectores.cl\/wp-content\/uploads\/2024\/02\/Logo-IPS-1024x927.png\" data-img-src=\"https:\/\/consejoderectores.cl\/wp-content\/uploads\/2024\/02\/Logo-IPS.png\" data-attachment-id=\"9615\"  alt=\"\" title=\"IPS logo\" \/><\/div><\/div><figcaption hidden=\"\"><\/figcaption><\/figure><\/div><\/div><\/div><\/div><\/div><div class=\"vce-col vce-col--xs-100p vce-col--xs-visible vce-col--xs-last vce-col--xs-first vce-col--sm-auto vce-col--sm-visible vce-col--sm-last vce-col--md-auto vce-col--md-visible vce-col--md-last vce-col--lg-auto vce-col--lg-visible vce-col--lg-last vce-col--xl-auto vce-col--xl-visible vce-col--xl-last\" id=\"el-e7bbd8d6\"><div class=\"vce-col-inner\" data-vce-do-apply=\"border margin background  el-e7bbd8d6\"><div class=\"vce-content-background-container\"><\/div><div class=\"vce-col-content\" data-vce-element-content=\"true\" data-vce-do-apply=\"padding el-e7bbd8d6\"><div class=\"vce-text-block\"><div class=\"vce-text-block-wrapper vce\" id=\"el-30c21f84\" data-vce-do-apply=\"all el-30c21f84\"><h4>CRUCH Agreement - Social Security Institute (IPS)<\/h4><p>The agreement with the IPS, which was signed in August 2023, seeks to generate an alliance to coordinate mutual cooperation actions that contribute to the continuous improvement of the conditions of coverage, information and delivery of State services for citizens.<br><br>This is materialized, for example, in the performance or development of academic and research work and\/or activities, by academic professors and\/or undergraduate and postgraduate students from various programs at CRUCH universities.<\/p><\/div><\/div><div class=\"vce-button--style-basic-container btn-link vce-button--style-basic-container--align-right\"><span class=\"vce-button--style-basic-wrapper vce\" id=\"el-f28cb0d0\" data-vce-do-apply=\"margin el-f28cb0d0\"><a class=\"vce-button vce-button--style-basic vce-button--style-basic--border-square vce-button--style-basic--size-medium vce-button--style-basic--color-b-14-182-144--fff\" href=\"https:\/\/consejoderectores.cl\/wp-content\/uploads\/2024\/02\/Convenio-Marco-CRUCH-IPS.pdf\" title=\"\" data-vce-do-apply=\"padding border background  el-f28cb0d0\">Discharge<\/a><\/span><\/div><div class=\"vce-text-block\"><div class=\"vce-text-block-wrapper vce\" id=\"el-4c555b8e\" data-vce-do-apply=\"all el-4c555b8e\"><h4>goals<\/h4><ul><li>Promoting teamwork, enabling the application of knowledge and skills acquired in training processes and thereby generating public innovation with new ideas and transformation processes.<\/li><li>Sharing models of good practices in the field of lifelong learning innovation for public service.<\/li><li>Promoting collaboration in knowledge transfer and innovation projects in public service.<\/li><li>Gathering new ideas to expand the generation of joint projects within the scope of competence and powers of the IPS.<\/li><\/ul><\/div><\/div><\/div><\/div><\/div><\/div><\/div><\/div><\/div><\/div><\/div><\/div><\/div><\/div>","protected":false},"excerpt":{"rendered":"<p>Convenio CRUCH &#8211; Instituto de Previsi\u00f3n Social (IPS)El convenio con el IPS, que fue firmado en agosto de 2023, busca generar una alianza para coordinar acciones de cooperaci\u00f3n mutua que contribuyan al mejoramiento continuo de las condiciones de cobertura, informaci\u00f3n y realizaci\u00f3n de servicios del Estado para la ciudadan\u00eda.Esto se materializa, por ejemplo, en la [&hellip;]<\/p>\n","protected":false},"author":1,"featured_media":0,"parent":8750,"menu_order":0,"comment_status":"closed","ping_status":"closed","template":"page-header.php","meta":{"_acf_changed":false,"footnotes":""},"class_list":["post-9535","page","type-page","status-publish","hentry"],"acf":[],"yoast_head":"<!-- This site is optimized with the Yoast SEO plugin v27.1.1 - https:\/\/yoast.com\/product\/yoast-seo-wordpress\/ -->\n<title>IPS Instituto de Previsi\u00f3n Social - Consejo de Rectoras y Rectores de las Universidades Chilenas<\/title>\n<meta name=\"robots\" content=\"index, follow, max-snippet:-1, max-image-preview:large, max-video-preview:-1\" \/>\n<link rel=\"canonical\" href=\"https:\/\/consejoderectores.cl\/en\/convenios-nacionales\/ips-instituto-de-previsionssocial\/\" \/>\n<meta property=\"og:locale\" content=\"en_US\" \/>\n<meta property=\"og:type\" content=\"article\" \/>\n<meta property=\"og:title\" content=\"IPS Instituto de Previsi\u00f3n Social - Consejo de Rectoras y Rectores de las Universidades Chilenas\" \/>\n<meta property=\"og:description\" content=\"Convenio CRUCH - Instituto de Previsi\u00f3n Social (IPS)El convenio con el IPS, que fue firmado en agosto de 2023, busca generar una alianza para coordinar acciones de cooperaci\u00f3n mutua que contribuyan al mejoramiento continuo de las condiciones de cobertura, informaci\u00f3n y realizaci\u00f3n de servicios del Estado para la ciudadan\u00eda.Esto se materializa, por ejemplo, en la [&hellip;]\" \/>\n<meta property=\"og:url\" content=\"https:\/\/consejoderectores.cl\/en\/convenios-nacionales\/ips-instituto-de-previsionssocial\/\" \/>\n<meta property=\"og:site_name\" content=\"Consejo de Rectoras y Rectores de las Universidades Chilenas\" \/>\n<meta property=\"article:modified_time\" content=\"2024-02-07T15:29:17+00:00\" \/>\n<meta name=\"twitter:card\" content=\"summary_large_image\" \/>\n<meta name=\"twitter:site\" content=\"@CRUCH_cl\" \/>\n<meta name=\"twitter:label1\" content=\"Est. reading time\" \/>\n\t<meta name=\"twitter:data1\" content=\"1 minute\" \/>\n<script type=\"application\/ld+json\" class=\"yoast-schema-graph\">{\"@context\":\"https:\/\/schema.org\",\"@graph\":[{\"@type\":\"WebPage\",\"@id\":\"https:\/\/consejoderectores.cl\/convenios-nacionales\/ips-instituto-de-previsionssocial\/\",\"url\":\"https:\/\/consejoderectores.cl\/convenios-nacionales\/ips-instituto-de-previsionssocial\/\",\"name\":\"IPS Instituto de Previsi\u00f3n Social - Consejo de Rectoras y Rectores de las Universidades Chilenas\",\"isPartOf\":{\"@id\":\"https:\/\/consejoderectores.cl\/en\/#website\"},\"datePublished\":\"2024-02-02T10:24:33+00:00\",\"dateModified\":\"2024-02-07T15:29:17+00:00\",\"breadcrumb\":{\"@id\":\"https:\/\/consejoderectores.cl\/convenios-nacionales\/ips-instituto-de-previsionssocial\/#breadcrumb\"},\"inLanguage\":\"en-US\",\"potentialAction\":[{\"@type\":\"ReadAction\",\"target\":[\"https:\/\/consejoderectores.cl\/convenios-nacionales\/ips-instituto-de-previsionssocial\/\"]}]},{\"@type\":\"BreadcrumbList\",\"@id\":\"https:\/\/consejoderectores.cl\/convenios-nacionales\/ips-instituto-de-previsionssocial\/#breadcrumb\",\"itemListElement\":[{\"@type\":\"ListItem\",\"position\":1,\"name\":\"Home\",\"item\":\"https:\/\/consejoderectores.cl\/\"},{\"@type\":\"ListItem\",\"position\":2,\"name\":\"Convenios Nacionales\",\"item\":\"https:\/\/consejoderectores.cl\/convenios-nacionales\/\"},{\"@type\":\"ListItem\",\"position\":3,\"name\":\"IPS Instituto de Previsi\u00f3n Social\"}]},{\"@type\":\"WebSite\",\"@id\":\"https:\/\/consejoderectores.cl\/en\/#website\",\"url\":\"https:\/\/consejoderectores.cl\/en\/\",\"name\":\"Consejo de Rectoras y Rectores de las Universidades Chilenas\",\"description\":\"\",\"publisher\":{\"@id\":\"https:\/\/consejoderectores.cl\/en\/#organization\"},\"potentialAction\":[{\"@type\":\"SearchAction\",\"target\":{\"@type\":\"EntryPoint\",\"urlTemplate\":\"https:\/\/consejoderectores.cl\/en\/?s={search_term_string}\"},\"query-input\":{\"@type\":\"PropertyValueSpecification\",\"valueRequired\":true,\"valueName\":\"search_term_string\"}}],\"inLanguage\":\"en-US\"},{\"@type\":\"Organization\",\"@id\":\"https:\/\/consejoderectores.cl\/en\/#organization\",\"name\":\"Consejo de Rectoras y Rectores de las Universidades Chilenas\",\"url\":\"https:\/\/consejoderectores.cl\/en\/\",\"logo\":{\"@type\":\"ImageObject\",\"inLanguage\":\"en-US\",\"@id\":\"https:\/\/consejoderectores.cl\/en\/#\/schema\/logo\/image\/\",\"url\":\"https:\/\/consejoderectores.cl\/wp-content\/uploads\/2025\/12\/logoheader_2025.png\",\"contentUrl\":\"https:\/\/consejoderectores.cl\/wp-content\/uploads\/2025\/12\/logoheader_2025.png\",\"width\":666,\"height\":305,\"caption\":\"Consejo de Rectoras y Rectores de las Universidades Chilenas\"},\"image\":{\"@id\":\"https:\/\/consejoderectores.cl\/en\/#\/schema\/logo\/image\/\"},\"sameAs\":[\"https:\/\/x.com\/CRUCH_cl\",\"https:\/\/www.instagram.com\/consejoderectores\/\",\"https:\/\/www.linkedin.com\/company\/cruch\/\",\"https:\/\/www.youtube.com\/channel\/UCzgIFRCsDlKoFpimiQmEaOA\"]}]}<\/script>\n<!-- \/ Yoast SEO plugin. -->","yoast_head_json":{"title":"IPS Instituto de Previsi\u00f3n Social - Consejo de Rectoras y Rectores de las Universidades Chilenas","robots":{"index":"index","follow":"follow","max-snippet":"max-snippet:-1","max-image-preview":"max-image-preview:large","max-video-preview":"max-video-preview:-1"},"canonical":"https:\/\/consejoderectores.cl\/en\/convenios-nacionales\/ips-instituto-de-previsionssocial\/","og_locale":"en_US","og_type":"article","og_title":"IPS Instituto de Previsi\u00f3n Social - Consejo de Rectoras y Rectores de las Universidades Chilenas","og_description":"Convenio CRUCH - Instituto de Previsi\u00f3n Social (IPS)El convenio con el IPS, que fue firmado en agosto de 2023, busca generar una alianza para coordinar acciones de cooperaci\u00f3n mutua que contribuyan al mejoramiento continuo de las condiciones de cobertura, informaci\u00f3n y realizaci\u00f3n de servicios del Estado para la ciudadan\u00eda.Esto se materializa, por ejemplo, en la [&hellip;]","og_url":"https:\/\/consejoderectores.cl\/en\/convenios-nacionales\/ips-instituto-de-previsionssocial\/","og_site_name":"Consejo de Rectoras y Rectores de las Universidades Chilenas","article_modified_time":"2024-02-07T15:29:17+00:00","twitter_card":"summary_large_image","twitter_site":"@CRUCH_cl","twitter_misc":{"Est. reading time":"1 minute"},"schema":{"@context":"https:\/\/schema.org","@graph":[{"@type":"WebPage","@id":"https:\/\/consejoderectores.cl\/convenios-nacionales\/ips-instituto-de-previsionssocial\/","url":"https:\/\/consejoderectores.cl\/convenios-nacionales\/ips-instituto-de-previsionssocial\/","name":"IPS Instituto de Previsi\u00f3n Social - Consejo de Rectoras y Rectores de las Universidades Chilenas","isPartOf":{"@id":"https:\/\/consejoderectores.cl\/en\/#website"},"datePublished":"2024-02-02T10:24:33+00:00","dateModified":"2024-02-07T15:29:17+00:00","breadcrumb":{"@id":"https:\/\/consejoderectores.cl\/convenios-nacionales\/ips-instituto-de-previsionssocial\/#breadcrumb"},"inLanguage":"en-US","potentialAction":[{"@type":"ReadAction","target":["https:\/\/consejoderectores.cl\/convenios-nacionales\/ips-instituto-de-previsionssocial\/"]}]},{"@type":"BreadcrumbList","@id":"https:\/\/consejoderectores.cl\/convenios-nacionales\/ips-instituto-de-previsionssocial\/#breadcrumb","itemListElement":[{"@type":"ListItem","position":1,"name":"Home","item":"https:\/\/consejoderectores.cl\/"},{"@type":"ListItem","position":2,"name":"Convenios Nacionales","item":"https:\/\/consejoderectores.cl\/convenios-nacionales\/"},{"@type":"ListItem","position":3,"name":"IPS Instituto de Previsi\u00f3n Social"}]},{"@type":"WebSite","@id":"https:\/\/consejoderectores.cl\/en\/#website","url":"https:\/\/consejoderectores.cl\/en\/","name":"Council of Rectors of Chilean Universities","description":"","publisher":{"@id":"https:\/\/consejoderectores.cl\/en\/#organization"},"potentialAction":[{"@type":"SearchAction","target":{"@type":"EntryPoint","urlTemplate":"https:\/\/consejoderectores.cl\/en\/?s={search_term_string}"},"query-input":{"@type":"PropertyValueSpecification","valueRequired":true,"valueName":"search_term_string"}}],"inLanguage":"en-US"},{"@type":"Organization","@id":"https:\/\/consejoderectores.cl\/en\/#organization","name":"Council of Rectors of Chilean Universities","url":"https:\/\/consejoderectores.cl\/en\/","logo":{"@type":"ImageObject","inLanguage":"en-US","@id":"https:\/\/consejoderectores.cl\/en\/#\/schema\/logo\/image\/","url":"https:\/\/consejoderectores.cl\/wp-content\/uploads\/2025\/12\/logoheader_2025.png","contentUrl":"https:\/\/consejoderectores.cl\/wp-content\/uploads\/2025\/12\/logoheader_2025.png","width":666,"height":305,"caption":"Consejo de Rectoras y Rectores de las Universidades Chilenas"},"image":{"@id":"https:\/\/consejoderectores.cl\/en\/#\/schema\/logo\/image\/"},"sameAs":["https:\/\/x.com\/CRUCH_cl","https:\/\/www.instagram.com\/consejoderectores\/","https:\/\/www.linkedin.com\/company\/cruch\/","https:\/\/www.youtube.com\/channel\/UCzgIFRCsDlKoFpimiQmEaOA"]}]}},"_links":{"self":[{"href":"https:\/\/consejoderectores.cl\/en\/wp-json\/wp\/v2\/pages\/9535","targetHints":{"allow":["GET"]}}],"collection":[{"href":"https:\/\/consejoderectores.cl\/en\/wp-json\/wp\/v2\/pages"}],"about":[{"href":"https:\/\/consejoderectores.cl\/en\/wp-json\/wp\/v2\/types\/page"}],"author":[{"embeddable":true,"href":"https:\/\/consejoderectores.cl\/en\/wp-json\/wp\/v2\/users\/1"}],"replies":[{"embeddable":true,"href":"https:\/\/consejoderectores.cl\/en\/wp-json\/wp\/v2\/comments?post=9535"}],"version-history":[{"count":3,"href":"https:\/\/consejoderectores.cl\/en\/wp-json\/wp\/v2\/pages\/9535\/revisions"}],"predecessor-version":[{"id":9617,"href":"https:\/\/consejoderectores.cl\/en\/wp-json\/wp\/v2\/pages\/9535\/revisions\/9617"}],"up":[{"embeddable":true,"href":"https:\/\/consejoderectores.cl\/en\/wp-json\/wp\/v2\/pages\/8750"}],"wp:attachment":[{"href":"https:\/\/consejoderectores.cl\/en\/wp-json\/wp\/v2\/media?parent=9535"}],"curies":[{"name":"wp","href":"https:\/\/api.w.org\/{rel}","templated":true}]}}