{"id":9528,"date":"2024-02-02T09:58:16","date_gmt":"2024-02-02T09:58:16","guid":{"rendered":"https:\/\/cruch-2024.saargo.com\/?page_id=9528"},"modified":"2024-02-19T15:53:26","modified_gmt":"2024-02-19T15:53:26","slug":"sermig-servicio-nacional-de-migraciones","status":"publish","type":"page","link":"https:\/\/consejoderectores.cl\/en\/convenios-nacionales\/sermig-servicio-nacional-de-migraciones\/","title":{"rendered":"SERMIG National Migration Service"},"content":{"rendered":"<div class=\"vce-row-container\" data-vce-boxed-width=\"true\"><div class=\"vce-row vce-row--col-gap-30 vce-row-equal-height vce-row-content--top\" id=\"el-f14a9e19\" data-vce-do-apply=\"all el-f14a9e19\"><div class=\"vce-content-background-container\"><\/div><div class=\"vce-row-content\" data-vce-element-content=\"true\"><div class=\"vce-col vce-col--md-auto vce-col--xs-1 vce-col--xs-last vce-col--xs-first vce-col--sm-last vce-col--sm-first vce-col--md-last vce-col--lg-last vce-col--xl-last vce-col--md-first vce-col--lg-first vce-col--xl-first\" id=\"el-038e5872\"><div class=\"vce-col-inner\" data-vce-do-apply=\"border margin background  el-038e5872\"><div class=\"vce-content-background-container\"><\/div><div class=\"vce-col-content\" data-vce-element-content=\"true\" data-vce-do-apply=\"padding el-038e5872\"><div class=\"vce-row-container\" data-vce-boxed-width=\"true\"><div class=\"vce-row vce-row--col-gap-30 vce-row-equal-height vce-row-content--top\" id=\"el-1bffeee0\" data-vce-do-apply=\"all el-1bffeee0\"><div class=\"vce-row-content\" data-vce-element-content=\"true\"><div class=\"vce-col vce-col--xs-100p vce-col--xs-visible vce-col--xs-last vce-col--xs-first vce-col--sm-160-px vce-col--sm-visible vce-col--sm-first vce-col--md-200-px vce-col--md-visible vce-col--md-first vce-col--lg-300-px vce-col--lg-visible vce-col--lg-first vce-col--xl-300-px vce-col--xl-visible vce-col--xl-first\" id=\"el-2e343a0c\"><div class=\"vce-col-inner\" data-vce-do-apply=\"border margin background  el-2e343a0c\"><div class=\"vce-col-content\" data-vce-element-content=\"true\" data-vce-do-apply=\"padding el-2e343a0c\"><div class=\"vce-single-image-container vce-single-image--align-left\"><div class=\"vce vce-single-image-wrapper\" id=\"el-7ec5ed56\" data-vce-do-apply=\"all el-7ec5ed56\"><figure><div class=\"vce-single-image-figure-inner\" style=\"width: 1000px;\"><div class=\"vce-single-image-inner vce-single-image--absolute vce-single-image--border-rounded\" style=\"width: 100%; padding-bottom: 90.7%;\"><img loading=\"lazy\" decoding=\"async\" class=\"vce-single-image\"  width=\"1000\" height=\"907\" srcset=\"https:\/\/consejoderectores.cl\/wp-content\/uploads\/2024\/02\/Logo-Sermig-320x290.jpg 320w, https:\/\/consejoderectores.cl\/wp-content\/uploads\/2024\/02\/Logo-Sermig-480x435.jpg 480w, https:\/\/consejoderectores.cl\/wp-content\/uploads\/2024\/02\/Logo-Sermig-800x726.jpg 800w, https:\/\/consejoderectores.cl\/wp-content\/uploads\/2024\/02\/Logo-Sermig-1000x907.jpg 1000w\" src=\"https:\/\/consejoderectores.cl\/wp-content\/uploads\/2024\/02\/Logo-Sermig-1000x907.jpg\" data-img-src=\"https:\/\/consejoderectores.cl\/wp-content\/uploads\/2024\/02\/Logo-Sermig.jpg\" data-attachment-id=\"9612\"  alt=\"\" title=\"Sermig logo\" \/><\/div><\/div><figcaption hidden=\"\"><\/figcaption><\/figure><\/div><\/div><\/div><\/div><\/div><div class=\"vce-col vce-col--xs-100p vce-col--xs-visible vce-col--xs-last vce-col--xs-first vce-col--sm-auto vce-col--sm-visible vce-col--sm-last vce-col--md-auto vce-col--md-visible vce-col--md-last vce-col--lg-auto vce-col--lg-visible vce-col--lg-last vce-col--xl-auto vce-col--xl-visible vce-col--xl-last\" id=\"el-e7bbd8d6\"><div class=\"vce-col-inner\" data-vce-do-apply=\"border margin background  el-e7bbd8d6\"><div class=\"vce-content-background-container\"><\/div><div class=\"vce-col-content\" data-vce-element-content=\"true\" data-vce-do-apply=\"padding el-e7bbd8d6\"><div class=\"vce-text-block\"><div class=\"vce-text-block-wrapper vce\" id=\"el-30c21f84\" data-vce-do-apply=\"all el-30c21f84\"><h4>CRUCH Agreement \u2013 National Migration Service (SERMIG)<\/h4><p>The agreement with SERMIG, signed in December 2022, aims to enhance the internationalization of the country&#039;s higher education academic offerings, promote Chile as a destination for international students to pursue undergraduate, postgraduate, doctoral and postdoctoral studies, and also foster research in all areas of knowledge.<br><br>This agreement between state agencies allows the Service to grant residence permits to foreign students, academics, researchers and professionals who are accepted into CRUCH universities to carry out specific activities and who comply with the provisions of Law No. 21,325, on Migration and Foreigners, its regulations and the various regulatory bodies.<\/p><\/div><\/div><div class=\"vce-text-block\"><div class=\"vce-text-block-wrapper vce\" id=\"el-4c555b8e\" data-vce-do-apply=\"all el-4c555b8e\"><h4>goals<\/h4><ul><li>To have a collaborative procedure for the immigration processing of foreigners who meet the established requirements<\/li><li>Streamline academic processes to carry out internationalization processes and strengthen research in CRUCH universities.<\/li><li>To create spaces for medium and long-term cooperation between both institutions.<\/li><\/ul><\/div><\/div><\/div><\/div><\/div><\/div><\/div><\/div><\/div><\/div><\/div><\/div><\/div><\/div>","protected":false},"excerpt":{"rendered":"<p>Convenio CRUCH \u2013 Servicio Nacional de Migraciones (SERMIG)El convenio con SERMIG, firmado en diciembre de 2022, tiene como prop\u00f3sito potenciar la internacionalizaci\u00f3n de la oferta acad\u00e9mica de la educaci\u00f3n superior del pa\u00eds, promocionar a Chile como destino para que estudiantes internacionales desarrollen sus estudios de pregrado, posgrado, doctorado y posdoctorado y, tambi\u00e9n, fomentar la investigaci\u00f3n [&hellip;]<\/p>\n","protected":false},"author":1,"featured_media":0,"parent":8750,"menu_order":0,"comment_status":"closed","ping_status":"closed","template":"page-header.php","meta":{"_acf_changed":false,"footnotes":""},"class_list":["post-9528","page","type-page","status-publish","hentry"],"acf":[],"yoast_head":"<!-- This site is optimized with the Yoast SEO plugin v27.1.1 - https:\/\/yoast.com\/product\/yoast-seo-wordpress\/ -->\n<title>SERMIG Servicio Nacional de Migraciones - Consejo de Rectoras y Rectores de las Universidades Chilenas<\/title>\n<meta name=\"robots\" content=\"index, follow, max-snippet:-1, max-image-preview:large, max-video-preview:-1\" \/>\n<link rel=\"canonical\" href=\"https:\/\/consejoderectores.cl\/en\/convenios-nacionales\/sermig-servicio-nacional-de-migraciones\/\" \/>\n<meta property=\"og:locale\" content=\"en_US\" \/>\n<meta property=\"og:type\" content=\"article\" \/>\n<meta property=\"og:title\" content=\"SERMIG Servicio Nacional de Migraciones - Consejo de Rectoras y Rectores de las Universidades Chilenas\" \/>\n<meta property=\"og:description\" content=\"Convenio CRUCH \u2013 Servicio Nacional de Migraciones (SERMIG)El convenio con SERMIG, firmado en diciembre de 2022, tiene como prop\u00f3sito potenciar la internacionalizaci\u00f3n de la oferta acad\u00e9mica de la educaci\u00f3n superior del pa\u00eds, promocionar a Chile como destino para que estudiantes internacionales desarrollen sus estudios de pregrado, posgrado, doctorado y posdoctorado y, tambi\u00e9n, fomentar la investigaci\u00f3n [&hellip;]\" \/>\n<meta property=\"og:url\" content=\"https:\/\/consejoderectores.cl\/en\/convenios-nacionales\/sermig-servicio-nacional-de-migraciones\/\" \/>\n<meta property=\"og:site_name\" content=\"Consejo de Rectoras y Rectores de las Universidades Chilenas\" \/>\n<meta property=\"article:modified_time\" content=\"2024-02-19T15:53:26+00:00\" \/>\n<meta name=\"twitter:card\" content=\"summary_large_image\" \/>\n<meta name=\"twitter:site\" content=\"@CRUCH_cl\" \/>\n<meta name=\"twitter:label1\" content=\"Est. reading time\" \/>\n\t<meta name=\"twitter:data1\" content=\"1 minute\" \/>\n<script type=\"application\/ld+json\" class=\"yoast-schema-graph\">{\"@context\":\"https:\/\/schema.org\",\"@graph\":[{\"@type\":\"WebPage\",\"@id\":\"https:\/\/consejoderectores.cl\/convenios-nacionales\/sermig-servicio-nacional-de-migraciones\/\",\"url\":\"https:\/\/consejoderectores.cl\/convenios-nacionales\/sermig-servicio-nacional-de-migraciones\/\",\"name\":\"SERMIG Servicio Nacional de Migraciones - Consejo de Rectoras y Rectores de las Universidades Chilenas\",\"isPartOf\":{\"@id\":\"https:\/\/consejoderectores.cl\/en\/#website\"},\"datePublished\":\"2024-02-02T09:58:16+00:00\",\"dateModified\":\"2024-02-19T15:53:26+00:00\",\"breadcrumb\":{\"@id\":\"https:\/\/consejoderectores.cl\/convenios-nacionales\/sermig-servicio-nacional-de-migraciones\/#breadcrumb\"},\"inLanguage\":\"en-US\",\"potentialAction\":[{\"@type\":\"ReadAction\",\"target\":[\"https:\/\/consejoderectores.cl\/convenios-nacionales\/sermig-servicio-nacional-de-migraciones\/\"]}]},{\"@type\":\"BreadcrumbList\",\"@id\":\"https:\/\/consejoderectores.cl\/convenios-nacionales\/sermig-servicio-nacional-de-migraciones\/#breadcrumb\",\"itemListElement\":[{\"@type\":\"ListItem\",\"position\":1,\"name\":\"Home\",\"item\":\"https:\/\/consejoderectores.cl\/\"},{\"@type\":\"ListItem\",\"position\":2,\"name\":\"Convenios Nacionales\",\"item\":\"https:\/\/consejoderectores.cl\/convenios-nacionales\/\"},{\"@type\":\"ListItem\",\"position\":3,\"name\":\"SERMIG Servicio Nacional de Migraciones\"}]},{\"@type\":\"WebSite\",\"@id\":\"https:\/\/consejoderectores.cl\/en\/#website\",\"url\":\"https:\/\/consejoderectores.cl\/en\/\",\"name\":\"Consejo de Rectoras y Rectores de las Universidades Chilenas\",\"description\":\"\",\"publisher\":{\"@id\":\"https:\/\/consejoderectores.cl\/en\/#organization\"},\"potentialAction\":[{\"@type\":\"SearchAction\",\"target\":{\"@type\":\"EntryPoint\",\"urlTemplate\":\"https:\/\/consejoderectores.cl\/en\/?s={search_term_string}\"},\"query-input\":{\"@type\":\"PropertyValueSpecification\",\"valueRequired\":true,\"valueName\":\"search_term_string\"}}],\"inLanguage\":\"en-US\"},{\"@type\":\"Organization\",\"@id\":\"https:\/\/consejoderectores.cl\/en\/#organization\",\"name\":\"Consejo de Rectoras y Rectores de las Universidades Chilenas\",\"url\":\"https:\/\/consejoderectores.cl\/en\/\",\"logo\":{\"@type\":\"ImageObject\",\"inLanguage\":\"en-US\",\"@id\":\"https:\/\/consejoderectores.cl\/en\/#\/schema\/logo\/image\/\",\"url\":\"https:\/\/consejoderectores.cl\/wp-content\/uploads\/2025\/12\/logoheader_2025.png\",\"contentUrl\":\"https:\/\/consejoderectores.cl\/wp-content\/uploads\/2025\/12\/logoheader_2025.png\",\"width\":666,\"height\":305,\"caption\":\"Consejo de Rectoras y Rectores de las Universidades Chilenas\"},\"image\":{\"@id\":\"https:\/\/consejoderectores.cl\/en\/#\/schema\/logo\/image\/\"},\"sameAs\":[\"https:\/\/x.com\/CRUCH_cl\",\"https:\/\/www.instagram.com\/consejoderectores\/\",\"https:\/\/www.linkedin.com\/company\/cruch\/\",\"https:\/\/www.youtube.com\/channel\/UCzgIFRCsDlKoFpimiQmEaOA\"]}]}<\/script>\n<!-- \/ Yoast SEO plugin. -->","yoast_head_json":{"title":"SERMIG Servicio Nacional de Migraciones - Consejo de Rectoras y Rectores de las Universidades Chilenas","robots":{"index":"index","follow":"follow","max-snippet":"max-snippet:-1","max-image-preview":"max-image-preview:large","max-video-preview":"max-video-preview:-1"},"canonical":"https:\/\/consejoderectores.cl\/en\/convenios-nacionales\/sermig-servicio-nacional-de-migraciones\/","og_locale":"en_US","og_type":"article","og_title":"SERMIG Servicio Nacional de Migraciones - Consejo de Rectoras y Rectores de las Universidades Chilenas","og_description":"Convenio CRUCH \u2013 Servicio Nacional de Migraciones (SERMIG)El convenio con SERMIG, firmado en diciembre de 2022, tiene como prop\u00f3sito potenciar la internacionalizaci\u00f3n de la oferta acad\u00e9mica de la educaci\u00f3n superior del pa\u00eds, promocionar a Chile como destino para que estudiantes internacionales desarrollen sus estudios de pregrado, posgrado, doctorado y posdoctorado y, tambi\u00e9n, fomentar la investigaci\u00f3n [&hellip;]","og_url":"https:\/\/consejoderectores.cl\/en\/convenios-nacionales\/sermig-servicio-nacional-de-migraciones\/","og_site_name":"Consejo de Rectoras y Rectores de las Universidades Chilenas","article_modified_time":"2024-02-19T15:53:26+00:00","twitter_card":"summary_large_image","twitter_site":"@CRUCH_cl","twitter_misc":{"Est. reading time":"1 minute"},"schema":{"@context":"https:\/\/schema.org","@graph":[{"@type":"WebPage","@id":"https:\/\/consejoderectores.cl\/convenios-nacionales\/sermig-servicio-nacional-de-migraciones\/","url":"https:\/\/consejoderectores.cl\/convenios-nacionales\/sermig-servicio-nacional-de-migraciones\/","name":"SERMIG Servicio Nacional de Migraciones - Consejo de Rectoras y Rectores de las Universidades Chilenas","isPartOf":{"@id":"https:\/\/consejoderectores.cl\/en\/#website"},"datePublished":"2024-02-02T09:58:16+00:00","dateModified":"2024-02-19T15:53:26+00:00","breadcrumb":{"@id":"https:\/\/consejoderectores.cl\/convenios-nacionales\/sermig-servicio-nacional-de-migraciones\/#breadcrumb"},"inLanguage":"en-US","potentialAction":[{"@type":"ReadAction","target":["https:\/\/consejoderectores.cl\/convenios-nacionales\/sermig-servicio-nacional-de-migraciones\/"]}]},{"@type":"BreadcrumbList","@id":"https:\/\/consejoderectores.cl\/convenios-nacionales\/sermig-servicio-nacional-de-migraciones\/#breadcrumb","itemListElement":[{"@type":"ListItem","position":1,"name":"Home","item":"https:\/\/consejoderectores.cl\/"},{"@type":"ListItem","position":2,"name":"Convenios Nacionales","item":"https:\/\/consejoderectores.cl\/convenios-nacionales\/"},{"@type":"ListItem","position":3,"name":"SERMIG Servicio Nacional de Migraciones"}]},{"@type":"WebSite","@id":"https:\/\/consejoderectores.cl\/en\/#website","url":"https:\/\/consejoderectores.cl\/en\/","name":"Council of Rectors of Chilean Universities","description":"","publisher":{"@id":"https:\/\/consejoderectores.cl\/en\/#organization"},"potentialAction":[{"@type":"SearchAction","target":{"@type":"EntryPoint","urlTemplate":"https:\/\/consejoderectores.cl\/en\/?s={search_term_string}"},"query-input":{"@type":"PropertyValueSpecification","valueRequired":true,"valueName":"search_term_string"}}],"inLanguage":"en-US"},{"@type":"Organization","@id":"https:\/\/consejoderectores.cl\/en\/#organization","name":"Council of Rectors of Chilean Universities","url":"https:\/\/consejoderectores.cl\/en\/","logo":{"@type":"ImageObject","inLanguage":"en-US","@id":"https:\/\/consejoderectores.cl\/en\/#\/schema\/logo\/image\/","url":"https:\/\/consejoderectores.cl\/wp-content\/uploads\/2025\/12\/logoheader_2025.png","contentUrl":"https:\/\/consejoderectores.cl\/wp-content\/uploads\/2025\/12\/logoheader_2025.png","width":666,"height":305,"caption":"Consejo de Rectoras y Rectores de las Universidades Chilenas"},"image":{"@id":"https:\/\/consejoderectores.cl\/en\/#\/schema\/logo\/image\/"},"sameAs":["https:\/\/x.com\/CRUCH_cl","https:\/\/www.instagram.com\/consejoderectores\/","https:\/\/www.linkedin.com\/company\/cruch\/","https:\/\/www.youtube.com\/channel\/UCzgIFRCsDlKoFpimiQmEaOA"]}]}},"_links":{"self":[{"href":"https:\/\/consejoderectores.cl\/en\/wp-json\/wp\/v2\/pages\/9528","targetHints":{"allow":["GET"]}}],"collection":[{"href":"https:\/\/consejoderectores.cl\/en\/wp-json\/wp\/v2\/pages"}],"about":[{"href":"https:\/\/consejoderectores.cl\/en\/wp-json\/wp\/v2\/types\/page"}],"author":[{"embeddable":true,"href":"https:\/\/consejoderectores.cl\/en\/wp-json\/wp\/v2\/users\/1"}],"replies":[{"embeddable":true,"href":"https:\/\/consejoderectores.cl\/en\/wp-json\/wp\/v2\/comments?post=9528"}],"version-history":[{"count":7,"href":"https:\/\/consejoderectores.cl\/en\/wp-json\/wp\/v2\/pages\/9528\/revisions"}],"predecessor-version":[{"id":9795,"href":"https:\/\/consejoderectores.cl\/en\/wp-json\/wp\/v2\/pages\/9528\/revisions\/9795"}],"up":[{"embeddable":true,"href":"https:\/\/consejoderectores.cl\/en\/wp-json\/wp\/v2\/pages\/8750"}],"wp:attachment":[{"href":"https:\/\/consejoderectores.cl\/en\/wp-json\/wp\/v2\/media?parent=9528"}],"curies":[{"name":"wp","href":"https:\/\/api.w.org\/{rel}","templated":true}]}}