{"id":9517,"date":"2024-02-02T09:27:10","date_gmt":"2024-02-02T09:27:10","guid":{"rendered":"https:\/\/cruch-2024.saargo.com\/?page_id=9517"},"modified":"2024-05-10T20:12:38","modified_gmt":"2024-05-10T20:12:38","slug":"programas-y-becas","status":"publish","type":"page","link":"https:\/\/consejoderectores.cl\/en\/area-internacional\/programas-y-becas\/","title":{"rendered":"Programs and Scholarships"},"content":{"rendered":"<div class=\"vce-row-container\" data-vce-boxed-width=\"true\"><div class=\"vce-row vce-row--col-gap-30 vce-row-equal-height vce-row-content--top\" id=\"el-54106797\" data-vce-do-apply=\"all el-54106797\"><div class=\"vce-content-background-container\"><\/div><div class=\"vce-row-content\" data-vce-element-content=\"true\"><div class=\"vce-col vce-col--md-auto vce-col--xs-1 vce-col--xs-last vce-col--xs-first vce-col--sm-last vce-col--sm-first vce-col--md-last vce-col--lg-last vce-col--xl-last vce-col--md-first vce-col--lg-first vce-col--xl-first\" id=\"el-992e89ec\"><div class=\"vce-col-inner\" data-vce-do-apply=\"border margin background  el-992e89ec\"><div class=\"vce-content-background-container\"><\/div><div class=\"vce-col-content\" data-vce-element-content=\"true\" data-vce-do-apply=\"padding el-992e89ec\"><div class=\"vce-row-container\" data-vce-boxed-width=\"true\"><div class=\"vce-row vce-row--col-gap-30 vce-row-equal-height vce-row-content--top\" id=\"el-e50670df\" data-vce-do-apply=\"all el-e50670df\"><div class=\"vce-content-background-container\"><\/div><div class=\"vce-row-content\" data-vce-element-content=\"true\"><div class=\"vce-col vce-col--xs-100p vce-col--xs-visible vce-col--xs-last vce-col--xs-first vce-col--sm-140-px vce-col--sm-visible vce-col--sm-first vce-col--md-200-px vce-col--md-visible vce-col--md-first vce-col--lg-200-px vce-col--lg-visible vce-col--lg-first vce-col--xl-200-px vce-col--xl-visible vce-col--xl-first\" id=\"el-65c63e20\"><div class=\"vce-col-inner\" data-vce-do-apply=\"border margin background  el-65c63e20\"><div class=\"vce-col-content\" data-vce-element-content=\"true\" data-vce-do-apply=\"padding el-65c63e20\"><div class=\"vce-single-image-container vce-single-image--align-left\"><div class=\"vce vce-single-image-wrapper\" id=\"el-2ff07658\" data-vce-do-apply=\"all el-2ff07658\"><figure><div class=\"vce-single-image-figure-inner\" style=\"width: 1024px;\"><div class=\"vce-single-image-inner vce-single-image--absolute vce-single-image--border-rounded\" style=\"width: 100%; padding-bottom: 32.4219%;\"><img loading=\"lazy\" decoding=\"async\" class=\"vce-single-image\"  width=\"1024\" height=\"332\" srcset=\"https:\/\/consejoderectores.cl\/wp-content\/uploads\/2024\/02\/Fundacion-Carolina-1024x333.jpg 1024w, https:\/\/consejoderectores.cl\/wp-content\/uploads\/2024\/02\/Fundacion-Carolina-320x104.jpg 320w, https:\/\/consejoderectores.cl\/wp-content\/uploads\/2024\/02\/Fundacion-Carolina-480x156.jpg 480w, https:\/\/consejoderectores.cl\/wp-content\/uploads\/2024\/02\/Fundacion-Carolina-800x260.jpg 800w, https:\/\/consejoderectores.cl\/wp-content\/uploads\/2024\/05\/Fundacion-Carolina-2048x664.jpg 2x\" src=\"https:\/\/consejoderectores.cl\/wp-content\/uploads\/2024\/02\/Fundacion-Carolina-1024x333.jpg\" data-img-src=\"https:\/\/cruch-2024.saargo.com\/wp-content\/uploads\/2024\/02\/Fundacion-Carolina.jpg\" data-attachment-id=\"9788\"  alt=\"\" title=\"Fundaci\u00f3n Carolina\" \/><\/div><\/div><figcaption hidden=\"\"><\/figcaption><\/figure><\/div><\/div><\/div><\/div><\/div><div class=\"vce-col vce-col--xs-100p vce-col--xs-visible vce-col--xs-last vce-col--xs-first vce-col--sm-auto vce-col--sm-visible vce-col--sm-last vce-col--md-auto vce-col--md-visible vce-col--md-last vce-col--lg-auto vce-col--lg-visible vce-col--lg-last vce-col--xl-auto vce-col--xl-visible vce-col--xl-last\" id=\"el-91d6dbd3\"><div class=\"vce-col-inner\" data-vce-do-apply=\"border margin background  el-91d6dbd3\"><div class=\"vce-content-background-container\"><\/div><div class=\"vce-col-content\" data-vce-element-content=\"true\" data-vce-do-apply=\"padding el-91d6dbd3\"><div class=\"vce-text-block\"><div class=\"vce-text-block-wrapper vce\" id=\"el-8c0f9c3c\" data-vce-do-apply=\"all el-8c0f9c3c\"><h4>Fundaci\u00f3n Carolina<\/h4><p>La Fundaci\u00f3n Carolina de Espa\u00f1a y el Consejo de Rectoras y Rectores de la Universidades Chilenas mantienen un convenio de acuerdo para la concesi\u00f3n de becas conjuntas destinadas a la formaci\u00f3n de docentes de carrera o de planta, y al personal directivo-administrativo, de las universidades miembros del CRUCH en programas de Doctorado y Estancias de investigaci\u00f3n post doctorales dictados en instituciones de educaci\u00f3n superior espa\u00f1olas.&nbsp;<\/p><p>El acuerdo, que data de marzo de 2005, ha sido actualizado a lo largo de los a\u00f1os. La versi\u00f3n m\u00e1s reciente es de 2021.<\/p><\/div><\/div><div class=\"vce-classic-accordion vce vce-classic-accordion-align--left vce-classic-accordion-border-color--D8D8D8\" id=\"el-23db0635\" data-vce-do-apply=\"all el-23db0635\" data-active-section=\"0\" data-close-on-click=\"true\"><div class=\"vce-classic-accordion-inner\"><div class=\"vce-classic-accordion-panels-container\"><div class=\"vce-classic-accordion-panels\" role=\"tablist\" aria-label=\"Classic accordion\"><div class=\"vce-classic-accordion-panel\" id=\"el-13f91dcb\" data-model-id=\"13f91dcb\" data-vce-content=\".vce-classic-accordion-panel-body\"><div class=\"vce-classic-accordion-section-inner\"><div class=\"vce-classic-accordion-panel-heading\"><a class=\"vce-classic-accordion-panel-title\" href=\"#el-13f91dcb\" data-vce-target=\"[data-model-id=13f91dcb]\" data-vce-use-cache=\"false\" data-vce-classic-accordion-element=\"\" data-vce-container=\".vce-classic-accordion-inner\" role=\"tab\" aria-selected=\"false\" aria-controls=\"el-13f91dcb\" id=\"section-13f91dcb\"><span>M\u00e1s informaci\u00f3n<\/span><\/a><\/div><div class=\"vce-classic-accordion-panel-body\" role=\"tabpanel\" aria-labelledby=\"section-13f91dcb\" data-vce-do-apply=\"all el-13f91dcb\" hidden=\"hidden\"><div class=\"vce-classic-accordion-element-container\" data-js-panel-body=\"\"><div class=\"vce-text-block\"><div class=\"vce-text-block-wrapper vce\" id=\"el-658e5b90\" data-vce-do-apply=\"all el-658e5b90\"><p>El convenio establece un r\u00e9gimen de cofinanciaci\u00f3n para un m\u00e1ximo de 10 becas por cada a\u00f1o calendario, distribuidas en 5 para para programas de doctorado y 5 para estancias cortas de investigaci\u00f3n.&nbsp;<\/p><p><strong>Las principales caracter\u00edsticas del programa son:<\/strong><\/p><ul><li>Los candidatos a becas de doctorado deben estar en posesi\u00f3n de un m\u00e1ster que admita su acceso al doctorado en el pa\u00eds de expedici\u00f3n de ese t\u00edtulo.<\/li><li>La beca de doctorado tiene una duraci\u00f3n de 21 meses distribuidos a lo largo de 3 a\u00f1os.<\/li><li>Los candidatos a becas de doctorado y estancias cortas postdoctorales deben contar con una carta de aceptaci\u00f3n de una de las universidades espa\u00f1olas que han suscrito un acuerdo con Fundaci\u00f3n Carolina.&nbsp;<\/li><li>Para estancias cortas de investigaci\u00f3n el periodo m\u00e1ximo de duraci\u00f3n es 3 meses y el m\u00ednimo 1 mes.<\/li><\/ul><\/div><\/div><div class=\"vce-button--style-basic-container btn-link vce-button--style-basic-container--align-right\"><span class=\"vce-button--style-basic-wrapper vce\" id=\"el-210b0c9e\" data-vce-do-apply=\"margin el-210b0c9e\"><a class=\"vce-button vce-button--style-basic vce-button--style-basic--border-square vce-button--style-basic--size-medium vce-button--style-basic--color-b-14-182-144--fff\" href=\"https:\/\/consejoderectores.cl\/wp-content\/uploads\/2024\/03\/firmado_2021_CONVENIO_CRUCH_FUNDACIO_N_CAROLINA.pdf\" title=\"\" data-vce-do-apply=\"padding border background  el-210b0c9e\">Descargar Convenio<\/a><\/span><\/div><div class=\"vce-row-container\" data-vce-boxed-width=\"true\"><div class=\"vce-row vce-row--col-gap-30 vce-row-equal-height vce-row-content--top\" id=\"el-eea0e867\" data-vce-do-apply=\"all el-eea0e867\"><div class=\"vce-row-content\" data-vce-element-content=\"true\"><div class=\"vce-col vce-col--md-auto vce-col--xs-1 vce-col--xs-last vce-col--xs-first vce-col--sm-last vce-col--sm-first vce-col--md-last vce-col--lg-last vce-col--xl-last vce-col--md-first vce-col--lg-first vce-col--xl-first\" id=\"el-24c1b302\"><div class=\"vce-col-inner\" data-vce-do-apply=\"border margin background  el-24c1b302\"><div class=\"vce-col-content\" data-vce-element-content=\"true\" data-vce-do-apply=\"padding el-24c1b302\"><div class=\"vce-button--style-basic-container btn-link vce-button--style-basic-container--align-right\"><span class=\"vce-button--style-basic-wrapper vce\" id=\"el-db6f5268\" data-vce-do-apply=\"margin el-db6f5268\"><a class=\"vce-button vce-button--style-basic vce-button--style-basic--border-square vce-button--style-basic--size-medium vce-button--style-basic--color-b-14-182-144--fff\" href=\"https:\/\/consejoderectores.cl\/wp-content\/uploads\/2024\/03\/20240115-adenda-convenio-fundacion-Carolina.pdf\" title=\"\" data-vce-do-apply=\"padding border background  el-db6f5268\">Descargar Anexo<\/a><\/span><\/div><\/div><\/div><\/div><\/div><\/div><\/div><\/div><\/div><\/div><\/div><\/div><\/div><\/div><\/div><\/div><\/div><\/div><\/div><\/div><\/div><\/div><\/div><\/div><\/div><\/div><\/div><div class=\"vce-row-container\" data-vce-boxed-width=\"true\"><div class=\"vce-row vce-row--col-gap-30 vce-row-equal-height vce-row-content--top\" id=\"el-156f8a1d\" data-vce-do-apply=\"all el-156f8a1d\"><div class=\"vce-content-background-container\"><\/div><div class=\"vce-row-content\" data-vce-element-content=\"true\"><div class=\"vce-col vce-col--md-auto vce-col--xs-1 vce-col--xs-last vce-col--xs-first vce-col--sm-last vce-col--sm-first vce-col--md-last vce-col--lg-last vce-col--xl-last vce-col--md-first vce-col--lg-first vce-col--xl-first\" id=\"el-4a154566\"><div class=\"vce-col-inner\" data-vce-do-apply=\"border margin background  el-4a154566\"><div class=\"vce-content-background-container\"><\/div><div class=\"vce-col-content\" data-vce-element-content=\"true\" data-vce-do-apply=\"padding el-4a154566\"><div class=\"vce-row-container\" data-vce-boxed-width=\"true\"><div class=\"vce-row vce-row--col-gap-30 vce-row-equal-height vce-row-content--top\" id=\"el-f0dafa61\" data-vce-do-apply=\"all el-f0dafa61\"><div class=\"vce-content-background-container\"><\/div><div class=\"vce-row-content\" data-vce-element-content=\"true\"><div class=\"vce-col vce-col--xs-100p vce-col--xs-visible vce-col--xs-last vce-col--xs-first vce-col--sm-140-px vce-col--sm-visible vce-col--sm-first vce-col--md-200-px vce-col--md-visible vce-col--md-first vce-col--lg-200-px vce-col--lg-visible vce-col--lg-first vce-col--xl-200-px vce-col--xl-visible vce-col--xl-first\" id=\"el-7e837f7a\"><div class=\"vce-col-inner\" data-vce-do-apply=\"border margin background  el-7e837f7a\"><div class=\"vce-col-content\" data-vce-element-content=\"true\" data-vce-do-apply=\"padding el-7e837f7a\"><div class=\"vce-single-image-container vce-single-image--align-left\"><div class=\"vce vce-single-image-wrapper\" id=\"el-5a0fb34c\" data-vce-do-apply=\"all el-5a0fb34c\"><figure><div class=\"vce-single-image-figure-inner\" style=\"width: 1024px;\"><div class=\"vce-single-image-inner vce-single-image--absolute vce-single-image--border-rounded\" style=\"width: 100%; padding-bottom: 20.7031%;\"><img loading=\"lazy\" decoding=\"async\" class=\"vce-single-image\"  width=\"1024\" height=\"212\" srcset=\"https:\/\/consejoderectores.cl\/wp-content\/uploads\/2024\/02\/Mitacs_logo_blue-1024x213.webp 1024w, https:\/\/consejoderectores.cl\/wp-content\/uploads\/2024\/02\/Mitacs_logo_blue-2048x425.webp 2x, https:\/\/consejoderectores.cl\/wp-content\/uploads\/2024\/02\/Mitacs_logo_blue-320x66.webp 320w, https:\/\/consejoderectores.cl\/wp-content\/uploads\/2024\/02\/Mitacs_logo_blue-480x100.webp 480w, https:\/\/consejoderectores.cl\/wp-content\/uploads\/2024\/02\/Mitacs_logo_blue-800x166.webp 800w\" src=\"https:\/\/consejoderectores.cl\/wp-content\/uploads\/2024\/02\/Mitacs_logo_blue-1024x213.webp\" data-img-src=\"https:\/\/cruch-2024.saargo.com\/wp-content\/uploads\/2024\/02\/Mitacs_logo_blue-scaled.webp\" data-attachment-id=\"9789\"  alt=\"\" title=\"Mitacs_logo_blue\" \/><\/div><\/div><figcaption hidden=\"\"><\/figcaption><\/figure><\/div><\/div><\/div><\/div><\/div><div class=\"vce-col vce-col--xs-100p vce-col--xs-visible vce-col--xs-last vce-col--xs-first vce-col--sm-auto vce-col--sm-visible vce-col--sm-last vce-col--md-auto vce-col--md-visible vce-col--md-last vce-col--lg-auto vce-col--lg-visible vce-col--lg-last vce-col--xl-auto vce-col--xl-visible vce-col--xl-last\" id=\"el-8a4f6fb2\"><div class=\"vce-col-inner\" data-vce-do-apply=\"border margin background  el-8a4f6fb2\"><div class=\"vce-content-background-container\"><\/div><div class=\"vce-col-content\" data-vce-element-content=\"true\" data-vce-do-apply=\"padding el-8a4f6fb2\"><div class=\"vce-text-block\"><div class=\"vce-text-block-wrapper vce\" id=\"el-2e9ea624\" data-vce-do-apply=\"all el-2e9ea624\"><h4>MITACS<\/h4><p><span class=\"il\">MITACS<\/span>, que tiene 23 pa\u00edses socios en todo el mundo, es una organizaci\u00f3n canadiense de investigaci\u00f3n sin fines de lucro y, en asociaci\u00f3n con empresas, el gobierno y el mundo acad\u00e9mico, se orienta a desarrollar la pr\u00f3xima generaci\u00f3n de innovadores\/as con habilidades cient\u00edficas y empresariales vitales a trav\u00e9s de programas de investigaci\u00f3n y formaci\u00f3n \u00fanicos.<\/p><p>En el marco del convenio entre CRUCH y MITACS, estudiantes de pregrado, postgrado y postdoctorado, pueden postular a programas que incluyen financiamiento por un periodo de 12 a 24 semanas<\/p><\/div><\/div><div class=\"vce-classic-accordion vce vce-classic-accordion-align--left vce-classic-accordion-border-color--D8D8D8\" id=\"el-f28b407b\" data-vce-do-apply=\"all el-f28b407b\" data-active-section=\"0\" data-close-on-click=\"true\"><div class=\"vce-classic-accordion-inner\"><div class=\"vce-classic-accordion-panels-container\"><div class=\"vce-classic-accordion-panels\" role=\"tablist\" aria-label=\"Classic accordion\"><div class=\"vce-classic-accordion-panel\" id=\"el-21b43b21\" data-model-id=\"21b43b21\" data-vce-content=\".vce-classic-accordion-panel-body\"><div class=\"vce-classic-accordion-section-inner\"><div class=\"vce-classic-accordion-panel-heading\"><a class=\"vce-classic-accordion-panel-title\" href=\"#el-21b43b21\" data-vce-target=\"[data-model-id=21b43b21]\" data-vce-use-cache=\"false\" data-vce-classic-accordion-element=\"\" data-vce-container=\".vce-classic-accordion-inner\" role=\"tab\" aria-selected=\"true\" aria-controls=\"el-21b43b21\" id=\"section-21b43b21\"><span>M\u00e1s informaci\u00f3n<\/span><\/a><\/div><div class=\"vce-classic-accordion-panel-body\" role=\"tabpanel\" aria-labelledby=\"section-21b43b21\" data-vce-do-apply=\"all el-21b43b21\" style=\"\"><div class=\"vce-classic-accordion-element-container\" data-js-panel-body=\"\"><div class=\"vce-text-block\"><div class=\"vce-text-block-wrapper vce\" id=\"el-5c037195\" data-vce-do-apply=\"all el-5c037195\"><p style=\"font-weight: 400;\">Los principales programas que ofrece&nbsp;MITACS&nbsp;son dos: el&nbsp;GRI (Globalink Research Internship) y el&nbsp;GRA (Pr\u00e1cticas de investigaci\u00f3n Globalink).<\/p><p style=\"font-weight: 400;\">El programa GRI permite&nbsp;que estudiantes universitarios del \u00faltimo curso investiguen en laboratorios de categor\u00eda mundial&nbsp;de universidades de Canad\u00e1,&nbsp;mientras reciben formaci\u00f3n profesional y tutor\u00eda por parte de profesores canadienses.&nbsp;El periodo es de&nbsp;12&nbsp;semanas,&nbsp;durante el&nbsp;verano del hemisferio norte.<\/p><p style=\"font-weight: 400;\">En el marco de GRI, en el verano de 2022 Mitacs acogi\u00f3 a 2194 estudiantes investigadores de todos los pa\u00edses socios.<\/p><p style=\"font-weight: 400;\">El GRA, en tanto, est\u00e1 dirigido a&nbsp;estudiantes de postgrado&nbsp;(maestr\u00edas, doctorados&nbsp;y becarios postdoctorales).&nbsp;Este programa de movilidad financia colaboraciones de investigaci\u00f3n mutuamente beneficiosas entre Canad\u00e1 y los pa\u00edses socios.&nbsp;Su duraci\u00f3n es entre 12 a 24 semanas.<\/p><\/div><\/div><div class=\"vce-button--style-basic-container btn-link vce-button--style-basic-container--align-right\"><span class=\"vce-button--style-basic-wrapper vce\" id=\"el-faf74a9d\" data-vce-do-apply=\"margin el-faf74a9d\"><a class=\"vce-button vce-button--style-basic vce-button--style-basic--border-square vce-button--style-basic--size-medium vce-button--style-basic--color-b-14-182-144--fff\" href=\"https:\/\/consejoderectores.cl\/wp-content\/uploads\/2024\/05\/Convenio-MITACS-CRUCH-FUDEA_firmado_Spani.pdf\" title=\"\" data-vce-do-apply=\"padding border background  el-faf74a9d\">Descargar Convenio<\/a><\/span><\/div><\/div><\/div><\/div><\/div><\/div><\/div><\/div><\/div><\/div><\/div><\/div><\/div><\/div><\/div><\/div><\/div><\/div><\/div><\/div><\/div>\n","protected":false},"excerpt":{"rendered":"<p>Fundaci\u00f3n CarolinaLa Fundaci\u00f3n Carolina de Espa\u00f1a y el Consejo de Rectoras y Rectores de la Universidades Chilenas mantienen un convenio de acuerdo para la concesi\u00f3n de becas conjuntas destinadas a la formaci\u00f3n de docentes de carrera o de planta, y al personal directivo-administrativo, de las universidades miembros del CRUCH en programas de Doctorado y Estancias [&hellip;]<\/p>\n","protected":false},"author":1,"featured_media":0,"parent":8733,"menu_order":0,"comment_status":"closed","ping_status":"closed","template":"page-header.php","meta":{"_acf_changed":false,"footnotes":""},"class_list":["post-9517","page","type-page","status-publish","hentry"],"acf":[],"yoast_head":"<!-- This site is optimized with the Yoast SEO plugin v27.1.1 - https:\/\/yoast.com\/product\/yoast-seo-wordpress\/ -->\n<title>Programas y Becas - Consejo de Rectoras y Rectores de las Universidades Chilenas<\/title>\n<meta name=\"robots\" content=\"index, follow, max-snippet:-1, max-image-preview:large, max-video-preview:-1\" \/>\n<link rel=\"canonical\" href=\"https:\/\/consejoderectores.cl\/en\/area-internacional\/programas-y-becas\/\" \/>\n<meta property=\"og:locale\" content=\"en_US\" \/>\n<meta property=\"og:type\" content=\"article\" \/>\n<meta property=\"og:title\" content=\"Programas y Becas - Consejo de Rectoras y Rectores de las Universidades Chilenas\" \/>\n<meta property=\"og:description\" content=\"Fundaci\u00f3n CarolinaLa Fundaci\u00f3n Carolina de Espa\u00f1a y el Consejo de Rectoras y Rectores de la Universidades Chilenas mantienen un convenio de acuerdo para la concesi\u00f3n de becas conjuntas destinadas a la formaci\u00f3n de docentes de carrera o de planta, y al personal directivo-administrativo, de las universidades miembros del CRUCH en programas de Doctorado y Estancias [&hellip;]\" \/>\n<meta property=\"og:url\" content=\"https:\/\/consejoderectores.cl\/en\/area-internacional\/programas-y-becas\/\" \/>\n<meta property=\"og:site_name\" content=\"Consejo de Rectoras y Rectores de las Universidades Chilenas\" \/>\n<meta property=\"article:modified_time\" content=\"2024-05-10T20:12:38+00:00\" \/>\n<meta name=\"twitter:card\" content=\"summary_large_image\" \/>\n<meta name=\"twitter:site\" content=\"@CRUCH_cl\" \/>\n<meta name=\"twitter:label1\" content=\"Est. reading time\" \/>\n\t<meta name=\"twitter:data1\" content=\"2 minutes\" \/>\n<script type=\"application\/ld+json\" class=\"yoast-schema-graph\">{\"@context\":\"https:\/\/schema.org\",\"@graph\":[{\"@type\":\"WebPage\",\"@id\":\"https:\/\/consejoderectores.cl\/area-internacional\/programas-y-becas\/\",\"url\":\"https:\/\/consejoderectores.cl\/area-internacional\/programas-y-becas\/\",\"name\":\"Programas y Becas - Consejo de Rectoras y Rectores de las Universidades Chilenas\",\"isPartOf\":{\"@id\":\"https:\/\/consejoderectores.cl\/en\/#website\"},\"datePublished\":\"2024-02-02T09:27:10+00:00\",\"dateModified\":\"2024-05-10T20:12:38+00:00\",\"breadcrumb\":{\"@id\":\"https:\/\/consejoderectores.cl\/area-internacional\/programas-y-becas\/#breadcrumb\"},\"inLanguage\":\"en-US\",\"potentialAction\":[{\"@type\":\"ReadAction\",\"target\":[\"https:\/\/consejoderectores.cl\/area-internacional\/programas-y-becas\/\"]}]},{\"@type\":\"BreadcrumbList\",\"@id\":\"https:\/\/consejoderectores.cl\/area-internacional\/programas-y-becas\/#breadcrumb\",\"itemListElement\":[{\"@type\":\"ListItem\",\"position\":1,\"name\":\"Home\",\"item\":\"https:\/\/consejoderectores.cl\/\"},{\"@type\":\"ListItem\",\"position\":2,\"name\":\"Internacional\",\"item\":\"https:\/\/consejoderectores.cl\/area-internacional\/\"},{\"@type\":\"ListItem\",\"position\":3,\"name\":\"Programas y Becas\"}]},{\"@type\":\"WebSite\",\"@id\":\"https:\/\/consejoderectores.cl\/en\/#website\",\"url\":\"https:\/\/consejoderectores.cl\/en\/\",\"name\":\"Consejo de Rectoras y Rectores de las Universidades Chilenas\",\"description\":\"\",\"publisher\":{\"@id\":\"https:\/\/consejoderectores.cl\/en\/#organization\"},\"potentialAction\":[{\"@type\":\"SearchAction\",\"target\":{\"@type\":\"EntryPoint\",\"urlTemplate\":\"https:\/\/consejoderectores.cl\/en\/?s={search_term_string}\"},\"query-input\":{\"@type\":\"PropertyValueSpecification\",\"valueRequired\":true,\"valueName\":\"search_term_string\"}}],\"inLanguage\":\"en-US\"},{\"@type\":\"Organization\",\"@id\":\"https:\/\/consejoderectores.cl\/en\/#organization\",\"name\":\"Consejo de Rectoras y Rectores de las Universidades Chilenas\",\"url\":\"https:\/\/consejoderectores.cl\/en\/\",\"logo\":{\"@type\":\"ImageObject\",\"inLanguage\":\"en-US\",\"@id\":\"https:\/\/consejoderectores.cl\/en\/#\/schema\/logo\/image\/\",\"url\":\"https:\/\/consejoderectores.cl\/wp-content\/uploads\/2025\/12\/logoheader_2025.png\",\"contentUrl\":\"https:\/\/consejoderectores.cl\/wp-content\/uploads\/2025\/12\/logoheader_2025.png\",\"width\":666,\"height\":305,\"caption\":\"Consejo de Rectoras y Rectores de las Universidades Chilenas\"},\"image\":{\"@id\":\"https:\/\/consejoderectores.cl\/en\/#\/schema\/logo\/image\/\"},\"sameAs\":[\"https:\/\/x.com\/CRUCH_cl\",\"https:\/\/www.instagram.com\/consejoderectores\/\",\"https:\/\/www.linkedin.com\/company\/cruch\/\",\"https:\/\/www.youtube.com\/channel\/UCzgIFRCsDlKoFpimiQmEaOA\"]}]}<\/script>\n<!-- \/ Yoast SEO plugin. -->","yoast_head_json":{"title":"Programs and Scholarships - Council of Rectors of Chilean Universities","robots":{"index":"index","follow":"follow","max-snippet":"max-snippet:-1","max-image-preview":"max-image-preview:large","max-video-preview":"max-video-preview:-1"},"canonical":"https:\/\/consejoderectores.cl\/en\/area-internacional\/programas-y-becas\/","og_locale":"en_US","og_type":"article","og_title":"Programas y Becas - Consejo de Rectoras y Rectores de las Universidades Chilenas","og_description":"Fundaci\u00f3n CarolinaLa Fundaci\u00f3n Carolina de Espa\u00f1a y el Consejo de Rectoras y Rectores de la Universidades Chilenas mantienen un convenio de acuerdo para la concesi\u00f3n de becas conjuntas destinadas a la formaci\u00f3n de docentes de carrera o de planta, y al personal directivo-administrativo, de las universidades miembros del CRUCH en programas de Doctorado y Estancias [&hellip;]","og_url":"https:\/\/consejoderectores.cl\/en\/area-internacional\/programas-y-becas\/","og_site_name":"Consejo de Rectoras y Rectores de las Universidades Chilenas","article_modified_time":"2024-05-10T20:12:38+00:00","twitter_card":"summary_large_image","twitter_site":"@CRUCH_cl","twitter_misc":{"Est. reading time":"2 minutes"},"schema":{"@context":"https:\/\/schema.org","@graph":[{"@type":"WebPage","@id":"https:\/\/consejoderectores.cl\/area-internacional\/programas-y-becas\/","url":"https:\/\/consejoderectores.cl\/area-internacional\/programas-y-becas\/","name":"Programs and Scholarships - Council of Rectors of Chilean Universities","isPartOf":{"@id":"https:\/\/consejoderectores.cl\/en\/#website"},"datePublished":"2024-02-02T09:27:10+00:00","dateModified":"2024-05-10T20:12:38+00:00","breadcrumb":{"@id":"https:\/\/consejoderectores.cl\/area-internacional\/programas-y-becas\/#breadcrumb"},"inLanguage":"en-US","potentialAction":[{"@type":"ReadAction","target":["https:\/\/consejoderectores.cl\/area-internacional\/programas-y-becas\/"]}]},{"@type":"BreadcrumbList","@id":"https:\/\/consejoderectores.cl\/area-internacional\/programas-y-becas\/#breadcrumb","itemListElement":[{"@type":"ListItem","position":1,"name":"Home","item":"https:\/\/consejoderectores.cl\/"},{"@type":"ListItem","position":2,"name":"Internacional","item":"https:\/\/consejoderectores.cl\/area-internacional\/"},{"@type":"ListItem","position":3,"name":"Programas y Becas"}]},{"@type":"WebSite","@id":"https:\/\/consejoderectores.cl\/en\/#website","url":"https:\/\/consejoderectores.cl\/en\/","name":"Council of Rectors of Chilean Universities","description":"","publisher":{"@id":"https:\/\/consejoderectores.cl\/en\/#organization"},"potentialAction":[{"@type":"SearchAction","target":{"@type":"EntryPoint","urlTemplate":"https:\/\/consejoderectores.cl\/en\/?s={search_term_string}"},"query-input":{"@type":"PropertyValueSpecification","valueRequired":true,"valueName":"search_term_string"}}],"inLanguage":"en-US"},{"@type":"Organization","@id":"https:\/\/consejoderectores.cl\/en\/#organization","name":"Council of Rectors of Chilean Universities","url":"https:\/\/consejoderectores.cl\/en\/","logo":{"@type":"ImageObject","inLanguage":"en-US","@id":"https:\/\/consejoderectores.cl\/en\/#\/schema\/logo\/image\/","url":"https:\/\/consejoderectores.cl\/wp-content\/uploads\/2025\/12\/logoheader_2025.png","contentUrl":"https:\/\/consejoderectores.cl\/wp-content\/uploads\/2025\/12\/logoheader_2025.png","width":666,"height":305,"caption":"Consejo de Rectoras y Rectores de las Universidades Chilenas"},"image":{"@id":"https:\/\/consejoderectores.cl\/en\/#\/schema\/logo\/image\/"},"sameAs":["https:\/\/x.com\/CRUCH_cl","https:\/\/www.instagram.com\/consejoderectores\/","https:\/\/www.linkedin.com\/company\/cruch\/","https:\/\/www.youtube.com\/channel\/UCzgIFRCsDlKoFpimiQmEaOA"]}]}},"_links":{"self":[{"href":"https:\/\/consejoderectores.cl\/en\/wp-json\/wp\/v2\/pages\/9517","targetHints":{"allow":["GET"]}}],"collection":[{"href":"https:\/\/consejoderectores.cl\/en\/wp-json\/wp\/v2\/pages"}],"about":[{"href":"https:\/\/consejoderectores.cl\/en\/wp-json\/wp\/v2\/types\/page"}],"author":[{"embeddable":true,"href":"https:\/\/consejoderectores.cl\/en\/wp-json\/wp\/v2\/users\/1"}],"replies":[{"embeddable":true,"href":"https:\/\/consejoderectores.cl\/en\/wp-json\/wp\/v2\/comments?post=9517"}],"version-history":[{"count":15,"href":"https:\/\/consejoderectores.cl\/en\/wp-json\/wp\/v2\/pages\/9517\/revisions"}],"predecessor-version":[{"id":10797,"href":"https:\/\/consejoderectores.cl\/en\/wp-json\/wp\/v2\/pages\/9517\/revisions\/10797"}],"up":[{"embeddable":true,"href":"https:\/\/consejoderectores.cl\/en\/wp-json\/wp\/v2\/pages\/8733"}],"wp:attachment":[{"href":"https:\/\/consejoderectores.cl\/en\/wp-json\/wp\/v2\/media?parent=9517"}],"curies":[{"name":"wp","href":"https:\/\/api.w.org\/{rel}","templated":true}]}}