{"id":785,"date":"2021-02-22T16:04:05","date_gmt":"2021-02-22T16:04:05","guid":{"rendered":"https:\/\/www.consejoderectores.cl\/?page_id=785"},"modified":"2026-01-26T18:23:10","modified_gmt":"2026-01-26T18:23:10","slug":"publicaciones","status":"publish","type":"page","link":"https:\/\/consejoderectores.cl\/en\/publicaciones\/","title":{"rendered":"Publications"},"content":{"rendered":"<div class=\"vce-row-container\" data-vce-boxed-width=\"true\"><div class=\"vce-row vce-row--col-gap-30 vce-row-content--top\" id=\"el-d03d2f0f\" data-vce-do-apply=\"all el-d03d2f0f\"><div class=\"vce-row-content\" data-vce-element-content=\"true\"><div class=\"vce-col vce-col--md-auto vce-col--xs-1 vce-col--xs-last vce-col--xs-first vce-col--sm-last vce-col--sm-first vce-col--md-last vce-col--lg-last vce-col--xl-last vce-col--md-first vce-col--lg-first vce-col--xl-first\" id=\"el-609c58b4\"><div class=\"vce-col-inner\" data-vce-do-apply=\"border margin background  el-609c58b4\"><div class=\"vce-col-content\" data-vce-element-content=\"true\" data-vce-do-apply=\"padding el-609c58b4\"><div class=\"vce-text-block\"><div class=\"vce-text-block-wrapper vce\" id=\"el-d5adb465\" data-vce-do-apply=\"all el-d5adb465\"><p style=\"text-align: justify;\">The Council of Rectors of Chilean Universities works permanently in the preparation of publications that give an account of its areas of action. All these publications are widely distributed and can be downloaded from the links below.<\/p><\/div><\/div><div class=\"vce-row-container\" data-vce-boxed-width=\"true\"><div class=\"vce-row vce-row--col-gap-30 cont-mes vce-row-equal-height vce-row-content--top\" id=\"el-845cb421\" data-vce-do-apply=\"all el-845cb421\"><div class=\"vce-content-background-container\"><\/div><div class=\"vce-row-content\" data-vce-element-content=\"true\"><div class=\"vce-col vce-col--md-auto vce-col--xs-1 vce-col--xs-last vce-col--xs-first vce-col--sm-last vce-col--sm-first vce-col--md-last vce-col--lg-last vce-col--xl-last vce-col--md-first vce-col--lg-first vce-col--xl-first\" id=\"el-286cb895\"><div class=\"vce-col-inner\" data-vce-do-apply=\"border margin background  el-286cb895\"><div class=\"vce-col-content\" data-vce-element-content=\"true\" data-vce-do-apply=\"padding el-286cb895\"><div class=\"vce vce-separator-container vce-separator--align-center vce-separator--style-solid\" id=\"el-d302064d\" data-vce-do-apply=\"margin el-d302064d\"><div class=\"vce-separator vce-separator--color-bfc0c1 vce-separator--width-100 vce-separator--thickness-2\" data-vce-do-apply=\"border padding background  el-d302064d\"><\/div><\/div><\/div><\/div><\/div><\/div><\/div><\/div><\/div><\/div><\/div><\/div><\/div><\/div><div class=\"vce-row-container\" data-vce-boxed-width=\"true\"><div class=\"vce-row vce-row--col-gap-50 vce-row-equal-height vce-row-content--top\" id=\"el-23eaa498\" data-vce-do-apply=\"all el-23eaa498\"><div class=\"vce-row-content\" data-vce-element-content=\"true\"><div class=\"vce-col vce-col--md-auto vce-col--xs-1 vce-col--xs-last vce-col--xs-first vce-col--sm-last vce-col--sm-first vce-col--md-first vce-col--lg-first vce-col--xl-first\" id=\"el-e5e6d2f7\"><div class=\"vce-col-inner\" data-vce-do-apply=\"border margin background  el-e5e6d2f7\"><div class=\"vce-col-content\" data-vce-element-content=\"true\" data-vce-do-apply=\"padding el-e5e6d2f7\"><div class=\"vce-single-image-container vce-single-image--align-left\"><div class=\"vce vce-single-image-wrapper\" id=\"el-e0da9707\" data-vce-do-apply=\"all el-e0da9707\"><figure><div class=\"vce-single-image-figure-inner\" style=\"width: 1000px;\"><a href=\"https:\/\/consejoderectores.cl\/en\/publicaciones\/anuario-estadistico\/\" title=\"\" class=\"vce-single-image-inner vce-single-image--absolute\" style=\"width: 100%; padding-bottom: 80%;\"><img decoding=\"async\" class=\"vce-single-image\" src=\"https:\/\/cruch-2025.saargo.com\/wp-content\/uploads\/2026\/01\/publicaciones-anuario.png\" data-img-src=\"https:\/\/cruch-2025.saargo.com\/wp-content\/uploads\/2026\/01\/publicaciones-anuario.png\" data-attachment-id=\"13775\" alt=\"\" title=\"publications-yearbook\"><\/a><\/div><figcaption hidden=\"\"><\/figcaption><\/figure><\/div><\/div><\/div><\/div><\/div><div class=\"vce-col vce-col--md-auto vce-col--xs-1 vce-col--xs-last vce-col--xs-first vce-col--sm-last vce-col--sm-first\" id=\"el-86c9961c\"><div class=\"vce-col-inner\" data-vce-do-apply=\"border margin background  el-86c9961c\"><div class=\"vce-col-content\" data-vce-element-content=\"true\" data-vce-do-apply=\"padding el-86c9961c\"><div class=\"vce-single-image-container vce-single-image--align-left\"><div class=\"vce vce-single-image-wrapper\" id=\"el-7d38910e\" data-vce-do-apply=\"all el-7d38910e\"><figure><div class=\"vce-single-image-figure-inner\" style=\"width: 1000px;\"><a href=\"https:\/\/consejoderectores.cl\/en\/publicaciones\/libros\/\" title=\"\" class=\"vce-single-image-inner vce-single-image--absolute\" style=\"width: 100%; padding-bottom: 80%;\"><img decoding=\"async\" class=\"vce-single-image\" src=\"https:\/\/cruch-2025.saargo.com\/wp-content\/uploads\/2026\/01\/publicaciones-libros.png\" data-img-src=\"https:\/\/cruch-2025.saargo.com\/wp-content\/uploads\/2026\/01\/publicaciones-libros.png\" data-attachment-id=\"13776\" alt=\"\" title=\"publications-books\"><\/a><\/div><figcaption hidden=\"\"><\/figcaption><\/figure><\/div><\/div><\/div><\/div><\/div><div class=\"vce-col vce-col--md-auto vce-col--xs-1 vce-col--xs-last vce-col--xs-first vce-col--sm-last vce-col--sm-first vce-col--md-last vce-col--lg-last vce-col--xl-last\" id=\"el-578f0f2d\"><div class=\"vce-col-inner\" data-vce-do-apply=\"border margin background  el-578f0f2d\"><div class=\"vce-col-content\" data-vce-element-content=\"true\" data-vce-do-apply=\"padding el-578f0f2d\"><div class=\"vce-single-image-container vce-single-image--align-left\"><div class=\"vce vce-single-image-wrapper\" id=\"el-1a1ba1d9\" data-vce-do-apply=\"all el-1a1ba1d9\"><figure><div class=\"vce-single-image-figure-inner\" style=\"width: 1000px;\"><a href=\"https:\/\/consejoderectores.cl\/en\/publicaciones\/documentos\/\" title=\"\" class=\"vce-single-image-inner vce-single-image--absolute\" style=\"width: 100%; padding-bottom: 80%;\"><img decoding=\"async\" class=\"vce-single-image\" src=\"https:\/\/cruch-2025.saargo.com\/wp-content\/uploads\/2026\/01\/publicaciones-reportes.png\" data-img-src=\"https:\/\/cruch-2025.saargo.com\/wp-content\/uploads\/2026\/01\/publicaciones-reportes.png\" data-attachment-id=\"13777\" alt=\"\" title=\"publications-reports\"><\/a><\/div><figcaption hidden=\"\"><\/figcaption><\/figure><\/div><\/div><\/div><\/div><\/div><\/div><\/div><\/div>","protected":false},"excerpt":{"rendered":"<p>The Council of Rectors of Chilean Universities works permanently in the preparation of publications that give an account of its areas of action. All these publications are widely distributed and can be downloaded from the links below.<\/p>","protected":false},"author":1,"featured_media":0,"parent":0,"menu_order":0,"comment_status":"closed","ping_status":"closed","template":"page-full.php","meta":{"_acf_changed":false,"footnotes":""},"class_list":["post-785","page","type-page","status-publish","hentry"],"acf":[],"yoast_head":"<!-- This site is optimized with the Yoast SEO plugin v27.1.1 - https:\/\/yoast.com\/product\/yoast-seo-wordpress\/ -->\n<title>Publicaciones - Consejo de Rectoras y Rectores de las Universidades Chilenas<\/title>\n<meta name=\"robots\" content=\"index, follow, max-snippet:-1, max-image-preview:large, max-video-preview:-1\" \/>\n<link rel=\"canonical\" href=\"https:\/\/consejoderectores.cl\/en\/publicaciones\/\" \/>\n<meta property=\"og:locale\" content=\"en_US\" \/>\n<meta property=\"og:type\" content=\"article\" \/>\n<meta property=\"og:title\" content=\"Publicaciones - Consejo de Rectoras y Rectores de las Universidades Chilenas\" \/>\n<meta property=\"og:description\" content=\"El Consejo de Rectores de las Universidades Chilenas trabaja permanentemente en la elaboraci\u00f3n de publicaciones que dan cuenta de sus \u00e1reas de acci\u00f3n. Todas estas publicaciones son de amplia distribuci\u00f3n y se pueden descargar de los links que se encuentran a continuaci\u00f3n.\" \/>\n<meta property=\"og:url\" content=\"https:\/\/consejoderectores.cl\/en\/publicaciones\/\" \/>\n<meta property=\"og:site_name\" content=\"Consejo de Rectoras y Rectores de las Universidades Chilenas\" \/>\n<meta property=\"article:modified_time\" content=\"2026-01-26T18:23:10+00:00\" \/>\n<meta property=\"og:image\" content=\"https:\/\/cruch-2025.saargo.com\/wp-content\/uploads\/2026\/01\/publicaciones-anuario.png\" \/>\n<meta name=\"twitter:card\" content=\"summary_large_image\" \/>\n<meta name=\"twitter:site\" content=\"@CRUCH_cl\" \/>\n<script type=\"application\/ld+json\" class=\"yoast-schema-graph\">{\"@context\":\"https:\/\/schema.org\",\"@graph\":[{\"@type\":\"WebPage\",\"@id\":\"https:\/\/consejoderectores.cl\/publicaciones\/\",\"url\":\"https:\/\/consejoderectores.cl\/publicaciones\/\",\"name\":\"Publicaciones - Consejo de Rectoras y Rectores de las Universidades Chilenas\",\"isPartOf\":{\"@id\":\"https:\/\/consejoderectores.cl\/en\/#website\"},\"primaryImageOfPage\":{\"@id\":\"https:\/\/consejoderectores.cl\/publicaciones\/#primaryimage\"},\"image\":{\"@id\":\"https:\/\/consejoderectores.cl\/publicaciones\/#primaryimage\"},\"thumbnailUrl\":\"https:\/\/cruch-2025.saargo.com\/wp-content\/uploads\/2026\/01\/publicaciones-anuario.png\",\"datePublished\":\"2021-02-22T16:04:05+00:00\",\"dateModified\":\"2026-01-26T18:23:10+00:00\",\"breadcrumb\":{\"@id\":\"https:\/\/consejoderectores.cl\/publicaciones\/#breadcrumb\"},\"inLanguage\":\"en-US\",\"potentialAction\":[{\"@type\":\"ReadAction\",\"target\":[\"https:\/\/consejoderectores.cl\/publicaciones\/\"]}]},{\"@type\":\"ImageObject\",\"inLanguage\":\"en-US\",\"@id\":\"https:\/\/consejoderectores.cl\/publicaciones\/#primaryimage\",\"url\":\"https:\/\/cruch-2025.saargo.com\/wp-content\/uploads\/2026\/01\/publicaciones-anuario.png\",\"contentUrl\":\"https:\/\/cruch-2025.saargo.com\/wp-content\/uploads\/2026\/01\/publicaciones-anuario.png\"},{\"@type\":\"BreadcrumbList\",\"@id\":\"https:\/\/consejoderectores.cl\/publicaciones\/#breadcrumb\",\"itemListElement\":[{\"@type\":\"ListItem\",\"position\":1,\"name\":\"Home\",\"item\":\"https:\/\/consejoderectores.cl\/\"},{\"@type\":\"ListItem\",\"position\":2,\"name\":\"Publicaciones\"}]},{\"@type\":\"WebSite\",\"@id\":\"https:\/\/consejoderectores.cl\/en\/#website\",\"url\":\"https:\/\/consejoderectores.cl\/en\/\",\"name\":\"Consejo de Rectoras y Rectores de las Universidades Chilenas\",\"description\":\"\",\"publisher\":{\"@id\":\"https:\/\/consejoderectores.cl\/en\/#organization\"},\"potentialAction\":[{\"@type\":\"SearchAction\",\"target\":{\"@type\":\"EntryPoint\",\"urlTemplate\":\"https:\/\/consejoderectores.cl\/en\/?s={search_term_string}\"},\"query-input\":{\"@type\":\"PropertyValueSpecification\",\"valueRequired\":true,\"valueName\":\"search_term_string\"}}],\"inLanguage\":\"en-US\"},{\"@type\":\"Organization\",\"@id\":\"https:\/\/consejoderectores.cl\/en\/#organization\",\"name\":\"Consejo de Rectoras y Rectores de las Universidades Chilenas\",\"url\":\"https:\/\/consejoderectores.cl\/en\/\",\"logo\":{\"@type\":\"ImageObject\",\"inLanguage\":\"en-US\",\"@id\":\"https:\/\/consejoderectores.cl\/en\/#\/schema\/logo\/image\/\",\"url\":\"https:\/\/consejoderectores.cl\/wp-content\/uploads\/2025\/12\/logoheader_2025.png\",\"contentUrl\":\"https:\/\/consejoderectores.cl\/wp-content\/uploads\/2025\/12\/logoheader_2025.png\",\"width\":666,\"height\":305,\"caption\":\"Consejo de Rectoras y Rectores de las Universidades Chilenas\"},\"image\":{\"@id\":\"https:\/\/consejoderectores.cl\/en\/#\/schema\/logo\/image\/\"},\"sameAs\":[\"https:\/\/x.com\/CRUCH_cl\",\"https:\/\/www.instagram.com\/consejoderectores\/\",\"https:\/\/www.linkedin.com\/company\/cruch\/\",\"https:\/\/www.youtube.com\/channel\/UCzgIFRCsDlKoFpimiQmEaOA\"]}]}<\/script>\n<!-- \/ Yoast SEO plugin. -->","yoast_head_json":{"title":"Publications - Council of Rectors of Chilean Universities","robots":{"index":"index","follow":"follow","max-snippet":"max-snippet:-1","max-image-preview":"max-image-preview:large","max-video-preview":"max-video-preview:-1"},"canonical":"https:\/\/consejoderectores.cl\/en\/publicaciones\/","og_locale":"en_US","og_type":"article","og_title":"Publicaciones - Consejo de Rectoras y Rectores de las Universidades Chilenas","og_description":"El Consejo de Rectores de las Universidades Chilenas trabaja permanentemente en la elaboraci\u00f3n de publicaciones que dan cuenta de sus \u00e1reas de acci\u00f3n. Todas estas publicaciones son de amplia distribuci\u00f3n y se pueden descargar de los links que se encuentran a continuaci\u00f3n.","og_url":"https:\/\/consejoderectores.cl\/en\/publicaciones\/","og_site_name":"Consejo de Rectoras y Rectores de las Universidades Chilenas","article_modified_time":"2026-01-26T18:23:10+00:00","og_image":[{"url":"https:\/\/cruch-2025.saargo.com\/wp-content\/uploads\/2026\/01\/publicaciones-anuario.png","type":"","width":"","height":""}],"twitter_card":"summary_large_image","twitter_site":"@CRUCH_cl","schema":{"@context":"https:\/\/schema.org","@graph":[{"@type":"WebPage","@id":"https:\/\/consejoderectores.cl\/publicaciones\/","url":"https:\/\/consejoderectores.cl\/publicaciones\/","name":"Publications - Council of Rectors of Chilean Universities","isPartOf":{"@id":"https:\/\/consejoderectores.cl\/en\/#website"},"primaryImageOfPage":{"@id":"https:\/\/consejoderectores.cl\/publicaciones\/#primaryimage"},"image":{"@id":"https:\/\/consejoderectores.cl\/publicaciones\/#primaryimage"},"thumbnailUrl":"https:\/\/cruch-2025.saargo.com\/wp-content\/uploads\/2026\/01\/publicaciones-anuario.png","datePublished":"2021-02-22T16:04:05+00:00","dateModified":"2026-01-26T18:23:10+00:00","breadcrumb":{"@id":"https:\/\/consejoderectores.cl\/publicaciones\/#breadcrumb"},"inLanguage":"en-US","potentialAction":[{"@type":"ReadAction","target":["https:\/\/consejoderectores.cl\/publicaciones\/"]}]},{"@type":"ImageObject","inLanguage":"en-US","@id":"https:\/\/consejoderectores.cl\/publicaciones\/#primaryimage","url":"https:\/\/cruch-2025.saargo.com\/wp-content\/uploads\/2026\/01\/publicaciones-anuario.png","contentUrl":"https:\/\/cruch-2025.saargo.com\/wp-content\/uploads\/2026\/01\/publicaciones-anuario.png"},{"@type":"BreadcrumbList","@id":"https:\/\/consejoderectores.cl\/publicaciones\/#breadcrumb","itemListElement":[{"@type":"ListItem","position":1,"name":"Home","item":"https:\/\/consejoderectores.cl\/"},{"@type":"ListItem","position":2,"name":"Publicaciones"}]},{"@type":"WebSite","@id":"https:\/\/consejoderectores.cl\/en\/#website","url":"https:\/\/consejoderectores.cl\/en\/","name":"Council of Rectors of Chilean Universities","description":"","publisher":{"@id":"https:\/\/consejoderectores.cl\/en\/#organization"},"potentialAction":[{"@type":"SearchAction","target":{"@type":"EntryPoint","urlTemplate":"https:\/\/consejoderectores.cl\/en\/?s={search_term_string}"},"query-input":{"@type":"PropertyValueSpecification","valueRequired":true,"valueName":"search_term_string"}}],"inLanguage":"en-US"},{"@type":"Organization","@id":"https:\/\/consejoderectores.cl\/en\/#organization","name":"Council of Rectors of Chilean Universities","url":"https:\/\/consejoderectores.cl\/en\/","logo":{"@type":"ImageObject","inLanguage":"en-US","@id":"https:\/\/consejoderectores.cl\/en\/#\/schema\/logo\/image\/","url":"https:\/\/consejoderectores.cl\/wp-content\/uploads\/2025\/12\/logoheader_2025.png","contentUrl":"https:\/\/consejoderectores.cl\/wp-content\/uploads\/2025\/12\/logoheader_2025.png","width":666,"height":305,"caption":"Consejo de Rectoras y Rectores de las Universidades Chilenas"},"image":{"@id":"https:\/\/consejoderectores.cl\/en\/#\/schema\/logo\/image\/"},"sameAs":["https:\/\/x.com\/CRUCH_cl","https:\/\/www.instagram.com\/consejoderectores\/","https:\/\/www.linkedin.com\/company\/cruch\/","https:\/\/www.youtube.com\/channel\/UCzgIFRCsDlKoFpimiQmEaOA"]}]}},"_links":{"self":[{"href":"https:\/\/consejoderectores.cl\/en\/wp-json\/wp\/v2\/pages\/785","targetHints":{"allow":["GET"]}}],"collection":[{"href":"https:\/\/consejoderectores.cl\/en\/wp-json\/wp\/v2\/pages"}],"about":[{"href":"https:\/\/consejoderectores.cl\/en\/wp-json\/wp\/v2\/types\/page"}],"author":[{"embeddable":true,"href":"https:\/\/consejoderectores.cl\/en\/wp-json\/wp\/v2\/users\/1"}],"replies":[{"embeddable":true,"href":"https:\/\/consejoderectores.cl\/en\/wp-json\/wp\/v2\/comments?post=785"}],"version-history":[{"count":10,"href":"https:\/\/consejoderectores.cl\/en\/wp-json\/wp\/v2\/pages\/785\/revisions"}],"predecessor-version":[{"id":14120,"href":"https:\/\/consejoderectores.cl\/en\/wp-json\/wp\/v2\/pages\/785\/revisions\/14120"}],"wp:attachment":[{"href":"https:\/\/consejoderectores.cl\/en\/wp-json\/wp\/v2\/media?parent=785"}],"curies":[{"name":"wp","href":"https:\/\/api.w.org\/{rel}","templated":true}]}}