{"id":729,"date":"2021-02-19T16:41:23","date_gmt":"2021-02-19T16:41:23","guid":{"rendered":"https:\/\/www.consejoderectores.cl\/?page_id=729"},"modified":"2024-02-02T01:30:36","modified_gmt":"2024-02-02T01:30:36","slug":"areas","status":"publish","type":"page","link":"https:\/\/consejoderectores.cl\/en\/tu-postgrado-en-chile\/magister\/areas\/","title":{"rendered":"Areas"},"content":{"rendered":"<div class=\"vce-row-container\" data-vce-boxed-width=\"true\"><div class=\"vce-row vce-row--col-gap-30 vce-row-equal-height vce-row-content--top\" id=\"el-e8e7c420\" data-vce-do-apply=\"all el-e8e7c420\"><div class=\"vce-row-content\" data-vce-element-content=\"true\"><div class=\"vce-col vce-col--md-75p vce-col--xs-1 vce-col--xs-last vce-col--xs-first vce-col--sm-last vce-col--sm-first vce-col--md-first vce-col--lg-first vce-col--xl-first\" id=\"el-25cc8f6e\"><div class=\"vce-col-inner\" data-vce-do-apply=\"border margin background  el-25cc8f6e\"><div class=\"vce-col-content\" data-vce-element-content=\"true\" data-vce-do-apply=\"padding el-25cc8f6e\"><div class=\"vce-row-container\" data-vce-boxed-width=\"true\"><div class=\"vce-row vce-row--col-gap-30 vce-row-equal-height vce-row-content--top\" id=\"el-c152b71b\" data-vce-do-apply=\"all el-c152b71b\"><div class=\"vce-content-background-container\"><\/div><div class=\"vce-row-content\" data-vce-element-content=\"true\"><div class=\"vce-col vce-col--md-auto vce-col--xs-1 vce-col--xs-last vce-col--xs-first vce-col--sm-last vce-col--sm-first vce-col--md-first vce-col--lg-first vce-col--xl-first h100\" id=\"el-62269239\"><div class=\"vce-col-inner\" data-vce-do-apply=\"border margin background  el-62269239\"><div class=\"vce-col-content\" data-vce-element-content=\"true\" data-vce-do-apply=\"padding el-62269239\"><div class=\"vce-raw-html\"><div class=\"vce-raw-html-wrapper\" id=\"el-ba577d32\" data-vce-do-apply=\"all el-ba577d32\"><a href=\"https:\/\/cruch-2024.saargo.com\/tu-postgrado-en-chile\/magister\/areas\/ciencias-naturales\/\" class=\"mod-area magi\">\n\t<i class=\"fa-regular fa-earth-americas\"><\/i>\n\t<h4>natural Sciences<\/h4>\n<\/a><\/div><\/div><\/div><\/div><\/div><div class=\"vce-col vce-col--md-auto vce-col--xs-1 vce-col--xs-last vce-col--xs-first vce-col--sm-last vce-col--sm-first h100\" id=\"el-39f5f34b\"><div class=\"vce-col-inner\" data-vce-do-apply=\"border margin background  el-39f5f34b\"><div class=\"vce-col-content\" data-vce-element-content=\"true\" data-vce-do-apply=\"padding el-39f5f34b\"><div class=\"vce-raw-html\"><div class=\"vce-raw-html-wrapper\" id=\"el-985afd72\" data-vce-do-apply=\"all el-985afd72\"><a href=\"https:\/\/cruch-2024.saargo.com\/tu-postgrado-en-chile\/magister\/areas\/ingenieria-y-tecnologia\/\" class=\"mod-area magi\">\n\t<i class=\"fa-regular fa-microchip\"><\/i>\n\t<h4>Engineering and Technology<\/h4>\n<\/a><\/div><\/div><\/div><\/div><\/div><div class=\"vce-col vce-col--md-auto vce-col--xs-1 vce-col--xs-last vce-col--xs-first vce-col--sm-last vce-col--sm-first vce-col--md-last vce-col--lg-last vce-col--xl-last h100\" id=\"el-cab2642b\"><div class=\"vce-col-inner\" data-vce-do-apply=\"border margin background  el-cab2642b\"><div class=\"vce-col-content\" data-vce-element-content=\"true\" data-vce-do-apply=\"padding el-cab2642b\"><div class=\"vce-raw-html\"><div class=\"vce-raw-html-wrapper\" id=\"el-5a4d8734\" data-vce-do-apply=\"all el-5a4d8734\"><a href=\"https:\/\/cruch-2024.saargo.com\/tu-postgrado-en-chile\/magister\/areas\/ciencias-medicas-y-de-la-salud\/\" class=\"mod-area magi\">\n\t<i class=\"fa-regular fa-heartbeat\"><\/i>\n\t<h4>Medical and Health Sciences<\/h4>\n<\/a><\/div><\/div><\/div><\/div><\/div><\/div><\/div><\/div><div class=\"vce-row-container\" data-vce-boxed-width=\"true\"><div class=\"vce-row vce-row--col-gap-30 vce-row-equal-height vce-row-content--top\" id=\"el-a13f3cd7\" data-vce-do-apply=\"all el-a13f3cd7\"><div class=\"vce-content-background-container\"><\/div><div class=\"vce-row-content\" data-vce-element-content=\"true\"><div class=\"vce-col vce-col--md-auto vce-col--xs-1 vce-col--xs-last vce-col--xs-first vce-col--sm-last vce-col--sm-first vce-col--md-first vce-col--lg-first vce-col--xl-first h100\" id=\"el-8150c6d3\"><div class=\"vce-col-inner\" data-vce-do-apply=\"border margin background  el-8150c6d3\"><div class=\"vce-col-content\" data-vce-element-content=\"true\" data-vce-do-apply=\"padding el-8150c6d3\"><div class=\"vce-raw-html\"><div class=\"vce-raw-html-wrapper\" id=\"el-6e7c5796\" data-vce-do-apply=\"all el-6e7c5796\"><a href=\"https:\/\/cruch-2024.saargo.com\/tu-postgrado-en-chile\/magister\/areas\/ciencias-agricolas\/\" class=\"mod-area magi\">\n\t<i class=\"fa-regular fa-wheat\"><\/i>\n\t<h4>Agricultural science<\/h4>\n<\/a><\/div><\/div><\/div><\/div><\/div><div class=\"vce-col vce-col--md-auto vce-col--xs-1 vce-col--xs-last vce-col--xs-first vce-col--sm-last vce-col--sm-first h100\" id=\"el-d2da6614\"><div class=\"vce-col-inner\" data-vce-do-apply=\"border margin background  el-d2da6614\"><div class=\"vce-col-content\" data-vce-element-content=\"true\" data-vce-do-apply=\"padding el-d2da6614\"><div class=\"vce-raw-html\"><div class=\"vce-raw-html-wrapper\" id=\"el-ab7de4fb\" data-vce-do-apply=\"all el-ab7de4fb\"><a href=\"https:\/\/cruch-2024.saargo.com\/tu-postgrado-en-chile\/magister\/areas\/ciencias-sociales\/\" class=\"mod-area magi\">\n\t<i class=\"fa-regular fa-landmark\"><\/i>\n\t<h4>social Sciences<\/h4>\n<\/a><\/div><\/div><\/div><\/div><\/div><div class=\"vce-col vce-col--md-auto vce-col--xs-1 vce-col--xs-last vce-col--xs-first vce-col--sm-last vce-col--sm-first vce-col--md-last vce-col--lg-last vce-col--xl-last h100\" id=\"el-74b5ac7f\"><div class=\"vce-col-inner\" data-vce-do-apply=\"border margin background  el-74b5ac7f\"><div class=\"vce-col-content\" data-vce-element-content=\"true\" data-vce-do-apply=\"padding el-74b5ac7f\"><div class=\"vce-raw-html\"><div class=\"vce-raw-html-wrapper\" id=\"el-fbf897ba\" data-vce-do-apply=\"all el-fbf897ba\"><a href=\"https:\/\/cruch-2024.saargo.com\/tu-postgrado-en-chile\/magister\/areas\/humanidades\/\" class=\"mod-area magi\">\n\t<i class=\"fa-regular fa-universal-access\"><\/i>\n\t<h4>Humanities<\/h4>\n<\/a><\/div><\/div><\/div><\/div><\/div><\/div><\/div><\/div><div class=\"vce-row-container\" data-vce-boxed-width=\"true\"><div class=\"vce-row vce-row--col-gap-30 vce-row-equal-height vce-row-content--top\" id=\"el-38626def\" data-vce-do-apply=\"all el-38626def\"><div class=\"vce-content-background-container\"><\/div><div class=\"vce-row-content\" data-vce-element-content=\"true\"><div class=\"vce-col vce-col--md-auto vce-col--xs-1 vce-col--xs-last vce-col--xs-first vce-col--sm-last vce-col--sm-first vce-col--md-first vce-col--lg-first vce-col--xl-first h100\" id=\"el-7d5b57d4\"><div class=\"vce-col-inner\" data-vce-do-apply=\"border margin background  el-7d5b57d4\"><div class=\"vce-col-content\" data-vce-element-content=\"true\" data-vce-do-apply=\"padding el-7d5b57d4\"><div class=\"vce-raw-html\"><div class=\"vce-raw-html-wrapper\" id=\"el-443c3382\" data-vce-do-apply=\"all el-443c3382\"><a href=\"https:\/\/cruch-2024.saargo.com\/category\/magister\/m7-interdisciplinario\/\" class=\"mod-area magi\">\n\t<i class=\"fa-regular fa-layer-group\"><\/i>\n\t<h4>Interdisciplinary<\/h4>\n<\/a><\/div><\/div><\/div><\/div><\/div><div class=\"vce-col vce-col--md-auto vce-col--xs-1 vce-col--xs-last vce-col--xs-first vce-col--sm-last vce-col--sm-first h100\" id=\"el-6dc26c8b\"><div class=\"vce-col-inner\" data-vce-do-apply=\"border margin background  el-6dc26c8b\"><div class=\"vce-col-content\" data-vce-element-content=\"true\" data-vce-do-apply=\"padding el-6dc26c8b\"><div><\/div><\/div><\/div><\/div><div class=\"vce-col vce-col--md-auto vce-col--xs-1 vce-col--xs-last vce-col--xs-first vce-col--sm-last vce-col--sm-first vce-col--md-last vce-col--lg-last vce-col--xl-last h100\" id=\"el-caff530b\"><div class=\"vce-col-inner\" data-vce-do-apply=\"border margin background  el-caff530b\"><div class=\"vce-col-content\" data-vce-element-content=\"true\" data-vce-do-apply=\"padding el-caff530b\"><div><\/div><\/div><\/div><\/div><\/div><\/div><\/div><\/div><\/div><\/div><div class=\"vce-col vce-col--md-25p vce-col--xs-1 vce-col--xs-last vce-col--xs-first vce-col--sm-last vce-col--sm-first vce-col--md-last vce-col--lg-last vce-col--xl-last col-menu\" id=\"el-efc6d53f\"><div class=\"vce-col-inner\" data-vce-do-apply=\"border margin background  el-efc6d53f\"><div class=\"vce-col-content\" data-vce-element-content=\"true\" data-vce-do-apply=\"padding el-efc6d53f\"><div class=\"vce-text-block\"><div class=\"vce-text-block-wrapper vce\" id=\"el-bdeb19c9\" data-vce-do-apply=\"all el-bdeb19c9\"><p>Master<\/p><\/div><\/div><div class=\"vce-shortcode\"><div class=\"vce-shortcode-wrapper vce\" id=\"el-bac47785\" data-vce-do-apply=\"all el-bac47785\"><button class=\"bellows-menu-toggle bellows-menu-toggle-skin-blue-material\" aria-controls=\"bellows-main-10\"><i class=\"fa fa-bars\"><\/i> <span class=\"bellows-menu-toggle-text\">Menu<\/span><\/button><nav id=\"bellows-main-10\" class=\"bellows bellows-nojs bellows-main bellows-source-menu bellows-align-full bellows-skin-blue-material bellows-type- bellows-expand-current bellows-mobile-collapse\"><ul id=\"menu-submenu-magister\" class=\"bellows-nav\" data-bellows-config=\"main\"><li id=\"menu-item-9505\" class=\"bellows-menu-item bellows-menu-item-type-post_type bellows-menu-item-object-page bellows-menu-item-9505 bellows-item-level-0\"><a  href=\"https:\/\/consejoderectores.cl\/en\/tu-postgrado-en-chile\/magister\/\" class=\"bellows-target\" data-ps2id-api=\"true\"><span class=\"bellows-target-title bellows-target-text\">Presentation<\/span><\/a><\/li>\n<li id=\"menu-item-744\" class=\"bellows-menu-item bellows-menu-item-type-post_type bellows-menu-item-object-page bellows-menu-item-744 bellows-item-level-0\"><a  href=\"https:\/\/consejoderectores.cl\/en\/tu-postgrado-en-chile\/magister\/areas\/\" class=\"bellows-target\" data-ps2id-api=\"true\"><span class=\"bellows-target-title bellows-target-text\">Areas<\/span><\/a><\/li>\n<li id=\"menu-item-743\" class=\"bellows-menu-item bellows-menu-item-type-post_type bellows-menu-item-object-page bellows-menu-item-743 bellows-item-level-0\"><a  href=\"https:\/\/consejoderectores.cl\/en\/tu-postgrado-en-chile\/magister\/buscador\/\" class=\"bellows-target\" data-ps2id-api=\"true\"><span class=\"bellows-target-title bellows-target-text\">Seeker<\/span><\/a><\/li>\n<li id=\"menu-item-742\" class=\"bellows-menu-item bellows-menu-item-type-post_type bellows-menu-item-object-page bellows-menu-item-742 bellows-item-level-0\"><a  href=\"https:\/\/consejoderectores.cl\/en\/tu-postgrado-en-chile\/magister\/universidades\/\" class=\"bellows-target\" data-ps2id-api=\"true\"><span class=\"bellows-target-title bellows-target-text\">Universities<\/span><\/a><\/li>\n<\/ul><\/nav><\/div><\/div><\/div><\/div><\/div><\/div><\/div><\/div>","protected":false},"excerpt":{"rendered":"<p>Ciencias Naturales Ingenier\u00eda y Tecnolog\u00eda Ciencias M\u00e9dicas y de la Salud Ciencias Agr\u00edcolas Ciencias Sociales Humanidades Interdisciplinario Mag\u00edster<\/p>","protected":false},"author":1,"featured_media":0,"parent":721,"menu_order":0,"comment_status":"closed","ping_status":"closed","template":"page-header.php","meta":{"_acf_changed":false,"footnotes":""},"class_list":["post-729","page","type-page","status-publish","hentry"],"acf":[],"yoast_head":"<!-- This site is optimized with the Yoast SEO plugin v27.1.1 - https:\/\/yoast.com\/product\/yoast-seo-wordpress\/ -->\n<title>\u00c1reas - Consejo de Rectoras y Rectores de las Universidades Chilenas<\/title>\n<meta name=\"robots\" content=\"index, follow, max-snippet:-1, max-image-preview:large, max-video-preview:-1\" \/>\n<link rel=\"canonical\" href=\"https:\/\/consejoderectores.cl\/en\/tu-postgrado-en-chile\/magister\/areas\/\" \/>\n<meta property=\"og:locale\" content=\"en_US\" \/>\n<meta property=\"og:type\" content=\"article\" \/>\n<meta property=\"og:title\" content=\"\u00c1reas - Consejo de Rectoras y Rectores de las Universidades Chilenas\" \/>\n<meta property=\"og:description\" content=\"Ciencias Naturales Ingenier\u00eda y Tecnolog\u00eda Ciencias M\u00e9dicas y de la Salud Ciencias Agr\u00edcolas Ciencias Sociales Humanidades Interdisciplinario Mag\u00edster\" \/>\n<meta property=\"og:url\" content=\"https:\/\/consejoderectores.cl\/en\/tu-postgrado-en-chile\/magister\/areas\/\" \/>\n<meta property=\"og:site_name\" content=\"Consejo de Rectoras y Rectores de las Universidades Chilenas\" \/>\n<meta property=\"article:modified_time\" content=\"2024-02-02T01:30:36+00:00\" \/>\n<meta name=\"twitter:card\" content=\"summary_large_image\" \/>\n<meta name=\"twitter:site\" content=\"@CRUCH_cl\" \/>\n<script type=\"application\/ld+json\" class=\"yoast-schema-graph\">{\"@context\":\"https:\/\/schema.org\",\"@graph\":[{\"@type\":\"WebPage\",\"@id\":\"https:\/\/consejoderectores.cl\/en\/tu-postgrado-en-chile\/magister\/areas\/\",\"url\":\"https:\/\/consejoderectores.cl\/en\/tu-postgrado-en-chile\/magister\/areas\/\",\"name\":\"\u00c1reas - Consejo de Rectoras y Rectores de las Universidades Chilenas\",\"isPartOf\":{\"@id\":\"https:\/\/consejoderectores.cl\/en\/#website\"},\"datePublished\":\"2021-02-19T16:41:23+00:00\",\"dateModified\":\"2024-02-02T01:30:36+00:00\",\"breadcrumb\":{\"@id\":\"https:\/\/consejoderectores.cl\/en\/tu-postgrado-en-chile\/magister\/areas\/#breadcrumb\"},\"inLanguage\":\"en-US\",\"potentialAction\":[{\"@type\":\"ReadAction\",\"target\":[\"https:\/\/consejoderectores.cl\/en\/tu-postgrado-en-chile\/magister\/areas\/\"]}]},{\"@type\":\"BreadcrumbList\",\"@id\":\"https:\/\/consejoderectores.cl\/en\/tu-postgrado-en-chile\/magister\/areas\/#breadcrumb\",\"itemListElement\":[{\"@type\":\"ListItem\",\"position\":1,\"name\":\"Home\",\"item\":\"https:\/\/consejoderectores.cl\/\"},{\"@type\":\"ListItem\",\"position\":2,\"name\":\"Tu Postgrado en Chile\",\"item\":\"https:\/\/consejoderectores.cl\/tu-postgrado-en-chile\/\"},{\"@type\":\"ListItem\",\"position\":3,\"name\":\"Tu Mag\u00edster en Chile\",\"item\":\"https:\/\/consejoderectores.cl\/tu-postgrado-en-chile\/magister\/\"},{\"@type\":\"ListItem\",\"position\":4,\"name\":\"\u00c1reas\"}]},{\"@type\":\"WebSite\",\"@id\":\"https:\/\/consejoderectores.cl\/en\/#website\",\"url\":\"https:\/\/consejoderectores.cl\/en\/\",\"name\":\"Consejo de Rectoras y Rectores de las Universidades Chilenas\",\"description\":\"\",\"publisher\":{\"@id\":\"https:\/\/consejoderectores.cl\/en\/#organization\"},\"potentialAction\":[{\"@type\":\"SearchAction\",\"target\":{\"@type\":\"EntryPoint\",\"urlTemplate\":\"https:\/\/consejoderectores.cl\/en\/?s={search_term_string}\"},\"query-input\":{\"@type\":\"PropertyValueSpecification\",\"valueRequired\":true,\"valueName\":\"search_term_string\"}}],\"inLanguage\":\"en-US\"},{\"@type\":\"Organization\",\"@id\":\"https:\/\/consejoderectores.cl\/en\/#organization\",\"name\":\"Consejo de Rectoras y Rectores de las Universidades Chilenas\",\"url\":\"https:\/\/consejoderectores.cl\/en\/\",\"logo\":{\"@type\":\"ImageObject\",\"inLanguage\":\"en-US\",\"@id\":\"https:\/\/consejoderectores.cl\/en\/#\/schema\/logo\/image\/\",\"url\":\"https:\/\/consejoderectores.cl\/wp-content\/uploads\/2025\/12\/logoheader_2025.png\",\"contentUrl\":\"https:\/\/consejoderectores.cl\/wp-content\/uploads\/2025\/12\/logoheader_2025.png\",\"width\":666,\"height\":305,\"caption\":\"Consejo de Rectoras y Rectores de las Universidades Chilenas\"},\"image\":{\"@id\":\"https:\/\/consejoderectores.cl\/en\/#\/schema\/logo\/image\/\"},\"sameAs\":[\"https:\/\/x.com\/CRUCH_cl\",\"https:\/\/www.instagram.com\/consejoderectores\/\",\"https:\/\/www.linkedin.com\/company\/cruch\/\",\"https:\/\/www.youtube.com\/channel\/UCzgIFRCsDlKoFpimiQmEaOA\"]}]}<\/script>\n<!-- \/ Yoast SEO plugin. -->","yoast_head_json":{"title":"\u00c1reas - Consejo de Rectoras y Rectores de las Universidades Chilenas","robots":{"index":"index","follow":"follow","max-snippet":"max-snippet:-1","max-image-preview":"max-image-preview:large","max-video-preview":"max-video-preview:-1"},"canonical":"https:\/\/consejoderectores.cl\/en\/tu-postgrado-en-chile\/magister\/areas\/","og_locale":"en_US","og_type":"article","og_title":"\u00c1reas - Consejo de Rectoras y Rectores de las Universidades Chilenas","og_description":"Ciencias Naturales Ingenier\u00eda y Tecnolog\u00eda Ciencias M\u00e9dicas y de la Salud Ciencias Agr\u00edcolas Ciencias Sociales Humanidades Interdisciplinario Mag\u00edster","og_url":"https:\/\/consejoderectores.cl\/en\/tu-postgrado-en-chile\/magister\/areas\/","og_site_name":"Consejo de Rectoras y Rectores de las Universidades Chilenas","article_modified_time":"2024-02-02T01:30:36+00:00","twitter_card":"summary_large_image","twitter_site":"@CRUCH_cl","schema":{"@context":"https:\/\/schema.org","@graph":[{"@type":"WebPage","@id":"https:\/\/consejoderectores.cl\/en\/tu-postgrado-en-chile\/magister\/areas\/","url":"https:\/\/consejoderectores.cl\/en\/tu-postgrado-en-chile\/magister\/areas\/","name":"\u00c1reas - Consejo de Rectoras y Rectores de las Universidades Chilenas","isPartOf":{"@id":"https:\/\/consejoderectores.cl\/en\/#website"},"datePublished":"2021-02-19T16:41:23+00:00","dateModified":"2024-02-02T01:30:36+00:00","breadcrumb":{"@id":"https:\/\/consejoderectores.cl\/en\/tu-postgrado-en-chile\/magister\/areas\/#breadcrumb"},"inLanguage":"en-US","potentialAction":[{"@type":"ReadAction","target":["https:\/\/consejoderectores.cl\/en\/tu-postgrado-en-chile\/magister\/areas\/"]}]},{"@type":"BreadcrumbList","@id":"https:\/\/consejoderectores.cl\/en\/tu-postgrado-en-chile\/magister\/areas\/#breadcrumb","itemListElement":[{"@type":"ListItem","position":1,"name":"Home","item":"https:\/\/consejoderectores.cl\/"},{"@type":"ListItem","position":2,"name":"Tu Postgrado en Chile","item":"https:\/\/consejoderectores.cl\/tu-postgrado-en-chile\/"},{"@type":"ListItem","position":3,"name":"Tu Mag\u00edster en Chile","item":"https:\/\/consejoderectores.cl\/tu-postgrado-en-chile\/magister\/"},{"@type":"ListItem","position":4,"name":"\u00c1reas"}]},{"@type":"WebSite","@id":"https:\/\/consejoderectores.cl\/en\/#website","url":"https:\/\/consejoderectores.cl\/en\/","name":"Council of Rectors of Chilean Universities","description":"","publisher":{"@id":"https:\/\/consejoderectores.cl\/en\/#organization"},"potentialAction":[{"@type":"SearchAction","target":{"@type":"EntryPoint","urlTemplate":"https:\/\/consejoderectores.cl\/en\/?s={search_term_string}"},"query-input":{"@type":"PropertyValueSpecification","valueRequired":true,"valueName":"search_term_string"}}],"inLanguage":"en-US"},{"@type":"Organization","@id":"https:\/\/consejoderectores.cl\/en\/#organization","name":"Council of Rectors of Chilean Universities","url":"https:\/\/consejoderectores.cl\/en\/","logo":{"@type":"ImageObject","inLanguage":"en-US","@id":"https:\/\/consejoderectores.cl\/en\/#\/schema\/logo\/image\/","url":"https:\/\/consejoderectores.cl\/wp-content\/uploads\/2025\/12\/logoheader_2025.png","contentUrl":"https:\/\/consejoderectores.cl\/wp-content\/uploads\/2025\/12\/logoheader_2025.png","width":666,"height":305,"caption":"Consejo de Rectoras y Rectores de las Universidades Chilenas"},"image":{"@id":"https:\/\/consejoderectores.cl\/en\/#\/schema\/logo\/image\/"},"sameAs":["https:\/\/x.com\/CRUCH_cl","https:\/\/www.instagram.com\/consejoderectores\/","https:\/\/www.linkedin.com\/company\/cruch\/","https:\/\/www.youtube.com\/channel\/UCzgIFRCsDlKoFpimiQmEaOA"]}]}},"_links":{"self":[{"href":"https:\/\/consejoderectores.cl\/en\/wp-json\/wp\/v2\/pages\/729","targetHints":{"allow":["GET"]}}],"collection":[{"href":"https:\/\/consejoderectores.cl\/en\/wp-json\/wp\/v2\/pages"}],"about":[{"href":"https:\/\/consejoderectores.cl\/en\/wp-json\/wp\/v2\/types\/page"}],"author":[{"embeddable":true,"href":"https:\/\/consejoderectores.cl\/en\/wp-json\/wp\/v2\/users\/1"}],"replies":[{"embeddable":true,"href":"https:\/\/consejoderectores.cl\/en\/wp-json\/wp\/v2\/comments?post=729"}],"version-history":[{"count":18,"href":"https:\/\/consejoderectores.cl\/en\/wp-json\/wp\/v2\/pages\/729\/revisions"}],"predecessor-version":[{"id":9508,"href":"https:\/\/consejoderectores.cl\/en\/wp-json\/wp\/v2\/pages\/729\/revisions\/9508"}],"up":[{"embeddable":true,"href":"https:\/\/consejoderectores.cl\/en\/wp-json\/wp\/v2\/pages\/721"}],"wp:attachment":[{"href":"https:\/\/consejoderectores.cl\/en\/wp-json\/wp\/v2\/media?parent=729"}],"curies":[{"name":"wp","href":"https:\/\/api.w.org\/{rel}","templated":true}]}}