{"id":721,"date":"2021-02-19T16:29:24","date_gmt":"2021-02-19T16:29:24","guid":{"rendered":"https:\/\/www.consejoderectores.cl\/?page_id=721"},"modified":"2024-02-19T14:48:02","modified_gmt":"2024-02-19T14:48:02","slug":"magister","status":"publish","type":"page","link":"https:\/\/consejoderectores.cl\/en\/tu-postgrado-en-chile\/magister\/","title":{"rendered":"Your Master in Chile"},"content":{"rendered":"<div class=\"vce-row-container\" data-vce-boxed-width=\"true\"><div class=\"vce-row vce-row--col-gap-30 vce-row-equal-height vce-row-content--top\" id=\"el-e8e7c420\" data-vce-do-apply=\"all el-e8e7c420\"><div class=\"vce-row-content\" data-vce-element-content=\"true\"><div class=\"vce-col vce-col--md-75p vce-col--xs-1 vce-col--xs-last vce-col--xs-first vce-col--sm-last vce-col--sm-first vce-col--md-last vce-col--lg-last vce-col--xl-last vce-col--md-first vce-col--lg-first vce-col--xl-first\" id=\"el-25cc8f6e\"><div class=\"vce-col-inner\" data-vce-do-apply=\"border margin background  el-25cc8f6e\"><div class=\"vce-col-content\" data-vce-element-content=\"true\" data-vce-do-apply=\"padding el-25cc8f6e\"><div><\/div><\/div><\/div><\/div><\/div><\/div><\/div><div class=\"vce-row-container\" data-vce-boxed-width=\"true\"><div class=\"vce-row vce-row--col-gap-30 vce-row-equal-height vce-row-content--top\" id=\"el-1e3adeac\" data-vce-do-apply=\"all el-1e3adeac\"><div class=\"vce-content-background-container\"><\/div><div class=\"vce-row-content\" data-vce-element-content=\"true\"><div class=\"vce-col vce-col--md-28p vce-col--xs-1 vce-col--xs-last vce-col--xs-first vce-col--sm-last vce-col--sm-first vce-col--md-first vce-col--lg-first vce-col--xl-first\" id=\"el-8774c630\"><div class=\"vce-col-inner\" data-vce-do-apply=\"border margin background  el-8774c630\"><div class=\"vce-col-content\" data-vce-element-content=\"true\" data-vce-do-apply=\"padding el-8774c630\"><div class=\"vce-single-image-container vce-single-image--align-left\"><div class=\"vce vce-single-image-wrapper\" id=\"el-0974938b\" data-vce-do-apply=\"all el-0974938b\"><figure><div class=\"vce-single-image-figure-inner\" style=\"width: 400px;\"><div class=\"vce-single-image-inner vce-single-image--absolute vce-single-image--border-rounded\" style=\"width: 100%; padding-bottom: 56.25%;\"><img loading=\"lazy\" decoding=\"async\" class=\"vce-single-image\"  width=\"400\" height=\"225\" srcset=\"https:\/\/consejoderectores.cl\/wp-content\/uploads\/2024\/02\/magister-slider-1-e1708353761306-320x180.jpg 320w, https:\/\/consejoderectores.cl\/wp-content\/uploads\/2024\/02\/magister-slider-1-e1708353761306-400x225.jpg 400w\" src=\"https:\/\/consejoderectores.cl\/wp-content\/uploads\/2024\/02\/magister-slider-1-e1708353761306-400x225.jpg\" data-img-src=\"https:\/\/consejoderectores.cl\/wp-content\/uploads\/2021\/02\/magister-slider-1-e1708353761306.jpg\" data-attachment-id=\"725\"  alt=\"\" title=\"magister-slider-1\" \/><\/div><\/div><figcaption hidden=\"\"><\/figcaption><\/figure><\/div><\/div><\/div><\/div><\/div><div class=\"vce-col vce-col--md-40p vce-col--xs-1 vce-col--xs-last vce-col--xs-first vce-col--sm-last vce-col--sm-first\" id=\"el-2c9824ee\"><div class=\"vce-col-inner\" data-vce-do-apply=\"border margin background  el-2c9824ee\"><div class=\"vce-col-content\" data-vce-element-content=\"true\" data-vce-do-apply=\"padding el-2c9824ee\"><div class=\"vce-text-block\"><div class=\"vce-text-block-wrapper vce\" id=\"el-6a4a2e15\" data-vce-do-apply=\"all el-6a4a2e15\"><p style=\"text-align: left;\">The universities of the Council of Rectors offer a significant number of master&#039;s programs in all disciplinary areas.<\/p>\n<p style=\"text-align: left;\">Each of these programs has undergone rigorous quality assurance procedures, in order to allow students to expand and develop knowledge to solve more complex disciplinary, interdisciplinary or professional problems in a systematic and creative way.<\/p>\n<p style=\"text-align: left;\">At the same time, master&#039;s programs in Chile enable people to pursue a career as researchers in a specific area of knowledge, providing greater theoretical and conceptual depth.<\/p>\n<p style=\"text-align: left;\">Those looking to expand their knowledge and acquire new tools for more complex professional development will find various opportunities on this page.<\/p>\n<p style=\"text-align: justify;\">&nbsp;<\/p><\/div><\/div><\/div><\/div><\/div><div class=\"vce-col vce-col--md-10p vce-col--xs-1 vce-col--xs-last vce-col--xs-first vce-col--sm-last vce-col--sm-first\" id=\"el-f0447152\"><div class=\"vce-col-inner\" data-vce-do-apply=\"border margin background  el-f0447152\"><div class=\"vce-col-content\" data-vce-element-content=\"true\" data-vce-do-apply=\"padding el-f0447152\"><div><\/div><\/div><\/div><\/div><div class=\"vce-col vce-col--md-18p vce-col--xs-1 vce-col--xs-last vce-col--xs-first vce-col--sm-last vce-col--sm-first vce-col--md-last vce-col--lg-last vce-col--xl-last col-menu\" id=\"el-efc6d53f\"><div class=\"vce-col-inner\" data-vce-do-apply=\"border margin background  el-efc6d53f\"><div class=\"vce-col-content\" data-vce-element-content=\"true\" data-vce-do-apply=\"padding el-efc6d53f\"><div class=\"vce-text-block\"><div class=\"vce-text-block-wrapper vce\" id=\"el-bdeb19c9\" data-vce-do-apply=\"all el-bdeb19c9\"><p>Master<\/p><\/div><\/div><div class=\"vce-shortcode\"><div class=\"vce-shortcode-wrapper vce\" id=\"el-bac47785\" data-vce-do-apply=\"all el-bac47785\"><button class=\"bellows-menu-toggle bellows-menu-toggle-skin-blue-material\" aria-controls=\"bellows-main-10\"><i class=\"fa fa-bars\"><\/i> <span class=\"bellows-menu-toggle-text\">Menu<\/span><\/button><nav id=\"bellows-main-10\" class=\"bellows bellows-nojs bellows-main bellows-source-menu bellows-align-full bellows-skin-blue-material bellows-type- bellows-expand-current bellows-mobile-collapse\"><ul id=\"menu-submenu-magister\" class=\"bellows-nav\" data-bellows-config=\"main\"><li id=\"menu-item-9505\" class=\"bellows-menu-item bellows-menu-item-type-post_type bellows-menu-item-object-page bellows-menu-item-9505 bellows-item-level-0\"><a  href=\"https:\/\/consejoderectores.cl\/en\/tu-postgrado-en-chile\/magister\/\" class=\"bellows-target\" data-ps2id-api=\"true\"><span class=\"bellows-target-title bellows-target-text\">Presentation<\/span><\/a><\/li>\n<li id=\"menu-item-744\" class=\"bellows-menu-item bellows-menu-item-type-post_type bellows-menu-item-object-page bellows-menu-item-744 bellows-item-level-0\"><a  href=\"https:\/\/consejoderectores.cl\/en\/tu-postgrado-en-chile\/magister\/areas\/\" class=\"bellows-target\" data-ps2id-api=\"true\"><span class=\"bellows-target-title bellows-target-text\">Areas<\/span><\/a><\/li>\n<li id=\"menu-item-743\" class=\"bellows-menu-item bellows-menu-item-type-post_type bellows-menu-item-object-page bellows-menu-item-743 bellows-item-level-0\"><a  href=\"https:\/\/consejoderectores.cl\/en\/tu-postgrado-en-chile\/magister\/buscador\/\" class=\"bellows-target\" data-ps2id-api=\"true\"><span class=\"bellows-target-title bellows-target-text\">Seeker<\/span><\/a><\/li>\n<li id=\"menu-item-742\" class=\"bellows-menu-item bellows-menu-item-type-post_type bellows-menu-item-object-page bellows-menu-item-742 bellows-item-level-0\"><a  href=\"https:\/\/consejoderectores.cl\/en\/tu-postgrado-en-chile\/magister\/universidades\/\" class=\"bellows-target\" data-ps2id-api=\"true\"><span class=\"bellows-target-title bellows-target-text\">Universities<\/span><\/a><\/li>\n<\/ul><\/nav><\/div><\/div><\/div><\/div><\/div><\/div><\/div><\/div>","protected":false},"excerpt":{"rendered":"<p>Las universidades del Consejo de Rectores ofrecen un significativo n\u00famero de programas de mag\u00edster en todas las \u00e1reas disciplinarias. Cada uno de estos programas ha pasado por rigurosos procedimientos de aseguramiento de calidad, a fin de permitir que estudiantes puedan ampliar y desarrollar los conocimientos para la soluci\u00f3n de problemas disciplinarios, interdisciplinarios o profesionales de [&hellip;]<\/p>\n","protected":false},"author":1,"featured_media":0,"parent":626,"menu_order":0,"comment_status":"closed","ping_status":"closed","template":"page-header.php","meta":{"_acf_changed":false,"footnotes":""},"class_list":["post-721","page","type-page","status-publish","hentry"],"acf":[],"yoast_head":"<!-- This site is optimized with the Yoast SEO plugin v27.1.1 - https:\/\/yoast.com\/product\/yoast-seo-wordpress\/ -->\n<title>Tu Mag\u00edster en Chile - Consejo de Rectoras y Rectores de las Universidades Chilenas<\/title>\n<meta name=\"robots\" content=\"index, follow, max-snippet:-1, max-image-preview:large, max-video-preview:-1\" \/>\n<link rel=\"canonical\" href=\"https:\/\/consejoderectores.cl\/en\/tu-postgrado-en-chile\/magister\/\" \/>\n<meta property=\"og:locale\" content=\"en_US\" \/>\n<meta property=\"og:type\" content=\"article\" \/>\n<meta property=\"og:title\" content=\"Tu Mag\u00edster en Chile - Consejo de Rectoras y Rectores de las Universidades Chilenas\" \/>\n<meta property=\"og:description\" content=\"Las universidades del Consejo de Rectores ofrecen un significativo n\u00famero de programas de mag\u00edster en todas las \u00e1reas disciplinarias. Cada uno de estos programas ha pasado por rigurosos procedimientos de aseguramiento de calidad, a fin de permitir que estudiantes puedan ampliar y desarrollar los conocimientos para la soluci\u00f3n de problemas disciplinarios, interdisciplinarios o profesionales de [&hellip;]\" \/>\n<meta property=\"og:url\" content=\"https:\/\/consejoderectores.cl\/en\/tu-postgrado-en-chile\/magister\/\" \/>\n<meta property=\"og:site_name\" content=\"Consejo de Rectoras y Rectores de las Universidades Chilenas\" \/>\n<meta property=\"article:modified_time\" content=\"2024-02-19T14:48:02+00:00\" \/>\n<meta name=\"twitter:card\" content=\"summary_large_image\" \/>\n<meta name=\"twitter:site\" content=\"@CRUCH_cl\" \/>\n<meta name=\"twitter:label1\" content=\"Est. reading time\" \/>\n\t<meta name=\"twitter:data1\" content=\"1 minute\" \/>\n<script type=\"application\/ld+json\" class=\"yoast-schema-graph\">{\"@context\":\"https:\/\/schema.org\",\"@graph\":[{\"@type\":\"WebPage\",\"@id\":\"https:\/\/consejoderectores.cl\/tu-postgrado-en-chile\/magister\/\",\"url\":\"https:\/\/consejoderectores.cl\/tu-postgrado-en-chile\/magister\/\",\"name\":\"Tu Mag\u00edster en Chile - Consejo de Rectoras y Rectores de las Universidades Chilenas\",\"isPartOf\":{\"@id\":\"https:\/\/consejoderectores.cl\/en\/#website\"},\"datePublished\":\"2021-02-19T16:29:24+00:00\",\"dateModified\":\"2024-02-19T14:48:02+00:00\",\"breadcrumb\":{\"@id\":\"https:\/\/consejoderectores.cl\/tu-postgrado-en-chile\/magister\/#breadcrumb\"},\"inLanguage\":\"en-US\",\"potentialAction\":[{\"@type\":\"ReadAction\",\"target\":[\"https:\/\/consejoderectores.cl\/tu-postgrado-en-chile\/magister\/\"]}]},{\"@type\":\"BreadcrumbList\",\"@id\":\"https:\/\/consejoderectores.cl\/tu-postgrado-en-chile\/magister\/#breadcrumb\",\"itemListElement\":[{\"@type\":\"ListItem\",\"position\":1,\"name\":\"Home\",\"item\":\"https:\/\/consejoderectores.cl\/\"},{\"@type\":\"ListItem\",\"position\":2,\"name\":\"Tu Postgrado en Chile\",\"item\":\"https:\/\/consejoderectores.cl\/tu-postgrado-en-chile\/\"},{\"@type\":\"ListItem\",\"position\":3,\"name\":\"Tu Mag\u00edster en Chile\"}]},{\"@type\":\"WebSite\",\"@id\":\"https:\/\/consejoderectores.cl\/en\/#website\",\"url\":\"https:\/\/consejoderectores.cl\/en\/\",\"name\":\"Consejo de Rectoras y Rectores de las Universidades Chilenas\",\"description\":\"\",\"publisher\":{\"@id\":\"https:\/\/consejoderectores.cl\/en\/#organization\"},\"potentialAction\":[{\"@type\":\"SearchAction\",\"target\":{\"@type\":\"EntryPoint\",\"urlTemplate\":\"https:\/\/consejoderectores.cl\/en\/?s={search_term_string}\"},\"query-input\":{\"@type\":\"PropertyValueSpecification\",\"valueRequired\":true,\"valueName\":\"search_term_string\"}}],\"inLanguage\":\"en-US\"},{\"@type\":\"Organization\",\"@id\":\"https:\/\/consejoderectores.cl\/en\/#organization\",\"name\":\"Consejo de Rectoras y Rectores de las Universidades Chilenas\",\"url\":\"https:\/\/consejoderectores.cl\/en\/\",\"logo\":{\"@type\":\"ImageObject\",\"inLanguage\":\"en-US\",\"@id\":\"https:\/\/consejoderectores.cl\/en\/#\/schema\/logo\/image\/\",\"url\":\"https:\/\/consejoderectores.cl\/wp-content\/uploads\/2025\/12\/logoheader_2025.png\",\"contentUrl\":\"https:\/\/consejoderectores.cl\/wp-content\/uploads\/2025\/12\/logoheader_2025.png\",\"width\":666,\"height\":305,\"caption\":\"Consejo de Rectoras y Rectores de las Universidades Chilenas\"},\"image\":{\"@id\":\"https:\/\/consejoderectores.cl\/en\/#\/schema\/logo\/image\/\"},\"sameAs\":[\"https:\/\/x.com\/CRUCH_cl\",\"https:\/\/www.instagram.com\/consejoderectores\/\",\"https:\/\/www.linkedin.com\/company\/cruch\/\",\"https:\/\/www.youtube.com\/channel\/UCzgIFRCsDlKoFpimiQmEaOA\"]}]}<\/script>\n<!-- \/ Yoast SEO plugin. -->","yoast_head_json":{"title":"Tu Mag\u00edster en Chile - Consejo de Rectoras y Rectores de las Universidades Chilenas","robots":{"index":"index","follow":"follow","max-snippet":"max-snippet:-1","max-image-preview":"max-image-preview:large","max-video-preview":"max-video-preview:-1"},"canonical":"https:\/\/consejoderectores.cl\/en\/tu-postgrado-en-chile\/magister\/","og_locale":"en_US","og_type":"article","og_title":"Tu Mag\u00edster en Chile - Consejo de Rectoras y Rectores de las Universidades Chilenas","og_description":"Las universidades del Consejo de Rectores ofrecen un significativo n\u00famero de programas de mag\u00edster en todas las \u00e1reas disciplinarias. Cada uno de estos programas ha pasado por rigurosos procedimientos de aseguramiento de calidad, a fin de permitir que estudiantes puedan ampliar y desarrollar los conocimientos para la soluci\u00f3n de problemas disciplinarios, interdisciplinarios o profesionales de [&hellip;]","og_url":"https:\/\/consejoderectores.cl\/en\/tu-postgrado-en-chile\/magister\/","og_site_name":"Consejo de Rectoras y Rectores de las Universidades Chilenas","article_modified_time":"2024-02-19T14:48:02+00:00","twitter_card":"summary_large_image","twitter_site":"@CRUCH_cl","twitter_misc":{"Est. reading time":"1 minute"},"schema":{"@context":"https:\/\/schema.org","@graph":[{"@type":"WebPage","@id":"https:\/\/consejoderectores.cl\/tu-postgrado-en-chile\/magister\/","url":"https:\/\/consejoderectores.cl\/tu-postgrado-en-chile\/magister\/","name":"Tu Mag\u00edster en Chile - Consejo de Rectoras y Rectores de las Universidades Chilenas","isPartOf":{"@id":"https:\/\/consejoderectores.cl\/en\/#website"},"datePublished":"2021-02-19T16:29:24+00:00","dateModified":"2024-02-19T14:48:02+00:00","breadcrumb":{"@id":"https:\/\/consejoderectores.cl\/tu-postgrado-en-chile\/magister\/#breadcrumb"},"inLanguage":"en-US","potentialAction":[{"@type":"ReadAction","target":["https:\/\/consejoderectores.cl\/tu-postgrado-en-chile\/magister\/"]}]},{"@type":"BreadcrumbList","@id":"https:\/\/consejoderectores.cl\/tu-postgrado-en-chile\/magister\/#breadcrumb","itemListElement":[{"@type":"ListItem","position":1,"name":"Home","item":"https:\/\/consejoderectores.cl\/"},{"@type":"ListItem","position":2,"name":"Tu Postgrado en Chile","item":"https:\/\/consejoderectores.cl\/tu-postgrado-en-chile\/"},{"@type":"ListItem","position":3,"name":"Tu Mag\u00edster en Chile"}]},{"@type":"WebSite","@id":"https:\/\/consejoderectores.cl\/en\/#website","url":"https:\/\/consejoderectores.cl\/en\/","name":"Council of Rectors of Chilean Universities","description":"","publisher":{"@id":"https:\/\/consejoderectores.cl\/en\/#organization"},"potentialAction":[{"@type":"SearchAction","target":{"@type":"EntryPoint","urlTemplate":"https:\/\/consejoderectores.cl\/en\/?s={search_term_string}"},"query-input":{"@type":"PropertyValueSpecification","valueRequired":true,"valueName":"search_term_string"}}],"inLanguage":"en-US"},{"@type":"Organization","@id":"https:\/\/consejoderectores.cl\/en\/#organization","name":"Council of Rectors of Chilean Universities","url":"https:\/\/consejoderectores.cl\/en\/","logo":{"@type":"ImageObject","inLanguage":"en-US","@id":"https:\/\/consejoderectores.cl\/en\/#\/schema\/logo\/image\/","url":"https:\/\/consejoderectores.cl\/wp-content\/uploads\/2025\/12\/logoheader_2025.png","contentUrl":"https:\/\/consejoderectores.cl\/wp-content\/uploads\/2025\/12\/logoheader_2025.png","width":666,"height":305,"caption":"Consejo de Rectoras y Rectores de las Universidades Chilenas"},"image":{"@id":"https:\/\/consejoderectores.cl\/en\/#\/schema\/logo\/image\/"},"sameAs":["https:\/\/x.com\/CRUCH_cl","https:\/\/www.instagram.com\/consejoderectores\/","https:\/\/www.linkedin.com\/company\/cruch\/","https:\/\/www.youtube.com\/channel\/UCzgIFRCsDlKoFpimiQmEaOA"]}]}},"_links":{"self":[{"href":"https:\/\/consejoderectores.cl\/en\/wp-json\/wp\/v2\/pages\/721","targetHints":{"allow":["GET"]}}],"collection":[{"href":"https:\/\/consejoderectores.cl\/en\/wp-json\/wp\/v2\/pages"}],"about":[{"href":"https:\/\/consejoderectores.cl\/en\/wp-json\/wp\/v2\/types\/page"}],"author":[{"embeddable":true,"href":"https:\/\/consejoderectores.cl\/en\/wp-json\/wp\/v2\/users\/1"}],"replies":[{"embeddable":true,"href":"https:\/\/consejoderectores.cl\/en\/wp-json\/wp\/v2\/comments?post=721"}],"version-history":[{"count":11,"href":"https:\/\/consejoderectores.cl\/en\/wp-json\/wp\/v2\/pages\/721\/revisions"}],"predecessor-version":[{"id":9781,"href":"https:\/\/consejoderectores.cl\/en\/wp-json\/wp\/v2\/pages\/721\/revisions\/9781"}],"up":[{"embeddable":true,"href":"https:\/\/consejoderectores.cl\/en\/wp-json\/wp\/v2\/pages\/626"}],"wp:attachment":[{"href":"https:\/\/consejoderectores.cl\/en\/wp-json\/wp\/v2\/media?parent=721"}],"curies":[{"name":"wp","href":"https:\/\/api.w.org\/{rel}","templated":true}]}}