{"id":675,"date":"2021-02-19T13:37:33","date_gmt":"2021-02-19T13:37:33","guid":{"rendered":"https:\/\/www.consejoderectores.cl\/?page_id=675"},"modified":"2024-01-25T15:21:18","modified_gmt":"2024-01-25T15:21:18","slug":"areas","status":"publish","type":"page","link":"https:\/\/consejoderectores.cl\/en\/tu-postgrado-en-chile\/doctorado\/areas\/","title":{"rendered":"Areas"},"content":{"rendered":"<div class=\"vce-row-container\" data-vce-boxed-width=\"true\"><div class=\"vce-row vce-row--col-gap-30 vce-row-equal-height vce-row-content--top\" id=\"el-e8e7c420\" data-vce-do-apply=\"all el-e8e7c420\"><div class=\"vce-row-content\" data-vce-element-content=\"true\"><div class=\"vce-col vce-col--md-75p vce-col--xs-1 vce-col--xs-last vce-col--xs-first vce-col--sm-last vce-col--sm-first vce-col--md-first vce-col--lg-first vce-col--xl-first\" id=\"el-25cc8f6e\"><div class=\"vce-col-inner\" data-vce-do-apply=\"border margin background  el-25cc8f6e\"><div class=\"vce-col-content\" data-vce-element-content=\"true\" data-vce-do-apply=\"padding el-25cc8f6e\"><div class=\"vce-row-container\" data-vce-boxed-width=\"true\"><div class=\"vce-row vce-row--col-gap-30 vce-row-equal-height vce-row-content--top\" id=\"el-e0a4263e\" data-vce-do-apply=\"all el-e0a4263e\"><div class=\"vce-content-background-container\"><\/div><div class=\"vce-row-content\" data-vce-element-content=\"true\"><div class=\"vce-col vce-col--md-auto vce-col--xs-1 vce-col--xs-last vce-col--xs-first vce-col--sm-last vce-col--sm-first vce-col--md-first vce-col--lg-first vce-col--xl-first h100\" id=\"el-4bb780c7\"><div class=\"vce-col-inner\" data-vce-do-apply=\"border margin background  el-4bb780c7\"><div class=\"vce-col-content\" data-vce-element-content=\"true\" data-vce-do-apply=\"padding el-4bb780c7\"><div class=\"vce-raw-html\"><div class=\"vce-raw-html-wrapper\" id=\"el-643191dd\" data-vce-do-apply=\"all el-643191dd\"><a href=\"https:\/\/cruch-2024.saargo.com\/programas-de-postgrados\/doctorado\/areas\/ciencias-naturales\/\" class=\"mod-area\">\n\t<i class=\"fa-regular fa-earth-americas\"><\/i>\n\t<h4>natural Sciences<\/h4>\n<\/a><\/div><\/div><\/div><\/div><\/div><div class=\"vce-col vce-col--md-auto vce-col--xs-1 vce-col--xs-last vce-col--xs-first vce-col--sm-last vce-col--sm-first h100\" id=\"el-5b2859ab\"><div class=\"vce-col-inner\" data-vce-do-apply=\"border margin background  el-5b2859ab\"><div class=\"vce-col-content\" data-vce-element-content=\"true\" data-vce-do-apply=\"padding el-5b2859ab\"><div class=\"vce-raw-html\"><div class=\"vce-raw-html-wrapper\" id=\"el-bf38d519\" data-vce-do-apply=\"all el-bf38d519\"><a href=\"https:\/\/cruch-2024.saargo.com\/programas-de-postgrados\/doctorado\/areas\/ingenieria-y-tecnologia\/\" class=\"mod-area\">\n\t<i class=\"fa-regular fa-microchip\"><\/i>\n\t<h4>Engineering and Technology<\/h4>\n<\/a><\/div><\/div><\/div><\/div><\/div><div class=\"vce-col vce-col--md-auto vce-col--xs-1 vce-col--xs-last vce-col--xs-first vce-col--sm-last vce-col--sm-first vce-col--md-last vce-col--lg-last vce-col--xl-last h100\" id=\"el-0af2c34c\"><div class=\"vce-col-inner\" data-vce-do-apply=\"border margin background  el-0af2c34c\"><div class=\"vce-col-content\" data-vce-element-content=\"true\" data-vce-do-apply=\"padding el-0af2c34c\"><div class=\"vce-raw-html\"><div class=\"vce-raw-html-wrapper\" id=\"el-88e64bb8\" data-vce-do-apply=\"all el-88e64bb8\"><a href=\"https:\/\/cruch-2024.saargo.com\/programas-de-postgrados\/doctorado\/areas\/ciencias-medicas-y-de-la-salud\/\" class=\"mod-area\">\n\t<i class=\"fa-regular fa-heartbeat\"><\/i>\n\t<h4>Medical and Health Sciences<\/h4>\n<\/a><\/div><\/div><\/div><\/div><\/div><\/div><\/div><\/div><div class=\"vce-row-container\" data-vce-boxed-width=\"true\"><div class=\"vce-row vce-row--col-gap-30 vce-row-equal-height vce-row-content--top\" id=\"el-64578f73\" data-vce-do-apply=\"all el-64578f73\"><div class=\"vce-content-background-container\"><\/div><div class=\"vce-row-content\" data-vce-element-content=\"true\"><div class=\"vce-col vce-col--md-auto vce-col--xs-1 vce-col--xs-last vce-col--xs-first vce-col--sm-last vce-col--sm-first vce-col--md-first vce-col--lg-first vce-col--xl-first h100\" id=\"el-746bcce7\"><div class=\"vce-col-inner\" data-vce-do-apply=\"border margin background  el-746bcce7\"><div class=\"vce-col-content\" data-vce-element-content=\"true\" data-vce-do-apply=\"padding el-746bcce7\"><div class=\"vce-raw-html\"><div class=\"vce-raw-html-wrapper\" id=\"el-552c2967\" data-vce-do-apply=\"all el-552c2967\"><a href=\"https:\/\/cruch-2024.saargo.com\/programas-de-postgrados\/doctorado\/ciencias-agricolas\/\" class=\"mod-area\">\n\t<i class=\"fa-regular fa-wheat\"><\/i>\n\t<h4>Agricultural science<\/h4>\n<\/a><\/div><\/div><\/div><\/div><\/div><div class=\"vce-col vce-col--md-auto vce-col--xs-1 vce-col--xs-last vce-col--xs-first vce-col--sm-last vce-col--sm-first h100\" id=\"el-08a24dfb\"><div class=\"vce-col-inner\" data-vce-do-apply=\"border margin background  el-08a24dfb\"><div class=\"vce-col-content\" data-vce-element-content=\"true\" data-vce-do-apply=\"padding el-08a24dfb\"><div class=\"vce-raw-html\"><div class=\"vce-raw-html-wrapper\" id=\"el-c71027ff\" data-vce-do-apply=\"all el-c71027ff\"><a href=\"https:\/\/cruch-2024.saargo.com\/programas-de-postgrados\/doctorado\/ciencias-sociales\/\" class=\"mod-area\">\n\t<i class=\"fa-regular fa-landmark\"><\/i>\n\t<h4>social Sciences<\/h4>\n<\/a><\/div><\/div><\/div><\/div><\/div><div class=\"vce-col vce-col--md-auto vce-col--xs-1 vce-col--xs-last vce-col--xs-first vce-col--sm-last vce-col--sm-first vce-col--md-last vce-col--lg-last vce-col--xl-last h100\" id=\"el-91cb1350\"><div class=\"vce-col-inner\" data-vce-do-apply=\"border margin background  el-91cb1350\"><div class=\"vce-col-content\" data-vce-element-content=\"true\" data-vce-do-apply=\"padding el-91cb1350\"><div class=\"vce-raw-html\"><div class=\"vce-raw-html-wrapper\" id=\"el-23f0cd9e\" data-vce-do-apply=\"all el-23f0cd9e\"><a href=\"https:\/\/cruch-2024.saargo.com\/programas-de-postgrados\/doctorado\/humanidades\/\" class=\"mod-area\">\n\t<i class=\"fa-regular fa-universal-access\"><\/i>\n\t<h4>Humanities<\/h4>\n<\/a><\/div><\/div><\/div><\/div><\/div><\/div><\/div><\/div><div class=\"vce-row-container\" data-vce-boxed-width=\"true\"><div class=\"vce-row vce-row--col-gap-30 vce-row-equal-height vce-row-content--top\" id=\"el-83fafd58\" data-vce-do-apply=\"all el-83fafd58\"><div class=\"vce-row-content\" data-vce-element-content=\"true\"><div class=\"vce-col vce-col--md-auto vce-col--xs-1 vce-col--xs-last vce-col--xs-first vce-col--sm-last vce-col--sm-first vce-col--md-first vce-col--lg-first vce-col--xl-first h100\" id=\"el-bdf343e2\"><div class=\"vce-col-inner\" data-vce-do-apply=\"border margin background  el-bdf343e2\"><div class=\"vce-col-content\" data-vce-element-content=\"true\" data-vce-do-apply=\"padding el-bdf343e2\"><div class=\"vce-raw-html\"><div class=\"vce-raw-html-wrapper\" id=\"el-dbd5d6ad\" data-vce-do-apply=\"all el-dbd5d6ad\"><a href=\"https:\/\/cruch-2024.saargo.com\/category\/doctorado\/d7-interdisciplinario\/\" class=\"mod-area\">\n\t<i class=\"fa-regular fa-layer-group\"><\/i>\n\t<h4>Interdisciplinary<\/h4>\n<\/a><\/div><\/div><\/div><\/div><\/div><div class=\"vce-col vce-col--md-auto vce-col--xs-1 vce-col--xs-last vce-col--xs-first vce-col--sm-last vce-col--sm-first h100\" id=\"el-fa3bede9\"><div class=\"vce-col-inner\" data-vce-do-apply=\"border margin background  el-fa3bede9\"><div class=\"vce-col-content\" data-vce-element-content=\"true\" data-vce-do-apply=\"padding el-fa3bede9\"><div><\/div><\/div><\/div><\/div><div class=\"vce-col vce-col--md-auto vce-col--xs-1 vce-col--xs-last vce-col--xs-first vce-col--sm-last vce-col--sm-first vce-col--md-last vce-col--lg-last vce-col--xl-last h100\" id=\"el-ba10c76f\"><div class=\"vce-col-inner\" data-vce-do-apply=\"border margin background  el-ba10c76f\"><div class=\"vce-col-content\" data-vce-element-content=\"true\" data-vce-do-apply=\"padding el-ba10c76f\"><div><\/div><\/div><\/div><\/div><\/div><\/div><\/div><\/div><\/div><\/div><div class=\"vce-col vce-col--md-25p vce-col--xs-1 vce-col--xs-last vce-col--xs-first vce-col--sm-last vce-col--sm-first vce-col--md-last vce-col--lg-last vce-col--xl-last col-menu\" id=\"el-efc6d53f\"><div class=\"vce-col-inner\" data-vce-do-apply=\"border margin background  el-efc6d53f\"><div class=\"vce-col-content\" data-vce-element-content=\"true\" data-vce-do-apply=\"padding el-efc6d53f\"><div class=\"vce-text-block\"><div class=\"vce-text-block-wrapper vce\" id=\"el-bdeb19c9\" data-vce-do-apply=\"all el-bdeb19c9\"><p>Doctorate<\/p><\/div><\/div><div class=\"vce-shortcode\"><div class=\"vce-shortcode-wrapper vce\" id=\"el-bac47785\" data-vce-do-apply=\"all el-bac47785\"><button class=\"bellows-menu-toggle bellows-menu-toggle-skin-blue-material\" aria-controls=\"bellows-main-9\"><i class=\"fa fa-bars\"><\/i> <span class=\"bellows-menu-toggle-text\">Menu<\/span><\/button><nav id=\"bellows-main-9\" class=\"bellows bellows-nojs bellows-main bellows-source-menu bellows-align-full bellows-skin-blue-material bellows-type- bellows-expand-current bellows-mobile-collapse\"><ul id=\"menu-submenu-doctorado\" class=\"bellows-nav\" data-bellows-config=\"main\"><li id=\"menu-item-9284\" class=\"bellows-menu-item bellows-menu-item-type-post_type bellows-menu-item-object-page bellows-menu-item-9284 bellows-item-level-0\"><a  href=\"https:\/\/consejoderectores.cl\/en\/tu-postgrado-en-chile\/doctorado\/\" class=\"bellows-target\" data-ps2id-api=\"true\"><span class=\"bellows-target-title bellows-target-text\">Presentation<\/span><\/a><\/li>\n<li id=\"menu-item-690\" class=\"bellows-menu-item bellows-menu-item-type-post_type bellows-menu-item-object-page bellows-menu-item-690 bellows-item-level-0\"><a  href=\"https:\/\/consejoderectores.cl\/en\/tu-postgrado-en-chile\/doctorado\/areas\/\" class=\"bellows-target\" data-ps2id-api=\"true\"><span class=\"bellows-target-title bellows-target-text\">Areas<\/span><\/a><\/li>\n<li id=\"menu-item-689\" class=\"bellows-menu-item bellows-menu-item-type-post_type bellows-menu-item-object-page bellows-menu-item-689 bellows-item-level-0\"><a  href=\"https:\/\/consejoderectores.cl\/en\/tu-postgrado-en-chile\/doctorado\/buscador\/\" class=\"bellows-target\" data-ps2id-api=\"true\"><span class=\"bellows-target-title bellows-target-text\">Seeker<\/span><\/a><\/li>\n<li id=\"menu-item-688\" class=\"bellows-menu-item bellows-menu-item-type-post_type bellows-menu-item-object-page bellows-menu-item-688 bellows-item-level-0\"><a  href=\"https:\/\/consejoderectores.cl\/en\/tu-postgrado-en-chile\/doctorado\/universidades\/\" class=\"bellows-target\" data-ps2id-api=\"true\"><span class=\"bellows-target-title bellows-target-text\">Universities<\/span><\/a><\/li>\n<\/ul><\/nav><\/div><\/div><\/div><\/div><\/div><\/div><\/div><\/div>","protected":false},"excerpt":{"rendered":"<p>Ciencias Naturales Ingenier\u00eda y Tecnolog\u00eda Ciencias M\u00e9dicas y de la Salud Ciencias Agr\u00edcolas Ciencias Sociales Humanidades Interdisciplinario Doctorado<\/p>","protected":false},"author":1,"featured_media":0,"parent":663,"menu_order":0,"comment_status":"closed","ping_status":"closed","template":"page-header.php","meta":{"_acf_changed":false,"footnotes":""},"class_list":["post-675","page","type-page","status-publish","hentry"],"acf":[],"yoast_head":"<!-- This site is optimized with the Yoast SEO plugin v27.1.1 - https:\/\/yoast.com\/product\/yoast-seo-wordpress\/ -->\n<title>\u00c1reas - Consejo de Rectoras y Rectores de las Universidades Chilenas<\/title>\n<meta name=\"robots\" content=\"index, follow, max-snippet:-1, max-image-preview:large, max-video-preview:-1\" \/>\n<link rel=\"canonical\" href=\"https:\/\/consejoderectores.cl\/en\/tu-postgrado-en-chile\/doctorado\/areas\/\" \/>\n<meta property=\"og:locale\" content=\"en_US\" \/>\n<meta property=\"og:type\" content=\"article\" \/>\n<meta property=\"og:title\" content=\"\u00c1reas - Consejo de Rectoras y Rectores de las Universidades Chilenas\" \/>\n<meta property=\"og:description\" content=\"Ciencias Naturales Ingenier\u00eda y Tecnolog\u00eda Ciencias M\u00e9dicas y de la Salud Ciencias Agr\u00edcolas Ciencias Sociales Humanidades Interdisciplinario Doctorado\" \/>\n<meta property=\"og:url\" content=\"https:\/\/consejoderectores.cl\/en\/tu-postgrado-en-chile\/doctorado\/areas\/\" \/>\n<meta property=\"og:site_name\" content=\"Consejo de Rectoras y Rectores de las Universidades Chilenas\" \/>\n<meta property=\"article:modified_time\" content=\"2024-01-25T15:21:18+00:00\" \/>\n<meta name=\"twitter:card\" content=\"summary_large_image\" \/>\n<meta name=\"twitter:site\" content=\"@CRUCH_cl\" \/>\n<script type=\"application\/ld+json\" class=\"yoast-schema-graph\">{\"@context\":\"https:\/\/schema.org\",\"@graph\":[{\"@type\":\"WebPage\",\"@id\":\"https:\/\/consejoderectores.cl\/tu-postgrado-en-chile\/doctorado\/areas\/\",\"url\":\"https:\/\/consejoderectores.cl\/tu-postgrado-en-chile\/doctorado\/areas\/\",\"name\":\"\u00c1reas - Consejo de Rectoras y Rectores de las Universidades Chilenas\",\"isPartOf\":{\"@id\":\"https:\/\/consejoderectores.cl\/en\/#website\"},\"datePublished\":\"2021-02-19T13:37:33+00:00\",\"dateModified\":\"2024-01-25T15:21:18+00:00\",\"breadcrumb\":{\"@id\":\"https:\/\/consejoderectores.cl\/tu-postgrado-en-chile\/doctorado\/areas\/#breadcrumb\"},\"inLanguage\":\"en-US\",\"potentialAction\":[{\"@type\":\"ReadAction\",\"target\":[\"https:\/\/consejoderectores.cl\/tu-postgrado-en-chile\/doctorado\/areas\/\"]}]},{\"@type\":\"BreadcrumbList\",\"@id\":\"https:\/\/consejoderectores.cl\/tu-postgrado-en-chile\/doctorado\/areas\/#breadcrumb\",\"itemListElement\":[{\"@type\":\"ListItem\",\"position\":1,\"name\":\"Home\",\"item\":\"https:\/\/consejoderectores.cl\/\"},{\"@type\":\"ListItem\",\"position\":2,\"name\":\"Tu Postgrado en Chile\",\"item\":\"https:\/\/consejoderectores.cl\/tu-postgrado-en-chile\/\"},{\"@type\":\"ListItem\",\"position\":3,\"name\":\"Tu Doctorado en Chile\",\"item\":\"https:\/\/consejoderectores.cl\/tu-postgrado-en-chile\/doctorado\/\"},{\"@type\":\"ListItem\",\"position\":4,\"name\":\"\u00c1reas\"}]},{\"@type\":\"WebSite\",\"@id\":\"https:\/\/consejoderectores.cl\/en\/#website\",\"url\":\"https:\/\/consejoderectores.cl\/en\/\",\"name\":\"Consejo de Rectoras y Rectores de las Universidades Chilenas\",\"description\":\"\",\"publisher\":{\"@id\":\"https:\/\/consejoderectores.cl\/en\/#organization\"},\"potentialAction\":[{\"@type\":\"SearchAction\",\"target\":{\"@type\":\"EntryPoint\",\"urlTemplate\":\"https:\/\/consejoderectores.cl\/en\/?s={search_term_string}\"},\"query-input\":{\"@type\":\"PropertyValueSpecification\",\"valueRequired\":true,\"valueName\":\"search_term_string\"}}],\"inLanguage\":\"en-US\"},{\"@type\":\"Organization\",\"@id\":\"https:\/\/consejoderectores.cl\/en\/#organization\",\"name\":\"Consejo de Rectoras y Rectores de las Universidades Chilenas\",\"url\":\"https:\/\/consejoderectores.cl\/en\/\",\"logo\":{\"@type\":\"ImageObject\",\"inLanguage\":\"en-US\",\"@id\":\"https:\/\/consejoderectores.cl\/en\/#\/schema\/logo\/image\/\",\"url\":\"https:\/\/consejoderectores.cl\/wp-content\/uploads\/2025\/12\/logoheader_2025.png\",\"contentUrl\":\"https:\/\/consejoderectores.cl\/wp-content\/uploads\/2025\/12\/logoheader_2025.png\",\"width\":666,\"height\":305,\"caption\":\"Consejo de Rectoras y Rectores de las Universidades Chilenas\"},\"image\":{\"@id\":\"https:\/\/consejoderectores.cl\/en\/#\/schema\/logo\/image\/\"},\"sameAs\":[\"https:\/\/x.com\/CRUCH_cl\",\"https:\/\/www.instagram.com\/consejoderectores\/\",\"https:\/\/www.linkedin.com\/company\/cruch\/\",\"https:\/\/www.youtube.com\/channel\/UCzgIFRCsDlKoFpimiQmEaOA\"]}]}<\/script>\n<!-- \/ Yoast SEO plugin. -->","yoast_head_json":{"title":"\u00c1reas - Consejo de Rectoras y Rectores de las Universidades Chilenas","robots":{"index":"index","follow":"follow","max-snippet":"max-snippet:-1","max-image-preview":"max-image-preview:large","max-video-preview":"max-video-preview:-1"},"canonical":"https:\/\/consejoderectores.cl\/en\/tu-postgrado-en-chile\/doctorado\/areas\/","og_locale":"en_US","og_type":"article","og_title":"\u00c1reas - Consejo de Rectoras y Rectores de las Universidades Chilenas","og_description":"Ciencias Naturales Ingenier\u00eda y Tecnolog\u00eda Ciencias M\u00e9dicas y de la Salud Ciencias Agr\u00edcolas Ciencias Sociales Humanidades Interdisciplinario Doctorado","og_url":"https:\/\/consejoderectores.cl\/en\/tu-postgrado-en-chile\/doctorado\/areas\/","og_site_name":"Consejo de Rectoras y Rectores de las Universidades Chilenas","article_modified_time":"2024-01-25T15:21:18+00:00","twitter_card":"summary_large_image","twitter_site":"@CRUCH_cl","schema":{"@context":"https:\/\/schema.org","@graph":[{"@type":"WebPage","@id":"https:\/\/consejoderectores.cl\/tu-postgrado-en-chile\/doctorado\/areas\/","url":"https:\/\/consejoderectores.cl\/tu-postgrado-en-chile\/doctorado\/areas\/","name":"\u00c1reas - Consejo de Rectoras y Rectores de las Universidades Chilenas","isPartOf":{"@id":"https:\/\/consejoderectores.cl\/en\/#website"},"datePublished":"2021-02-19T13:37:33+00:00","dateModified":"2024-01-25T15:21:18+00:00","breadcrumb":{"@id":"https:\/\/consejoderectores.cl\/tu-postgrado-en-chile\/doctorado\/areas\/#breadcrumb"},"inLanguage":"en-US","potentialAction":[{"@type":"ReadAction","target":["https:\/\/consejoderectores.cl\/tu-postgrado-en-chile\/doctorado\/areas\/"]}]},{"@type":"BreadcrumbList","@id":"https:\/\/consejoderectores.cl\/tu-postgrado-en-chile\/doctorado\/areas\/#breadcrumb","itemListElement":[{"@type":"ListItem","position":1,"name":"Home","item":"https:\/\/consejoderectores.cl\/"},{"@type":"ListItem","position":2,"name":"Tu Postgrado en Chile","item":"https:\/\/consejoderectores.cl\/tu-postgrado-en-chile\/"},{"@type":"ListItem","position":3,"name":"Tu Doctorado en Chile","item":"https:\/\/consejoderectores.cl\/tu-postgrado-en-chile\/doctorado\/"},{"@type":"ListItem","position":4,"name":"\u00c1reas"}]},{"@type":"WebSite","@id":"https:\/\/consejoderectores.cl\/en\/#website","url":"https:\/\/consejoderectores.cl\/en\/","name":"Council of Rectors of Chilean Universities","description":"","publisher":{"@id":"https:\/\/consejoderectores.cl\/en\/#organization"},"potentialAction":[{"@type":"SearchAction","target":{"@type":"EntryPoint","urlTemplate":"https:\/\/consejoderectores.cl\/en\/?s={search_term_string}"},"query-input":{"@type":"PropertyValueSpecification","valueRequired":true,"valueName":"search_term_string"}}],"inLanguage":"en-US"},{"@type":"Organization","@id":"https:\/\/consejoderectores.cl\/en\/#organization","name":"Council of Rectors of Chilean Universities","url":"https:\/\/consejoderectores.cl\/en\/","logo":{"@type":"ImageObject","inLanguage":"en-US","@id":"https:\/\/consejoderectores.cl\/en\/#\/schema\/logo\/image\/","url":"https:\/\/consejoderectores.cl\/wp-content\/uploads\/2025\/12\/logoheader_2025.png","contentUrl":"https:\/\/consejoderectores.cl\/wp-content\/uploads\/2025\/12\/logoheader_2025.png","width":666,"height":305,"caption":"Consejo de Rectoras y Rectores de las Universidades Chilenas"},"image":{"@id":"https:\/\/consejoderectores.cl\/en\/#\/schema\/logo\/image\/"},"sameAs":["https:\/\/x.com\/CRUCH_cl","https:\/\/www.instagram.com\/consejoderectores\/","https:\/\/www.linkedin.com\/company\/cruch\/","https:\/\/www.youtube.com\/channel\/UCzgIFRCsDlKoFpimiQmEaOA"]}]}},"_links":{"self":[{"href":"https:\/\/consejoderectores.cl\/en\/wp-json\/wp\/v2\/pages\/675","targetHints":{"allow":["GET"]}}],"collection":[{"href":"https:\/\/consejoderectores.cl\/en\/wp-json\/wp\/v2\/pages"}],"about":[{"href":"https:\/\/consejoderectores.cl\/en\/wp-json\/wp\/v2\/types\/page"}],"author":[{"embeddable":true,"href":"https:\/\/consejoderectores.cl\/en\/wp-json\/wp\/v2\/users\/1"}],"replies":[{"embeddable":true,"href":"https:\/\/consejoderectores.cl\/en\/wp-json\/wp\/v2\/comments?post=675"}],"version-history":[{"count":21,"href":"https:\/\/consejoderectores.cl\/en\/wp-json\/wp\/v2\/pages\/675\/revisions"}],"predecessor-version":[{"id":9293,"href":"https:\/\/consejoderectores.cl\/en\/wp-json\/wp\/v2\/pages\/675\/revisions\/9293"}],"up":[{"embeddable":true,"href":"https:\/\/consejoderectores.cl\/en\/wp-json\/wp\/v2\/pages\/663"}],"wp:attachment":[{"href":"https:\/\/consejoderectores.cl\/en\/wp-json\/wp\/v2\/media?parent=675"}],"curies":[{"name":"wp","href":"https:\/\/api.w.org\/{rel}","templated":true}]}}