{"id":626,"date":"2021-02-19T02:20:01","date_gmt":"2021-02-19T02:20:01","guid":{"rendered":"https:\/\/www.consejoderectores.cl\/?page_id=626"},"modified":"2024-02-19T14:24:46","modified_gmt":"2024-02-19T14:24:46","slug":"tu-postgrado-en-chile","status":"publish","type":"page","link":"https:\/\/consejoderectores.cl\/en\/tu-postgrado-en-chile\/","title":{"rendered":"Your Postgraduate Studies in Chile"},"content":{"rendered":"<div class=\"vce-row-container\" data-vce-boxed-width=\"true\"><div class=\"vce-row vce-row--has-col-background vce-row--col-gap-30 vce-row-equal-height vce-row-content--top\" id=\"el-de264ac2\" data-vce-do-apply=\"all el-de264ac2\"><div class=\"vce-content-background-container\"><\/div><div class=\"vce-row-content\" data-vce-element-content=\"true\"><div class=\"vce-col vce-col--md-25p vce-col--xs-1 vce-col--xs-last vce-col--xs-first vce-col--sm-last vce-col--sm-first vce-col--md-first vce-col--lg-first vce-col--xl-first\" id=\"el-64cba326\"><div class=\"vce-col-inner\" data-vce-do-apply=\"border margin background  el-64cba326\"><div class=\"vce-col-content\" data-vce-element-content=\"true\" data-vce-do-apply=\"padding el-64cba326\"><div class=\"vce-text-block\"><div class=\"vce-text-block-wrapper vce\" id=\"el-b9d2bc14\" data-vce-do-apply=\"all el-b9d2bc14\">Explore the postgraduate programs offered by the universities belonging to the Council of Rectors. On these pages, you will find accredited master&#039;s and doctoral programs.<\/div><\/div><\/div><\/div><\/div><div class=\"vce-col vce-element--has-background vce-col--md-auto vce-col--xs-1 vce-col--xs-last vce-col--xs-first vce-col--sm-last vce-col--sm-first\" id=\"el-05abb271\"><div class=\"vce-col-inner\" data-vce-do-apply=\"border margin background  el-05abb271\"><div class=\"vce-content-background-container\"><\/div><div class=\"vce-col-content\" data-vce-element-content=\"true\" data-vce-do-apply=\"padding el-05abb271\"><div class=\"vce-single-image-container vce-single-image--align-left\"><div class=\"vce vce-single-image-wrapper\" id=\"el-928a7a5b\" data-vce-do-apply=\"all el-928a7a5b\"><figure><div class=\"vce-single-image-figure-inner\" style=\"width: 1400px;\"><div class=\"vce-single-image-inner vce-single-image--absolute\" style=\"width: 100%; padding-bottom: 55%;\"><img decoding=\"async\" class=\"vce-single-image\" src=\"https:\/\/www.consejoderectores.cl\/wp-content\/uploads\/2021\/02\/banner-doctorado.jpg\" data-img-src=\"https:\/\/www.consejoderectores.cl\/wp-content\/uploads\/2021\/02\/banner-doctorado.jpg\" data-attachment-id=\"649\" alt=\"\" title=\"banner-doctorate\"><\/div><\/div><figcaption hidden=\"\"><\/figcaption><\/figure><\/div><\/div><div class=\"vce-text-block\"><div class=\"vce-text-block-wrapper vce\" id=\"el-61f91441\" data-vce-do-apply=\"all el-61f91441\"><h3 style=\"margin-bottom: 20px;\"><span style=\"font-size: 18pt;\">Your PhD in Chile<\/span><\/h3><p style=\"text-align: justify;\">Doctoral students at the universities of the Council of Rectors and Rectors develop research in programs of excellence, in natural laboratories offered by the country and access international collaboration networks.<\/p><\/div><\/div><div class=\"vce-button--style-basic-container vce-button--style-basic-container--align-left\"><span class=\"vce-button--style-basic-wrapper vce vce-button--style-basic-wrapper--stretched\" id=\"el-aa476965\" data-vce-do-apply=\"margin el-aa476965\"><a class=\"vce-button vce-button--style-basic vce-button--style-basic--border-rounded vce-button--style-basic--size-medium vce-button--style-basic--color-b-13-182-144--fff\" href=\"https:\/\/cruch-2024.saargo.com\/programas-de-postgrados\/doctorado\/\" title=\"\" data-vce-do-apply=\"padding border background  el-aa476965\">Go to your Doctorate in Chile<\/a><\/span><\/div><\/div><\/div><\/div><div class=\"vce-col vce-element--has-background vce-col--md-auto vce-col--xs-1 vce-col--xs-last vce-col--xs-first vce-col--sm-last vce-col--sm-first vce-col--md-last vce-col--lg-last vce-col--xl-last\" id=\"el-afb786eb\"><div class=\"vce-col-inner\" data-vce-do-apply=\"border margin background  el-afb786eb\"><div class=\"vce-content-background-container\"><\/div><div class=\"vce-col-content\" data-vce-element-content=\"true\" data-vce-do-apply=\"padding el-afb786eb\"><div class=\"vce-single-image-container vce-single-image--align-left\"><div class=\"vce vce-single-image-wrapper\" id=\"el-6a8bf580\" data-vce-do-apply=\"all el-6a8bf580\"><figure><div class=\"vce-single-image-figure-inner\" style=\"width: 1400px;\"><div class=\"vce-single-image-inner vce-single-image--absolute\" style=\"width: 100%; padding-bottom: 55%;\"><img decoding=\"async\" class=\"vce-single-image\" src=\"https:\/\/www.consejoderectores.cl\/wp-content\/uploads\/2021\/02\/banner-magister.jpg\" data-img-src=\"https:\/\/www.consejoderectores.cl\/wp-content\/uploads\/2021\/02\/banner-magister.jpg\" data-attachment-id=\"658\" alt=\"\" title=\"banner-magister\"><\/div><\/div><figcaption hidden=\"\"><\/figcaption><\/figure><\/div><\/div><div class=\"vce-text-block\"><div class=\"vce-text-block-wrapper vce\" id=\"el-ed57864b\" data-vce-do-apply=\"all el-ed57864b\"><h3 style=\"margin-bottom: 20px;\"><span style=\"font-size: 18pt;\">Your Master in Chile<\/span><\/h3><p style=\"text-align: justify;\">This page compiles the list of accredited master&#039;s degree programs offered by universities belonging to the Council of Rectors. If you are looking to expand your knowledge, you will find a variety of opportunities here.<\/p><\/div><\/div><div class=\"vce-button--style-basic-container vce-button--style-basic-container--align-left\"><span class=\"vce-button--style-basic-wrapper vce vce-button--style-basic-wrapper--stretched\" id=\"el-91bd2a2e\" data-vce-do-apply=\"margin el-91bd2a2e\"><a class=\"vce-button vce-button--style-basic vce-button--style-basic--border-rounded vce-button--style-basic--size-medium vce-button--style-basic--color-b-13-182-144--fff\" href=\"https:\/\/cruch-2024.saargo.com\/programas-de-postgrados\/magister\/\" title=\"\" data-vce-do-apply=\"padding border background  el-91bd2a2e\">Go to your Master in Chile<\/a><\/span><\/div><\/div><\/div><\/div><\/div><\/div><\/div>","protected":false},"excerpt":{"rendered":"<p>Conoce la oferta de Postgrados de las universidades del Consejo de Rectoras y Rectores. En estas p\u00e1ginas encontrar\u00e1s los programas de mag\u00edster y doctorados acreditados.Tu Doctorado en ChileLos estudiantes de doctorado en las universidades del Consejo de Rectoras y Rectores desarrollan investigaciones en programas de excelencia, en laboratorios naturales que ofrece el pa\u00eds y acceden [&hellip;]<\/p>\n","protected":false},"author":1,"featured_media":0,"parent":0,"menu_order":0,"comment_status":"closed","ping_status":"closed","template":"page-header.php","meta":{"_acf_changed":false,"footnotes":""},"class_list":["post-626","page","type-page","status-publish","hentry"],"acf":[],"yoast_head":"<!-- This site is optimized with the Yoast SEO plugin v27.1.1 - https:\/\/yoast.com\/product\/yoast-seo-wordpress\/ -->\n<title>Tu Postgrado en Chile - Consejo de Rectoras y Rectores de las Universidades Chilenas<\/title>\n<meta name=\"robots\" content=\"index, follow, max-snippet:-1, max-image-preview:large, max-video-preview:-1\" \/>\n<link rel=\"canonical\" href=\"https:\/\/consejoderectores.cl\/en\/tu-postgrado-en-chile\/\" \/>\n<meta property=\"og:locale\" content=\"en_US\" \/>\n<meta property=\"og:type\" content=\"article\" \/>\n<meta property=\"og:title\" content=\"Tu Postgrado en Chile - Consejo de Rectoras y Rectores de las Universidades Chilenas\" \/>\n<meta property=\"og:description\" content=\"Conoce la oferta de Postgrados de las universidades del Consejo de Rectoras y Rectores. En estas p\u00e1ginas encontrar\u00e1s los programas de mag\u00edster y doctorados acreditados.Tu Doctorado en ChileLos estudiantes de doctorado en las universidades del Consejo de Rectoras y Rectores desarrollan investigaciones en programas de excelencia, en laboratorios naturales que ofrece el pa\u00eds y acceden [&hellip;]\" \/>\n<meta property=\"og:url\" content=\"https:\/\/consejoderectores.cl\/en\/tu-postgrado-en-chile\/\" \/>\n<meta property=\"og:site_name\" content=\"Consejo de Rectoras y Rectores de las Universidades Chilenas\" \/>\n<meta property=\"article:modified_time\" content=\"2024-02-19T14:24:46+00:00\" \/>\n<meta property=\"og:image\" content=\"https:\/\/www.consejoderectores.cl\/wp-content\/uploads\/2021\/02\/banner-doctorado.jpg\" \/>\n<meta name=\"twitter:card\" content=\"summary_large_image\" \/>\n<meta name=\"twitter:site\" content=\"@CRUCH_cl\" \/>\n<meta name=\"twitter:label1\" content=\"Est. reading time\" \/>\n\t<meta name=\"twitter:data1\" content=\"1 minute\" \/>\n<script type=\"application\/ld+json\" class=\"yoast-schema-graph\">{\"@context\":\"https:\/\/schema.org\",\"@graph\":[{\"@type\":\"WebPage\",\"@id\":\"https:\/\/consejoderectores.cl\/tu-postgrado-en-chile\/\",\"url\":\"https:\/\/consejoderectores.cl\/tu-postgrado-en-chile\/\",\"name\":\"Tu Postgrado en Chile - Consejo de Rectoras y Rectores de las Universidades Chilenas\",\"isPartOf\":{\"@id\":\"https:\/\/consejoderectores.cl\/en\/#website\"},\"primaryImageOfPage\":{\"@id\":\"https:\/\/consejoderectores.cl\/tu-postgrado-en-chile\/#primaryimage\"},\"image\":{\"@id\":\"https:\/\/consejoderectores.cl\/tu-postgrado-en-chile\/#primaryimage\"},\"thumbnailUrl\":\"https:\/\/www.consejoderectores.cl\/wp-content\/uploads\/2021\/02\/banner-doctorado.jpg\",\"datePublished\":\"2021-02-19T02:20:01+00:00\",\"dateModified\":\"2024-02-19T14:24:46+00:00\",\"breadcrumb\":{\"@id\":\"https:\/\/consejoderectores.cl\/tu-postgrado-en-chile\/#breadcrumb\"},\"inLanguage\":\"en-US\",\"potentialAction\":[{\"@type\":\"ReadAction\",\"target\":[\"https:\/\/consejoderectores.cl\/tu-postgrado-en-chile\/\"]}]},{\"@type\":\"ImageObject\",\"inLanguage\":\"en-US\",\"@id\":\"https:\/\/consejoderectores.cl\/tu-postgrado-en-chile\/#primaryimage\",\"url\":\"https:\/\/www.consejoderectores.cl\/wp-content\/uploads\/2021\/02\/banner-doctorado.jpg\",\"contentUrl\":\"https:\/\/www.consejoderectores.cl\/wp-content\/uploads\/2021\/02\/banner-doctorado.jpg\"},{\"@type\":\"BreadcrumbList\",\"@id\":\"https:\/\/consejoderectores.cl\/tu-postgrado-en-chile\/#breadcrumb\",\"itemListElement\":[{\"@type\":\"ListItem\",\"position\":1,\"name\":\"Home\",\"item\":\"https:\/\/consejoderectores.cl\/\"},{\"@type\":\"ListItem\",\"position\":2,\"name\":\"Tu Postgrado en Chile\"}]},{\"@type\":\"WebSite\",\"@id\":\"https:\/\/consejoderectores.cl\/en\/#website\",\"url\":\"https:\/\/consejoderectores.cl\/en\/\",\"name\":\"Consejo de Rectoras y Rectores de las Universidades Chilenas\",\"description\":\"\",\"publisher\":{\"@id\":\"https:\/\/consejoderectores.cl\/en\/#organization\"},\"potentialAction\":[{\"@type\":\"SearchAction\",\"target\":{\"@type\":\"EntryPoint\",\"urlTemplate\":\"https:\/\/consejoderectores.cl\/en\/?s={search_term_string}\"},\"query-input\":{\"@type\":\"PropertyValueSpecification\",\"valueRequired\":true,\"valueName\":\"search_term_string\"}}],\"inLanguage\":\"en-US\"},{\"@type\":\"Organization\",\"@id\":\"https:\/\/consejoderectores.cl\/en\/#organization\",\"name\":\"Consejo de Rectoras y Rectores de las Universidades Chilenas\",\"url\":\"https:\/\/consejoderectores.cl\/en\/\",\"logo\":{\"@type\":\"ImageObject\",\"inLanguage\":\"en-US\",\"@id\":\"https:\/\/consejoderectores.cl\/en\/#\/schema\/logo\/image\/\",\"url\":\"https:\/\/consejoderectores.cl\/wp-content\/uploads\/2025\/12\/logoheader_2025.png\",\"contentUrl\":\"https:\/\/consejoderectores.cl\/wp-content\/uploads\/2025\/12\/logoheader_2025.png\",\"width\":666,\"height\":305,\"caption\":\"Consejo de Rectoras y Rectores de las Universidades Chilenas\"},\"image\":{\"@id\":\"https:\/\/consejoderectores.cl\/en\/#\/schema\/logo\/image\/\"},\"sameAs\":[\"https:\/\/x.com\/CRUCH_cl\",\"https:\/\/www.instagram.com\/consejoderectores\/\",\"https:\/\/www.linkedin.com\/company\/cruch\/\",\"https:\/\/www.youtube.com\/channel\/UCzgIFRCsDlKoFpimiQmEaOA\"]}]}<\/script>\n<!-- \/ Yoast SEO plugin. -->","yoast_head_json":{"title":"Tu Postgrado en Chile - Consejo de Rectoras y Rectores de las Universidades Chilenas","robots":{"index":"index","follow":"follow","max-snippet":"max-snippet:-1","max-image-preview":"max-image-preview:large","max-video-preview":"max-video-preview:-1"},"canonical":"https:\/\/consejoderectores.cl\/en\/tu-postgrado-en-chile\/","og_locale":"en_US","og_type":"article","og_title":"Tu Postgrado en Chile - Consejo de Rectoras y Rectores de las Universidades Chilenas","og_description":"Conoce la oferta de Postgrados de las universidades del Consejo de Rectoras y Rectores. En estas p\u00e1ginas encontrar\u00e1s los programas de mag\u00edster y doctorados acreditados.Tu Doctorado en ChileLos estudiantes de doctorado en las universidades del Consejo de Rectoras y Rectores desarrollan investigaciones en programas de excelencia, en laboratorios naturales que ofrece el pa\u00eds y acceden [&hellip;]","og_url":"https:\/\/consejoderectores.cl\/en\/tu-postgrado-en-chile\/","og_site_name":"Consejo de Rectoras y Rectores de las Universidades Chilenas","article_modified_time":"2024-02-19T14:24:46+00:00","og_image":[{"url":"https:\/\/www.consejoderectores.cl\/wp-content\/uploads\/2021\/02\/banner-doctorado.jpg","type":"","width":"","height":""}],"twitter_card":"summary_large_image","twitter_site":"@CRUCH_cl","twitter_misc":{"Est. reading time":"1 minute"},"schema":{"@context":"https:\/\/schema.org","@graph":[{"@type":"WebPage","@id":"https:\/\/consejoderectores.cl\/tu-postgrado-en-chile\/","url":"https:\/\/consejoderectores.cl\/tu-postgrado-en-chile\/","name":"Tu Postgrado en Chile - Consejo de Rectoras y Rectores de las Universidades Chilenas","isPartOf":{"@id":"https:\/\/consejoderectores.cl\/en\/#website"},"primaryImageOfPage":{"@id":"https:\/\/consejoderectores.cl\/tu-postgrado-en-chile\/#primaryimage"},"image":{"@id":"https:\/\/consejoderectores.cl\/tu-postgrado-en-chile\/#primaryimage"},"thumbnailUrl":"https:\/\/www.consejoderectores.cl\/wp-content\/uploads\/2021\/02\/banner-doctorado.jpg","datePublished":"2021-02-19T02:20:01+00:00","dateModified":"2024-02-19T14:24:46+00:00","breadcrumb":{"@id":"https:\/\/consejoderectores.cl\/tu-postgrado-en-chile\/#breadcrumb"},"inLanguage":"en-US","potentialAction":[{"@type":"ReadAction","target":["https:\/\/consejoderectores.cl\/tu-postgrado-en-chile\/"]}]},{"@type":"ImageObject","inLanguage":"en-US","@id":"https:\/\/consejoderectores.cl\/tu-postgrado-en-chile\/#primaryimage","url":"https:\/\/www.consejoderectores.cl\/wp-content\/uploads\/2021\/02\/banner-doctorado.jpg","contentUrl":"https:\/\/www.consejoderectores.cl\/wp-content\/uploads\/2021\/02\/banner-doctorado.jpg"},{"@type":"BreadcrumbList","@id":"https:\/\/consejoderectores.cl\/tu-postgrado-en-chile\/#breadcrumb","itemListElement":[{"@type":"ListItem","position":1,"name":"Home","item":"https:\/\/consejoderectores.cl\/"},{"@type":"ListItem","position":2,"name":"Tu Postgrado en Chile"}]},{"@type":"WebSite","@id":"https:\/\/consejoderectores.cl\/en\/#website","url":"https:\/\/consejoderectores.cl\/en\/","name":"Council of Rectors of Chilean Universities","description":"","publisher":{"@id":"https:\/\/consejoderectores.cl\/en\/#organization"},"potentialAction":[{"@type":"SearchAction","target":{"@type":"EntryPoint","urlTemplate":"https:\/\/consejoderectores.cl\/en\/?s={search_term_string}"},"query-input":{"@type":"PropertyValueSpecification","valueRequired":true,"valueName":"search_term_string"}}],"inLanguage":"en-US"},{"@type":"Organization","@id":"https:\/\/consejoderectores.cl\/en\/#organization","name":"Council of Rectors of Chilean Universities","url":"https:\/\/consejoderectores.cl\/en\/","logo":{"@type":"ImageObject","inLanguage":"en-US","@id":"https:\/\/consejoderectores.cl\/en\/#\/schema\/logo\/image\/","url":"https:\/\/consejoderectores.cl\/wp-content\/uploads\/2025\/12\/logoheader_2025.png","contentUrl":"https:\/\/consejoderectores.cl\/wp-content\/uploads\/2025\/12\/logoheader_2025.png","width":666,"height":305,"caption":"Consejo de Rectoras y Rectores de las Universidades Chilenas"},"image":{"@id":"https:\/\/consejoderectores.cl\/en\/#\/schema\/logo\/image\/"},"sameAs":["https:\/\/x.com\/CRUCH_cl","https:\/\/www.instagram.com\/consejoderectores\/","https:\/\/www.linkedin.com\/company\/cruch\/","https:\/\/www.youtube.com\/channel\/UCzgIFRCsDlKoFpimiQmEaOA"]}]}},"_links":{"self":[{"href":"https:\/\/consejoderectores.cl\/en\/wp-json\/wp\/v2\/pages\/626","targetHints":{"allow":["GET"]}}],"collection":[{"href":"https:\/\/consejoderectores.cl\/en\/wp-json\/wp\/v2\/pages"}],"about":[{"href":"https:\/\/consejoderectores.cl\/en\/wp-json\/wp\/v2\/types\/page"}],"author":[{"embeddable":true,"href":"https:\/\/consejoderectores.cl\/en\/wp-json\/wp\/v2\/users\/1"}],"replies":[{"embeddable":true,"href":"https:\/\/consejoderectores.cl\/en\/wp-json\/wp\/v2\/comments?post=626"}],"version-history":[{"count":51,"href":"https:\/\/consejoderectores.cl\/en\/wp-json\/wp\/v2\/pages\/626\/revisions"}],"predecessor-version":[{"id":9774,"href":"https:\/\/consejoderectores.cl\/en\/wp-json\/wp\/v2\/pages\/626\/revisions\/9774"}],"wp:attachment":[{"href":"https:\/\/consejoderectores.cl\/en\/wp-json\/wp\/v2\/media?parent=626"}],"curies":[{"name":"wp","href":"https:\/\/api.w.org\/{rel}","templated":true}]}}