{"id":5448,"date":"2022-01-18T04:33:22","date_gmt":"2022-01-18T04:33:22","guid":{"rendered":"https:\/\/www.consejoderectores.cl\/?page_id=5448"},"modified":"2023-04-06T21:44:33","modified_gmt":"2023-04-06T21:44:33","slug":"investigadores-as","status":"publish","type":"page","link":"https:\/\/consejoderectores.cl\/en\/pregrado-y-sellos-cruch\/equipo-ence\/investigadores-as\/","title":{"rendered":"Researchers"},"content":{"rendered":"<div class=\"vce-row-container\" data-vce-boxed-width=\"true\"><div class=\"vce-row vce-row--col-gap-30 vce-row-content--top\" id=\"el-5e724ccb\" data-vce-do-apply=\"all el-5e724ccb\"><div class=\"vce-row-content\" data-vce-element-content=\"true\"><div class=\"vce-col vce-col--md-75p vce-col--xs-1 vce-col--xs-last vce-col--xs-first vce-col--sm-last vce-col--sm-first vce-col--md-first vce-col--lg-first vce-col--xl-first wrap-directiva\" id=\"el-29e2efeb\"><div class=\"vce-col-inner\" data-vce-do-apply=\"border margin background  el-29e2efeb\"><div class=\"vce-col-content\" data-vce-element-content=\"true\" data-vce-do-apply=\"padding el-29e2efeb\"><div class=\"vce-row-container\" data-vce-boxed-width=\"true\"><div class=\"vce-row vce-row--col-gap-30 rectores-row directiva-row vce-row-equal-height vce-row-content--top\" id=\"el-75ee74e4\" data-vce-do-apply=\"all el-75ee74e4\"><div class=\"vce-content-background-container\"><\/div><div class=\"vce-row-content\" data-vce-element-content=\"true\"><div class=\"vce-col vce-col--md-auto vce-col--xs-1 vce-col--xs-last vce-col--xs-first vce-col--sm-last vce-col--sm-first vce-col--md-first vce-col--lg-first vce-col--xl-first col-user\" id=\"el-cc87e5f2\"><div class=\"vce-col-inner\" data-vce-do-apply=\"border margin background  el-cc87e5f2\"><div class=\"vce-col-content\" data-vce-element-content=\"true\" data-vce-do-apply=\"padding el-cc87e5f2\"><div class=\"vce-raw-html\"><div class=\"vce-raw-html-wrapper\" id=\"el-8d07c00f\" data-vce-do-apply=\"all el-8d07c00f\"><div class=\"cBox pBox\">\n\n<h3>Rodrigo del Valle<\/h3>\n<h4>Catholic University of Temuco<\/h4>\n<\/div><\/div><\/div><\/div><\/div><\/div><div class=\"vce-col vce-col--md-auto vce-col--xs-1 vce-col--xs-last vce-col--xs-first vce-col--sm-last vce-col--sm-first vce-col--md-last vce-col--lg-last vce-col--xl-last\" id=\"el-5a9a56a5\"><div class=\"vce-col-inner\" data-vce-do-apply=\"border margin background  el-5a9a56a5\"><div class=\"vce-col-content\" data-vce-element-content=\"true\" data-vce-do-apply=\"padding el-5a9a56a5\"><div class=\"vce-raw-html\"><div class=\"vce-raw-html-wrapper\" id=\"el-8748d764\" data-vce-do-apply=\"all el-8748d764\"><div class=\"cBox pBox\">\n\n<h3>CARLA F\u00d6RSTER<\/h3>\n<h4>Talca University<\/h4>\n\n\n<\/div><\/div><\/div><\/div><\/div><\/div><\/div><\/div><\/div><div class=\"vce-row-container\" data-vce-boxed-width=\"true\"><div class=\"vce-row vce-row--col-gap-30 rectores-row directiva-row vce-row-equal-height vce-row-content--top\" id=\"el-d9360cb6\" data-vce-do-apply=\"all el-d9360cb6\"><div class=\"vce-content-background-container\"><\/div><div class=\"vce-row-content\" data-vce-element-content=\"true\"><div class=\"vce-col vce-col--md-auto vce-col--xs-1 vce-col--xs-last vce-col--xs-first vce-col--sm-last vce-col--sm-first vce-col--md-first vce-col--lg-first vce-col--xl-first col-user\" id=\"el-439e1e44\"><div class=\"vce-col-inner\" data-vce-do-apply=\"border margin background  el-439e1e44\"><div class=\"vce-col-content\" data-vce-element-content=\"true\" data-vce-do-apply=\"padding el-439e1e44\"><div class=\"vce-raw-html\"><div class=\"vce-raw-html-wrapper\" id=\"el-79f29108\" data-vce-do-apply=\"all el-79f29108\"><div class=\"cBox pBox\">\n\n<h3>Daniel Uribe<\/h3>\n<h4>Independent Consultant<\/h4>\n<\/div><\/div><\/div><\/div><\/div><\/div><div class=\"vce-col vce-col--md-auto vce-col--xs-1 vce-col--xs-last vce-col--xs-first vce-col--sm-last vce-col--sm-first vce-col--md-last vce-col--lg-last vce-col--xl-last col-user\" id=\"el-08ad6c15\"><div class=\"vce-col-inner\" data-vce-do-apply=\"border margin background  el-08ad6c15\"><div class=\"vce-col-content\" data-vce-element-content=\"true\" data-vce-do-apply=\"padding el-08ad6c15\"><div class=\"vce-raw-html\"><div class=\"vce-raw-html-wrapper\" id=\"el-ba52b900\" data-vce-do-apply=\"all el-ba52b900\"><div class=\"cBox pBox\">\n\n<h3>Pedoair Leihy<\/h3>\n<h4>Andr\u00e9s Bello University<\/h4>\n<\/div><\/div><\/div><\/div><\/div><\/div><\/div><\/div><\/div><\/div><\/div><\/div><div class=\"vce-col vce-col--md-25p vce-col--xs-1 vce-col--xs-last vce-col--xs-first vce-col--sm-last vce-col--sm-first vce-col--md-last vce-col--lg-last vce-col--xl-last col-menu\" id=\"el-07af1af4\"><div class=\"vce-col-inner\" data-vce-do-apply=\"border margin background  el-07af1af4\"><div class=\"vce-col-content\" data-vce-element-content=\"true\" data-vce-do-apply=\"padding el-07af1af4\"><div class=\"vce-text-block\"><div class=\"vce-text-block-wrapper vce\" id=\"el-1ca6142a\" data-vce-do-apply=\"all el-1ca6142a\"><div class=\"vce-text-block\"><div id=\"el-53322006\" class=\"vce-text-block-wrapper vce\" data-vce-do-apply=\"all el-53322006\"><p>ENCE project<\/p><\/div><\/div><\/div><\/div><div class=\"vce-shortcode\"><div class=\"vce-shortcode-wrapper vce\" id=\"el-8447fea6\" data-vce-do-apply=\"all el-8447fea6\"><button class=\"bellows-menu-toggle bellows-menu-toggle-skin-blue-material\" aria-controls=\"bellows-main-12\"><i class=\"fa fa-bars\"><\/i> <span class=\"bellows-menu-toggle-text\">Menu<\/span><\/button><nav id=\"bellows-main-12\" class=\"bellows bellows-nojs bellows-main bellows-source-menu bellows-align-full bellows-skin-blue-material bellows-type- bellows-expand-current bellows-mobile-collapse\"><ul id=\"menu-actas\" class=\"bellows-nav\" data-bellows-config=\"main\"><li id=\"menu-item-1046\" class=\"bellows-menu-item bellows-menu-item-type-post_type bellows-menu-item-object-page bellows-menu-item-1046 bellows-item-level-0\"><a  href=\"https:\/\/consejoderectores.cl\/en\/pregrado-y-sellos-cruch\/acerca-de-ence\/\" class=\"bellows-target\" data-ps2id-api=\"true\"><span class=\"bellows-target-title bellows-target-text\">About ENCE<\/span><\/a><\/li>\n<li id=\"menu-item-4660\" class=\"bellows-menu-item bellows-menu-item-type-post_type bellows-menu-item-object-page bellows-menu-item-4660 bellows-item-level-0\"><a  href=\"https:\/\/consejoderectores.cl\/en\/pregrado-y-sellos-cruch\/universidades-participantes\/\" class=\"bellows-target\" data-ps2id-api=\"true\"><span class=\"bellows-target-title bellows-target-text\">Participating Universities<\/span><\/a><\/li>\n<li id=\"menu-item-5398\" class=\"bellows-menu-item bellows-menu-item-type-post_type bellows-menu-item-object-page bellows-menu-item-has-children bellows-menu-item-5398 bellows-item-level-0\"><a  href=\"https:\/\/consejoderectores.cl\/en\/pregrado-y-sellos-cruch\/reportes-anuales-ence\/\" class=\"bellows-target\" data-ps2id-api=\"true\"><span class=\"bellows-target-title bellows-target-text\">ENCE Annual Reports<\/span><button class=\"bellows-subtoggle\" aria-label=\"Toggle Submenu\"><i class=\"bellows-subtoggle-icon-expand fa fa-chevron-down\"><\/i><i class=\"bellows-subtoggle-icon-collapse fa fa-chevron-up\"><\/i><\/button><\/a>\n<ul class=\"bellows-submenu\">\n\t<li id=\"menu-item-5397\" class=\"bellows-menu-item bellows-menu-item-type-post_type bellows-menu-item-object-page bellows-menu-item-5397 bellows-item-level-1\"><a  href=\"https:\/\/consejoderectores.cl\/en\/pregrado-y-sellos-cruch\/reportes-anuales-ence\/reporte-2021\/\" class=\"bellows-target\" data-ps2id-api=\"true\"><span class=\"bellows-target-title bellows-target-text\">2021 Report<\/span><\/a><\/li>\n\t<li id=\"menu-item-5396\" class=\"bellows-menu-item bellows-menu-item-type-post_type bellows-menu-item-object-page bellows-menu-item-5396 bellows-item-level-1\"><a  href=\"https:\/\/consejoderectores.cl\/en\/pregrado-y-sellos-cruch\/reportes-anuales-ence\/reporte-2020\/\" class=\"bellows-target\" data-ps2id-api=\"true\"><span class=\"bellows-target-title bellows-target-text\">2020 Report<\/span><\/a><\/li>\n\t<li id=\"menu-item-5395\" class=\"bellows-menu-item bellows-menu-item-type-post_type bellows-menu-item-object-page bellows-menu-item-5395 bellows-item-level-1\"><a  href=\"https:\/\/consejoderectores.cl\/en\/pregrado-y-sellos-cruch\/reportes-anuales-ence\/reporte-2019\/\" class=\"bellows-target\" data-ps2id-api=\"true\"><span class=\"bellows-target-title bellows-target-text\">2019 Report<\/span><\/a><\/li>\n\t<li id=\"menu-item-5394\" class=\"bellows-menu-item bellows-menu-item-type-post_type bellows-menu-item-object-page bellows-menu-item-5394 bellows-item-level-1\"><a  href=\"https:\/\/consejoderectores.cl\/en\/pregrado-y-sellos-cruch\/reportes-anuales-ence\/reporte-2018\/\" class=\"bellows-target\" data-ps2id-api=\"true\"><span class=\"bellows-target-title bellows-target-text\">2018 Report<\/span><\/a><\/li>\n\t<li id=\"menu-item-5393\" class=\"bellows-menu-item bellows-menu-item-type-post_type bellows-menu-item-object-page bellows-menu-item-5393 bellows-item-level-1\"><a  href=\"https:\/\/consejoderectores.cl\/en\/pregrado-y-sellos-cruch\/reportes-anuales-ence\/reporte-2017\/\" class=\"bellows-target\" data-ps2id-api=\"true\"><span class=\"bellows-target-title bellows-target-text\">2017 Report<\/span><\/a><\/li>\n<\/ul>\n<\/li>\n<li id=\"menu-item-5422\" class=\"bellows-menu-item bellows-menu-item-type-post_type bellows-menu-item-object-page bellows-menu-item-has-children bellows-menu-item-5422 bellows-item-level-0\"><a  href=\"https:\/\/consejoderectores.cl\/en\/pregrado-y-sellos-cruch\/acerca-de-ence\/seminarios-ence\/\" class=\"bellows-target\" data-ps2id-api=\"true\"><span class=\"bellows-target-title bellows-target-text\">ENCE Seminars<\/span><button class=\"bellows-subtoggle\" aria-label=\"Toggle Submenu\"><i class=\"bellows-subtoggle-icon-expand fa fa-chevron-down\"><\/i><i class=\"bellows-subtoggle-icon-collapse fa fa-chevron-up\"><\/i><\/button><\/a>\n<ul class=\"bellows-submenu\">\n\t<li id=\"menu-item-5421\" class=\"bellows-menu-item bellows-menu-item-type-post_type bellows-menu-item-object-page bellows-menu-item-5421 bellows-item-level-1\"><a  href=\"https:\/\/consejoderectores.cl\/en\/pregrado-y-sellos-cruch\/acerca-de-ence\/seminarios-ence\/seminario-2021\/\" class=\"bellows-target\" data-ps2id-api=\"true\"><span class=\"bellows-target-title bellows-target-text\">Seminar 2021<\/span><\/a><\/li>\n\t<li id=\"menu-item-5420\" class=\"bellows-menu-item bellows-menu-item-type-post_type bellows-menu-item-object-page bellows-menu-item-5420 bellows-item-level-1\"><a  href=\"https:\/\/consejoderectores.cl\/en\/pregrado-y-sellos-cruch\/acerca-de-ence\/seminarios-ence\/seminario-2020\/\" class=\"bellows-target\" data-ps2id-api=\"true\"><span class=\"bellows-target-title bellows-target-text\">Seminar 2020<\/span><\/a><\/li>\n\t<li id=\"menu-item-5419\" class=\"bellows-menu-item bellows-menu-item-type-post_type bellows-menu-item-object-page bellows-menu-item-5419 bellows-item-level-1\"><a  href=\"https:\/\/consejoderectores.cl\/en\/pregrado-y-sellos-cruch\/acerca-de-ence\/seminarios-ence\/seminario-2019\/\" class=\"bellows-target\" data-ps2id-api=\"true\"><span class=\"bellows-target-title bellows-target-text\">Seminar 2019<\/span><\/a><\/li>\n\t<li id=\"menu-item-5418\" class=\"bellows-menu-item bellows-menu-item-type-post_type bellows-menu-item-object-page bellows-menu-item-5418 bellows-item-level-1\"><a  href=\"https:\/\/consejoderectores.cl\/en\/pregrado-y-sellos-cruch\/acerca-de-ence\/seminarios-ence\/seminario-2018\/\" class=\"bellows-target\" data-ps2id-api=\"true\"><span class=\"bellows-target-title bellows-target-text\">Seminar 2018<\/span><\/a><\/li>\n\t<li id=\"menu-item-5417\" class=\"bellows-menu-item bellows-menu-item-type-post_type bellows-menu-item-object-page bellows-menu-item-5417 bellows-item-level-1\"><a  href=\"https:\/\/consejoderectores.cl\/en\/pregrado-y-sellos-cruch\/acerca-de-ence\/seminarios-ence\/seminario-2017\/\" class=\"bellows-target\" data-ps2id-api=\"true\"><span class=\"bellows-target-title bellows-target-text\">Seminar 2017<\/span><\/a><\/li>\n<\/ul>\n<\/li>\n<li id=\"menu-item-5426\" class=\"bellows-menu-item bellows-menu-item-type-post_type bellows-menu-item-object-page bellows-menu-item-5426 bellows-item-level-0\"><a  href=\"https:\/\/consejoderectores.cl\/en\/pregrado-y-sellos-cruch\/papers\/\" class=\"bellows-target\" data-ps2id-api=\"true\"><span class=\"bellows-target-title bellows-target-text\">Papers<\/span><\/a><\/li>\n<li id=\"menu-item-5431\" class=\"bellows-menu-item bellows-menu-item-type-post_type bellows-menu-item-object-page bellows-menu-item-5431 bellows-item-level-0\"><a  href=\"https:\/\/consejoderectores.cl\/en\/pregrado-y-sellos-cruch\/noticias\/\" class=\"bellows-target\" data-ps2id-api=\"true\"><span class=\"bellows-target-title bellows-target-text\">News<\/span><\/a><\/li>\n<li id=\"menu-item-5435\" class=\"bellows-menu-item bellows-menu-item-type-post_type bellows-menu-item-object-page bellows-menu-item-5435 bellows-item-level-0\"><a  href=\"https:\/\/consejoderectores.cl\/en\/pregrado-y-sellos-cruch\/boletin-informativo\/\" class=\"bellows-target\" data-ps2id-api=\"true\"><span class=\"bellows-target-title bellows-target-text\">Brochure<\/span><\/a><\/li>\n<li id=\"menu-item-5444\" class=\"bellows-menu-item bellows-menu-item-type-post_type bellows-menu-item-object-page bellows-menu-item-has-children bellows-menu-item-5444 bellows-item-level-0\"><a  href=\"https:\/\/consejoderectores.cl\/en\/pregrado-y-sellos-cruch\/equipo-ence\/\" class=\"bellows-target\" data-ps2id-api=\"true\"><span class=\"bellows-target-title bellows-target-text\">ENCE Team<\/span><button class=\"bellows-subtoggle\" aria-label=\"Toggle Submenu\"><i class=\"bellows-subtoggle-icon-expand fa fa-chevron-down\"><\/i><i class=\"bellows-subtoggle-icon-collapse fa fa-chevron-up\"><\/i><\/button><\/a>\n<ul class=\"bellows-submenu\">\n\t<li id=\"menu-item-5443\" class=\"bellows-menu-item bellows-menu-item-type-post_type bellows-menu-item-object-page bellows-menu-item-5443 bellows-item-level-1\"><a  href=\"https:\/\/consejoderectores.cl\/en\/pregrado-y-sellos-cruch\/equipo-ence\/grupo-tecnico\/\" class=\"bellows-target\" data-ps2id-api=\"true\"><span class=\"bellows-target-title bellows-target-text\">Technical group<\/span><\/a><\/li>\n\t<li id=\"menu-item-5450\" class=\"bellows-menu-item bellows-menu-item-type-post_type bellows-menu-item-object-page bellows-menu-item-5450 bellows-item-level-1\"><a  href=\"https:\/\/consejoderectores.cl\/en\/pregrado-y-sellos-cruch\/equipo-ence\/investigadores-as\/\" class=\"bellows-target\" data-ps2id-api=\"true\"><span class=\"bellows-target-title bellows-target-text\">Researchers<\/span><\/a><\/li>\n<\/ul>\n<\/li>\n<li id=\"menu-item-5456\" class=\"bellows-menu-item bellows-menu-item-type-post_type bellows-menu-item-object-page bellows-menu-item-5456 bellows-item-level-0\"><a  href=\"https:\/\/consejoderectores.cl\/en\/pregrado-y-sellos-cruch\/contacto\/\" class=\"bellows-target\" data-ps2id-api=\"true\"><span class=\"bellows-target-title bellows-target-text\">Contact<\/span><\/a><\/li>\n<\/ul><\/nav><\/div><\/div><\/div><\/div><\/div><\/div><\/div><\/div><div class=\"vce-row-container\" data-vce-boxed-width=\"true\"><div class=\"vce-row vce-row--col-gap-30 vce-row-equal-height vce-row-content--top\" id=\"el-892888ad\" data-vce-do-apply=\"all el-892888ad\"><div class=\"vce-row-content\" data-vce-element-content=\"true\"><div class=\"vce-col vce-col--md-auto vce-col--xs-1 vce-col--xs-last vce-col--xs-first vce-col--sm-last vce-col--sm-first vce-col--md-last vce-col--lg-last vce-col--xl-last vce-col--md-first vce-col--lg-first vce-col--xl-first\" id=\"el-eceb350a\"><div class=\"vce-col-inner\" data-vce-do-apply=\"border margin background  el-eceb350a\"><div class=\"vce-col-content\" data-vce-element-content=\"true\" data-vce-do-apply=\"padding el-eceb350a\"><div><\/div><\/div><\/div><\/div><\/div><\/div><\/div>","protected":false},"excerpt":{"rendered":"<p>Rodrigo del Valle Universidad Cat\u00f3lica de Temuco CARLA F\u00d6RSTER Universidad de Talca Daniel Uribe Consultor Independiente Pedoair Leihy Universidad Andr\u00e9s Bello Proyecto ENCE<\/p>","protected":false},"author":1,"featured_media":0,"parent":5438,"menu_order":0,"comment_status":"closed","ping_status":"closed","template":"","meta":{"_acf_changed":false,"footnotes":""},"class_list":["post-5448","page","type-page","status-publish","hentry"],"acf":[],"yoast_head":"<!-- This site is optimized with the Yoast SEO plugin v27.1.1 - https:\/\/yoast.com\/product\/yoast-seo-wordpress\/ -->\n<title>Investigadores\/as - Consejo de Rectoras y Rectores de las Universidades Chilenas<\/title>\n<meta name=\"robots\" content=\"index, follow, max-snippet:-1, max-image-preview:large, max-video-preview:-1\" \/>\n<link rel=\"canonical\" href=\"https:\/\/consejoderectores.cl\/en\/pregrado-y-sellos-cruch\/equipo-ence\/investigadores-as\/\" \/>\n<meta property=\"og:locale\" content=\"en_US\" \/>\n<meta property=\"og:type\" content=\"article\" \/>\n<meta property=\"og:title\" content=\"Investigadores\/as - Consejo de Rectoras y Rectores de las Universidades Chilenas\" \/>\n<meta property=\"og:description\" content=\"Rodrigo del Valle Universidad Cat\u00f3lica de Temuco CARLA F\u00d6RSTER Universidad de Talca Daniel Uribe Consultor Independiente Pedoair Leihy Universidad Andr\u00e9s Bello Proyecto ENCE\" \/>\n<meta property=\"og:url\" content=\"https:\/\/consejoderectores.cl\/en\/pregrado-y-sellos-cruch\/equipo-ence\/investigadores-as\/\" \/>\n<meta property=\"og:site_name\" content=\"Consejo de Rectoras y Rectores de las Universidades Chilenas\" \/>\n<meta property=\"article:modified_time\" content=\"2023-04-06T21:44:33+00:00\" \/>\n<meta name=\"twitter:card\" content=\"summary_large_image\" \/>\n<meta name=\"twitter:site\" content=\"@CRUCH_cl\" \/>\n<script type=\"application\/ld+json\" class=\"yoast-schema-graph\">{\"@context\":\"https:\/\/schema.org\",\"@graph\":[{\"@type\":\"WebPage\",\"@id\":\"https:\/\/consejoderectores.cl\/pregrado-y-sellos-cruch\/equipo-ence\/investigadores-as\/\",\"url\":\"https:\/\/consejoderectores.cl\/pregrado-y-sellos-cruch\/equipo-ence\/investigadores-as\/\",\"name\":\"Investigadores\/as - Consejo de Rectoras y Rectores de las Universidades Chilenas\",\"isPartOf\":{\"@id\":\"https:\/\/consejoderectores.cl\/en\/#website\"},\"datePublished\":\"2022-01-18T04:33:22+00:00\",\"dateModified\":\"2023-04-06T21:44:33+00:00\",\"breadcrumb\":{\"@id\":\"https:\/\/consejoderectores.cl\/pregrado-y-sellos-cruch\/equipo-ence\/investigadores-as\/#breadcrumb\"},\"inLanguage\":\"en-US\",\"potentialAction\":[{\"@type\":\"ReadAction\",\"target\":[\"https:\/\/consejoderectores.cl\/pregrado-y-sellos-cruch\/equipo-ence\/investigadores-as\/\"]}]},{\"@type\":\"BreadcrumbList\",\"@id\":\"https:\/\/consejoderectores.cl\/pregrado-y-sellos-cruch\/equipo-ence\/investigadores-as\/#breadcrumb\",\"itemListElement\":[{\"@type\":\"ListItem\",\"position\":1,\"name\":\"Home\",\"item\":\"https:\/\/consejoderectores.cl\/\"},{\"@type\":\"ListItem\",\"position\":2,\"name\":\"Encuesta Nacional de Compromiso Estudiantil (ENCE)\",\"item\":\"https:\/\/consejoderectores.cl\/pregrado-y-sellos-cruch\/\"},{\"@type\":\"ListItem\",\"position\":3,\"name\":\"Equipo ENCE\",\"item\":\"https:\/\/consejoderectores.cl\/pregrado-y-sellos-cruch\/equipo-ence\/\"},{\"@type\":\"ListItem\",\"position\":4,\"name\":\"Investigadores\/as\"}]},{\"@type\":\"WebSite\",\"@id\":\"https:\/\/consejoderectores.cl\/en\/#website\",\"url\":\"https:\/\/consejoderectores.cl\/en\/\",\"name\":\"Consejo de Rectoras y Rectores de las Universidades Chilenas\",\"description\":\"\",\"publisher\":{\"@id\":\"https:\/\/consejoderectores.cl\/en\/#organization\"},\"potentialAction\":[{\"@type\":\"SearchAction\",\"target\":{\"@type\":\"EntryPoint\",\"urlTemplate\":\"https:\/\/consejoderectores.cl\/en\/?s={search_term_string}\"},\"query-input\":{\"@type\":\"PropertyValueSpecification\",\"valueRequired\":true,\"valueName\":\"search_term_string\"}}],\"inLanguage\":\"en-US\"},{\"@type\":\"Organization\",\"@id\":\"https:\/\/consejoderectores.cl\/en\/#organization\",\"name\":\"Consejo de Rectoras y Rectores de las Universidades Chilenas\",\"url\":\"https:\/\/consejoderectores.cl\/en\/\",\"logo\":{\"@type\":\"ImageObject\",\"inLanguage\":\"en-US\",\"@id\":\"https:\/\/consejoderectores.cl\/en\/#\/schema\/logo\/image\/\",\"url\":\"https:\/\/consejoderectores.cl\/wp-content\/uploads\/2025\/12\/logoheader_2025.png\",\"contentUrl\":\"https:\/\/consejoderectores.cl\/wp-content\/uploads\/2025\/12\/logoheader_2025.png\",\"width\":666,\"height\":305,\"caption\":\"Consejo de Rectoras y Rectores de las Universidades Chilenas\"},\"image\":{\"@id\":\"https:\/\/consejoderectores.cl\/en\/#\/schema\/logo\/image\/\"},\"sameAs\":[\"https:\/\/x.com\/CRUCH_cl\",\"https:\/\/www.instagram.com\/consejoderectores\/\",\"https:\/\/www.linkedin.com\/company\/cruch\/\",\"https:\/\/www.youtube.com\/channel\/UCzgIFRCsDlKoFpimiQmEaOA\"]}]}<\/script>\n<!-- \/ Yoast SEO plugin. -->","yoast_head_json":{"title":"Investigadores\/as - Consejo de Rectoras y Rectores de las Universidades Chilenas","robots":{"index":"index","follow":"follow","max-snippet":"max-snippet:-1","max-image-preview":"max-image-preview:large","max-video-preview":"max-video-preview:-1"},"canonical":"https:\/\/consejoderectores.cl\/en\/pregrado-y-sellos-cruch\/equipo-ence\/investigadores-as\/","og_locale":"en_US","og_type":"article","og_title":"Investigadores\/as - Consejo de Rectoras y Rectores de las Universidades Chilenas","og_description":"Rodrigo del Valle Universidad Cat\u00f3lica de Temuco CARLA F\u00d6RSTER Universidad de Talca Daniel Uribe Consultor Independiente Pedoair Leihy Universidad Andr\u00e9s Bello Proyecto ENCE","og_url":"https:\/\/consejoderectores.cl\/en\/pregrado-y-sellos-cruch\/equipo-ence\/investigadores-as\/","og_site_name":"Consejo de Rectoras y Rectores de las Universidades Chilenas","article_modified_time":"2023-04-06T21:44:33+00:00","twitter_card":"summary_large_image","twitter_site":"@CRUCH_cl","schema":{"@context":"https:\/\/schema.org","@graph":[{"@type":"WebPage","@id":"https:\/\/consejoderectores.cl\/pregrado-y-sellos-cruch\/equipo-ence\/investigadores-as\/","url":"https:\/\/consejoderectores.cl\/pregrado-y-sellos-cruch\/equipo-ence\/investigadores-as\/","name":"Investigadores\/as - Consejo de Rectoras y Rectores de las Universidades Chilenas","isPartOf":{"@id":"https:\/\/consejoderectores.cl\/en\/#website"},"datePublished":"2022-01-18T04:33:22+00:00","dateModified":"2023-04-06T21:44:33+00:00","breadcrumb":{"@id":"https:\/\/consejoderectores.cl\/pregrado-y-sellos-cruch\/equipo-ence\/investigadores-as\/#breadcrumb"},"inLanguage":"en-US","potentialAction":[{"@type":"ReadAction","target":["https:\/\/consejoderectores.cl\/pregrado-y-sellos-cruch\/equipo-ence\/investigadores-as\/"]}]},{"@type":"BreadcrumbList","@id":"https:\/\/consejoderectores.cl\/pregrado-y-sellos-cruch\/equipo-ence\/investigadores-as\/#breadcrumb","itemListElement":[{"@type":"ListItem","position":1,"name":"Home","item":"https:\/\/consejoderectores.cl\/"},{"@type":"ListItem","position":2,"name":"Encuesta Nacional de Compromiso Estudiantil (ENCE)","item":"https:\/\/consejoderectores.cl\/pregrado-y-sellos-cruch\/"},{"@type":"ListItem","position":3,"name":"Equipo ENCE","item":"https:\/\/consejoderectores.cl\/pregrado-y-sellos-cruch\/equipo-ence\/"},{"@type":"ListItem","position":4,"name":"Investigadores\/as"}]},{"@type":"WebSite","@id":"https:\/\/consejoderectores.cl\/en\/#website","url":"https:\/\/consejoderectores.cl\/en\/","name":"Council of Rectors of Chilean Universities","description":"","publisher":{"@id":"https:\/\/consejoderectores.cl\/en\/#organization"},"potentialAction":[{"@type":"SearchAction","target":{"@type":"EntryPoint","urlTemplate":"https:\/\/consejoderectores.cl\/en\/?s={search_term_string}"},"query-input":{"@type":"PropertyValueSpecification","valueRequired":true,"valueName":"search_term_string"}}],"inLanguage":"en-US"},{"@type":"Organization","@id":"https:\/\/consejoderectores.cl\/en\/#organization","name":"Council of Rectors of Chilean Universities","url":"https:\/\/consejoderectores.cl\/en\/","logo":{"@type":"ImageObject","inLanguage":"en-US","@id":"https:\/\/consejoderectores.cl\/en\/#\/schema\/logo\/image\/","url":"https:\/\/consejoderectores.cl\/wp-content\/uploads\/2025\/12\/logoheader_2025.png","contentUrl":"https:\/\/consejoderectores.cl\/wp-content\/uploads\/2025\/12\/logoheader_2025.png","width":666,"height":305,"caption":"Consejo de Rectoras y Rectores de las Universidades Chilenas"},"image":{"@id":"https:\/\/consejoderectores.cl\/en\/#\/schema\/logo\/image\/"},"sameAs":["https:\/\/x.com\/CRUCH_cl","https:\/\/www.instagram.com\/consejoderectores\/","https:\/\/www.linkedin.com\/company\/cruch\/","https:\/\/www.youtube.com\/channel\/UCzgIFRCsDlKoFpimiQmEaOA"]}]}},"_links":{"self":[{"href":"https:\/\/consejoderectores.cl\/en\/wp-json\/wp\/v2\/pages\/5448","targetHints":{"allow":["GET"]}}],"collection":[{"href":"https:\/\/consejoderectores.cl\/en\/wp-json\/wp\/v2\/pages"}],"about":[{"href":"https:\/\/consejoderectores.cl\/en\/wp-json\/wp\/v2\/types\/page"}],"author":[{"embeddable":true,"href":"https:\/\/consejoderectores.cl\/en\/wp-json\/wp\/v2\/users\/1"}],"replies":[{"embeddable":true,"href":"https:\/\/consejoderectores.cl\/en\/wp-json\/wp\/v2\/comments?post=5448"}],"version-history":[{"count":12,"href":"https:\/\/consejoderectores.cl\/en\/wp-json\/wp\/v2\/pages\/5448\/revisions"}],"predecessor-version":[{"id":7397,"href":"https:\/\/consejoderectores.cl\/en\/wp-json\/wp\/v2\/pages\/5448\/revisions\/7397"}],"up":[{"embeddable":true,"href":"https:\/\/consejoderectores.cl\/en\/wp-json\/wp\/v2\/pages\/5438"}],"wp:attachment":[{"href":"https:\/\/consejoderectores.cl\/en\/wp-json\/wp\/v2\/media?parent=5448"}],"curies":[{"name":"wp","href":"https:\/\/api.w.org\/{rel}","templated":true}]}}