{"id":5427,"date":"2022-01-18T04:04:42","date_gmt":"2022-01-18T04:04:42","guid":{"rendered":"https:\/\/www.consejoderectores.cl\/?page_id=5427"},"modified":"2024-10-09T19:05:42","modified_gmt":"2024-10-09T19:05:42","slug":"noticias","status":"publish","type":"page","link":"https:\/\/consejoderectores.cl\/en\/pregrado-y-sellos-cruch\/noticias\/","title":{"rendered":"News"},"content":{"rendered":"<div class=\"vce-row-container\" data-vce-boxed-width=\"true\"><div class=\"vce-row vce-row--col-gap-30 vce-row-content--top\" id=\"el-71eb6eab\" data-vce-do-apply=\"all el-71eb6eab\"><div class=\"vce-row-content\" data-vce-element-content=\"true\"><div class=\"vce-col vce-col--md-100p vce-col--xs-1 vce-col--xs-last vce-col--xs-first vce-col--sm-last vce-col--sm-first vce-col--md-last vce-col--lg-last vce-col--xl-last vce-col--md-first vce-col--lg-first vce-col--xl-first\" id=\"el-c7a640ca\"><div class=\"vce-col-inner\" data-vce-do-apply=\"border margin background  el-c7a640ca\"><div class=\"vce-col-content\" data-vce-element-content=\"true\" data-vce-do-apply=\"padding el-c7a640ca\"><div class=\"vce-text-block\"><div class=\"vce-text-block-wrapper vce\" id=\"el-5f0d8386\" data-vce-do-apply=\"all el-5f0d8386\"><p>Milestones and current information regarding the National Survey for the Evaluation of Student Engagement (ENCE) and its application in CRUCH universities.<\/p><\/div><\/div><div class=\"vce-row-container\" data-vce-boxed-width=\"true\"><div class=\"vce-row vce-row--col-gap-30 cont-mes vce-row-equal-height vce-row-content--top\" id=\"el-205b19c9\" data-vce-do-apply=\"all el-205b19c9\"><div class=\"vce-content-background-container\"><\/div><div class=\"vce-row-content\" data-vce-element-content=\"true\"><div class=\"vce-col vce-col--md-auto vce-col--xs-1 vce-col--xs-last vce-col--xs-first vce-col--sm-last vce-col--sm-first vce-col--md-last vce-col--lg-last vce-col--xl-last vce-col--md-first vce-col--lg-first vce-col--xl-first\" id=\"el-fd9bb6a4\"><div class=\"vce-col-inner\" data-vce-do-apply=\"border margin background  el-fd9bb6a4\"><div class=\"vce-col-content\" data-vce-element-content=\"true\" data-vce-do-apply=\"padding el-fd9bb6a4\"><div class=\"vce-shortcode\"><div class=\"vce-shortcode-wrapper vce\" id=\"el-fdd6f91b\" data-vce-do-apply=\"all el-fdd6f91b\"><div class=\"display-posts-listing grid\"><div class=\"listing-item\"><a class=\"image\" href=\"https:\/\/consejoderectores.cl\/en\/2024\/12\/06\/ence-2023-compromiso-estudiantil-y-uso-del-tiempo-impactan-directamente-en-el-rendimiento-academico\/\"><img width=\"848\" height=\"782\" src=\"https:\/\/consejoderectores.cl\/wp-content\/uploads\/2024\/12\/seminario-ence-2024-scaled-e1733534213363-1024x944.jpeg\" class=\"attachment-large size-large wp-post-image\" alt=\"\" srcset=\"https:\/\/consejoderectores.cl\/wp-content\/uploads\/2024\/12\/seminario-ence-2024-scaled-e1733534213363-1024x944.jpeg 1024w, https:\/\/consejoderectores.cl\/wp-content\/uploads\/2024\/12\/seminario-ence-2024-scaled-e1733534213363-300x277.jpeg 300w, https:\/\/consejoderectores.cl\/wp-content\/uploads\/2024\/12\/seminario-ence-2024-scaled-e1733534213363-768x708.jpeg 768w, https:\/\/consejoderectores.cl\/wp-content\/uploads\/2024\/12\/seminario-ence-2024-scaled-e1733534213363-1536x1416.jpeg 1536w, https:\/\/consejoderectores.cl\/wp-content\/uploads\/2024\/12\/seminario-ence-2024-scaled-e1733534213363-13x12.jpeg 13w, https:\/\/consejoderectores.cl\/wp-content\/uploads\/2024\/12\/seminario-ence-2024-scaled-e1733534213363-320x295.jpeg 320w, https:\/\/consejoderectores.cl\/wp-content\/uploads\/2024\/12\/seminario-ence-2024-scaled-e1733534213363-480x443.jpeg 480w, https:\/\/consejoderectores.cl\/wp-content\/uploads\/2024\/12\/seminario-ence-2024-scaled-e1733534213363-800x738.jpeg 800w, https:\/\/consejoderectores.cl\/wp-content\/uploads\/2024\/12\/seminario-ence-2024-scaled-e1733534213363-848x782.jpeg 848w, https:\/\/consejoderectores.cl\/wp-content\/uploads\/2024\/12\/seminario-ence-2024-scaled-e1733534213363-1140x1051.jpeg 1140w, https:\/\/consejoderectores.cl\/wp-content\/uploads\/2024\/12\/seminario-ence-2024-scaled-e1733534213363-1170x1079.jpeg 1170w, https:\/\/consejoderectores.cl\/wp-content\/uploads\/2024\/12\/seminario-ence-2024-scaled-e1733534213363.jpeg 1920w\" sizes=\"(max-width: 848px) 100vw, 848px\" \/><\/a> <a class=\"title\" href=\"https:\/\/consejoderectores.cl\/en\/2024\/12\/06\/ence-2023-compromiso-estudiantil-y-uso-del-tiempo-impactan-directamente-en-el-rendimiento-academico\/\">ENCE 2023: Student engagement and time management directly impact academic performance<\/a> <span class=\"date\">Friday, December 6, 2024<\/span> <span class=\"excerpt\">The\u2026 <a class=\"excerpt-more\" href=\"https:\/\/consejoderectores.cl\/en\/2024\/12\/06\/ence-2023-compromiso-estudiantil-y-uso-del-tiempo-impactan-directamente-en-el-rendimiento-academico\/\">Read more<\/a><\/span><\/div><div class=\"listing-item\"><a class=\"image\" href=\"https:\/\/consejoderectores.cl\/en\/2023\/11\/10\/resultados-de-encuesta-ence-2022-revela-cambios-en-patrones-de-uso-del-tiempo-de-estudiantes-universitarios\/\"><img width=\"848\" height=\"541\" src=\"https:\/\/consejoderectores.cl\/wp-content\/uploads\/2023\/11\/WhatsApp-Image-2023-11-10-at-17.49.20-1024x653.jpeg\" class=\"attachment-large size-large wp-post-image\" alt=\"\" srcset=\"https:\/\/consejoderectores.cl\/wp-content\/uploads\/2023\/11\/WhatsApp-Image-2023-11-10-at-17.49.20-1024x653.jpeg 1024w, https:\/\/consejoderectores.cl\/wp-content\/uploads\/2023\/11\/WhatsApp-Image-2023-11-10-at-17.49.20-300x191.jpeg 300w, https:\/\/consejoderectores.cl\/wp-content\/uploads\/2023\/11\/WhatsApp-Image-2023-11-10-at-17.49.20-768x489.jpeg 768w, https:\/\/consejoderectores.cl\/wp-content\/uploads\/2023\/11\/WhatsApp-Image-2023-11-10-at-17.49.20-18x12.jpeg 18w, https:\/\/consejoderectores.cl\/wp-content\/uploads\/2023\/11\/WhatsApp-Image-2023-11-10-at-17.49.20-320x204.jpeg 320w, https:\/\/consejoderectores.cl\/wp-content\/uploads\/2023\/11\/WhatsApp-Image-2023-11-10-at-17.49.20-480x306.jpeg 480w, https:\/\/consejoderectores.cl\/wp-content\/uploads\/2023\/11\/WhatsApp-Image-2023-11-10-at-17.49.20-800x510.jpeg 800w, https:\/\/consejoderectores.cl\/wp-content\/uploads\/2023\/11\/WhatsApp-Image-2023-11-10-at-17.49.20-848x540.jpeg 848w, https:\/\/consejoderectores.cl\/wp-content\/uploads\/2023\/11\/WhatsApp-Image-2023-11-10-at-17.49.20-1140x727.jpeg 1140w, https:\/\/consejoderectores.cl\/wp-content\/uploads\/2023\/11\/WhatsApp-Image-2023-11-10-at-17.49.20-1170x746.jpeg 1170w, https:\/\/consejoderectores.cl\/wp-content\/uploads\/2023\/11\/WhatsApp-Image-2023-11-10-at-17.49.20.jpeg 1464w\" sizes=\"(max-width: 848px) 100vw, 848px\" \/><\/a> <a class=\"title\" href=\"https:\/\/consejoderectores.cl\/en\/2023\/11\/10\/resultados-de-encuesta-ence-2022-revela-cambios-en-patrones-de-uso-del-tiempo-de-estudiantes-universitarios\/\">Results of the 2022 ENCE Survey reveal changes in time use patterns of university students<\/a> <span class=\"date\">Friday, November 10, 2023<\/span> <span class=\"excerpt\">The\u2026 <a class=\"excerpt-more\" href=\"https:\/\/consejoderectores.cl\/en\/2023\/11\/10\/resultados-de-encuesta-ence-2022-revela-cambios-en-patrones-de-uso-del-tiempo-de-estudiantes-universitarios\/\">Read more<\/a><\/span><\/div><div class=\"listing-item\"><a class=\"image\" href=\"https:\/\/consejoderectores.cl\/en\/2022\/10\/14\/encuesta-ence-2021-aborda-efectos-de-la-pandemia-por-covid-19-en-procesos-de-aprendizajes-y-el-compromiso-estudiantil\/\"><img width=\"848\" height=\"477\" src=\"https:\/\/consejoderectores.cl\/wp-content\/uploads\/2022\/10\/Foto-seminario-ENCE-1-1024x576.jpeg\" class=\"attachment-large size-large wp-post-image\" alt=\"\" srcset=\"https:\/\/consejoderectores.cl\/wp-content\/uploads\/2022\/10\/Foto-seminario-ENCE-1-1024x576.jpeg 1024w, https:\/\/consejoderectores.cl\/wp-content\/uploads\/2022\/10\/Foto-seminario-ENCE-1-300x169.jpeg 300w, https:\/\/consejoderectores.cl\/wp-content\/uploads\/2022\/10\/Foto-seminario-ENCE-1-768x432.jpeg 768w, https:\/\/consejoderectores.cl\/wp-content\/uploads\/2022\/10\/Foto-seminario-ENCE-1-1536x864.jpeg 1536w, https:\/\/consejoderectores.cl\/wp-content\/uploads\/2022\/10\/Foto-seminario-ENCE-1-16x9.jpeg 16w, https:\/\/consejoderectores.cl\/wp-content\/uploads\/2022\/10\/Foto-seminario-ENCE-1-848x477.jpeg 848w, https:\/\/consejoderectores.cl\/wp-content\/uploads\/2022\/10\/Foto-seminario-ENCE-1-1140x641.jpeg 1140w, https:\/\/consejoderectores.cl\/wp-content\/uploads\/2022\/10\/Foto-seminario-ENCE-1-1170x658.jpeg 1170w, https:\/\/consejoderectores.cl\/wp-content\/uploads\/2022\/10\/Foto-seminario-ENCE-1.jpeg 1600w\" sizes=\"(max-width: 848px) 100vw, 848px\" \/><\/a> <a class=\"title\" href=\"https:\/\/consejoderectores.cl\/en\/2022\/10\/14\/encuesta-ence-2021-aborda-efectos-de-la-pandemia-por-covid-19-en-procesos-de-aprendizajes-y-el-compromiso-estudiantil\/\">The 2021 ENCE survey addresses the effects of the Covid-19 pandemic on learning processes and student engagement.<\/a> <span class=\"date\">Friday, October 14, 2022<\/span> <span class=\"excerpt\">The\u2026 <a class=\"excerpt-more\" href=\"https:\/\/consejoderectores.cl\/en\/2022\/10\/14\/encuesta-ence-2021-aborda-efectos-de-la-pandemia-por-covid-19-en-procesos-de-aprendizajes-y-el-compromiso-estudiantil\/\">Read more<\/a><\/span><\/div><div class=\"listing-item\"><a class=\"image\" href=\"https:\/\/consejoderectores.cl\/en\/2021\/10\/19\/caei-2021-dedica-mesa-redonda-a-la-encuesta-nacional-de-compromiso-estudiantil-del-cruch\/\"><img width=\"848\" height=\"489\" src=\"https:\/\/consejoderectores.cl\/wp-content\/uploads\/2021\/10\/ENCE-pantallazo-1024x591.png\" class=\"attachment-large size-large wp-post-image\" alt=\"\" srcset=\"https:\/\/consejoderectores.cl\/wp-content\/uploads\/2021\/10\/ENCE-pantallazo-1024x591.png 1024w, https:\/\/consejoderectores.cl\/wp-content\/uploads\/2021\/10\/ENCE-pantallazo-300x173.png 300w, https:\/\/consejoderectores.cl\/wp-content\/uploads\/2021\/10\/ENCE-pantallazo-768x443.png 768w, https:\/\/consejoderectores.cl\/wp-content\/uploads\/2021\/10\/ENCE-pantallazo-16x9.png 16w, https:\/\/consejoderectores.cl\/wp-content\/uploads\/2021\/10\/ENCE-pantallazo-848x490.png 848w, https:\/\/consejoderectores.cl\/wp-content\/uploads\/2021\/10\/ENCE-pantallazo.png 1093w\" sizes=\"(max-width: 848px) 100vw, 848px\" \/><\/a> <a class=\"title\" href=\"https:\/\/consejoderectores.cl\/en\/2021\/10\/19\/caei-2021-dedica-mesa-redonda-a-la-encuesta-nacional-de-compromiso-estudiantil-del-cruch\/\">CAEI 2021 dedicates a round table to the CRUCH National Survey of Student Engagement<\/a> <span class=\"date\">Tuesday, October 19, 2021<\/span> <span class=\"excerpt\">Representatives ... <a class=\"excerpt-more\" href=\"https:\/\/consejoderectores.cl\/en\/2021\/10\/19\/caei-2021-dedica-mesa-redonda-a-la-encuesta-nacional-de-compromiso-estudiantil-del-cruch\/\">Read more<\/a><\/span><\/div><div class=\"listing-item\"><a class=\"image\" href=\"https:\/\/consejoderectores.cl\/en\/2021\/08\/10\/resultados-de-encuesta-a-estudiantes-universitarios-del-cruch-da-cuenta-de-su-experiencia-formativa-durante-la-pandemia\/\"><img width=\"848\" height=\"848\" src=\"https:\/\/consejoderectores.cl\/wp-content\/uploads\/2021\/08\/RRSS_AFICHE_SEMINARIO_2021_-1024x1024.jpg\" class=\"attachment-large size-large wp-post-image\" alt=\"\" srcset=\"https:\/\/consejoderectores.cl\/wp-content\/uploads\/2021\/08\/RRSS_AFICHE_SEMINARIO_2021_-1024x1024.jpg 1024w, https:\/\/consejoderectores.cl\/wp-content\/uploads\/2021\/08\/RRSS_AFICHE_SEMINARIO_2021_-300x300.jpg 300w, https:\/\/consejoderectores.cl\/wp-content\/uploads\/2021\/08\/RRSS_AFICHE_SEMINARIO_2021_-150x150.jpg 150w, https:\/\/consejoderectores.cl\/wp-content\/uploads\/2021\/08\/RRSS_AFICHE_SEMINARIO_2021_-768x768.jpg 768w, https:\/\/consejoderectores.cl\/wp-content\/uploads\/2021\/08\/RRSS_AFICHE_SEMINARIO_2021_-12x12.jpg 12w, https:\/\/consejoderectores.cl\/wp-content\/uploads\/2021\/08\/RRSS_AFICHE_SEMINARIO_2021_-848x848.jpg 848w, https:\/\/consejoderectores.cl\/wp-content\/uploads\/2021\/08\/RRSS_AFICHE_SEMINARIO_2021_.jpg 1080w\" sizes=\"(max-width: 848px) 100vw, 848px\" \/><\/a> <a class=\"title\" href=\"https:\/\/consejoderectores.cl\/en\/2021\/08\/10\/resultados-de-encuesta-a-estudiantes-universitarios-del-cruch-da-cuenta-de-su-experiencia-formativa-durante-la-pandemia\/\">Survey results of university students from CRUCH reveal their educational experience during the pandemic<\/a> <span class=\"date\">Tuesday 10 August 2021<\/span> <span class=\"excerpt\">East\u2026 <a class=\"excerpt-more\" href=\"https:\/\/consejoderectores.cl\/en\/2021\/08\/10\/resultados-de-encuesta-a-estudiantes-universitarios-del-cruch-da-cuenta-de-su-experiencia-formativa-durante-la-pandemia\/\">Read more<\/a><\/span><\/div><div class=\"listing-item\"><a class=\"image\" href=\"https:\/\/consejoderectores.cl\/en\/2020\/07\/30\/60893586809ab\/\"><img width=\"848\" height=\"423\" src=\"https:\/\/consejoderectores.cl\/wp-content\/uploads\/2020\/07\/ence.png\" class=\"attachment-large size-large wp-post-image\" alt=\"\" srcset=\"https:\/\/consejoderectores.cl\/wp-content\/uploads\/2020\/07\/ence.png 973w, https:\/\/consejoderectores.cl\/wp-content\/uploads\/2020\/07\/ence-300x150.png 300w, https:\/\/consejoderectores.cl\/wp-content\/uploads\/2020\/07\/ence-768x383.png 768w, https:\/\/consejoderectores.cl\/wp-content\/uploads\/2020\/07\/ence-16x8.png 16w, https:\/\/consejoderectores.cl\/wp-content\/uploads\/2020\/07\/ence-848x423.png 848w\" sizes=\"(max-width: 848px) 100vw, 848px\" \/><\/a> <a class=\"title\" href=\"https:\/\/consejoderectores.cl\/en\/2020\/07\/30\/60893586809ab\/\">Tomorrow 2019 results of the student engagement survey applied in ten CRUCH universities will be released<\/a> <span class=\"date\">Thursday 30 July 2020<\/span> <span class=\"excerpt\">The\u2026 <a class=\"excerpt-more\" href=\"https:\/\/consejoderectores.cl\/en\/2020\/07\/30\/60893586809ab\/\">Read more<\/a><\/span><\/div><div class=\"listing-item\"><a class=\"image\" href=\"https:\/\/consejoderectores.cl\/en\/2019\/05\/10\/6152dadbcd0d4\/\"><img width=\"848\" height=\"566\" src=\"https:\/\/consejoderectores.cl\/wp-content\/uploads\/2019\/05\/10.05.2019-FOTO-DESTACADA-Encuesta-ENCE-de-universidades-del-CRUCH-1024x684.jpg\" class=\"attachment-large size-large wp-post-image\" alt=\"\" srcset=\"https:\/\/consejoderectores.cl\/wp-content\/uploads\/2019\/05\/10.05.2019-FOTO-DESTACADA-Encuesta-ENCE-de-universidades-del-CRUCH-1024x684.jpg 1024w, https:\/\/consejoderectores.cl\/wp-content\/uploads\/2019\/05\/10.05.2019-FOTO-DESTACADA-Encuesta-ENCE-de-universidades-del-CRUCH-300x201.jpg 300w, https:\/\/consejoderectores.cl\/wp-content\/uploads\/2019\/05\/10.05.2019-FOTO-DESTACADA-Encuesta-ENCE-de-universidades-del-CRUCH-768x513.jpg 768w, https:\/\/consejoderectores.cl\/wp-content\/uploads\/2019\/05\/10.05.2019-FOTO-DESTACADA-Encuesta-ENCE-de-universidades-del-CRUCH-1536x1027.jpg 1536w, https:\/\/consejoderectores.cl\/wp-content\/uploads\/2019\/05\/10.05.2019-FOTO-DESTACADA-Encuesta-ENCE-de-universidades-del-CRUCH-2048x1369.jpg 2048w, https:\/\/consejoderectores.cl\/wp-content\/uploads\/2019\/05\/10.05.2019-FOTO-DESTACADA-Encuesta-ENCE-de-universidades-del-CRUCH-16x12.jpg 16w, https:\/\/consejoderectores.cl\/wp-content\/uploads\/2019\/05\/10.05.2019-FOTO-DESTACADA-Encuesta-ENCE-de-universidades-del-CRUCH-848x567.jpg 848w, https:\/\/consejoderectores.cl\/wp-content\/uploads\/2019\/05\/10.05.2019-FOTO-DESTACADA-Encuesta-ENCE-de-universidades-del-CRUCH-1140x762.jpg 1140w, https:\/\/consejoderectores.cl\/wp-content\/uploads\/2019\/05\/10.05.2019-FOTO-DESTACADA-Encuesta-ENCE-de-universidades-del-CRUCH-1170x782.jpg 1170w, https:\/\/consejoderectores.cl\/wp-content\/uploads\/2019\/05\/10.05.2019-FOTO-DESTACADA-Encuesta-ENCE-de-universidades-del-CRUCH-1920x1283.jpg 1920w\" sizes=\"(max-width: 848px) 100vw, 848px\" \/><\/a> <a class=\"title\" href=\"https:\/\/consejoderectores.cl\/en\/2019\/05\/10\/6152dadbcd0d4\/\">ENCE survey of CRUCH universities reveals how their students experience academic life and learning processes<\/a> <span class=\"date\">Friday, May 10, 2019<\/span> <span class=\"excerpt\">During\u2026 <a class=\"excerpt-more\" href=\"https:\/\/consejoderectores.cl\/en\/2019\/05\/10\/6152dadbcd0d4\/\">Read more<\/a><\/span><\/div><div class=\"listing-item\"><a class=\"image\" href=\"https:\/\/consejoderectores.cl\/en\/2019\/05\/09\/6152dadbcd055\/\"><img width=\"663\" height=\"1024\" src=\"https:\/\/consejoderectores.cl\/wp-content\/uploads\/2019\/05\/09.05.2019-FOTO-DESTACADA-Universidades-del-CRUCH-analizaran-resultados-de-encuesta-ENCE-663x1024.jpg\" class=\"attachment-large size-large wp-post-image\" alt=\"\" srcset=\"https:\/\/consejoderectores.cl\/wp-content\/uploads\/2019\/05\/09.05.2019-FOTO-DESTACADA-Universidades-del-CRUCH-analizaran-resultados-de-encuesta-ENCE-663x1024.jpg 663w, https:\/\/consejoderectores.cl\/wp-content\/uploads\/2019\/05\/09.05.2019-FOTO-DESTACADA-Universidades-del-CRUCH-analizaran-resultados-de-encuesta-ENCE-194x300.jpg 194w, https:\/\/consejoderectores.cl\/wp-content\/uploads\/2019\/05\/09.05.2019-FOTO-DESTACADA-Universidades-del-CRUCH-analizaran-resultados-de-encuesta-ENCE-768x1187.jpg 768w, https:\/\/consejoderectores.cl\/wp-content\/uploads\/2019\/05\/09.05.2019-FOTO-DESTACADA-Universidades-del-CRUCH-analizaran-resultados-de-encuesta-ENCE-8x12.jpg 8w, https:\/\/consejoderectores.cl\/wp-content\/uploads\/2019\/05\/09.05.2019-FOTO-DESTACADA-Universidades-del-CRUCH-analizaran-resultados-de-encuesta-ENCE.jpg 792w\" sizes=\"(max-width: 663px) 100vw, 663px\" \/><\/a> <a class=\"title\" href=\"https:\/\/consejoderectores.cl\/en\/2019\/05\/09\/6152dadbcd055\/\">CRUCH universities will analyze ENCE survey results on student experience and learning in higher education<\/a> <span class=\"date\">Thursday, May 9, 2019<\/span> <span class=\"excerpt\">The\u2026 <a class=\"excerpt-more\" href=\"https:\/\/consejoderectores.cl\/en\/2019\/05\/09\/6152dadbcd055\/\">Read more<\/a><\/span><\/div><\/div><\/div><\/div><\/div><\/div><\/div><\/div><\/div><\/div><\/div><\/div><\/div><\/div><\/div><\/div>","protected":false},"excerpt":{"rendered":"<p>Milestones and current information regarding the National Survey for the Evaluation of Student Engagement (ENCE) and its application in CRUCH universities.<\/p>","protected":false},"author":1,"featured_media":0,"parent":1001,"menu_order":0,"comment_status":"closed","ping_status":"closed","template":"page-header.php","meta":{"_acf_changed":false,"footnotes":""},"class_list":["post-5427","page","type-page","status-publish","hentry"],"acf":[],"yoast_head":"<!-- This site is optimized with the Yoast SEO plugin v27.1.1 - https:\/\/yoast.com\/product\/yoast-seo-wordpress\/ -->\n<title>Noticias - Consejo de Rectoras y Rectores de las Universidades Chilenas<\/title>\n<meta name=\"robots\" content=\"index, follow, max-snippet:-1, max-image-preview:large, max-video-preview:-1\" \/>\n<link rel=\"canonical\" href=\"https:\/\/consejoderectores.cl\/en\/pregrado-y-sellos-cruch\/noticias\/\" \/>\n<meta property=\"og:locale\" content=\"en_US\" \/>\n<meta property=\"og:type\" content=\"article\" \/>\n<meta property=\"og:title\" content=\"Noticias - Consejo de Rectoras y Rectores de las Universidades Chilenas\" \/>\n<meta property=\"og:description\" content=\"Hitos e informaci\u00f3n de actualidad respecto a la Encuesta Nacional de Evaluaci\u00f3n de Compromiso Estudiantil (ENCE) y su aplicaci\u00f3n en universidades del CRUCH.\" \/>\n<meta property=\"og:url\" content=\"https:\/\/consejoderectores.cl\/en\/pregrado-y-sellos-cruch\/noticias\/\" \/>\n<meta property=\"og:site_name\" content=\"Consejo de Rectoras y Rectores de las Universidades Chilenas\" \/>\n<meta property=\"article:modified_time\" content=\"2024-10-09T19:05:42+00:00\" \/>\n<meta name=\"twitter:card\" content=\"summary_large_image\" \/>\n<meta name=\"twitter:site\" content=\"@CRUCH_cl\" \/>\n<script type=\"application\/ld+json\" class=\"yoast-schema-graph\">{\"@context\":\"https:\/\/schema.org\",\"@graph\":[{\"@type\":\"WebPage\",\"@id\":\"https:\/\/consejoderectores.cl\/pregrado-y-sellos-cruch\/noticias\/\",\"url\":\"https:\/\/consejoderectores.cl\/pregrado-y-sellos-cruch\/noticias\/\",\"name\":\"Noticias - Consejo de Rectoras y Rectores de las Universidades Chilenas\",\"isPartOf\":{\"@id\":\"https:\/\/consejoderectores.cl\/en\/#website\"},\"datePublished\":\"2022-01-18T04:04:42+00:00\",\"dateModified\":\"2024-10-09T19:05:42+00:00\",\"breadcrumb\":{\"@id\":\"https:\/\/consejoderectores.cl\/pregrado-y-sellos-cruch\/noticias\/#breadcrumb\"},\"inLanguage\":\"en-US\",\"potentialAction\":[{\"@type\":\"ReadAction\",\"target\":[\"https:\/\/consejoderectores.cl\/pregrado-y-sellos-cruch\/noticias\/\"]}]},{\"@type\":\"BreadcrumbList\",\"@id\":\"https:\/\/consejoderectores.cl\/pregrado-y-sellos-cruch\/noticias\/#breadcrumb\",\"itemListElement\":[{\"@type\":\"ListItem\",\"position\":1,\"name\":\"Home\",\"item\":\"https:\/\/consejoderectores.cl\/\"},{\"@type\":\"ListItem\",\"position\":2,\"name\":\"Encuesta Nacional de Compromiso Estudiantil (ENCE)\",\"item\":\"https:\/\/consejoderectores.cl\/pregrado-y-sellos-cruch\/\"},{\"@type\":\"ListItem\",\"position\":3,\"name\":\"Noticias\"}]},{\"@type\":\"WebSite\",\"@id\":\"https:\/\/consejoderectores.cl\/en\/#website\",\"url\":\"https:\/\/consejoderectores.cl\/en\/\",\"name\":\"Consejo de Rectoras y Rectores de las Universidades Chilenas\",\"description\":\"\",\"publisher\":{\"@id\":\"https:\/\/consejoderectores.cl\/en\/#organization\"},\"potentialAction\":[{\"@type\":\"SearchAction\",\"target\":{\"@type\":\"EntryPoint\",\"urlTemplate\":\"https:\/\/consejoderectores.cl\/en\/?s={search_term_string}\"},\"query-input\":{\"@type\":\"PropertyValueSpecification\",\"valueRequired\":true,\"valueName\":\"search_term_string\"}}],\"inLanguage\":\"en-US\"},{\"@type\":\"Organization\",\"@id\":\"https:\/\/consejoderectores.cl\/en\/#organization\",\"name\":\"Consejo de Rectoras y Rectores de las Universidades Chilenas\",\"url\":\"https:\/\/consejoderectores.cl\/en\/\",\"logo\":{\"@type\":\"ImageObject\",\"inLanguage\":\"en-US\",\"@id\":\"https:\/\/consejoderectores.cl\/en\/#\/schema\/logo\/image\/\",\"url\":\"https:\/\/consejoderectores.cl\/wp-content\/uploads\/2025\/12\/logoheader_2025.png\",\"contentUrl\":\"https:\/\/consejoderectores.cl\/wp-content\/uploads\/2025\/12\/logoheader_2025.png\",\"width\":666,\"height\":305,\"caption\":\"Consejo de Rectoras y Rectores de las Universidades Chilenas\"},\"image\":{\"@id\":\"https:\/\/consejoderectores.cl\/en\/#\/schema\/logo\/image\/\"},\"sameAs\":[\"https:\/\/x.com\/CRUCH_cl\",\"https:\/\/www.instagram.com\/consejoderectores\/\",\"https:\/\/www.linkedin.com\/company\/cruch\/\",\"https:\/\/www.youtube.com\/channel\/UCzgIFRCsDlKoFpimiQmEaOA\"]}]}<\/script>\n<!-- \/ Yoast SEO plugin. -->","yoast_head_json":{"title":"News - Council of Rectors of Chilean Universities","robots":{"index":"index","follow":"follow","max-snippet":"max-snippet:-1","max-image-preview":"max-image-preview:large","max-video-preview":"max-video-preview:-1"},"canonical":"https:\/\/consejoderectores.cl\/en\/pregrado-y-sellos-cruch\/noticias\/","og_locale":"en_US","og_type":"article","og_title":"Noticias - Consejo de Rectoras y Rectores de las Universidades Chilenas","og_description":"Hitos e informaci\u00f3n de actualidad respecto a la Encuesta Nacional de Evaluaci\u00f3n de Compromiso Estudiantil (ENCE) y su aplicaci\u00f3n en universidades del CRUCH.","og_url":"https:\/\/consejoderectores.cl\/en\/pregrado-y-sellos-cruch\/noticias\/","og_site_name":"Consejo de Rectoras y Rectores de las Universidades Chilenas","article_modified_time":"2024-10-09T19:05:42+00:00","twitter_card":"summary_large_image","twitter_site":"@CRUCH_cl","schema":{"@context":"https:\/\/schema.org","@graph":[{"@type":"WebPage","@id":"https:\/\/consejoderectores.cl\/pregrado-y-sellos-cruch\/noticias\/","url":"https:\/\/consejoderectores.cl\/pregrado-y-sellos-cruch\/noticias\/","name":"News - Council of Rectors of Chilean Universities","isPartOf":{"@id":"https:\/\/consejoderectores.cl\/en\/#website"},"datePublished":"2022-01-18T04:04:42+00:00","dateModified":"2024-10-09T19:05:42+00:00","breadcrumb":{"@id":"https:\/\/consejoderectores.cl\/pregrado-y-sellos-cruch\/noticias\/#breadcrumb"},"inLanguage":"en-US","potentialAction":[{"@type":"ReadAction","target":["https:\/\/consejoderectores.cl\/pregrado-y-sellos-cruch\/noticias\/"]}]},{"@type":"BreadcrumbList","@id":"https:\/\/consejoderectores.cl\/pregrado-y-sellos-cruch\/noticias\/#breadcrumb","itemListElement":[{"@type":"ListItem","position":1,"name":"Home","item":"https:\/\/consejoderectores.cl\/"},{"@type":"ListItem","position":2,"name":"Encuesta Nacional de Compromiso Estudiantil (ENCE)","item":"https:\/\/consejoderectores.cl\/pregrado-y-sellos-cruch\/"},{"@type":"ListItem","position":3,"name":"Noticias"}]},{"@type":"WebSite","@id":"https:\/\/consejoderectores.cl\/en\/#website","url":"https:\/\/consejoderectores.cl\/en\/","name":"Council of Rectors of Chilean Universities","description":"","publisher":{"@id":"https:\/\/consejoderectores.cl\/en\/#organization"},"potentialAction":[{"@type":"SearchAction","target":{"@type":"EntryPoint","urlTemplate":"https:\/\/consejoderectores.cl\/en\/?s={search_term_string}"},"query-input":{"@type":"PropertyValueSpecification","valueRequired":true,"valueName":"search_term_string"}}],"inLanguage":"en-US"},{"@type":"Organization","@id":"https:\/\/consejoderectores.cl\/en\/#organization","name":"Council of Rectors of Chilean Universities","url":"https:\/\/consejoderectores.cl\/en\/","logo":{"@type":"ImageObject","inLanguage":"en-US","@id":"https:\/\/consejoderectores.cl\/en\/#\/schema\/logo\/image\/","url":"https:\/\/consejoderectores.cl\/wp-content\/uploads\/2025\/12\/logoheader_2025.png","contentUrl":"https:\/\/consejoderectores.cl\/wp-content\/uploads\/2025\/12\/logoheader_2025.png","width":666,"height":305,"caption":"Consejo de Rectoras y Rectores de las Universidades Chilenas"},"image":{"@id":"https:\/\/consejoderectores.cl\/en\/#\/schema\/logo\/image\/"},"sameAs":["https:\/\/x.com\/CRUCH_cl","https:\/\/www.instagram.com\/consejoderectores\/","https:\/\/www.linkedin.com\/company\/cruch\/","https:\/\/www.youtube.com\/channel\/UCzgIFRCsDlKoFpimiQmEaOA"]}]}},"_links":{"self":[{"href":"https:\/\/consejoderectores.cl\/en\/wp-json\/wp\/v2\/pages\/5427","targetHints":{"allow":["GET"]}}],"collection":[{"href":"https:\/\/consejoderectores.cl\/en\/wp-json\/wp\/v2\/pages"}],"about":[{"href":"https:\/\/consejoderectores.cl\/en\/wp-json\/wp\/v2\/types\/page"}],"author":[{"embeddable":true,"href":"https:\/\/consejoderectores.cl\/en\/wp-json\/wp\/v2\/users\/1"}],"replies":[{"embeddable":true,"href":"https:\/\/consejoderectores.cl\/en\/wp-json\/wp\/v2\/comments?post=5427"}],"version-history":[{"count":5,"href":"https:\/\/consejoderectores.cl\/en\/wp-json\/wp\/v2\/pages\/5427\/revisions"}],"predecessor-version":[{"id":11855,"href":"https:\/\/consejoderectores.cl\/en\/wp-json\/wp\/v2\/pages\/5427\/revisions\/11855"}],"up":[{"embeddable":true,"href":"https:\/\/consejoderectores.cl\/en\/wp-json\/wp\/v2\/pages\/1001"}],"wp:attachment":[{"href":"https:\/\/consejoderectores.cl\/en\/wp-json\/wp\/v2\/media?parent=5427"}],"curies":[{"name":"wp","href":"https:\/\/api.w.org\/{rel}","templated":true}]}}