{"id":5423,"date":"2022-01-18T03:58:29","date_gmt":"2022-01-18T03:58:29","guid":{"rendered":"https:\/\/www.consejoderectores.cl\/?page_id=5423"},"modified":"2024-10-22T13:00:05","modified_gmt":"2024-10-22T13:00:05","slug":"papers","status":"publish","type":"page","link":"https:\/\/consejoderectores.cl\/en\/pregrado-y-sellos-cruch\/papers\/","title":{"rendered":"Papers"},"content":{"rendered":"<div class=\"vce-row-container\" data-vce-boxed-width=\"true\"><div class=\"vce-row vce-row--col-gap-30 vce-row-content--top\" id=\"el-d03d2f0f\" data-vce-do-apply=\"all el-d03d2f0f\"><div class=\"vce-row-content\" data-vce-element-content=\"true\"><div class=\"vce-col vce-col--md-auto vce-col--xs-1 vce-col--xs-last vce-col--xs-first vce-col--sm-last vce-col--sm-first vce-col--md-last vce-col--lg-last vce-col--xl-last vce-col--md-first vce-col--lg-first vce-col--xl-first\" id=\"el-609c58b4\"><div class=\"vce-col-inner\" data-vce-do-apply=\"border margin background  el-609c58b4\"><div class=\"vce-col-content\" data-vce-element-content=\"true\" data-vce-do-apply=\"padding el-609c58b4\"><div class=\"vce-text-block\"><div class=\"vce-text-block-wrapper vce\" id=\"el-d5adb465\" data-vce-do-apply=\"all el-d5adb465\"><p><span style=\"font-weight: 400; font-style: normal; font-size: 12pt;\">Zapata, G., F\u00f6rster, C., Letelier, C., Del Valle, R., Salazar, JM, &amp; Uribe, D. (2023). Access and use of information on student engagement for management in university teaching. Quality in education, (58), 310-349. <a href=\"https:\/\/www.calidadenlaeducacion.cl\/index.php\/rce\/article\/view\/1330\/762\">https:\/\/www.calidadenlaeducacion.cl\/index.php\/rce\/article\/view\/1330\/762<\/a><\/span><\/p>\n<p><span style=\"font-weight: 400; font-style: normal; font-size: 12pt;\">Zapata, G., Leihy, P., Salazar, J. &amp; Espinoza, D. (2022). Disciplinary diversity in Chilean undergraduate student engagement. Education Policy Analysis Archives, 30. <a href=\"https:\/\/epaa.asu.edu\/index.php\/epaa\/article\/download\/6076\/2820\/32358\" target=\"_blank\" rel=\"noopener\" data-saferedirecturl=\"https:\/\/www.google.com\/url?q=https:\/\/epaa.asu.edu\/index.php\/epaa\/article\/download\/6076\/2820\/32358&amp;source=gmail&amp;ust=1729684335639000&amp;usg=AOvVaw2N5aGccx9jgnnmx-Ffe-kT\">https:\/\/epaa.asu.edu\/index.<wbr>php\/epaa\/article\/download\/<wbr>6076\/2820\/32358<\/a>&nbsp;<\/span><\/p>\n<p><span style=\"font-weight: 400; font-style: normal; font-size: 12pt;\">Rojas, MJ, Ar\u00e9valo, RA, &amp; Tassara, C. (2022). Student engagement in the Chilean university context: the case of the University of Playa Ancha. In Book of Proceedings of the 2nd Caribbean Congress of Educational Research: New paradigms and emerging experiences (pp. 33-38). Salom\u00e9 Ure\u00f1a Higher Institute of Teacher Training (ISFODOSU).<\/span><\/p>\n<p><span style=\"font-weight: 400; font-style: normal; font-size: 12pt;\">Leihy, P. (2022). Resurgence or retrofit? A chance to humanize student teachers in crisis-ravaged Chile. In Academic Voices (pp. 475-477). Chandos Publishing.<\/span><\/p>\n<p><span style=\"font-weight: 400; font-style: normal; font-size: 12pt;\">Leihy, P. (2022). A retrograde analysis of Chile&#039;s student engagement hypothesis. In Coates, H., &amp; Gao, X. (Eds.) Global Student Engagement (pp. 57-70). Routledge.<\/span><\/p>\n<p><span style=\"font-weight: 400; font-style: normal; font-size: 12pt;\">Zapata, G. &amp; Vizcarra, R. (2022) University experience in pandemic: What do we know about students in contexts of socioeconomic disadvantage? Chapter in: UC Propone 2022. Center for Public Policy. P. Catholic University of Chile.<\/span><\/p>\n<p><span style=\"font-weight: 400; font-style: normal; font-size: 12pt;\">Del Valle, R., &amp; Cumsille, B. (2019). National Student Engagement Survey (ENCE) as a contribution to institutional management for the prevention of university dropout and academic delay. In CLABES Congresses (pp. 1321-1331).<\/span><\/p>\n<p><span style=\"font-weight: 400; font-style: normal; font-size: 12pt;\">Zapata, G., Leihy, P., &amp; Theurillat, D. (2018). Student engagement in higher education: adaptation and validation of an assessment questionnaire in Chilean universities. Quality in Education, (48), 204-250. <a href=\"https:\/\/www.calidadenlaeducacion.cl\/index.php\/rce\/article\/view\/482\/481\">https:\/\/www.calidadenlaeducacion.cl\/index.php\/rce\/article\/view\/482\/481<\/a><\/span><\/p><\/div><\/div><\/div><\/div><\/div><\/div><\/div><\/div>","protected":false},"excerpt":{"rendered":"<p>Zapata, G., F\u00f6rster, C., Letelier, C., Del Valle, R., Salazar, J. M., &amp; Uribe, D. (2023). Acceso y uso de informaci\u00f3n sobre compromiso estudiantil para la gesti\u00f3n en docencia universitaria. Calidad en la educaci\u00f3n, (58), 310-349. https:\/\/www.calidadenlaeducacion.cl\/index.php\/rce\/article\/view\/1330\/762 Zapata, G., Leihy, P., Salazar, J. &amp; Espinoza, D. (2022). Disciplinary diversity in Chilean undergraduate student engagement. Education [&hellip;]<\/p>\n","protected":false},"author":1,"featured_media":0,"parent":1001,"menu_order":0,"comment_status":"closed","ping_status":"closed","template":"page-header.php","meta":{"_acf_changed":false,"footnotes":""},"class_list":["post-5423","page","type-page","status-publish","hentry"],"acf":[],"yoast_head":"<!-- This site is optimized with the Yoast SEO plugin v27.1.1 - https:\/\/yoast.com\/product\/yoast-seo-wordpress\/ -->\n<title>Papers - Consejo de Rectoras y Rectores de las Universidades Chilenas<\/title>\n<meta name=\"robots\" content=\"index, follow, max-snippet:-1, max-image-preview:large, max-video-preview:-1\" \/>\n<link rel=\"canonical\" href=\"https:\/\/consejoderectores.cl\/en\/pregrado-y-sellos-cruch\/papers\/\" \/>\n<meta property=\"og:locale\" content=\"en_US\" \/>\n<meta property=\"og:type\" content=\"article\" \/>\n<meta property=\"og:title\" content=\"Papers - Consejo de Rectoras y Rectores de las Universidades Chilenas\" \/>\n<meta property=\"og:description\" content=\"Zapata, G., F\u00f6rster, C., Letelier, C., Del Valle, R., Salazar, J. M., &amp; Uribe, D. (2023). Acceso y uso de informaci\u00f3n sobre compromiso estudiantil para la gesti\u00f3n en docencia universitaria. Calidad en la educaci\u00f3n, (58), 310-349. https:\/\/www.calidadenlaeducacion.cl\/index.php\/rce\/article\/view\/1330\/762 Zapata, G., Leihy, P., Salazar, J. &amp; Espinoza, D. (2022). Disciplinary diversity in Chilean undergraduate student engagement. Education [&hellip;]\" \/>\n<meta property=\"og:url\" content=\"https:\/\/consejoderectores.cl\/en\/pregrado-y-sellos-cruch\/papers\/\" \/>\n<meta property=\"og:site_name\" content=\"Consejo de Rectoras y Rectores de las Universidades Chilenas\" \/>\n<meta property=\"article:modified_time\" content=\"2024-10-22T13:00:05+00:00\" \/>\n<meta name=\"twitter:card\" content=\"summary_large_image\" \/>\n<meta name=\"twitter:site\" content=\"@CRUCH_cl\" \/>\n<meta name=\"twitter:label1\" content=\"Est. reading time\" \/>\n\t<meta name=\"twitter:data1\" content=\"1 minute\" \/>\n<script type=\"application\/ld+json\" class=\"yoast-schema-graph\">{\"@context\":\"https:\/\/schema.org\",\"@graph\":[{\"@type\":\"WebPage\",\"@id\":\"https:\/\/consejoderectores.cl\/pregrado-y-sellos-cruch\/papers\/\",\"url\":\"https:\/\/consejoderectores.cl\/pregrado-y-sellos-cruch\/papers\/\",\"name\":\"Papers - Consejo de Rectoras y Rectores de las Universidades Chilenas\",\"isPartOf\":{\"@id\":\"https:\/\/consejoderectores.cl\/en\/#website\"},\"datePublished\":\"2022-01-18T03:58:29+00:00\",\"dateModified\":\"2024-10-22T13:00:05+00:00\",\"breadcrumb\":{\"@id\":\"https:\/\/consejoderectores.cl\/pregrado-y-sellos-cruch\/papers\/#breadcrumb\"},\"inLanguage\":\"en-US\",\"potentialAction\":[{\"@type\":\"ReadAction\",\"target\":[\"https:\/\/consejoderectores.cl\/pregrado-y-sellos-cruch\/papers\/\"]}]},{\"@type\":\"BreadcrumbList\",\"@id\":\"https:\/\/consejoderectores.cl\/pregrado-y-sellos-cruch\/papers\/#breadcrumb\",\"itemListElement\":[{\"@type\":\"ListItem\",\"position\":1,\"name\":\"Home\",\"item\":\"https:\/\/consejoderectores.cl\/\"},{\"@type\":\"ListItem\",\"position\":2,\"name\":\"Encuesta Nacional de Compromiso Estudiantil (ENCE)\",\"item\":\"https:\/\/consejoderectores.cl\/pregrado-y-sellos-cruch\/\"},{\"@type\":\"ListItem\",\"position\":3,\"name\":\"Papers\"}]},{\"@type\":\"WebSite\",\"@id\":\"https:\/\/consejoderectores.cl\/en\/#website\",\"url\":\"https:\/\/consejoderectores.cl\/en\/\",\"name\":\"Consejo de Rectoras y Rectores de las Universidades Chilenas\",\"description\":\"\",\"publisher\":{\"@id\":\"https:\/\/consejoderectores.cl\/en\/#organization\"},\"potentialAction\":[{\"@type\":\"SearchAction\",\"target\":{\"@type\":\"EntryPoint\",\"urlTemplate\":\"https:\/\/consejoderectores.cl\/en\/?s={search_term_string}\"},\"query-input\":{\"@type\":\"PropertyValueSpecification\",\"valueRequired\":true,\"valueName\":\"search_term_string\"}}],\"inLanguage\":\"en-US\"},{\"@type\":\"Organization\",\"@id\":\"https:\/\/consejoderectores.cl\/en\/#organization\",\"name\":\"Consejo de Rectoras y Rectores de las Universidades Chilenas\",\"url\":\"https:\/\/consejoderectores.cl\/en\/\",\"logo\":{\"@type\":\"ImageObject\",\"inLanguage\":\"en-US\",\"@id\":\"https:\/\/consejoderectores.cl\/en\/#\/schema\/logo\/image\/\",\"url\":\"https:\/\/consejoderectores.cl\/wp-content\/uploads\/2025\/12\/logoheader_2025.png\",\"contentUrl\":\"https:\/\/consejoderectores.cl\/wp-content\/uploads\/2025\/12\/logoheader_2025.png\",\"width\":666,\"height\":305,\"caption\":\"Consejo de Rectoras y Rectores de las Universidades Chilenas\"},\"image\":{\"@id\":\"https:\/\/consejoderectores.cl\/en\/#\/schema\/logo\/image\/\"},\"sameAs\":[\"https:\/\/x.com\/CRUCH_cl\",\"https:\/\/www.instagram.com\/consejoderectores\/\",\"https:\/\/www.linkedin.com\/company\/cruch\/\",\"https:\/\/www.youtube.com\/channel\/UCzgIFRCsDlKoFpimiQmEaOA\"]}]}<\/script>\n<!-- \/ Yoast SEO plugin. -->","yoast_head_json":{"title":"Papers - Consejo de Rectoras y Rectores de las Universidades Chilenas","robots":{"index":"index","follow":"follow","max-snippet":"max-snippet:-1","max-image-preview":"max-image-preview:large","max-video-preview":"max-video-preview:-1"},"canonical":"https:\/\/consejoderectores.cl\/en\/pregrado-y-sellos-cruch\/papers\/","og_locale":"en_US","og_type":"article","og_title":"Papers - Consejo de Rectoras y Rectores de las Universidades Chilenas","og_description":"Zapata, G., F\u00f6rster, C., Letelier, C., Del Valle, R., Salazar, J. M., &amp; Uribe, D. (2023). Acceso y uso de informaci\u00f3n sobre compromiso estudiantil para la gesti\u00f3n en docencia universitaria. Calidad en la educaci\u00f3n, (58), 310-349. https:\/\/www.calidadenlaeducacion.cl\/index.php\/rce\/article\/view\/1330\/762 Zapata, G., Leihy, P., Salazar, J. &amp; Espinoza, D. (2022). Disciplinary diversity in Chilean undergraduate student engagement. Education [&hellip;]","og_url":"https:\/\/consejoderectores.cl\/en\/pregrado-y-sellos-cruch\/papers\/","og_site_name":"Consejo de Rectoras y Rectores de las Universidades Chilenas","article_modified_time":"2024-10-22T13:00:05+00:00","twitter_card":"summary_large_image","twitter_site":"@CRUCH_cl","twitter_misc":{"Est. reading time":"1 minute"},"schema":{"@context":"https:\/\/schema.org","@graph":[{"@type":"WebPage","@id":"https:\/\/consejoderectores.cl\/pregrado-y-sellos-cruch\/papers\/","url":"https:\/\/consejoderectores.cl\/pregrado-y-sellos-cruch\/papers\/","name":"Papers - Consejo de Rectoras y Rectores de las Universidades Chilenas","isPartOf":{"@id":"https:\/\/consejoderectores.cl\/en\/#website"},"datePublished":"2022-01-18T03:58:29+00:00","dateModified":"2024-10-22T13:00:05+00:00","breadcrumb":{"@id":"https:\/\/consejoderectores.cl\/pregrado-y-sellos-cruch\/papers\/#breadcrumb"},"inLanguage":"en-US","potentialAction":[{"@type":"ReadAction","target":["https:\/\/consejoderectores.cl\/pregrado-y-sellos-cruch\/papers\/"]}]},{"@type":"BreadcrumbList","@id":"https:\/\/consejoderectores.cl\/pregrado-y-sellos-cruch\/papers\/#breadcrumb","itemListElement":[{"@type":"ListItem","position":1,"name":"Home","item":"https:\/\/consejoderectores.cl\/"},{"@type":"ListItem","position":2,"name":"Encuesta Nacional de Compromiso Estudiantil (ENCE)","item":"https:\/\/consejoderectores.cl\/pregrado-y-sellos-cruch\/"},{"@type":"ListItem","position":3,"name":"Papers"}]},{"@type":"WebSite","@id":"https:\/\/consejoderectores.cl\/en\/#website","url":"https:\/\/consejoderectores.cl\/en\/","name":"Council of Rectors of Chilean Universities","description":"","publisher":{"@id":"https:\/\/consejoderectores.cl\/en\/#organization"},"potentialAction":[{"@type":"SearchAction","target":{"@type":"EntryPoint","urlTemplate":"https:\/\/consejoderectores.cl\/en\/?s={search_term_string}"},"query-input":{"@type":"PropertyValueSpecification","valueRequired":true,"valueName":"search_term_string"}}],"inLanguage":"en-US"},{"@type":"Organization","@id":"https:\/\/consejoderectores.cl\/en\/#organization","name":"Council of Rectors of Chilean Universities","url":"https:\/\/consejoderectores.cl\/en\/","logo":{"@type":"ImageObject","inLanguage":"en-US","@id":"https:\/\/consejoderectores.cl\/en\/#\/schema\/logo\/image\/","url":"https:\/\/consejoderectores.cl\/wp-content\/uploads\/2025\/12\/logoheader_2025.png","contentUrl":"https:\/\/consejoderectores.cl\/wp-content\/uploads\/2025\/12\/logoheader_2025.png","width":666,"height":305,"caption":"Consejo de Rectoras y Rectores de las Universidades Chilenas"},"image":{"@id":"https:\/\/consejoderectores.cl\/en\/#\/schema\/logo\/image\/"},"sameAs":["https:\/\/x.com\/CRUCH_cl","https:\/\/www.instagram.com\/consejoderectores\/","https:\/\/www.linkedin.com\/company\/cruch\/","https:\/\/www.youtube.com\/channel\/UCzgIFRCsDlKoFpimiQmEaOA"]}]}},"_links":{"self":[{"href":"https:\/\/consejoderectores.cl\/en\/wp-json\/wp\/v2\/pages\/5423","targetHints":{"allow":["GET"]}}],"collection":[{"href":"https:\/\/consejoderectores.cl\/en\/wp-json\/wp\/v2\/pages"}],"about":[{"href":"https:\/\/consejoderectores.cl\/en\/wp-json\/wp\/v2\/types\/page"}],"author":[{"embeddable":true,"href":"https:\/\/consejoderectores.cl\/en\/wp-json\/wp\/v2\/users\/1"}],"replies":[{"embeddable":true,"href":"https:\/\/consejoderectores.cl\/en\/wp-json\/wp\/v2\/comments?post=5423"}],"version-history":[{"count":16,"href":"https:\/\/consejoderectores.cl\/en\/wp-json\/wp\/v2\/pages\/5423\/revisions"}],"predecessor-version":[{"id":11918,"href":"https:\/\/consejoderectores.cl\/en\/wp-json\/wp\/v2\/pages\/5423\/revisions\/11918"}],"up":[{"embeddable":true,"href":"https:\/\/consejoderectores.cl\/en\/wp-json\/wp\/v2\/pages\/1001"}],"wp:attachment":[{"href":"https:\/\/consejoderectores.cl\/en\/wp-json\/wp\/v2\/media?parent=5423"}],"curies":[{"name":"wp","href":"https:\/\/api.w.org\/{rel}","templated":true}]}}