{"id":520,"date":"2021-02-10T14:44:45","date_gmt":"2021-02-10T14:44:45","guid":{"rendered":"https:\/\/www.consejoderectores.cl\/?page_id=520"},"modified":"2023-07-12T15:01:47","modified_gmt":"2023-07-12T15:01:47","slug":"funciones","status":"publish","type":"page","link":"https:\/\/consejoderectores.cl\/en\/el-consejo\/funciones\/","title":{"rendered":"Features"},"content":{"rendered":"<div class=\"vce-row-container\" data-vce-boxed-width=\"true\"><div class=\"vce-row vce-row--col-gap-30 vce-row-content--top\" id=\"el-ead40eb9\" data-vce-do-apply=\"all el-ead40eb9\"><div class=\"vce-row-content\" data-vce-element-content=\"true\"><div class=\"vce-col vce-col--md-75p vce-col--xs-1 vce-col--xs-last vce-col--xs-first vce-col--sm-last vce-col--sm-first vce-col--md-first vce-col--lg-first vce-col--xl-first\" id=\"el-92c7af89\"><div class=\"vce-col-inner\" data-vce-do-apply=\"border margin background  el-92c7af89\"><div class=\"vce-col-content\" data-vce-element-content=\"true\" data-vce-do-apply=\"padding el-92c7af89\"><div class=\"vce-text-block\"><div class=\"vce-text-block-wrapper vce\" id=\"el-109cb79e\" data-vce-do-apply=\"all el-109cb79e\"><p style=\"text-align: justify;\">The General Secretariat (SG) of the Council of Rectors is in charge of the administration of this public body.<\/p><p style=\"text-align: justify;\">Among its main areas of work, the following stand out:<\/p><ul><li>Execute the agreements of the authorities of the Council of Rectors<\/li><li>Lead projects that promote the fulfillment of the role of the Council of Rectors<\/li><li>Prepare studies and their dissemination<\/li><li>Articulate collaboration and development initiatives among the universities that make up the Council<\/li><li>Coordinate with public entities in the field of Higher Education<\/li><li>Build networks internationally<\/li><\/ul><\/div><\/div><\/div><\/div><\/div><div class=\"vce-col vce-col--md-25p vce-col--xs-1 vce-col--xs-last vce-col--xs-first vce-col--sm-last vce-col--sm-first vce-col--md-last vce-col--lg-last vce-col--xl-last col-menu\" id=\"el-f6688784\"><div class=\"vce-col-inner\" data-vce-do-apply=\"border margin background  el-f6688784\"><div class=\"vce-col-content\" data-vce-element-content=\"true\" data-vce-do-apply=\"padding el-f6688784\"><div class=\"vce-text-block\"><div class=\"vce-text-block-wrapper vce\" id=\"el-2d15790e\" data-vce-do-apply=\"all el-2d15790e\"><p>The advice<\/p><\/div><\/div><div class=\"vce-shortcode\"><div class=\"vce-shortcode-wrapper vce\" id=\"el-e098fe11\" data-vce-do-apply=\"all el-e098fe11\"><button class=\"bellows-menu-toggle bellows-menu-toggle-skin-blue-material\" aria-controls=\"bellows-main-5\"><i class=\"fa fa-bars\"><\/i> <span class=\"bellows-menu-toggle-text\">Menu<\/span><\/button><nav id=\"bellows-main-5\" class=\"bellows bellows-nojs bellows-main bellows-source-menu bellows-align-full bellows-skin-blue-material bellows-type- bellows-expand-current bellows-mobile-collapse\"><ul id=\"menu-submenu-el-consejo\" class=\"bellows-nav\" data-bellows-config=\"main\"><li id=\"menu-item-105\" class=\"bellows-menu-item bellows-menu-item-type-post_type bellows-menu-item-object-page bellows-menu-item-105 bellows-item-level-0\"><a  href=\"https:\/\/consejoderectores.cl\/en\/el-consejo\/quienes-somos\/\" class=\"bellows-target\" data-ps2id-api=\"true\"><span class=\"bellows-target-title bellows-target-text\">Who we are<\/span><\/a><\/li>\n<li id=\"menu-item-109\" class=\"bellows-menu-item bellows-menu-item-type-post_type bellows-menu-item-object-page bellows-menu-item-109 bellows-item-level-0\"><a  href=\"https:\/\/consejoderectores.cl\/en\/el-consejo\/rectores-del-cruch\/\" class=\"bellows-target\" data-ps2id-api=\"true\"><span class=\"bellows-target-title bellows-target-text\">Rectors of the CRUCH<\/span><\/a><\/li>\n<li id=\"menu-item-120\" class=\"bellows-menu-item bellows-menu-item-type-post_type bellows-menu-item-object-page bellows-menu-item-120 bellows-item-level-0\"><a  href=\"https:\/\/consejoderectores.cl\/en\/el-consejo\/presidencia-y-vicepresidencia\/\" class=\"bellows-target\" data-ps2id-api=\"true\"><span class=\"bellows-target-title bellows-target-text\">Presidency and Vice-Presidency<\/span><\/a><\/li>\n<li id=\"menu-item-121\" class=\"bellows-menu-item bellows-menu-item-type-post_type bellows-menu-item-object-page bellows-menu-item-121 bellows-item-level-0\"><a  href=\"https:\/\/consejoderectores.cl\/en\/el-consejo\/comite-ejecutivo\/\" class=\"bellows-target\" data-ps2id-api=\"true\"><span class=\"bellows-target-title bellows-target-text\">Executive committee<\/span><\/a><\/li>\n<li id=\"menu-item-122\" class=\"bellows-menu-item bellows-menu-item-type-post_type bellows-menu-item-object-page bellows-menu-item-has-children bellows-menu-item-122 bellows-item-level-0\"><a  href=\"https:\/\/consejoderectores.cl\/en\/el-consejo\/actas-cruch-pag-2\/\" class=\"bellows-target\" data-ps2id-api=\"true\"><span class=\"bellows-target-title bellows-target-text\">Minutes CRUCH<\/span><button class=\"bellows-subtoggle\" aria-label=\"Toggle Submenu\"><i class=\"bellows-subtoggle-icon-expand fa fa-chevron-down\"><\/i><i class=\"bellows-subtoggle-icon-collapse fa fa-chevron-up\"><\/i><\/button><\/a>\n<ul class=\"bellows-submenu\">\n\t<li id=\"menu-item-7329\" class=\"bellows-menu-item bellows-menu-item-type-post_type bellows-menu-item-object-page bellows-menu-item-7329 bellows-item-level-1\"><a  href=\"https:\/\/consejoderectores.cl\/en\/el-consejo\/actas-cruch-pag-2\/actas-2023\/\" class=\"bellows-target\" data-ps2id-api=\"true\"><span class=\"bellows-target-title bellows-target-text\">Minutes 2023<\/span><\/a><\/li>\n\t<li id=\"menu-item-6165\" class=\"bellows-menu-item bellows-menu-item-type-post_type bellows-menu-item-object-page bellows-menu-item-6165 bellows-item-level-1\"><a  href=\"https:\/\/consejoderectores.cl\/en\/el-consejo\/actas-cruch-pag-2\/actas-2022\/\" class=\"bellows-target\" data-ps2id-api=\"true\"><span class=\"bellows-target-title bellows-target-text\">Minutes 2022<\/span><\/a><\/li>\n\t<li id=\"menu-item-1574\" class=\"bellows-menu-item bellows-menu-item-type-post_type bellows-menu-item-object-page bellows-menu-item-1574 bellows-item-level-1\"><a  href=\"https:\/\/consejoderectores.cl\/en\/el-consejo\/actas-cruch-pag-2\/actas-2021\/\" class=\"bellows-target\" data-ps2id-api=\"true\"><span class=\"bellows-target-title bellows-target-text\">Minutes 2021<\/span><\/a><\/li>\n\t<li id=\"menu-item-543\" class=\"bellows-menu-item bellows-menu-item-type-post_type bellows-menu-item-object-page bellows-menu-item-543 bellows-item-level-1\"><a  href=\"https:\/\/consejoderectores.cl\/en\/el-consejo\/actas-cruch-pag-2\/actas-2020\/\" class=\"bellows-target\" data-ps2id-api=\"true\"><span class=\"bellows-target-title bellows-target-text\">Minutes 2020<\/span><\/a><\/li>\n\t<li id=\"menu-item-563\" class=\"bellows-menu-item bellows-menu-item-type-post_type bellows-menu-item-object-page bellows-menu-item-563 bellows-item-level-1\"><a  href=\"https:\/\/consejoderectores.cl\/en\/el-consejo\/actas-cruch-pag-2\/actas-2019\/\" class=\"bellows-target\" data-ps2id-api=\"true\"><span class=\"bellows-target-title bellows-target-text\">Minutes 2019<\/span><\/a><\/li>\n\t<li id=\"menu-item-562\" class=\"bellows-menu-item bellows-menu-item-type-post_type bellows-menu-item-object-page bellows-menu-item-562 bellows-item-level-1\"><a  href=\"https:\/\/consejoderectores.cl\/en\/el-consejo\/actas-cruch-pag-2\/actas-2018\/\" class=\"bellows-target\" data-ps2id-api=\"true\"><span class=\"bellows-target-title bellows-target-text\">Minutes 2018<\/span><\/a><\/li>\n\t<li id=\"menu-item-580\" class=\"bellows-menu-item bellows-menu-item-type-post_type bellows-menu-item-object-page bellows-menu-item-580 bellows-item-level-1\"><a  href=\"https:\/\/consejoderectores.cl\/en\/el-consejo\/actas-cruch-pag-2\/actas-2017\/\" class=\"bellows-target\" data-ps2id-api=\"true\"><span class=\"bellows-target-title bellows-target-text\">Minutes 2017<\/span><\/a><\/li>\n\t<li id=\"menu-item-579\" class=\"bellows-menu-item bellows-menu-item-type-post_type bellows-menu-item-object-page bellows-menu-item-579 bellows-item-level-1\"><a  href=\"https:\/\/consejoderectores.cl\/en\/el-consejo\/actas-cruch-pag-2\/actas-2016\/\" class=\"bellows-target\" data-ps2id-api=\"true\"><span class=\"bellows-target-title bellows-target-text\">Minutes 2016<\/span><\/a><\/li>\n\t<li id=\"menu-item-578\" class=\"bellows-menu-item bellows-menu-item-type-post_type bellows-menu-item-object-page bellows-menu-item-578 bellows-item-level-1\"><a  href=\"https:\/\/consejoderectores.cl\/en\/el-consejo\/actas-cruch-pag-2\/actas-2015\/\" class=\"bellows-target\" data-ps2id-api=\"true\"><span class=\"bellows-target-title bellows-target-text\">Minutes 2015<\/span><\/a><\/li>\n\t<li id=\"menu-item-577\" class=\"bellows-menu-item bellows-menu-item-type-post_type bellows-menu-item-object-page bellows-menu-item-577 bellows-item-level-1\"><a  href=\"https:\/\/consejoderectores.cl\/en\/el-consejo\/actas-cruch-pag-2\/actas-2014\/\" class=\"bellows-target\" data-ps2id-api=\"true\"><span class=\"bellows-target-title bellows-target-text\">Minutes 2014<\/span><\/a><\/li>\n\t<li id=\"menu-item-606\" class=\"bellows-menu-item bellows-menu-item-type-post_type bellows-menu-item-object-page bellows-menu-item-606 bellows-item-level-1\"><a  href=\"https:\/\/consejoderectores.cl\/en\/el-consejo\/actas-cruch-pag-2\/actas-2013\/\" class=\"bellows-target\" data-ps2id-api=\"true\"><span class=\"bellows-target-title bellows-target-text\">Minutes 2013<\/span><\/a><\/li>\n\t<li id=\"menu-item-605\" class=\"bellows-menu-item bellows-menu-item-type-post_type bellows-menu-item-object-page bellows-menu-item-605 bellows-item-level-1\"><a  href=\"https:\/\/consejoderectores.cl\/en\/el-consejo\/actas-cruch-pag-2\/actas-2012\/\" class=\"bellows-target\" data-ps2id-api=\"true\"><span class=\"bellows-target-title bellows-target-text\">Minutes 2012<\/span><\/a><\/li>\n<\/ul>\n<\/li>\n<li id=\"menu-item-525\" class=\"bellows-menu-item bellows-menu-item-type-post_type bellows-menu-item-object-page bellows-menu-item-525 bellows-item-level-0\"><a  href=\"https:\/\/consejoderectores.cl\/en\/el-consejo\/funciones\/\" class=\"bellows-target\" data-ps2id-api=\"true\"><span class=\"bellows-target-title bellows-target-text\">Features<\/span><\/a><\/li>\n<li id=\"menu-item-2043\" class=\"bellows-menu-item bellows-menu-item-type-post_type bellows-menu-item-object-page bellows-menu-item-2043 bellows-item-level-0\"><a  href=\"https:\/\/consejoderectores.cl\/en\/el-consejo\/organizacion\/\" class=\"bellows-target\" data-ps2id-api=\"true\"><span class=\"bellows-target-title bellows-target-text\">Organization<\/span><\/a><\/li>\n<\/ul><\/nav><\/div><\/div><\/div><\/div><\/div><\/div><\/div><\/div><div class=\"vce-row-container\" data-vce-boxed-width=\"true\"><div class=\"vce-row vce-row--col-gap-30 vce-row-equal-height vce-row-content--top\" id=\"el-d081a17b\" data-vce-do-apply=\"all el-d081a17b\"><div class=\"vce-row-content\" data-vce-element-content=\"true\"><div class=\"vce-col vce-col--md-auto vce-col--xs-1 vce-col--xs-last vce-col--xs-first vce-col--sm-last vce-col--sm-first vce-col--md-last vce-col--lg-last vce-col--xl-last vce-col--md-first vce-col--lg-first vce-col--xl-first\" id=\"el-9e46834d\"><div class=\"vce-col-inner\" data-vce-do-apply=\"border margin background  el-9e46834d\"><div class=\"vce-col-content\" data-vce-element-content=\"true\" data-vce-do-apply=\"padding el-9e46834d\"><div><\/div><\/div><\/div><\/div><\/div><\/div><\/div>","protected":false},"excerpt":{"rendered":"<p>La Secretar\u00eda General (SG) del Consejo de Rectoras y Rectores est\u00e1 encargada de la administraci\u00f3n de este organismo p\u00fablico.Entre sus principales \u00e1mbitos de trabajo, destacan los siguientes:Ejecutar los acuerdos de las autoridades del Consejo de RectoresLiderar proyectos que promocionen el cumplimiento del rol del Consejo de RectoresElaborar estudios y su difusi\u00f3nArticular iniciativas de colaboraci\u00f3n y [&hellip;]<\/p>\n","protected":false},"author":1,"featured_media":0,"parent":14,"menu_order":0,"comment_status":"closed","ping_status":"closed","template":"page-full.php","meta":{"_acf_changed":false,"footnotes":""},"class_list":["post-520","page","type-page","status-publish","hentry"],"acf":[],"yoast_head":"<!-- This site is optimized with the Yoast SEO plugin v27.1.1 - https:\/\/yoast.com\/product\/yoast-seo-wordpress\/ -->\n<title>Funciones - Consejo de Rectoras y Rectores de las Universidades Chilenas<\/title>\n<meta name=\"robots\" content=\"index, follow, max-snippet:-1, max-image-preview:large, max-video-preview:-1\" \/>\n<link rel=\"canonical\" href=\"https:\/\/consejoderectores.cl\/en\/el-consejo\/secretaria-general__trashed\/funciones\/\" \/>\n<meta property=\"og:locale\" content=\"en_US\" \/>\n<meta property=\"og:type\" content=\"article\" \/>\n<meta property=\"og:title\" content=\"Funciones - Consejo de Rectoras y Rectores de las Universidades Chilenas\" \/>\n<meta property=\"og:description\" content=\"La Secretar\u00eda General (SG) del Consejo de Rectoras y Rectores est\u00e1 encargada de la administraci\u00f3n de este organismo p\u00fablico.Entre sus principales \u00e1mbitos de trabajo, destacan los siguientes:Ejecutar los acuerdos de las autoridades del Consejo de RectoresLiderar proyectos que promocionen el cumplimiento del rol del Consejo de RectoresElaborar estudios y su difusi\u00f3nArticular iniciativas de colaboraci\u00f3n y [&hellip;]\" \/>\n<meta property=\"og:url\" content=\"https:\/\/consejoderectores.cl\/en\/el-consejo\/secretaria-general__trashed\/funciones\/\" \/>\n<meta property=\"og:site_name\" content=\"Consejo de Rectoras y Rectores de las Universidades Chilenas\" \/>\n<meta property=\"article:modified_time\" content=\"2023-07-12T15:01:47+00:00\" \/>\n<meta name=\"twitter:card\" content=\"summary_large_image\" \/>\n<meta name=\"twitter:site\" content=\"@CRUCH_cl\" \/>\n<script type=\"application\/ld+json\" class=\"yoast-schema-graph\">{\"@context\":\"https:\/\/schema.org\",\"@graph\":[{\"@type\":\"WebPage\",\"@id\":\"https:\/\/consejoderectores.cl\/el-consejo\/secretaria-general__trashed\/funciones\/\",\"url\":\"https:\/\/consejoderectores.cl\/el-consejo\/secretaria-general__trashed\/funciones\/\",\"name\":\"Funciones - Consejo de Rectoras y Rectores de las Universidades Chilenas\",\"isPartOf\":{\"@id\":\"https:\/\/consejoderectores.cl\/en\/#website\"},\"datePublished\":\"2021-02-10T14:44:45+00:00\",\"dateModified\":\"2023-07-12T15:01:47+00:00\",\"breadcrumb\":{\"@id\":\"https:\/\/consejoderectores.cl\/el-consejo\/secretaria-general__trashed\/funciones\/#breadcrumb\"},\"inLanguage\":\"en-US\",\"potentialAction\":[{\"@type\":\"ReadAction\",\"target\":[\"https:\/\/consejoderectores.cl\/el-consejo\/secretaria-general__trashed\/funciones\/\"]}]},{\"@type\":\"BreadcrumbList\",\"@id\":\"https:\/\/consejoderectores.cl\/el-consejo\/secretaria-general__trashed\/funciones\/#breadcrumb\",\"itemListElement\":[{\"@type\":\"ListItem\",\"position\":1,\"name\":\"Home\",\"item\":\"https:\/\/consejoderectores.cl\/\"},{\"@type\":\"ListItem\",\"position\":2,\"name\":\"El Consejo\",\"item\":\"https:\/\/consejoderectores.cl\/el-consejo\/\"},{\"@type\":\"ListItem\",\"position\":3,\"name\":\"Funciones\"}]},{\"@type\":\"WebSite\",\"@id\":\"https:\/\/consejoderectores.cl\/en\/#website\",\"url\":\"https:\/\/consejoderectores.cl\/en\/\",\"name\":\"Consejo de Rectoras y Rectores de las Universidades Chilenas\",\"description\":\"\",\"publisher\":{\"@id\":\"https:\/\/consejoderectores.cl\/en\/#organization\"},\"potentialAction\":[{\"@type\":\"SearchAction\",\"target\":{\"@type\":\"EntryPoint\",\"urlTemplate\":\"https:\/\/consejoderectores.cl\/en\/?s={search_term_string}\"},\"query-input\":{\"@type\":\"PropertyValueSpecification\",\"valueRequired\":true,\"valueName\":\"search_term_string\"}}],\"inLanguage\":\"en-US\"},{\"@type\":\"Organization\",\"@id\":\"https:\/\/consejoderectores.cl\/en\/#organization\",\"name\":\"Consejo de Rectoras y Rectores de las Universidades Chilenas\",\"url\":\"https:\/\/consejoderectores.cl\/en\/\",\"logo\":{\"@type\":\"ImageObject\",\"inLanguage\":\"en-US\",\"@id\":\"https:\/\/consejoderectores.cl\/en\/#\/schema\/logo\/image\/\",\"url\":\"https:\/\/consejoderectores.cl\/wp-content\/uploads\/2025\/12\/logoheader_2025.png\",\"contentUrl\":\"https:\/\/consejoderectores.cl\/wp-content\/uploads\/2025\/12\/logoheader_2025.png\",\"width\":666,\"height\":305,\"caption\":\"Consejo de Rectoras y Rectores de las Universidades Chilenas\"},\"image\":{\"@id\":\"https:\/\/consejoderectores.cl\/en\/#\/schema\/logo\/image\/\"},\"sameAs\":[\"https:\/\/x.com\/CRUCH_cl\",\"https:\/\/www.instagram.com\/consejoderectores\/\",\"https:\/\/www.linkedin.com\/company\/cruch\/\",\"https:\/\/www.youtube.com\/channel\/UCzgIFRCsDlKoFpimiQmEaOA\"]}]}<\/script>\n<!-- \/ Yoast SEO plugin. -->","yoast_head_json":{"title":"Funciones - Consejo de Rectoras y Rectores de las Universidades Chilenas","robots":{"index":"index","follow":"follow","max-snippet":"max-snippet:-1","max-image-preview":"max-image-preview:large","max-video-preview":"max-video-preview:-1"},"canonical":"https:\/\/consejoderectores.cl\/en\/el-consejo\/secretaria-general__trashed\/funciones\/","og_locale":"en_US","og_type":"article","og_title":"Funciones - Consejo de Rectoras y Rectores de las Universidades Chilenas","og_description":"La Secretar\u00eda General (SG) del Consejo de Rectoras y Rectores est\u00e1 encargada de la administraci\u00f3n de este organismo p\u00fablico.Entre sus principales \u00e1mbitos de trabajo, destacan los siguientes:Ejecutar los acuerdos de las autoridades del Consejo de RectoresLiderar proyectos que promocionen el cumplimiento del rol del Consejo de RectoresElaborar estudios y su difusi\u00f3nArticular iniciativas de colaboraci\u00f3n y [&hellip;]","og_url":"https:\/\/consejoderectores.cl\/en\/el-consejo\/secretaria-general__trashed\/funciones\/","og_site_name":"Consejo de Rectoras y Rectores de las Universidades Chilenas","article_modified_time":"2023-07-12T15:01:47+00:00","twitter_card":"summary_large_image","twitter_site":"@CRUCH_cl","schema":{"@context":"https:\/\/schema.org","@graph":[{"@type":"WebPage","@id":"https:\/\/consejoderectores.cl\/el-consejo\/secretaria-general__trashed\/funciones\/","url":"https:\/\/consejoderectores.cl\/el-consejo\/secretaria-general__trashed\/funciones\/","name":"Funciones - Consejo de Rectoras y Rectores de las Universidades Chilenas","isPartOf":{"@id":"https:\/\/consejoderectores.cl\/en\/#website"},"datePublished":"2021-02-10T14:44:45+00:00","dateModified":"2023-07-12T15:01:47+00:00","breadcrumb":{"@id":"https:\/\/consejoderectores.cl\/el-consejo\/secretaria-general__trashed\/funciones\/#breadcrumb"},"inLanguage":"en-US","potentialAction":[{"@type":"ReadAction","target":["https:\/\/consejoderectores.cl\/el-consejo\/secretaria-general__trashed\/funciones\/"]}]},{"@type":"BreadcrumbList","@id":"https:\/\/consejoderectores.cl\/el-consejo\/secretaria-general__trashed\/funciones\/#breadcrumb","itemListElement":[{"@type":"ListItem","position":1,"name":"Home","item":"https:\/\/consejoderectores.cl\/"},{"@type":"ListItem","position":2,"name":"El Consejo","item":"https:\/\/consejoderectores.cl\/el-consejo\/"},{"@type":"ListItem","position":3,"name":"Funciones"}]},{"@type":"WebSite","@id":"https:\/\/consejoderectores.cl\/en\/#website","url":"https:\/\/consejoderectores.cl\/en\/","name":"Council of Rectors of Chilean Universities","description":"","publisher":{"@id":"https:\/\/consejoderectores.cl\/en\/#organization"},"potentialAction":[{"@type":"SearchAction","target":{"@type":"EntryPoint","urlTemplate":"https:\/\/consejoderectores.cl\/en\/?s={search_term_string}"},"query-input":{"@type":"PropertyValueSpecification","valueRequired":true,"valueName":"search_term_string"}}],"inLanguage":"en-US"},{"@type":"Organization","@id":"https:\/\/consejoderectores.cl\/en\/#organization","name":"Council of Rectors of Chilean Universities","url":"https:\/\/consejoderectores.cl\/en\/","logo":{"@type":"ImageObject","inLanguage":"en-US","@id":"https:\/\/consejoderectores.cl\/en\/#\/schema\/logo\/image\/","url":"https:\/\/consejoderectores.cl\/wp-content\/uploads\/2025\/12\/logoheader_2025.png","contentUrl":"https:\/\/consejoderectores.cl\/wp-content\/uploads\/2025\/12\/logoheader_2025.png","width":666,"height":305,"caption":"Consejo de Rectoras y Rectores de las Universidades Chilenas"},"image":{"@id":"https:\/\/consejoderectores.cl\/en\/#\/schema\/logo\/image\/"},"sameAs":["https:\/\/x.com\/CRUCH_cl","https:\/\/www.instagram.com\/consejoderectores\/","https:\/\/www.linkedin.com\/company\/cruch\/","https:\/\/www.youtube.com\/channel\/UCzgIFRCsDlKoFpimiQmEaOA"]}]}},"_links":{"self":[{"href":"https:\/\/consejoderectores.cl\/en\/wp-json\/wp\/v2\/pages\/520","targetHints":{"allow":["GET"]}}],"collection":[{"href":"https:\/\/consejoderectores.cl\/en\/wp-json\/wp\/v2\/pages"}],"about":[{"href":"https:\/\/consejoderectores.cl\/en\/wp-json\/wp\/v2\/types\/page"}],"author":[{"embeddable":true,"href":"https:\/\/consejoderectores.cl\/en\/wp-json\/wp\/v2\/users\/1"}],"replies":[{"embeddable":true,"href":"https:\/\/consejoderectores.cl\/en\/wp-json\/wp\/v2\/comments?post=520"}],"version-history":[{"count":5,"href":"https:\/\/consejoderectores.cl\/en\/wp-json\/wp\/v2\/pages\/520\/revisions"}],"predecessor-version":[{"id":7961,"href":"https:\/\/consejoderectores.cl\/en\/wp-json\/wp\/v2\/pages\/520\/revisions\/7961"}],"up":[{"embeddable":true,"href":"https:\/\/consejoderectores.cl\/en\/wp-json\/wp\/v2\/pages\/14"}],"wp:attachment":[{"href":"https:\/\/consejoderectores.cl\/en\/wp-json\/wp\/v2\/media?parent=520"}],"curies":[{"name":"wp","href":"https:\/\/api.w.org\/{rel}","templated":true}]}}