{"id":462,"date":"2021-02-05T23:34:23","date_gmt":"2021-02-05T23:34:23","guid":{"rendered":"https:\/\/www.consejoderectores.cl\/?page_id=462"},"modified":"2024-01-15T12:33:31","modified_gmt":"2024-01-15T12:33:31","slug":"universidad-catolica-de-temuco","status":"publish","type":"page","link":"https:\/\/consejoderectores.cl\/en\/universidades\/universidad-catolica-de-temuco\/","title":{"rendered":"Catholic University of Temuco"},"content":{"rendered":"<div class=\"vce-row-container\" data-vce-boxed-width=\"true\"><div class=\"vce-row vce-row--col-gap-30 vce-row-equal-height vce-row-columns--top vce-row-content--top\" id=\"el-fcd89034\" data-vce-do-apply=\"all el-fcd89034\"><div class=\"vce-row-content\" data-vce-element-content=\"true\"><div class=\"vce-col vce-col--md-auto vce-col--xs-1 vce-col--xs-last vce-col--xs-first vce-col--sm-last vce-col--sm-first vce-col--md-last vce-col--lg-last vce-col--xl-last vce-col--md-first vce-col--lg-first vce-col--xl-first\" id=\"el-cfc5a0fe\"><div class=\"vce-col-inner\" data-vce-do-apply=\"border margin background  el-cfc5a0fe\"><div class=\"vce-col-content\" data-vce-element-content=\"true\" data-vce-do-apply=\"padding el-cfc5a0fe\"><div class=\"vce-single-image-container vce-single-image--align-left\"><div class=\"vce vce-single-image-wrapper\" id=\"el-45de4e20\" data-vce-do-apply=\"all el-45de4e20\"><figure><div class=\"vce-single-image-inner vce-single-image--absolute\" style=\"padding-bottom: 29.1667%; width: 1200px;\"><img decoding=\"async\" class=\"vce-single-image\" src=\"https:\/\/consejoderectores.cl\/wp-content\/uploads\/2021\/02\/banner-u_uctemuco.jpg\" data-img-src=\"https:\/\/consejoderectores.cl\/wp-content\/uploads\/2021\/02\/banner-u_uctemuco.jpg\" alt=\"\" title=\"banner-u_uctemuco\"><\/div><figcaption hidden=\"\"><\/figcaption><\/figure><\/div><\/div><\/div><\/div><\/div><\/div><\/div><\/div><div class=\"vce-row-container\" data-vce-boxed-width=\"true\"><div class=\"vce-row vce-row--col-gap-30 vce-row-equal-height vce-row-columns--top vce-row-content--top\" id=\"el-4523f0b0\" data-vce-do-apply=\"all el-4523f0b0\"><div class=\"vce-row-content\" data-vce-element-content=\"true\"><div class=\"vce-col vce-col--md-auto vce-col--xs-1 vce-col--xs-last vce-col--xs-first vce-col--sm-last vce-col--sm-first vce-col--md-first vce-col--lg-first vce-col--xl-first\" id=\"el-859f70a4\"><div class=\"vce-col-inner\" data-vce-do-apply=\"border margin background  el-859f70a4\"><div class=\"vce-col-content\" data-vce-element-content=\"true\" data-vce-do-apply=\"padding el-859f70a4\"><div class=\"vce-text-block\"><div class=\"vce-text-block-wrapper vce\" id=\"el-b3f402ef\" data-vce-do-apply=\"all el-b3f402ef\"><p style=\"text-align: justify;\">The Catholic University of Temuco has been founded by the Catholic Church, to serve the society of La Araucan\u00eda and the southern macro-region of the country, dedicating itself from its beginnings to &quot;the extensive training of future professionals, to the cultivation of ideas that open new grooves to knowledge, and to research that perfects life and institutions, generating new horizons and possibilities for their people and their territories \u201d.<\/p>\r\n<p style=\"text-align: justify;\">UC Temuco, which turned 55 in 2014, has a Christian humanist educational model that offers a solid academic and ethical training to its students, future professionals willing to serve and build a more just, developed and supportive society. It is linked to its social environment to understand and contribute to the solution of its problems, challenges and aspirations, inspired by the Social Doctrine of the Church. The University has developed a solid and genuine commitment to equity and inclusive access to higher education.<\/p>\r\n<p style=\"text-align: justify;\">Along these lines, the creation of the technical faculty stands out, with ten programs; the preparatory program, technical talents, pedagogical talents and the installation of the Program for Accompaniment and Effective Access (PACE), an emblematic government project that serves more than 3,500 students from vulnerable backgrounds.<\/p>\r\n<p style=\"text-align: justify;\">Five strategic decisions determine the long-term actions of the institution: a) improve and articulate the training work in a quality educational continuum; b) produce research with high regional impact; c) contribute to improving social coexistence in a multicultural region such as La Araucan\u00eda; d) consolidate national and international networks and e) develop institutional capacities.<\/p><\/div><\/div><\/div><\/div><\/div><div class=\"vce-col vce-col--md-auto vce-col--xs-1 vce-col--xs-last vce-col--xs-first vce-col--sm-last vce-col--sm-first vce-col--md-last vce-col--lg-last vce-col--xl-last\" id=\"el-6ec4c0c1\"><div class=\"vce-col-inner\" data-vce-do-apply=\"border margin background  el-6ec4c0c1\"><div class=\"vce-col-content\" data-vce-element-content=\"true\" data-vce-do-apply=\"padding el-6ec4c0c1\"><div class=\"vce-single-image-container vce-single-image--align-center\"><div class=\"vce vce-single-image-wrapper\" id=\"el-9daa5adf\" data-vce-do-apply=\"all el-9daa5adf\"><figure><div class=\"vce-single-image-inner vce-single-image--absolute\" style=\"padding-bottom: 100%; width: 150px;\"><img loading=\"lazy\" decoding=\"async\" class=\"vce-single-image\" width=\"150\" height=\"150\" src=\"https:\/\/consejoderectores.cl\/wp-content\/uploads\/2021\/02\/duo_catolicatemuco-150x150.jpg\" srcset=\"https:\/\/consejoderectores.cl\/wp-content\/uploads\/2021\/02\/duo_catolicatemuco-320x320.jpg 320w,https:\/\/consejoderectores.cl\/wp-content\/uploads\/2021\/02\/duo_catolicatemuco-480x480.jpg 480w,https:\/\/consejoderectores.cl\/wp-content\/uploads\/2021\/02\/duo_catolicatemuco-800x800.jpg 800w,https:\/\/consejoderectores.cl\/wp-content\/uploads\/2021\/02\/duo_catolicatemuco-150x150.jpg 150w,https:\/\/consejoderectores.cl\/wp-content\/uploads\/2021\/02\/duo_catolicatemuco-300x300.jpg 2x\" data-img-src=\"https:\/\/consejoderectores.cl\/wp-content\/uploads\/2021\/01\/duo_catolicatemuco.jpg\" alt=\"\" title=\"duo_catolicatemuco\" \/><\/div><figcaption hidden=\"\"><\/figcaption><\/figure><\/div><\/div><div class=\"vce-text-block\"><div class=\"vce-text-block-wrapper vce\" id=\"el-ae772806\" data-vce-do-apply=\"all el-ae772806\"><ul class=\"uInfo\"><li style=\"text-align: center;\">Manuel Montt 56, Temuco<\/li><li style=\"text-align: center;\">Phone: (56-45) 2205 205<\/li><li style=\"text-align: center;\"><a href=\"https:\/\/www.uct.cl\">www.uct.cl<\/a><\/li><\/ul><\/div><\/div><\/div><\/div><\/div><\/div><\/div><\/div>","protected":false},"excerpt":{"rendered":"<p>La Universidad Cat\u00f3lica de Temuco ha sido fundada por la Iglesia Cat\u00f3lica, para servir a la sociedad de La Araucan\u00eda y a la macroregi\u00f3n sur del pa\u00eds, dedic\u00e1ndose desde sus inicios a \u201cla formaci\u00f3n ampl\u00edsima de los futuros profesionales, al cultivo de las ideas que abren nuevos surcos al saber, y a la investigaci\u00f3n que [&hellip;]<\/p>\n","protected":false},"author":1,"featured_media":0,"parent":270,"menu_order":0,"comment_status":"closed","ping_status":"closed","template":"page-header.php","meta":{"_acf_changed":false,"footnotes":""},"class_list":["post-462","page","type-page","status-publish","hentry"],"acf":[],"yoast_head":"<!-- This site is optimized with the Yoast SEO plugin v27.1.1 - https:\/\/yoast.com\/product\/yoast-seo-wordpress\/ -->\n<title>Universidad Cat\u00f3lica de Temuco - Consejo de Rectoras y Rectores de las Universidades Chilenas<\/title>\n<meta name=\"robots\" content=\"index, follow, max-snippet:-1, max-image-preview:large, max-video-preview:-1\" \/>\n<link rel=\"canonical\" href=\"https:\/\/consejoderectores.cl\/en\/universidades\/universidad-catolica-de-temuco\/\" \/>\n<meta property=\"og:locale\" content=\"en_US\" \/>\n<meta property=\"og:type\" content=\"article\" \/>\n<meta property=\"og:title\" content=\"Universidad Cat\u00f3lica de Temuco - Consejo de Rectoras y Rectores de las Universidades Chilenas\" \/>\n<meta property=\"og:description\" content=\"La Universidad Cat\u00f3lica de Temuco ha sido fundada por la Iglesia Cat\u00f3lica, para servir a la sociedad de La Araucan\u00eda y a la macroregi\u00f3n sur del pa\u00eds, dedic\u00e1ndose desde sus inicios a \u201cla formaci\u00f3n ampl\u00edsima de los futuros profesionales, al cultivo de las ideas que abren nuevos surcos al saber, y a la investigaci\u00f3n que [&hellip;]\" \/>\n<meta property=\"og:url\" content=\"https:\/\/consejoderectores.cl\/en\/universidades\/universidad-catolica-de-temuco\/\" \/>\n<meta property=\"og:site_name\" content=\"Consejo de Rectoras y Rectores de las Universidades Chilenas\" \/>\n<meta property=\"article:modified_time\" content=\"2024-01-15T12:33:31+00:00\" \/>\n<meta name=\"twitter:card\" content=\"summary_large_image\" \/>\n<meta name=\"twitter:site\" content=\"@CRUCH_cl\" \/>\n<meta name=\"twitter:label1\" content=\"Est. reading time\" \/>\n\t<meta name=\"twitter:data1\" content=\"2 minutes\" \/>\n<script type=\"application\/ld+json\" class=\"yoast-schema-graph\">{\"@context\":\"https:\/\/schema.org\",\"@graph\":[{\"@type\":\"WebPage\",\"@id\":\"https:\/\/consejoderectores.cl\/universidades\/universidad-catolica-de-temuco\/\",\"url\":\"https:\/\/consejoderectores.cl\/universidades\/universidad-catolica-de-temuco\/\",\"name\":\"Universidad Cat\u00f3lica de Temuco - Consejo de Rectoras y Rectores de las Universidades Chilenas\",\"isPartOf\":{\"@id\":\"https:\/\/consejoderectores.cl\/en\/#website\"},\"datePublished\":\"2021-02-05T23:34:23+00:00\",\"dateModified\":\"2024-01-15T12:33:31+00:00\",\"breadcrumb\":{\"@id\":\"https:\/\/consejoderectores.cl\/universidades\/universidad-catolica-de-temuco\/#breadcrumb\"},\"inLanguage\":\"en-US\",\"potentialAction\":[{\"@type\":\"ReadAction\",\"target\":[\"https:\/\/consejoderectores.cl\/universidades\/universidad-catolica-de-temuco\/\"]}]},{\"@type\":\"BreadcrumbList\",\"@id\":\"https:\/\/consejoderectores.cl\/universidades\/universidad-catolica-de-temuco\/#breadcrumb\",\"itemListElement\":[{\"@type\":\"ListItem\",\"position\":1,\"name\":\"Home\",\"item\":\"https:\/\/consejoderectores.cl\/\"},{\"@type\":\"ListItem\",\"position\":2,\"name\":\"Universidades\",\"item\":\"https:\/\/consejoderectores.cl\/en\/universidades\/\"},{\"@type\":\"ListItem\",\"position\":3,\"name\":\"Universidad Cat\u00f3lica de Temuco\"}]},{\"@type\":\"WebSite\",\"@id\":\"https:\/\/consejoderectores.cl\/en\/#website\",\"url\":\"https:\/\/consejoderectores.cl\/en\/\",\"name\":\"Consejo de Rectoras y Rectores de las Universidades Chilenas\",\"description\":\"\",\"publisher\":{\"@id\":\"https:\/\/consejoderectores.cl\/en\/#organization\"},\"potentialAction\":[{\"@type\":\"SearchAction\",\"target\":{\"@type\":\"EntryPoint\",\"urlTemplate\":\"https:\/\/consejoderectores.cl\/en\/?s={search_term_string}\"},\"query-input\":{\"@type\":\"PropertyValueSpecification\",\"valueRequired\":true,\"valueName\":\"search_term_string\"}}],\"inLanguage\":\"en-US\"},{\"@type\":\"Organization\",\"@id\":\"https:\/\/consejoderectores.cl\/en\/#organization\",\"name\":\"Consejo de Rectoras y Rectores de las Universidades Chilenas\",\"url\":\"https:\/\/consejoderectores.cl\/en\/\",\"logo\":{\"@type\":\"ImageObject\",\"inLanguage\":\"en-US\",\"@id\":\"https:\/\/consejoderectores.cl\/en\/#\/schema\/logo\/image\/\",\"url\":\"https:\/\/consejoderectores.cl\/wp-content\/uploads\/2025\/12\/logoheader_2025.png\",\"contentUrl\":\"https:\/\/consejoderectores.cl\/wp-content\/uploads\/2025\/12\/logoheader_2025.png\",\"width\":666,\"height\":305,\"caption\":\"Consejo de Rectoras y Rectores de las Universidades Chilenas\"},\"image\":{\"@id\":\"https:\/\/consejoderectores.cl\/en\/#\/schema\/logo\/image\/\"},\"sameAs\":[\"https:\/\/x.com\/CRUCH_cl\",\"https:\/\/www.instagram.com\/consejoderectores\/\",\"https:\/\/www.linkedin.com\/company\/cruch\/\",\"https:\/\/www.youtube.com\/channel\/UCzgIFRCsDlKoFpimiQmEaOA\"]}]}<\/script>\n<!-- \/ Yoast SEO plugin. -->","yoast_head_json":{"title":"Universidad Cat\u00f3lica de Temuco - Consejo de Rectoras y Rectores de las Universidades Chilenas","robots":{"index":"index","follow":"follow","max-snippet":"max-snippet:-1","max-image-preview":"max-image-preview:large","max-video-preview":"max-video-preview:-1"},"canonical":"https:\/\/consejoderectores.cl\/en\/universidades\/universidad-catolica-de-temuco\/","og_locale":"en_US","og_type":"article","og_title":"Universidad Cat\u00f3lica de Temuco - Consejo de Rectoras y Rectores de las Universidades Chilenas","og_description":"La Universidad Cat\u00f3lica de Temuco ha sido fundada por la Iglesia Cat\u00f3lica, para servir a la sociedad de La Araucan\u00eda y a la macroregi\u00f3n sur del pa\u00eds, dedic\u00e1ndose desde sus inicios a \u201cla formaci\u00f3n ampl\u00edsima de los futuros profesionales, al cultivo de las ideas que abren nuevos surcos al saber, y a la investigaci\u00f3n que [&hellip;]","og_url":"https:\/\/consejoderectores.cl\/en\/universidades\/universidad-catolica-de-temuco\/","og_site_name":"Consejo de Rectoras y Rectores de las Universidades Chilenas","article_modified_time":"2024-01-15T12:33:31+00:00","twitter_card":"summary_large_image","twitter_site":"@CRUCH_cl","twitter_misc":{"Est. reading time":"2 minutes"},"schema":{"@context":"https:\/\/schema.org","@graph":[{"@type":"WebPage","@id":"https:\/\/consejoderectores.cl\/universidades\/universidad-catolica-de-temuco\/","url":"https:\/\/consejoderectores.cl\/universidades\/universidad-catolica-de-temuco\/","name":"Universidad Cat\u00f3lica de Temuco - Consejo de Rectoras y Rectores de las Universidades Chilenas","isPartOf":{"@id":"https:\/\/consejoderectores.cl\/en\/#website"},"datePublished":"2021-02-05T23:34:23+00:00","dateModified":"2024-01-15T12:33:31+00:00","breadcrumb":{"@id":"https:\/\/consejoderectores.cl\/universidades\/universidad-catolica-de-temuco\/#breadcrumb"},"inLanguage":"en-US","potentialAction":[{"@type":"ReadAction","target":["https:\/\/consejoderectores.cl\/universidades\/universidad-catolica-de-temuco\/"]}]},{"@type":"BreadcrumbList","@id":"https:\/\/consejoderectores.cl\/universidades\/universidad-catolica-de-temuco\/#breadcrumb","itemListElement":[{"@type":"ListItem","position":1,"name":"Home","item":"https:\/\/consejoderectores.cl\/"},{"@type":"ListItem","position":2,"name":"Universidades","item":"https:\/\/consejoderectores.cl\/en\/universidades\/"},{"@type":"ListItem","position":3,"name":"Universidad Cat\u00f3lica de Temuco"}]},{"@type":"WebSite","@id":"https:\/\/consejoderectores.cl\/en\/#website","url":"https:\/\/consejoderectores.cl\/en\/","name":"Council of Rectors of Chilean Universities","description":"","publisher":{"@id":"https:\/\/consejoderectores.cl\/en\/#organization"},"potentialAction":[{"@type":"SearchAction","target":{"@type":"EntryPoint","urlTemplate":"https:\/\/consejoderectores.cl\/en\/?s={search_term_string}"},"query-input":{"@type":"PropertyValueSpecification","valueRequired":true,"valueName":"search_term_string"}}],"inLanguage":"en-US"},{"@type":"Organization","@id":"https:\/\/consejoderectores.cl\/en\/#organization","name":"Council of Rectors of Chilean Universities","url":"https:\/\/consejoderectores.cl\/en\/","logo":{"@type":"ImageObject","inLanguage":"en-US","@id":"https:\/\/consejoderectores.cl\/en\/#\/schema\/logo\/image\/","url":"https:\/\/consejoderectores.cl\/wp-content\/uploads\/2025\/12\/logoheader_2025.png","contentUrl":"https:\/\/consejoderectores.cl\/wp-content\/uploads\/2025\/12\/logoheader_2025.png","width":666,"height":305,"caption":"Consejo de Rectoras y Rectores de las Universidades Chilenas"},"image":{"@id":"https:\/\/consejoderectores.cl\/en\/#\/schema\/logo\/image\/"},"sameAs":["https:\/\/x.com\/CRUCH_cl","https:\/\/www.instagram.com\/consejoderectores\/","https:\/\/www.linkedin.com\/company\/cruch\/","https:\/\/www.youtube.com\/channel\/UCzgIFRCsDlKoFpimiQmEaOA"]}]}},"_links":{"self":[{"href":"https:\/\/consejoderectores.cl\/en\/wp-json\/wp\/v2\/pages\/462","targetHints":{"allow":["GET"]}}],"collection":[{"href":"https:\/\/consejoderectores.cl\/en\/wp-json\/wp\/v2\/pages"}],"about":[{"href":"https:\/\/consejoderectores.cl\/en\/wp-json\/wp\/v2\/types\/page"}],"author":[{"embeddable":true,"href":"https:\/\/consejoderectores.cl\/en\/wp-json\/wp\/v2\/users\/1"}],"replies":[{"embeddable":true,"href":"https:\/\/consejoderectores.cl\/en\/wp-json\/wp\/v2\/comments?post=462"}],"version-history":[{"count":3,"href":"https:\/\/consejoderectores.cl\/en\/wp-json\/wp\/v2\/pages\/462\/revisions"}],"predecessor-version":[{"id":466,"href":"https:\/\/consejoderectores.cl\/en\/wp-json\/wp\/v2\/pages\/462\/revisions\/466"}],"up":[{"embeddable":true,"href":"https:\/\/consejoderectores.cl\/en\/wp-json\/wp\/v2\/pages\/270"}],"wp:attachment":[{"href":"https:\/\/consejoderectores.cl\/en\/wp-json\/wp\/v2\/media?parent=462"}],"curies":[{"name":"wp","href":"https:\/\/api.w.org\/{rel}","templated":true}]}}