{"id":410,"date":"2021-02-04T23:10:34","date_gmt":"2021-02-04T23:10:34","guid":{"rendered":"https:\/\/www.consejoderectores.cl\/?page_id=410"},"modified":"2024-01-15T12:35:47","modified_gmt":"2024-01-15T12:35:47","slug":"universidad-metropolitana-de-ciencias-de-la-educacion","status":"publish","type":"page","link":"https:\/\/consejoderectores.cl\/en\/universidades\/universidad-metropolitana-de-ciencias-de-la-educacion\/","title":{"rendered":"Metropolitan University of Education Sciences"},"content":{"rendered":"<div class=\"vce-row-container\" data-vce-boxed-width=\"true\"><div class=\"vce-row vce-row--col-gap-30 vce-row-equal-height vce-row-columns--top vce-row-content--top\" id=\"el-fcd89034\" data-vce-do-apply=\"all el-fcd89034\"><div class=\"vce-row-content\" data-vce-element-content=\"true\"><div class=\"vce-col vce-col--md-auto vce-col--xs-1 vce-col--xs-last vce-col--xs-first vce-col--sm-last vce-col--sm-first vce-col--md-last vce-col--lg-last vce-col--xl-last vce-col--md-first vce-col--lg-first vce-col--xl-first\" id=\"el-cfc5a0fe\"><div class=\"vce-col-inner\" data-vce-do-apply=\"border margin background  el-cfc5a0fe\"><div class=\"vce-col-content\" data-vce-element-content=\"true\" data-vce-do-apply=\"padding el-cfc5a0fe\"><div class=\"vce-single-image-container vce-single-image--align-left\"><div class=\"vce vce-single-image-wrapper\" id=\"el-45de4e20\" data-vce-do-apply=\"all el-45de4e20\"><figure><div class=\"vce-single-image-inner vce-single-image--absolute\" style=\"padding-bottom: 29.1667%; width: 1200px;\"><img decoding=\"async\" class=\"vce-single-image\" src=\"https:\/\/consejoderectores.cl\/wp-content\/uploads\/2021\/02\/banner-u_umce.jpg\" data-img-src=\"https:\/\/consejoderectores.cl\/wp-content\/uploads\/2021\/02\/banner-u_umce.jpg\" alt=\"\" title=\"banner-u_umce\"><\/div><figcaption hidden=\"\"><\/figcaption><\/figure><\/div><\/div><\/div><\/div><\/div><\/div><\/div><\/div><div class=\"vce-row-container\" data-vce-boxed-width=\"true\"><div class=\"vce-row vce-row--col-gap-30 vce-row-equal-height vce-row-columns--top vce-row-content--top\" id=\"el-4523f0b0\" data-vce-do-apply=\"all el-4523f0b0\"><div class=\"vce-row-content\" data-vce-element-content=\"true\"><div class=\"vce-col vce-col--md-auto vce-col--xs-1 vce-col--xs-last vce-col--xs-first vce-col--sm-last vce-col--sm-first vce-col--md-first vce-col--lg-first vce-col--xl-first\" id=\"el-859f70a4\"><div class=\"vce-col-inner\" data-vce-do-apply=\"border margin background  el-859f70a4\"><div class=\"vce-col-content\" data-vce-element-content=\"true\" data-vce-do-apply=\"padding el-859f70a4\"><div class=\"vce-text-block\"><div class=\"vce-text-block-wrapper vce\" id=\"el-b3f402ef\" data-vce-do-apply=\"all el-b3f402ef\"><p style=\"text-align: justify;\">The Metropolitan University of Education Sciences (UMCE) is an institution of public, state and autonomous higher education, whose field of attention is teaching, research and the extension of disciplines related to education and culture.<\/p>\r\n<p style=\"text-align: justify;\">Its mission is to train, in a preferential way, educators for all levels and areas of the educational system, in their initial and continuous professionalization, incorporating new interdisciplinary knowledge that contributes both to an inclusive training, and to the national culture in a reciprocal relationship and permanent with its surroundings. In this line, it directs its work towards consolidation as a significant reference for excellence in teacher training and the formulation of public policies in Education.<\/p>\r\n<p style=\"text-align: justify;\">This University offers all the specialties of undergraduate teacher training, destined to serve the needs of the national education system, also including the health area.<\/p>\r\n<p style=\"text-align: justify;\">Its postgraduate and continuing education programs are designed to strengthen, refine, and update the teaching profession within a framework of ongoing commitment to the quality of educational services. The Metropolitan University of Educational Sciences (UMCE) is the historical heir to the more than 125-year tradition of teacher training established by the Pedagogical Institute of Chile (1889), which over the years became the Faculty of Education of the University of Chile, and which in 1981 gave rise to the Higher Academy of Pedagogical Sciences of Santiago, a cycle that culminated on September 4, 1985, with the creation of UMCE, &quot;The Pedagogical University of Chile.&quot;.<\/p>\r\n<\/div><\/div><\/div><\/div><\/div><div class=\"vce-col vce-col--md-auto vce-col--xs-1 vce-col--xs-last vce-col--xs-first vce-col--sm-last vce-col--sm-first vce-col--md-last vce-col--lg-last vce-col--xl-last\" id=\"el-6ec4c0c1\"><div class=\"vce-col-inner\" data-vce-do-apply=\"border margin background  el-6ec4c0c1\"><div class=\"vce-col-content\" data-vce-element-content=\"true\" data-vce-do-apply=\"padding el-6ec4c0c1\"><div class=\"vce-single-image-container vce-single-image--align-center\"><div class=\"vce vce-single-image-wrapper\" id=\"el-9daa5adf\" data-vce-do-apply=\"all el-9daa5adf\"><figure><div class=\"vce-single-image-inner vce-single-image--absolute\" style=\"padding-bottom: 25.6667%; width: 300px;\"><img loading=\"lazy\" decoding=\"async\" class=\"vce-single-image\" width=\"300\" height=\"77\" src=\"https:\/\/consejoderectores.cl\/wp-content\/uploads\/2022\/10\/umce-logo-300x77.jpeg\" srcset=\"https:\/\/consejoderectores.cl\/wp-content\/uploads\/2022\/10\/umce-logo-320x82.jpeg 320w,https:\/\/consejoderectores.cl\/wp-content\/uploads\/2022\/10\/umce-logo-480x123.jpeg 480w,https:\/\/consejoderectores.cl\/wp-content\/uploads\/2022\/10\/umce-logo-800x205.jpeg 800w,https:\/\/consejoderectores.cl\/wp-content\/uploads\/2022\/10\/umce-logo-300x77.jpeg 300w,https:\/\/consejoderectores.cl\/wp-content\/uploads\/2022\/10\/umce-logo-600x154.jpeg 2x\" data-img-src=\"https:\/\/consejoderectores.cl\/wp-content\/uploads\/2022\/10\/umce-logo.jpeg\" alt=\"\" title=\"umce-logo\" \/><\/div><figcaption hidden=\"\"><\/figcaption><\/figure><\/div><\/div><div class=\"vce-text-block\"><div class=\"vce-text-block-wrapper vce\" id=\"el-ae772806\" data-vce-do-apply=\"all el-ae772806\"><ul class=\"uInfo\"><li style=\"text-align: center;\">Av. Jos\u00e9 Pedro Alessandri 774, Santiago<\/li><li style=\"text-align: center;\">Phone: (56) 22241 2400<\/li><li style=\"text-align: center;\"><a href=\"http:\/\/www.umce.cl\">www.umce.cl<\/a><\/li><\/ul><\/div><\/div><\/div><\/div><\/div><\/div><\/div><\/div>","protected":false},"excerpt":{"rendered":"<p>La Universidad Metropolitana de Ciencias de la Educaci\u00f3n (UMCE) es una instituci\u00f3n de educaci\u00f3n superior p\u00fablica, estatal y aut\u00f3noma, cuyo campo de atenci\u00f3n es la docencia, la investigaci\u00f3n y la extensi\u00f3n de las disciplinas relacionadas con la educaci\u00f3n y la cultura. Su misi\u00f3n es formar, de manera preferencial, educadores para todos los niveles y \u00e1reas [&hellip;]<\/p>\n","protected":false},"author":1,"featured_media":0,"parent":270,"menu_order":0,"comment_status":"closed","ping_status":"closed","template":"page-header.php","meta":{"_acf_changed":false,"footnotes":""},"class_list":["post-410","page","type-page","status-publish","hentry"],"acf":[],"yoast_head":"<!-- This site is optimized with the Yoast SEO plugin v27.1.1 - https:\/\/yoast.com\/product\/yoast-seo-wordpress\/ -->\n<title>Universidad Metropolitana de Ciencias de la Educaci\u00f3n - Consejo de Rectoras y Rectores de las Universidades Chilenas<\/title>\n<meta name=\"robots\" content=\"index, follow, max-snippet:-1, max-image-preview:large, max-video-preview:-1\" \/>\n<link rel=\"canonical\" href=\"https:\/\/consejoderectores.cl\/en\/universidades\/universidad-metropolitana-de-ciencias-de-la-educacion\/\" \/>\n<meta property=\"og:locale\" content=\"en_US\" \/>\n<meta property=\"og:type\" content=\"article\" \/>\n<meta property=\"og:title\" content=\"Universidad Metropolitana de Ciencias de la Educaci\u00f3n - Consejo de Rectoras y Rectores de las Universidades Chilenas\" \/>\n<meta property=\"og:description\" content=\"La Universidad Metropolitana de Ciencias de la Educaci\u00f3n (UMCE) es una instituci\u00f3n de educaci\u00f3n superior p\u00fablica, estatal y aut\u00f3noma, cuyo campo de atenci\u00f3n es la docencia, la investigaci\u00f3n y la extensi\u00f3n de las disciplinas relacionadas con la educaci\u00f3n y la cultura. Su misi\u00f3n es formar, de manera preferencial, educadores para todos los niveles y \u00e1reas [&hellip;]\" \/>\n<meta property=\"og:url\" content=\"https:\/\/consejoderectores.cl\/en\/universidades\/universidad-metropolitana-de-ciencias-de-la-educacion\/\" \/>\n<meta property=\"og:site_name\" content=\"Consejo de Rectoras y Rectores de las Universidades Chilenas\" \/>\n<meta property=\"article:modified_time\" content=\"2024-01-15T12:35:47+00:00\" \/>\n<meta name=\"twitter:card\" content=\"summary_large_image\" \/>\n<meta name=\"twitter:site\" content=\"@CRUCH_cl\" \/>\n<meta name=\"twitter:label1\" content=\"Est. reading time\" \/>\n\t<meta name=\"twitter:data1\" content=\"1 minute\" \/>\n<script type=\"application\/ld+json\" class=\"yoast-schema-graph\">{\"@context\":\"https:\/\/schema.org\",\"@graph\":[{\"@type\":\"WebPage\",\"@id\":\"https:\/\/consejoderectores.cl\/universidades\/universidad-metropolitana-de-ciencias-de-la-educacion\/\",\"url\":\"https:\/\/consejoderectores.cl\/universidades\/universidad-metropolitana-de-ciencias-de-la-educacion\/\",\"name\":\"Universidad Metropolitana de Ciencias de la Educaci\u00f3n - Consejo de Rectoras y Rectores de las Universidades Chilenas\",\"isPartOf\":{\"@id\":\"https:\/\/consejoderectores.cl\/en\/#website\"},\"datePublished\":\"2021-02-04T23:10:34+00:00\",\"dateModified\":\"2024-01-15T12:35:47+00:00\",\"breadcrumb\":{\"@id\":\"https:\/\/consejoderectores.cl\/universidades\/universidad-metropolitana-de-ciencias-de-la-educacion\/#breadcrumb\"},\"inLanguage\":\"en-US\",\"potentialAction\":[{\"@type\":\"ReadAction\",\"target\":[\"https:\/\/consejoderectores.cl\/universidades\/universidad-metropolitana-de-ciencias-de-la-educacion\/\"]}]},{\"@type\":\"BreadcrumbList\",\"@id\":\"https:\/\/consejoderectores.cl\/universidades\/universidad-metropolitana-de-ciencias-de-la-educacion\/#breadcrumb\",\"itemListElement\":[{\"@type\":\"ListItem\",\"position\":1,\"name\":\"Home\",\"item\":\"https:\/\/consejoderectores.cl\/\"},{\"@type\":\"ListItem\",\"position\":2,\"name\":\"Universidades\",\"item\":\"https:\/\/consejoderectores.cl\/en\/universidades\/\"},{\"@type\":\"ListItem\",\"position\":3,\"name\":\"Universidad Metropolitana de Ciencias de la Educaci\u00f3n\"}]},{\"@type\":\"WebSite\",\"@id\":\"https:\/\/consejoderectores.cl\/en\/#website\",\"url\":\"https:\/\/consejoderectores.cl\/en\/\",\"name\":\"Consejo de Rectoras y Rectores de las Universidades Chilenas\",\"description\":\"\",\"publisher\":{\"@id\":\"https:\/\/consejoderectores.cl\/en\/#organization\"},\"potentialAction\":[{\"@type\":\"SearchAction\",\"target\":{\"@type\":\"EntryPoint\",\"urlTemplate\":\"https:\/\/consejoderectores.cl\/en\/?s={search_term_string}\"},\"query-input\":{\"@type\":\"PropertyValueSpecification\",\"valueRequired\":true,\"valueName\":\"search_term_string\"}}],\"inLanguage\":\"en-US\"},{\"@type\":\"Organization\",\"@id\":\"https:\/\/consejoderectores.cl\/en\/#organization\",\"name\":\"Consejo de Rectoras y Rectores de las Universidades Chilenas\",\"url\":\"https:\/\/consejoderectores.cl\/en\/\",\"logo\":{\"@type\":\"ImageObject\",\"inLanguage\":\"en-US\",\"@id\":\"https:\/\/consejoderectores.cl\/en\/#\/schema\/logo\/image\/\",\"url\":\"https:\/\/consejoderectores.cl\/wp-content\/uploads\/2025\/12\/logoheader_2025.png\",\"contentUrl\":\"https:\/\/consejoderectores.cl\/wp-content\/uploads\/2025\/12\/logoheader_2025.png\",\"width\":666,\"height\":305,\"caption\":\"Consejo de Rectoras y Rectores de las Universidades Chilenas\"},\"image\":{\"@id\":\"https:\/\/consejoderectores.cl\/en\/#\/schema\/logo\/image\/\"},\"sameAs\":[\"https:\/\/x.com\/CRUCH_cl\",\"https:\/\/www.instagram.com\/consejoderectores\/\",\"https:\/\/www.linkedin.com\/company\/cruch\/\",\"https:\/\/www.youtube.com\/channel\/UCzgIFRCsDlKoFpimiQmEaOA\"]}]}<\/script>\n<!-- \/ Yoast SEO plugin. -->","yoast_head_json":{"title":"Universidad Metropolitana de Ciencias de la Educaci\u00f3n - Consejo de Rectoras y Rectores de las Universidades Chilenas","robots":{"index":"index","follow":"follow","max-snippet":"max-snippet:-1","max-image-preview":"max-image-preview:large","max-video-preview":"max-video-preview:-1"},"canonical":"https:\/\/consejoderectores.cl\/en\/universidades\/universidad-metropolitana-de-ciencias-de-la-educacion\/","og_locale":"en_US","og_type":"article","og_title":"Universidad Metropolitana de Ciencias de la Educaci\u00f3n - Consejo de Rectoras y Rectores de las Universidades Chilenas","og_description":"La Universidad Metropolitana de Ciencias de la Educaci\u00f3n (UMCE) es una instituci\u00f3n de educaci\u00f3n superior p\u00fablica, estatal y aut\u00f3noma, cuyo campo de atenci\u00f3n es la docencia, la investigaci\u00f3n y la extensi\u00f3n de las disciplinas relacionadas con la educaci\u00f3n y la cultura. Su misi\u00f3n es formar, de manera preferencial, educadores para todos los niveles y \u00e1reas [&hellip;]","og_url":"https:\/\/consejoderectores.cl\/en\/universidades\/universidad-metropolitana-de-ciencias-de-la-educacion\/","og_site_name":"Consejo de Rectoras y Rectores de las Universidades Chilenas","article_modified_time":"2024-01-15T12:35:47+00:00","twitter_card":"summary_large_image","twitter_site":"@CRUCH_cl","twitter_misc":{"Est. reading time":"1 minute"},"schema":{"@context":"https:\/\/schema.org","@graph":[{"@type":"WebPage","@id":"https:\/\/consejoderectores.cl\/universidades\/universidad-metropolitana-de-ciencias-de-la-educacion\/","url":"https:\/\/consejoderectores.cl\/universidades\/universidad-metropolitana-de-ciencias-de-la-educacion\/","name":"Universidad Metropolitana de Ciencias de la Educaci\u00f3n - Consejo de Rectoras y Rectores de las Universidades Chilenas","isPartOf":{"@id":"https:\/\/consejoderectores.cl\/en\/#website"},"datePublished":"2021-02-04T23:10:34+00:00","dateModified":"2024-01-15T12:35:47+00:00","breadcrumb":{"@id":"https:\/\/consejoderectores.cl\/universidades\/universidad-metropolitana-de-ciencias-de-la-educacion\/#breadcrumb"},"inLanguage":"en-US","potentialAction":[{"@type":"ReadAction","target":["https:\/\/consejoderectores.cl\/universidades\/universidad-metropolitana-de-ciencias-de-la-educacion\/"]}]},{"@type":"BreadcrumbList","@id":"https:\/\/consejoderectores.cl\/universidades\/universidad-metropolitana-de-ciencias-de-la-educacion\/#breadcrumb","itemListElement":[{"@type":"ListItem","position":1,"name":"Home","item":"https:\/\/consejoderectores.cl\/"},{"@type":"ListItem","position":2,"name":"Universidades","item":"https:\/\/consejoderectores.cl\/en\/universidades\/"},{"@type":"ListItem","position":3,"name":"Universidad Metropolitana de Ciencias de la Educaci\u00f3n"}]},{"@type":"WebSite","@id":"https:\/\/consejoderectores.cl\/en\/#website","url":"https:\/\/consejoderectores.cl\/en\/","name":"Council of Rectors of Chilean Universities","description":"","publisher":{"@id":"https:\/\/consejoderectores.cl\/en\/#organization"},"potentialAction":[{"@type":"SearchAction","target":{"@type":"EntryPoint","urlTemplate":"https:\/\/consejoderectores.cl\/en\/?s={search_term_string}"},"query-input":{"@type":"PropertyValueSpecification","valueRequired":true,"valueName":"search_term_string"}}],"inLanguage":"en-US"},{"@type":"Organization","@id":"https:\/\/consejoderectores.cl\/en\/#organization","name":"Council of Rectors of Chilean Universities","url":"https:\/\/consejoderectores.cl\/en\/","logo":{"@type":"ImageObject","inLanguage":"en-US","@id":"https:\/\/consejoderectores.cl\/en\/#\/schema\/logo\/image\/","url":"https:\/\/consejoderectores.cl\/wp-content\/uploads\/2025\/12\/logoheader_2025.png","contentUrl":"https:\/\/consejoderectores.cl\/wp-content\/uploads\/2025\/12\/logoheader_2025.png","width":666,"height":305,"caption":"Consejo de Rectoras y Rectores de las Universidades Chilenas"},"image":{"@id":"https:\/\/consejoderectores.cl\/en\/#\/schema\/logo\/image\/"},"sameAs":["https:\/\/x.com\/CRUCH_cl","https:\/\/www.instagram.com\/consejoderectores\/","https:\/\/www.linkedin.com\/company\/cruch\/","https:\/\/www.youtube.com\/channel\/UCzgIFRCsDlKoFpimiQmEaOA"]}]}},"_links":{"self":[{"href":"https:\/\/consejoderectores.cl\/en\/wp-json\/wp\/v2\/pages\/410","targetHints":{"allow":["GET"]}}],"collection":[{"href":"https:\/\/consejoderectores.cl\/en\/wp-json\/wp\/v2\/pages"}],"about":[{"href":"https:\/\/consejoderectores.cl\/en\/wp-json\/wp\/v2\/types\/page"}],"author":[{"embeddable":true,"href":"https:\/\/consejoderectores.cl\/en\/wp-json\/wp\/v2\/users\/1"}],"replies":[{"embeddable":true,"href":"https:\/\/consejoderectores.cl\/en\/wp-json\/wp\/v2\/comments?post=410"}],"version-history":[{"count":7,"href":"https:\/\/consejoderectores.cl\/en\/wp-json\/wp\/v2\/pages\/410\/revisions"}],"predecessor-version":[{"id":6929,"href":"https:\/\/consejoderectores.cl\/en\/wp-json\/wp\/v2\/pages\/410\/revisions\/6929"}],"up":[{"embeddable":true,"href":"https:\/\/consejoderectores.cl\/en\/wp-json\/wp\/v2\/pages\/270"}],"wp:attachment":[{"href":"https:\/\/consejoderectores.cl\/en\/wp-json\/wp\/v2\/media?parent=410"}],"curies":[{"name":"wp","href":"https:\/\/api.w.org\/{rel}","templated":true}]}}