{"id":371,"date":"2021-02-02T22:48:21","date_gmt":"2021-02-02T22:48:21","guid":{"rendered":"https:\/\/www.consejoderectores.cl\/?page_id=371"},"modified":"2024-01-15T12:33:56","modified_gmt":"2024-01-15T12:33:56","slug":"universidad-de-atacama","status":"publish","type":"page","link":"https:\/\/consejoderectores.cl\/en\/universidades\/universidad-de-atacama\/","title":{"rendered":"Atacama University"},"content":{"rendered":"<div class=\"vce-row-container\" data-vce-boxed-width=\"true\"><div class=\"vce-row vce-row--col-gap-30 vce-row-equal-height vce-row-columns--top vce-row-content--top\" id=\"el-fcd89034\" data-vce-do-apply=\"all el-fcd89034\"><div class=\"vce-row-content\" data-vce-element-content=\"true\"><div class=\"vce-col vce-col--md-auto vce-col--xs-1 vce-col--xs-last vce-col--xs-first vce-col--sm-last vce-col--sm-first vce-col--md-last vce-col--lg-last vce-col--xl-last vce-col--md-first vce-col--lg-first vce-col--xl-first\" id=\"el-cfc5a0fe\"><div class=\"vce-col-inner\" data-vce-do-apply=\"border margin background  el-cfc5a0fe\"><div class=\"vce-col-content\" data-vce-element-content=\"true\" data-vce-do-apply=\"padding el-cfc5a0fe\"><div class=\"vce-single-image-container vce-single-image--align-left\"><div class=\"vce vce-single-image-wrapper\" id=\"el-45de4e20\" data-vce-do-apply=\"all el-45de4e20\"><figure><div class=\"vce-single-image-inner vce-single-image--absolute\" style=\"padding-bottom: 29.1667%; width: 1200px;\"><img decoding=\"async\" class=\"vce-single-image\" src=\"https:\/\/consejoderectores.cl\/wp-content\/uploads\/2021\/02\/banner-u_atacama.jpg\" data-img-src=\"https:\/\/consejoderectores.cl\/wp-content\/uploads\/2021\/02\/banner-u_atacama.jpg\" alt=\"\" title=\"banner-u_atacama\"><\/div><figcaption hidden=\"\"><\/figcaption><\/figure><\/div><\/div><\/div><\/div><\/div><\/div><\/div><\/div><div class=\"vce-row-container\" data-vce-boxed-width=\"true\"><div class=\"vce-row vce-row--col-gap-30 vce-row-equal-height vce-row-columns--top vce-row-content--top\" id=\"el-4523f0b0\" data-vce-do-apply=\"all el-4523f0b0\"><div class=\"vce-row-content\" data-vce-element-content=\"true\"><div class=\"vce-col vce-col--md-auto vce-col--xs-1 vce-col--xs-last vce-col--xs-first vce-col--sm-last vce-col--sm-first vce-col--md-first vce-col--lg-first vce-col--xl-first\" id=\"el-859f70a4\"><div class=\"vce-col-inner\" data-vce-do-apply=\"border margin background  el-859f70a4\"><div class=\"vce-col-content\" data-vce-element-content=\"true\" data-vce-do-apply=\"padding el-859f70a4\"><div class=\"vce-text-block\"><div class=\"vce-text-block-wrapper vce\" id=\"el-b3f402ef\" data-vce-do-apply=\"all el-b3f402ef\"><p style=\"text-align: justify;\">Founded on October 26, 1981, the University of Atacama (UDA), was born as an autonomous public law corporation, dedicated to the teaching and superior cultivation of the arts, letters and sciences, whose mission is to carry out a relevant contribution to the development of the Atacama Region and the country, through the training of highly competent and socially responsible professionals; and carrying out research, consulting and training tasks, in close collaboration with the community, companies and institutions of the region, in order to generate new initiatives that contribute to its development.<\/p><p style=\"text-align: justify;\">In his vision, the University seeks to be recognized and socially valued for its contribution to the development of the Atacama Region and from there to the rest of the country, for the quality of the graduated professionals, the diversity of its educational offer at different levels of training, and the contribution to the social and productive sector through the management of research and development projects.<\/p><p style=\"text-align: justify;\">Today the UDA has a Headquarters in Vallenar, a Cultural Development Center in the Caldera commune, a Mineralogical Museum, a University Radio, a Scientific and Technological Research Institute (IDICTEC), as well as the Regional Center for Sustainable Research and Development of Atacama (CRIDESAT). Its Central House is located in the city of Copiap\u00f3. In addition to the faculties of Engineering, Humanities and Education, Legal and Social Sciences, Natural Sciences, and Health Sciences, the University has a Technological Institute and a Technical Training Center for the training of higher-level technicians in mining areas. , in addition to a non-profit foundation, supporter of the Professional Technical School, one of the high schools with the greatest tradition and excellence in the Atacama Region.<\/p><\/div><\/div><\/div><\/div><\/div><div class=\"vce-col vce-col--md-auto vce-col--xs-1 vce-col--xs-last vce-col--xs-first vce-col--sm-last vce-col--sm-first vce-col--md-last vce-col--lg-last vce-col--xl-last\" id=\"el-6ec4c0c1\"><div class=\"vce-col-inner\" data-vce-do-apply=\"border margin background  el-6ec4c0c1\"><div class=\"vce-col-content\" data-vce-element-content=\"true\" data-vce-do-apply=\"padding el-6ec4c0c1\"><div class=\"vce-single-image-container vce-single-image--align-center\"><div class=\"vce vce-single-image-wrapper\" id=\"el-9daa5adf\" data-vce-do-apply=\"all el-9daa5adf\"><figure><div class=\"vce-single-image-inner vce-single-image--absolute\" style=\"padding-bottom: 100%; width: 150px;\"><img loading=\"lazy\" decoding=\"async\" class=\"vce-single-image\" width=\"150\" height=\"150\" src=\"https:\/\/consejoderectores.cl\/wp-content\/uploads\/2021\/02\/duo_atacama-150x150.jpg\" srcset=\"https:\/\/consejoderectores.cl\/wp-content\/uploads\/2021\/02\/duo_atacama-320x320.jpg 320w,https:\/\/consejoderectores.cl\/wp-content\/uploads\/2021\/02\/duo_atacama-480x480.jpg 480w,https:\/\/consejoderectores.cl\/wp-content\/uploads\/2021\/02\/duo_atacama-800x800.jpg 800w,https:\/\/consejoderectores.cl\/wp-content\/uploads\/2021\/02\/duo_atacama-150x150.jpg 150w,https:\/\/consejoderectores.cl\/wp-content\/uploads\/2021\/02\/duo_atacama-300x300.jpg 2x\" data-img-src=\"https:\/\/consejoderectores.cl\/wp-content\/uploads\/2021\/01\/duo_atacama.jpg\" alt=\"\" title=\"duo_atacama\" \/><\/div><figcaption hidden=\"\"><\/figcaption><\/figure><\/div><\/div><div class=\"vce-text-block\"><div class=\"vce-text-block-wrapper vce\" id=\"el-ae772806\" data-vce-do-apply=\"all el-ae772806\"><ul class=\"uInfo\"><li style=\"text-align: center;\">Copayapu 485, Copiapo<\/li><li style=\"text-align: center;\">Telephone: (56-52) 2206 502<\/li><li style=\"text-align: center;\"><a href=\"http:\/\/www.uda.cl\">www.uda.cl<\/a><\/li><\/ul><\/div><\/div><\/div><\/div><\/div><\/div><\/div><\/div>","protected":false},"excerpt":{"rendered":"<p>Fundada el 26 de octubre de 1981, la Universidad de Atacama (UDA), naci\u00f3 como una corporaci\u00f3n de derecho p\u00fablico, aut\u00f3noma, dedicada a la ense\u00f1anza y al cultivo superior de las artes, las letras y las ciencias, que tiene como misi\u00f3n realizar un aporte relevante al desarrollo de la Regi\u00f3n de Atacama y del pa\u00eds, mediante [&hellip;]<\/p>\n","protected":false},"author":1,"featured_media":0,"parent":270,"menu_order":0,"comment_status":"closed","ping_status":"closed","template":"page-header.php","meta":{"_acf_changed":false,"footnotes":""},"class_list":["post-371","page","type-page","status-publish","hentry"],"acf":[],"yoast_head":"<!-- This site is optimized with the Yoast SEO plugin v27.1.1 - https:\/\/yoast.com\/product\/yoast-seo-wordpress\/ -->\n<title>Universidad de Atacama - Consejo de Rectoras y Rectores de las Universidades Chilenas<\/title>\n<meta name=\"robots\" content=\"index, follow, max-snippet:-1, max-image-preview:large, max-video-preview:-1\" \/>\n<link rel=\"canonical\" href=\"https:\/\/consejoderectores.cl\/en\/universidades\/universidad-de-atacama\/\" \/>\n<meta property=\"og:locale\" content=\"en_US\" \/>\n<meta property=\"og:type\" content=\"article\" \/>\n<meta property=\"og:title\" content=\"Universidad de Atacama - Consejo de Rectoras y Rectores de las Universidades Chilenas\" \/>\n<meta property=\"og:description\" content=\"Fundada el 26 de octubre de 1981, la Universidad de Atacama (UDA), naci\u00f3 como una corporaci\u00f3n de derecho p\u00fablico, aut\u00f3noma, dedicada a la ense\u00f1anza y al cultivo superior de las artes, las letras y las ciencias, que tiene como misi\u00f3n realizar un aporte relevante al desarrollo de la Regi\u00f3n de Atacama y del pa\u00eds, mediante [&hellip;]\" \/>\n<meta property=\"og:url\" content=\"https:\/\/consejoderectores.cl\/en\/universidades\/universidad-de-atacama\/\" \/>\n<meta property=\"og:site_name\" content=\"Consejo de Rectoras y Rectores de las Universidades Chilenas\" \/>\n<meta property=\"article:modified_time\" content=\"2024-01-15T12:33:56+00:00\" \/>\n<meta name=\"twitter:card\" content=\"summary_large_image\" \/>\n<meta name=\"twitter:site\" content=\"@CRUCH_cl\" \/>\n<meta name=\"twitter:label1\" content=\"Est. reading time\" \/>\n\t<meta name=\"twitter:data1\" content=\"2 minutes\" \/>\n<script type=\"application\/ld+json\" class=\"yoast-schema-graph\">{\"@context\":\"https:\/\/schema.org\",\"@graph\":[{\"@type\":\"WebPage\",\"@id\":\"https:\/\/consejoderectores.cl\/universidades\/universidad-de-atacama\/\",\"url\":\"https:\/\/consejoderectores.cl\/universidades\/universidad-de-atacama\/\",\"name\":\"Universidad de Atacama - Consejo de Rectoras y Rectores de las Universidades Chilenas\",\"isPartOf\":{\"@id\":\"https:\/\/consejoderectores.cl\/en\/#website\"},\"datePublished\":\"2021-02-02T22:48:21+00:00\",\"dateModified\":\"2024-01-15T12:33:56+00:00\",\"breadcrumb\":{\"@id\":\"https:\/\/consejoderectores.cl\/universidades\/universidad-de-atacama\/#breadcrumb\"},\"inLanguage\":\"en-US\",\"potentialAction\":[{\"@type\":\"ReadAction\",\"target\":[\"https:\/\/consejoderectores.cl\/universidades\/universidad-de-atacama\/\"]}]},{\"@type\":\"BreadcrumbList\",\"@id\":\"https:\/\/consejoderectores.cl\/universidades\/universidad-de-atacama\/#breadcrumb\",\"itemListElement\":[{\"@type\":\"ListItem\",\"position\":1,\"name\":\"Home\",\"item\":\"https:\/\/consejoderectores.cl\/\"},{\"@type\":\"ListItem\",\"position\":2,\"name\":\"Universidades\",\"item\":\"https:\/\/consejoderectores.cl\/en\/universidades\/\"},{\"@type\":\"ListItem\",\"position\":3,\"name\":\"Universidad de Atacama\"}]},{\"@type\":\"WebSite\",\"@id\":\"https:\/\/consejoderectores.cl\/en\/#website\",\"url\":\"https:\/\/consejoderectores.cl\/en\/\",\"name\":\"Consejo de Rectoras y Rectores de las Universidades Chilenas\",\"description\":\"\",\"publisher\":{\"@id\":\"https:\/\/consejoderectores.cl\/en\/#organization\"},\"potentialAction\":[{\"@type\":\"SearchAction\",\"target\":{\"@type\":\"EntryPoint\",\"urlTemplate\":\"https:\/\/consejoderectores.cl\/en\/?s={search_term_string}\"},\"query-input\":{\"@type\":\"PropertyValueSpecification\",\"valueRequired\":true,\"valueName\":\"search_term_string\"}}],\"inLanguage\":\"en-US\"},{\"@type\":\"Organization\",\"@id\":\"https:\/\/consejoderectores.cl\/en\/#organization\",\"name\":\"Consejo de Rectoras y Rectores de las Universidades Chilenas\",\"url\":\"https:\/\/consejoderectores.cl\/en\/\",\"logo\":{\"@type\":\"ImageObject\",\"inLanguage\":\"en-US\",\"@id\":\"https:\/\/consejoderectores.cl\/en\/#\/schema\/logo\/image\/\",\"url\":\"https:\/\/consejoderectores.cl\/wp-content\/uploads\/2025\/12\/logoheader_2025.png\",\"contentUrl\":\"https:\/\/consejoderectores.cl\/wp-content\/uploads\/2025\/12\/logoheader_2025.png\",\"width\":666,\"height\":305,\"caption\":\"Consejo de Rectoras y Rectores de las Universidades Chilenas\"},\"image\":{\"@id\":\"https:\/\/consejoderectores.cl\/en\/#\/schema\/logo\/image\/\"},\"sameAs\":[\"https:\/\/x.com\/CRUCH_cl\",\"https:\/\/www.instagram.com\/consejoderectores\/\",\"https:\/\/www.linkedin.com\/company\/cruch\/\",\"https:\/\/www.youtube.com\/channel\/UCzgIFRCsDlKoFpimiQmEaOA\"]}]}<\/script>\n<!-- \/ Yoast SEO plugin. -->","yoast_head_json":{"title":"Universidad de Atacama - Consejo de Rectoras y Rectores de las Universidades Chilenas","robots":{"index":"index","follow":"follow","max-snippet":"max-snippet:-1","max-image-preview":"max-image-preview:large","max-video-preview":"max-video-preview:-1"},"canonical":"https:\/\/consejoderectores.cl\/en\/universidades\/universidad-de-atacama\/","og_locale":"en_US","og_type":"article","og_title":"Universidad de Atacama - Consejo de Rectoras y Rectores de las Universidades Chilenas","og_description":"Fundada el 26 de octubre de 1981, la Universidad de Atacama (UDA), naci\u00f3 como una corporaci\u00f3n de derecho p\u00fablico, aut\u00f3noma, dedicada a la ense\u00f1anza y al cultivo superior de las artes, las letras y las ciencias, que tiene como misi\u00f3n realizar un aporte relevante al desarrollo de la Regi\u00f3n de Atacama y del pa\u00eds, mediante [&hellip;]","og_url":"https:\/\/consejoderectores.cl\/en\/universidades\/universidad-de-atacama\/","og_site_name":"Consejo de Rectoras y Rectores de las Universidades Chilenas","article_modified_time":"2024-01-15T12:33:56+00:00","twitter_card":"summary_large_image","twitter_site":"@CRUCH_cl","twitter_misc":{"Est. reading time":"2 minutes"},"schema":{"@context":"https:\/\/schema.org","@graph":[{"@type":"WebPage","@id":"https:\/\/consejoderectores.cl\/universidades\/universidad-de-atacama\/","url":"https:\/\/consejoderectores.cl\/universidades\/universidad-de-atacama\/","name":"Universidad de Atacama - Consejo de Rectoras y Rectores de las Universidades Chilenas","isPartOf":{"@id":"https:\/\/consejoderectores.cl\/en\/#website"},"datePublished":"2021-02-02T22:48:21+00:00","dateModified":"2024-01-15T12:33:56+00:00","breadcrumb":{"@id":"https:\/\/consejoderectores.cl\/universidades\/universidad-de-atacama\/#breadcrumb"},"inLanguage":"en-US","potentialAction":[{"@type":"ReadAction","target":["https:\/\/consejoderectores.cl\/universidades\/universidad-de-atacama\/"]}]},{"@type":"BreadcrumbList","@id":"https:\/\/consejoderectores.cl\/universidades\/universidad-de-atacama\/#breadcrumb","itemListElement":[{"@type":"ListItem","position":1,"name":"Home","item":"https:\/\/consejoderectores.cl\/"},{"@type":"ListItem","position":2,"name":"Universidades","item":"https:\/\/consejoderectores.cl\/en\/universidades\/"},{"@type":"ListItem","position":3,"name":"Universidad de Atacama"}]},{"@type":"WebSite","@id":"https:\/\/consejoderectores.cl\/en\/#website","url":"https:\/\/consejoderectores.cl\/en\/","name":"Council of Rectors of Chilean Universities","description":"","publisher":{"@id":"https:\/\/consejoderectores.cl\/en\/#organization"},"potentialAction":[{"@type":"SearchAction","target":{"@type":"EntryPoint","urlTemplate":"https:\/\/consejoderectores.cl\/en\/?s={search_term_string}"},"query-input":{"@type":"PropertyValueSpecification","valueRequired":true,"valueName":"search_term_string"}}],"inLanguage":"en-US"},{"@type":"Organization","@id":"https:\/\/consejoderectores.cl\/en\/#organization","name":"Council of Rectors of Chilean Universities","url":"https:\/\/consejoderectores.cl\/en\/","logo":{"@type":"ImageObject","inLanguage":"en-US","@id":"https:\/\/consejoderectores.cl\/en\/#\/schema\/logo\/image\/","url":"https:\/\/consejoderectores.cl\/wp-content\/uploads\/2025\/12\/logoheader_2025.png","contentUrl":"https:\/\/consejoderectores.cl\/wp-content\/uploads\/2025\/12\/logoheader_2025.png","width":666,"height":305,"caption":"Consejo de Rectoras y Rectores de las Universidades Chilenas"},"image":{"@id":"https:\/\/consejoderectores.cl\/en\/#\/schema\/logo\/image\/"},"sameAs":["https:\/\/x.com\/CRUCH_cl","https:\/\/www.instagram.com\/consejoderectores\/","https:\/\/www.linkedin.com\/company\/cruch\/","https:\/\/www.youtube.com\/channel\/UCzgIFRCsDlKoFpimiQmEaOA"]}]}},"_links":{"self":[{"href":"https:\/\/consejoderectores.cl\/en\/wp-json\/wp\/v2\/pages\/371","targetHints":{"allow":["GET"]}}],"collection":[{"href":"https:\/\/consejoderectores.cl\/en\/wp-json\/wp\/v2\/pages"}],"about":[{"href":"https:\/\/consejoderectores.cl\/en\/wp-json\/wp\/v2\/types\/page"}],"author":[{"embeddable":true,"href":"https:\/\/consejoderectores.cl\/en\/wp-json\/wp\/v2\/users\/1"}],"replies":[{"embeddable":true,"href":"https:\/\/consejoderectores.cl\/en\/wp-json\/wp\/v2\/comments?post=371"}],"version-history":[{"count":3,"href":"https:\/\/consejoderectores.cl\/en\/wp-json\/wp\/v2\/pages\/371\/revisions"}],"predecessor-version":[{"id":375,"href":"https:\/\/consejoderectores.cl\/en\/wp-json\/wp\/v2\/pages\/371\/revisions\/375"}],"up":[{"embeddable":true,"href":"https:\/\/consejoderectores.cl\/en\/wp-json\/wp\/v2\/pages\/270"}],"wp:attachment":[{"href":"https:\/\/consejoderectores.cl\/en\/wp-json\/wp\/v2\/media?parent=371"}],"curies":[{"name":"wp","href":"https:\/\/api.w.org\/{rel}","templated":true}]}}