{"id":22,"date":"2020-11-17T23:44:54","date_gmt":"2020-11-17T23:44:54","guid":{"rendered":"https:\/\/www.consejoderectores.cl\/?page_id=22"},"modified":"2026-02-22T23:07:44","modified_gmt":"2026-02-22T23:07:44","slug":"contacto","status":"publish","type":"page","link":"https:\/\/consejoderectores.cl\/en\/contacto\/","title":{"rendered":"Contact"},"content":{"rendered":"<div class=\"vce-row-container\" data-vce-boxed-width=\"true\"><div class=\"vce-row vce-row--col-gap-30 vce-row-equal-height vce-row-content--top\" id=\"el-84dbcf69\" data-vce-do-apply=\"all el-84dbcf69\"><div class=\"vce-row-content\" data-vce-element-content=\"true\"><div class=\"vce-col vce-col--md-55p vce-col--xs-1 vce-col--xs-last vce-col--xs-first vce-col--sm-last vce-col--sm-first vce-col--md-first vce-col--lg-first vce-col--xl-first\" id=\"el-3b0cdb1e\"><div class=\"vce-col-inner\" data-vce-do-apply=\"border margin background  el-3b0cdb1e\"><div class=\"vce-col-content\" data-vce-element-content=\"true\" data-vce-do-apply=\"padding el-3b0cdb1e\"><div class=\"vce-raw-html\"><div class=\"vce-raw-html-wrapper\" id=\"el-b126060c\" data-vce-do-apply=\"all el-b126060c\"><p>The Council of Rectors of Chilean Universities has an office located at Alameda No. 1371, 4th floor, Santiago Centro (Executive Secretariat). Our office hours are Monday to Thursday from 9:00 a.m. to 1:00 p.m. and from 3:00 p.m. to 5:00 p.m., and Friday from 9:00 a.m. to 1:00 p.m.<\/p>\n\n<p>If you need to contact the General Secretariat of the Council of Rectors, you can fill out the following form and we will contact you as soon as possible.<\/p>\n\n<div class=\"content-mapa\">\n\n<div class=\"contact-info\">\n\t<h5>Contact information<\/h5>\n\t<ul>\n\t\t<li><i class=\"fas fa-map-marker-alt\"><\/i> <span>Alameda 1371, 4th floor.\n\t\t<br>Santiago de Chile<\/span><\/li>\n\t\t<li><i class=\"fas fa-phone-alt\"><\/i> <a href=\"tel:+5622468620\" target=\"_blank\">(+56 2) 2426 8620<\/a><\/li>\n\t\t<li><i class=\"fas fa-envelope\"><\/i> <a href=\"mailto:cruch@consejoderectores.cl\" target=\"_blank\">cruch@consejoderectores.cl<\/a><\/li>\n\t<\/ul>\n<\/div>\n<iframe loading=\"lazy\" style=\"border: 0;\" tabindex=\"0\" src=\"https:\/\/www.google.com\/maps\/embed?pb=!1m14!1m8!1m3!1d13316.736527779605!2d-70.655327!3d-33.444509!3m2!1i1024!2i768!4f13.1!3m3!1m2!1s0x9662c5a7b311ccff%3A0x64747cbdb1aea3ae!2sAv%20Libertador%20Bernardo%20O'Higgins%201371%2C%20Santiago%2C%20Regi%C3%B3n%20Metropolitana!5e0!3m2!1ses-419!2scl!4v1607087311282!5m2!1ses-419!2scl\" width=\"100%\" height=\"400\" frameborder=\"0\" allowfullscreen=\"allowfullscreen\" aria-hidden=\"false\"><\/iframe>\n<\/div><\/div><\/div><\/div><\/div><\/div><div class=\"vce-col vce-col--md-45p vce-col--xs-1 vce-col--xs-last vce-col--xs-first vce-col--sm-last vce-col--sm-first vce-col--md-last vce-col--lg-last vce-col--xl-last\" id=\"el-94138cea\"><div class=\"vce-col-inner\" data-vce-do-apply=\"border margin background  el-94138cea\"><div class=\"vce-col-content\" data-vce-element-content=\"true\" data-vce-do-apply=\"padding el-94138cea\"><div class=\"vce-raw-html\"><div class=\"vce-raw-html-wrapper\" id=\"el-d9a66110\" data-vce-do-apply=\"all el-d9a66110\"><h5 class=\"module-title dash-title\">Contact information<\/h5><\/div><\/div><div class=\"vce-shortcode contact-form\"><div class=\"vce-shortcode-wrapper vce\" id=\"el-0c0e9240\" data-vce-do-apply=\"all el-0c0e9240\">        <div class=\"cruch-contacto-wrapper\">\r\n            <form id=\"cruch-contact-form\" class=\"cruch-form\" novalidate action=\"\">\r\n                <div class=\"row\">\r\n                    <div class=\"col-md-6\">\r\n                        <div class=\"cruch-floating-field\">\r\n                            <input class=\"form-control control-name\" id=\"cruch-nombre\" type=\"text\" name=\"nombre\" placeholder=\" \" required>\r\n                            <label for=\"cruch-nombre\">Name *<\/label>\r\n                        <\/div>\r\n                    <\/div>\r\n                    <div class=\"col-md-6\">\r\n                        <div class=\"cruch-floating-field\">\r\n                            <input class=\"form-control control-apellido\" id=\"cruch-apellido\" type=\"text\" name=\"apellido\" placeholder=\" \" required>\r\n                            <label for=\"cruch-apellido\">Last name *<\/label>\r\n                        <\/div>\r\n                    <\/div>\r\n                <\/div>\r\n                <div class=\"row\">\r\n                    <div class=\"col-md-12\">\r\n                        <div class=\"cruch-floating-field\">\r\n                            <input class=\"form-control control-email\" id=\"cruch-email\" type=\"email\" name=\"email\" placeholder=\" \" required>\r\n                            <label for=\"cruch-email\">Email *<\/label>\r\n                        <\/div>\r\n                    <\/div>\r\n                <\/div>\r\n                                <div class=\"row\">\r\n                    <div class=\"col-md-12\">\r\n                        <div class=\"cruch-floating-field cruch-floating-select\">\r\n                            <select class=\"form-control control-tipo-contacto\" id=\"cruch-tipo-contacto\" name=\"tipo_contacto_id\" required>\r\n                                <option value=\"\">Select<\/option>\r\n                                                                    <option value=\"1\">General<\/option>\r\n                                                            <\/select>\r\n                            <label for=\"cruch-tipo-contacto\">Contact Type *<\/label>\r\n                        <\/div>\r\n                    <\/div>\r\n                <\/div>\r\n                                <div class=\"row\">\r\n                    <div class=\"col-md-12\">\r\n                        <div class=\"cruch-floating-field\">\r\n                            <input class=\"form-control control-asunto\" id=\"cruch-asunto\" type=\"text\" name=\"asunto\" placeholder=\" \" required>\r\n                            <label for=\"cruch-asunto\">Affair *<\/label>\r\n                        <\/div>\r\n                    <\/div>\r\n                <\/div>\r\n                <div class=\"row\">\r\n                    <div class=\"col-md-12\">\r\n                        <div class=\"cruch-floating-field cruch-floating-textarea\">\r\n                            <textarea class=\"form-control control-mensaje\" id=\"cruch-mensaje\" name=\"mensaje\" placeholder=\" \" required><\/textarea>\r\n                            <label for=\"cruch-mensaje\">Message *<\/label>\r\n                        <\/div>\r\n                    <\/div>\r\n                <\/div>\r\n                <div style=\"position:absolute;left:-9999px;top:-9999px;\" aria-hidden=\"true\"><input type=\"text\" name=\"cruch_hp_field\" value=\"\" tabindex=\"-1\" autocomplete=\"off\"><\/div>                                <div class=\"row\">\r\n                    <div class=\"col-md-12\">\r\n                        <div class=\"cruch-hcaptcha-container\">\r\n                            <div class=\"h-captcha cruch-hcaptcha-widget\" data-sitekey=\"d826670e-46a0-469a-9ef8-a5a2d0e005e2\" data-theme=\"light\" data-size=\"normal\" data-form-id=\"contact\" data-render-mode=\"always\"><\/div>                        <\/div>\r\n                    <\/div>\r\n                <\/div>\r\n                                <div class=\"row\">\r\n                    <div class=\"col-md-12\">\r\n                        <button class=\"btn btn-primary btn-submit\" type=\"submit\">Contact us<\/button>\r\n                    <\/div>\r\n                <\/div>\r\n            <input type=\"hidden\" name=\"trp-form-language\" value=\"en\"\/><\/form>\r\n            <div class=\"cruch-loading-overlay\"><span class=\"cruch-spinner\"><\/span><\/div>\r\n            <div class=\"cruch-form-message\" style=\"display:none;\"><\/div>\r\n        <\/div>\r\n        <\/div><\/div><\/div><\/div><\/div><\/div><\/div><\/div>","protected":false},"excerpt":{"rendered":"<p>El Consejo de Rectoras y Rectores de las Universidades Chilenas cuenta con una oficina ubicada en Alameda N\u00b0 1371, piso 4, Santiago Centro (Secretar\u00eda Ejecutiva). Nuestro horario de atenci\u00f3n al p\u00fablico es de lunes a jueves de 9:00 a 13:00 horas y de 15:00 a 17:00 horas, y el viernes de 9:00 a 13:00 horas. [&hellip;]<\/p>\n","protected":false},"author":1,"featured_media":0,"parent":0,"menu_order":0,"comment_status":"closed","ping_status":"closed","template":"page-header.php","meta":{"_acf_changed":false,"footnotes":""},"class_list":["post-22","page","type-page","status-publish","hentry"],"acf":[],"yoast_head":"<!-- This site is optimized with the Yoast SEO plugin v27.1.1 - https:\/\/yoast.com\/product\/yoast-seo-wordpress\/ -->\n<title>Contacto - Consejo de Rectoras y Rectores de las Universidades Chilenas<\/title>\n<meta name=\"robots\" content=\"index, follow, max-snippet:-1, max-image-preview:large, max-video-preview:-1\" \/>\n<link rel=\"canonical\" href=\"https:\/\/consejoderectores.cl\/en\/contacto\/\" \/>\n<meta property=\"og:locale\" content=\"en_US\" \/>\n<meta property=\"og:type\" content=\"article\" \/>\n<meta property=\"og:title\" content=\"Contacto - Consejo de Rectoras y Rectores de las Universidades Chilenas\" \/>\n<meta property=\"og:description\" content=\"El Consejo de Rectoras y Rectores de las Universidades Chilenas cuenta con una oficina ubicada en Alameda N\u00b0 1371, piso 4, Santiago Centro (Secretar\u00eda Ejecutiva). Nuestro horario de atenci\u00f3n al p\u00fablico es de lunes a jueves de 9:00 a 13:00 horas y de 15:00 a 17:00 horas, y el viernes de 9:00 a 13:00 horas. [&hellip;]\" \/>\n<meta property=\"og:url\" content=\"https:\/\/consejoderectores.cl\/en\/contacto\/\" \/>\n<meta property=\"og:site_name\" content=\"Consejo de Rectoras y Rectores de las Universidades Chilenas\" \/>\n<meta property=\"article:modified_time\" content=\"2026-02-22T23:07:44+00:00\" \/>\n<meta name=\"twitter:card\" content=\"summary_large_image\" \/>\n<meta name=\"twitter:site\" content=\"@CRUCH_cl\" \/>\n<script type=\"application\/ld+json\" class=\"yoast-schema-graph\">{\"@context\":\"https:\/\/schema.org\",\"@graph\":[{\"@type\":\"WebPage\",\"@id\":\"https:\/\/consejoderectores.cl\/contacto\/\",\"url\":\"https:\/\/consejoderectores.cl\/contacto\/\",\"name\":\"Contacto - Consejo de Rectoras y Rectores de las Universidades Chilenas\",\"isPartOf\":{\"@id\":\"https:\/\/consejoderectores.cl\/en\/#website\"},\"datePublished\":\"2020-11-17T23:44:54+00:00\",\"dateModified\":\"2026-02-22T23:07:44+00:00\",\"breadcrumb\":{\"@id\":\"https:\/\/consejoderectores.cl\/contacto\/#breadcrumb\"},\"inLanguage\":\"en-US\",\"potentialAction\":[{\"@type\":\"ReadAction\",\"target\":[\"https:\/\/consejoderectores.cl\/contacto\/\"]}]},{\"@type\":\"BreadcrumbList\",\"@id\":\"https:\/\/consejoderectores.cl\/contacto\/#breadcrumb\",\"itemListElement\":[{\"@type\":\"ListItem\",\"position\":1,\"name\":\"Home\",\"item\":\"https:\/\/consejoderectores.cl\/\"},{\"@type\":\"ListItem\",\"position\":2,\"name\":\"Contacto\"}]},{\"@type\":\"WebSite\",\"@id\":\"https:\/\/consejoderectores.cl\/en\/#website\",\"url\":\"https:\/\/consejoderectores.cl\/en\/\",\"name\":\"Consejo de Rectoras y Rectores de las Universidades Chilenas\",\"description\":\"\",\"publisher\":{\"@id\":\"https:\/\/consejoderectores.cl\/en\/#organization\"},\"potentialAction\":[{\"@type\":\"SearchAction\",\"target\":{\"@type\":\"EntryPoint\",\"urlTemplate\":\"https:\/\/consejoderectores.cl\/en\/?s={search_term_string}\"},\"query-input\":{\"@type\":\"PropertyValueSpecification\",\"valueRequired\":true,\"valueName\":\"search_term_string\"}}],\"inLanguage\":\"en-US\"},{\"@type\":\"Organization\",\"@id\":\"https:\/\/consejoderectores.cl\/en\/#organization\",\"name\":\"Consejo de Rectoras y Rectores de las Universidades Chilenas\",\"url\":\"https:\/\/consejoderectores.cl\/en\/\",\"logo\":{\"@type\":\"ImageObject\",\"inLanguage\":\"en-US\",\"@id\":\"https:\/\/consejoderectores.cl\/en\/#\/schema\/logo\/image\/\",\"url\":\"https:\/\/consejoderectores.cl\/wp-content\/uploads\/2025\/12\/logoheader_2025.png\",\"contentUrl\":\"https:\/\/consejoderectores.cl\/wp-content\/uploads\/2025\/12\/logoheader_2025.png\",\"width\":666,\"height\":305,\"caption\":\"Consejo de Rectoras y Rectores de las Universidades Chilenas\"},\"image\":{\"@id\":\"https:\/\/consejoderectores.cl\/en\/#\/schema\/logo\/image\/\"},\"sameAs\":[\"https:\/\/x.com\/CRUCH_cl\",\"https:\/\/www.instagram.com\/consejoderectores\/\",\"https:\/\/www.linkedin.com\/company\/cruch\/\",\"https:\/\/www.youtube.com\/channel\/UCzgIFRCsDlKoFpimiQmEaOA\"]}]}<\/script>\n<!-- \/ Yoast SEO plugin. -->","yoast_head_json":{"title":"Contact - Council of Rectors of Chilean Universities","robots":{"index":"index","follow":"follow","max-snippet":"max-snippet:-1","max-image-preview":"max-image-preview:large","max-video-preview":"max-video-preview:-1"},"canonical":"https:\/\/consejoderectores.cl\/en\/contacto\/","og_locale":"en_US","og_type":"article","og_title":"Contacto - Consejo de Rectoras y Rectores de las Universidades Chilenas","og_description":"El Consejo de Rectoras y Rectores de las Universidades Chilenas cuenta con una oficina ubicada en Alameda N\u00b0 1371, piso 4, Santiago Centro (Secretar\u00eda Ejecutiva). Nuestro horario de atenci\u00f3n al p\u00fablico es de lunes a jueves de 9:00 a 13:00 horas y de 15:00 a 17:00 horas, y el viernes de 9:00 a 13:00 horas. [&hellip;]","og_url":"https:\/\/consejoderectores.cl\/en\/contacto\/","og_site_name":"Consejo de Rectoras y Rectores de las Universidades Chilenas","article_modified_time":"2026-02-22T23:07:44+00:00","twitter_card":"summary_large_image","twitter_site":"@CRUCH_cl","schema":{"@context":"https:\/\/schema.org","@graph":[{"@type":"WebPage","@id":"https:\/\/consejoderectores.cl\/contacto\/","url":"https:\/\/consejoderectores.cl\/contacto\/","name":"Contact - Council of Rectors of Chilean Universities","isPartOf":{"@id":"https:\/\/consejoderectores.cl\/en\/#website"},"datePublished":"2020-11-17T23:44:54+00:00","dateModified":"2026-02-22T23:07:44+00:00","breadcrumb":{"@id":"https:\/\/consejoderectores.cl\/contacto\/#breadcrumb"},"inLanguage":"en-US","potentialAction":[{"@type":"ReadAction","target":["https:\/\/consejoderectores.cl\/contacto\/"]}]},{"@type":"BreadcrumbList","@id":"https:\/\/consejoderectores.cl\/contacto\/#breadcrumb","itemListElement":[{"@type":"ListItem","position":1,"name":"Home","item":"https:\/\/consejoderectores.cl\/"},{"@type":"ListItem","position":2,"name":"Contacto"}]},{"@type":"WebSite","@id":"https:\/\/consejoderectores.cl\/en\/#website","url":"https:\/\/consejoderectores.cl\/en\/","name":"Council of Rectors of Chilean Universities","description":"","publisher":{"@id":"https:\/\/consejoderectores.cl\/en\/#organization"},"potentialAction":[{"@type":"SearchAction","target":{"@type":"EntryPoint","urlTemplate":"https:\/\/consejoderectores.cl\/en\/?s={search_term_string}"},"query-input":{"@type":"PropertyValueSpecification","valueRequired":true,"valueName":"search_term_string"}}],"inLanguage":"en-US"},{"@type":"Organization","@id":"https:\/\/consejoderectores.cl\/en\/#organization","name":"Council of Rectors of Chilean Universities","url":"https:\/\/consejoderectores.cl\/en\/","logo":{"@type":"ImageObject","inLanguage":"en-US","@id":"https:\/\/consejoderectores.cl\/en\/#\/schema\/logo\/image\/","url":"https:\/\/consejoderectores.cl\/wp-content\/uploads\/2025\/12\/logoheader_2025.png","contentUrl":"https:\/\/consejoderectores.cl\/wp-content\/uploads\/2025\/12\/logoheader_2025.png","width":666,"height":305,"caption":"Consejo de Rectoras y Rectores de las Universidades Chilenas"},"image":{"@id":"https:\/\/consejoderectores.cl\/en\/#\/schema\/logo\/image\/"},"sameAs":["https:\/\/x.com\/CRUCH_cl","https:\/\/www.instagram.com\/consejoderectores\/","https:\/\/www.linkedin.com\/company\/cruch\/","https:\/\/www.youtube.com\/channel\/UCzgIFRCsDlKoFpimiQmEaOA"]}]}},"_links":{"self":[{"href":"https:\/\/consejoderectores.cl\/en\/wp-json\/wp\/v2\/pages\/22","targetHints":{"allow":["GET"]}}],"collection":[{"href":"https:\/\/consejoderectores.cl\/en\/wp-json\/wp\/v2\/pages"}],"about":[{"href":"https:\/\/consejoderectores.cl\/en\/wp-json\/wp\/v2\/types\/page"}],"author":[{"embeddable":true,"href":"https:\/\/consejoderectores.cl\/en\/wp-json\/wp\/v2\/users\/1"}],"replies":[{"embeddable":true,"href":"https:\/\/consejoderectores.cl\/en\/wp-json\/wp\/v2\/comments?post=22"}],"version-history":[{"count":23,"href":"https:\/\/consejoderectores.cl\/en\/wp-json\/wp\/v2\/pages\/22\/revisions"}],"predecessor-version":[{"id":14244,"href":"https:\/\/consejoderectores.cl\/en\/wp-json\/wp\/v2\/pages\/22\/revisions\/14244"}],"wp:attachment":[{"href":"https:\/\/consejoderectores.cl\/en\/wp-json\/wp\/v2\/media?parent=22"}],"curies":[{"name":"wp","href":"https:\/\/api.w.org\/{rel}","templated":true}]}}