{"id":2133,"date":"2021-04-27T00:47:09","date_gmt":"2021-04-27T00:47:09","guid":{"rendered":"https:\/\/www.consejoderectores.cl\/?page_id=2133"},"modified":"2026-05-05T21:07:00","modified_gmt":"2026-05-05T21:07:00","slug":"fondo-solidario-de-credito-universitario","status":"publish","type":"page","link":"https:\/\/consejoderectores.cl\/en\/fondo-solidario-de-credito-universitario\/","title":{"rendered":"Information on the University Credit Solidarity Fund"},"content":{"rendered":"<div class=\"vce-row-container\" data-vce-boxed-width=\"true\"><div class=\"vce-row vce-row--col-gap-30 vce-row-equal-height vce-row-content--top\" id=\"el-645584f1\" data-vce-do-apply=\"all el-645584f1\"><div class=\"vce-row-content\" data-vce-element-content=\"true\"><div class=\"vce-col vce-col--md-auto vce-col--xs-1 vce-col--xs-last vce-col--xs-first vce-col--sm-last vce-col--sm-first vce-col--md-last vce-col--lg-last vce-col--xl-last vce-col--md-first vce-col--lg-first vce-col--xl-first\" id=\"el-90794c15\"><div class=\"vce-col-inner\" data-vce-do-apply=\"border margin background  el-90794c15\"><div class=\"vce-col-content\" data-vce-element-content=\"true\" data-vce-do-apply=\"padding el-90794c15\"><div class=\"vce-row-container\" data-vce-boxed-width=\"true\"><div class=\"vce-row vce-row--col-gap-30 vce-row-equal-height vce-row-content--top\" id=\"el-ee14d99a\" data-vce-do-apply=\"all el-ee14d99a\"><div class=\"vce-row-content\" data-vce-element-content=\"true\"><div class=\"vce-col vce-col--md-auto vce-col--xs-1 vce-col--xs-last vce-col--xs-first vce-col--sm-last vce-col--sm-first vce-col--md-last vce-col--lg-last vce-col--xl-last vce-col--md-first vce-col--lg-first vce-col--xl-first\" id=\"el-35167cde\"><div class=\"vce-col-inner\" data-vce-do-apply=\"border margin background  el-35167cde\"><div class=\"vce-col-content\" data-vce-element-content=\"true\" data-vce-do-apply=\"padding el-35167cde\"><div class=\"vce-row-container\" data-vce-boxed-width=\"true\"><div class=\"vce-row vce-row--col-gap-30 vce-row-equal-height vce-row-content--top\" id=\"el-dc31548c\" data-vce-do-apply=\"all el-dc31548c\"><div class=\"vce-row-content\" data-vce-element-content=\"true\"><div class=\"vce-col vce-col--md-auto vce-col--xs-1 vce-col--xs-last vce-col--xs-first vce-col--sm-last vce-col--sm-first vce-col--md-last vce-col--lg-last vce-col--xl-last vce-col--md-first vce-col--lg-first vce-col--xl-first\" id=\"el-352e99a9\"><div class=\"vce-col-inner\" data-vce-do-apply=\"border margin background  el-352e99a9\"><div class=\"vce-col-content\" data-vce-element-content=\"true\" data-vce-do-apply=\"padding el-352e99a9\"><div class=\"vce-row-container\" data-vce-boxed-width=\"true\"><div class=\"vce-row vce-row--col-gap-30 vce-row-equal-height vce-row-content--top\" id=\"el-12009ce5\" data-vce-do-apply=\"all el-12009ce5\"><div class=\"vce-row-content\" data-vce-element-content=\"true\"><div class=\"vce-col vce-col--md-auto vce-col--xs-1 vce-col--xs-last vce-col--xs-first vce-col--sm-last vce-col--sm-first vce-col--md-last vce-col--lg-last vce-col--xl-last vce-col--md-first vce-col--lg-first vce-col--xl-first\" id=\"el-ef265b98\"><div class=\"vce-col-inner\" data-vce-do-apply=\"border margin background  el-ef265b98\"><div class=\"vce-col-content\" data-vce-element-content=\"true\" data-vce-do-apply=\"padding el-ef265b98\"><div class=\"vce-row-container\" data-vce-boxed-width=\"true\"><div class=\"vce-row vce-row--col-gap-30 vce-row-equal-height vce-row-content--top\" id=\"el-c2935db5\" data-vce-do-apply=\"all el-c2935db5\"><div class=\"vce-row-content\" data-vce-element-content=\"true\"><div class=\"vce-col vce-col--md-auto vce-col--xs-1 vce-col--xs-last vce-col--xs-first vce-col--sm-last vce-col--sm-first vce-col--md-last vce-col--lg-last vce-col--xl-last vce-col--md-first vce-col--lg-first vce-col--xl-first\" id=\"el-7f3beb65\"><div class=\"vce-col-inner\" data-vce-do-apply=\"border margin background  el-7f3beb65\"><div class=\"vce-col-content\" data-vce-element-content=\"true\" data-vce-do-apply=\"padding el-7f3beb65\"><div class=\"vce-row-container\" data-vce-boxed-width=\"true\"><div class=\"vce-row vce-row--col-gap-30 vce-row-equal-height vce-row-content--top\" id=\"el-7cee1f41\" data-vce-do-apply=\"all el-7cee1f41\"><div class=\"vce-content-background-container\"><\/div><div class=\"vce-row-content\" data-vce-element-content=\"true\"><div class=\"vce-col vce-col--md-auto vce-col--xs-1 vce-col--xs-last vce-col--xs-first vce-col--sm-last vce-col--sm-first vce-col--md-last vce-col--lg-last vce-col--xl-last vce-col--md-first vce-col--lg-first vce-col--xl-first\" id=\"el-7d0053f9\"><div class=\"vce-col-inner\" data-vce-do-apply=\"border margin background  el-7d0053f9\"><div class=\"vce-col-content\" data-vce-element-content=\"true\" data-vce-do-apply=\"padding el-7d0053f9\"><div class=\"vce-row-container\" data-vce-boxed-width=\"true\"><div class=\"vce-row vce-row--col-gap-30 vce-row-equal-height vce-row-content--top\" id=\"el-6fa69154\" data-vce-do-apply=\"all el-6fa69154\"><div class=\"vce-content-background-container\"><\/div><div class=\"vce-row-content\" data-vce-element-content=\"true\"><div class=\"vce-col vce-col--md-auto vce-col--xs-1 vce-col--xs-last vce-col--xs-first vce-col--sm-last vce-col--sm-first vce-col--md-last vce-col--lg-last vce-col--xl-last vce-col--md-first vce-col--lg-first vce-col--xl-first\" id=\"el-5a927b33\"><div class=\"vce-col-inner\" data-vce-do-apply=\"border margin background  el-5a927b33\"><div class=\"vce-content-background-container\"><\/div><div class=\"vce-col-content\" data-vce-element-content=\"true\" data-vce-do-apply=\"padding el-5a927b33\"><div class=\"vce-text-block\"><div class=\"vce-text-block-wrapper vce\" id=\"el-eae27a3f\" data-vce-do-apply=\"all el-eae27a3f\"><h3>Information on the University Credit Solidarity Fund 2026<\/h3>\n<p><strong>In this document you will find the contact information for each CRUCH institution, from which you can request detailed information.<\/strong><\/p><\/div><\/div><div class=\"vce-row-container\" data-vce-boxed-width=\"true\"><div class=\"vce-row vce-row--col-gap-30 vce-row-equal-height vce-row-content--top\" id=\"el-98fa29e3\" data-vce-do-apply=\"all el-98fa29e3\"><div class=\"vce-content-background-container\"><\/div><div class=\"vce-row-content\" data-vce-element-content=\"true\"><div class=\"vce-col vce-col--md-auto vce-col--xs-1 vce-col--xs-last vce-col--xs-first vce-col--sm-last vce-col--sm-first vce-col--md-first vce-col--lg-first vce-col--xl-first col-acta ord\" id=\"el-553c8b96\"><div class=\"vce-col-inner\" data-vce-do-apply=\"border margin background  el-553c8b96\"><div class=\"vce-col-content\" data-vce-element-content=\"true\" data-vce-do-apply=\"padding el-553c8b96\"><div class=\"vce-single-image-container vce-single-image--align-left\"><div class=\"vce vce-single-image-wrapper\" id=\"el-4b18e3d3\" data-vce-do-apply=\"all el-4b18e3d3\"><figure><div class=\"vce-single-image-figure-inner\" style=\"width: 1024px;\"><div class=\"vce-single-image-inner vce-single-image--absolute\" style=\"width: 100%; padding-bottom: 54.9805%;\"><img loading=\"lazy\" decoding=\"async\" class=\"vce-single-image\"  width=\"1024\" height=\"563\" srcset=\"https:\/\/consejoderectores.cl\/wp-content\/uploads\/2026\/02\/CRUCH-2-1024x563.png 1024w, https:\/\/consejoderectores.cl\/wp-content\/uploads\/2026\/02\/CRUCH-2-320x176.png 320w, https:\/\/consejoderectores.cl\/wp-content\/uploads\/2026\/02\/CRUCH-2-480x264.png 480w, https:\/\/consejoderectores.cl\/wp-content\/uploads\/2026\/02\/CRUCH-2-800x440.png 800w\" src=\"https:\/\/consejoderectores.cl\/wp-content\/uploads\/2026\/02\/CRUCH-2-1024x563.png\" data-img-src=\"https:\/\/consejoderectores.cl\/wp-content\/uploads\/2026\/02\/CRUCH-2.png\" data-attachment-id=\"14180\"  alt=\"\" title=\"CRUCH-2\" \/><\/div><\/div><figcaption hidden=\"\"><\/figcaption><\/figure><\/div><\/div><div class=\"vce-text-block\"><div class=\"vce-text-block-wrapper vce\" id=\"el-ff0c5565\" data-vce-do-apply=\"all el-ff0c5565\"><h3>Information on the CRUCH University Credit Solidarity Fund 2026<\/h3><\/div><\/div><div class=\"vce-button--style-basic-container btn-link vce-button--style-basic-container--align-left\"><span class=\"vce-button--style-basic-wrapper vce\" id=\"el-0c0124ca\" data-vce-do-apply=\"margin el-0c0124ca\"><a class=\"vce-button vce-button--style-basic vce-button--style-basic--border-square vce-button--style-basic--size-medium vce-button--style-basic--color-b-14-182-144--fff\" href=\"https:\/\/consejoderectores.cl\/wp-content\/uploads\/2026\/05\/Informacion-Fondo-Solidario-2026.pdf\" title=\"\" data-vce-do-apply=\"padding border background  el-0c0124ca\">PDF Link<\/a><\/span><\/div><\/div><\/div><\/div><div class=\"vce-col vce-col--md-auto vce-col--xs-1 vce-col--xs-last vce-col--xs-first vce-col--sm-last vce-col--sm-first\" id=\"el-a7cbe9c6\"><div class=\"vce-col-inner\" data-vce-do-apply=\"border margin background  el-a7cbe9c6\"><div class=\"vce-col-content\" data-vce-element-content=\"true\" data-vce-do-apply=\"padding el-a7cbe9c6\"><div class=\"vcv-row-control-wrapper\"><\/div><\/div><\/div><\/div><div class=\"vce-col vce-col--md-auto vce-col--xs-1 vce-col--xs-last vce-col--xs-first vce-col--sm-last vce-col--sm-first vce-col--md-last vce-col--lg-last vce-col--xl-last\" id=\"el-c5f656ea\"><div class=\"vce-col-inner\" data-vce-do-apply=\"border margin background  el-c5f656ea\"><div class=\"vce-col-content\" data-vce-element-content=\"true\" data-vce-do-apply=\"padding el-c5f656ea\"><div class=\"vcv-row-control-wrapper\"><\/div><\/div><\/div><\/div><\/div><\/div><\/div><\/div><\/div><\/div><\/div><\/div><\/div><\/div><\/div><\/div><\/div><\/div><\/div><\/div><\/div><\/div><\/div><\/div><\/div><\/div><\/div><\/div><\/div><\/div><\/div><\/div><\/div><\/div><\/div><\/div><\/div><\/div><\/div><\/div><\/div><\/div><\/div><\/div><\/div><\/div><\/div><\/div><\/div>","protected":false},"excerpt":{"rendered":"<p>Informaci\u00f3n Fondo Solidario de Cr\u00e9dito Universitario 2026 En este documento encontrar\u00e1 los contactos de cada instituci\u00f3n CRUCH, a la cual podr\u00e1 solicitar informaci\u00f3n detallada.Informaci\u00f3n Fondo Solidario de Cr\u00e9dito Universitario CRUCH 2026Enlace PDF<\/p>","protected":false},"author":1,"featured_media":0,"parent":0,"menu_order":0,"comment_status":"closed","ping_status":"closed","template":"page-header.php","meta":{"_acf_changed":false,"footnotes":""},"class_list":["post-2133","page","type-page","status-publish","hentry"],"acf":[],"yoast_head":"<!-- This site is optimized with the Yoast SEO plugin v27.1.1 - https:\/\/yoast.com\/product\/yoast-seo-wordpress\/ -->\n<title>Informaci\u00f3n Fondo Solidario de Cr\u00e9dito Universitario - Consejo de Rectoras y Rectores de las Universidades Chilenas<\/title>\n<meta name=\"robots\" content=\"index, follow, max-snippet:-1, max-image-preview:large, max-video-preview:-1\" \/>\n<link rel=\"canonical\" href=\"https:\/\/consejoderectores.cl\/en\/fondo-solidario-de-credito-universitario\/\" \/>\n<meta property=\"og:locale\" content=\"en_US\" \/>\n<meta property=\"og:type\" content=\"article\" \/>\n<meta property=\"og:title\" content=\"Informaci\u00f3n Fondo Solidario de Cr\u00e9dito Universitario - Consejo de Rectoras y Rectores de las Universidades Chilenas\" \/>\n<meta property=\"og:description\" content=\"Informaci\u00f3n Fondo Solidario de Cr\u00e9dito Universitario 2026 En este documento encontrar\u00e1 los contactos de cada instituci\u00f3n CRUCH, a la cual podr\u00e1 solicitar informaci\u00f3n detallada.Informaci\u00f3n Fondo Solidario de Cr\u00e9dito Universitario CRUCH 2026Enlace PDF\" \/>\n<meta property=\"og:url\" content=\"https:\/\/consejoderectores.cl\/en\/fondo-solidario-de-credito-universitario\/\" \/>\n<meta property=\"og:site_name\" content=\"Consejo de Rectoras y Rectores de las Universidades Chilenas\" \/>\n<meta property=\"article:modified_time\" content=\"2026-05-05T21:07:00+00:00\" \/>\n<meta name=\"twitter:card\" content=\"summary_large_image\" \/>\n<meta name=\"twitter:site\" content=\"@CRUCH_cl\" \/>\n<meta name=\"twitter:label1\" content=\"Est. reading time\" \/>\n\t<meta name=\"twitter:data1\" content=\"3 minutes\" \/>\n<script type=\"application\/ld+json\" class=\"yoast-schema-graph\">{\"@context\":\"https:\/\/schema.org\",\"@graph\":[{\"@type\":\"WebPage\",\"@id\":\"https:\/\/consejoderectores.cl\/fondo-solidario-de-credito-universitario\/\",\"url\":\"https:\/\/consejoderectores.cl\/fondo-solidario-de-credito-universitario\/\",\"name\":\"Informaci\u00f3n Fondo Solidario de Cr\u00e9dito Universitario - Consejo de Rectoras y Rectores de las Universidades Chilenas\",\"isPartOf\":{\"@id\":\"https:\/\/consejoderectores.cl\/en\/#website\"},\"datePublished\":\"2021-04-27T00:47:09+00:00\",\"dateModified\":\"2026-05-05T21:07:00+00:00\",\"breadcrumb\":{\"@id\":\"https:\/\/consejoderectores.cl\/fondo-solidario-de-credito-universitario\/#breadcrumb\"},\"inLanguage\":\"en-US\",\"potentialAction\":[{\"@type\":\"ReadAction\",\"target\":[\"https:\/\/consejoderectores.cl\/fondo-solidario-de-credito-universitario\/\"]}]},{\"@type\":\"BreadcrumbList\",\"@id\":\"https:\/\/consejoderectores.cl\/fondo-solidario-de-credito-universitario\/#breadcrumb\",\"itemListElement\":[{\"@type\":\"ListItem\",\"position\":1,\"name\":\"Home\",\"item\":\"https:\/\/consejoderectores.cl\/\"},{\"@type\":\"ListItem\",\"position\":2,\"name\":\"Informaci\u00f3n Fondo Solidario de Cr\u00e9dito Universitario\"}]},{\"@type\":\"WebSite\",\"@id\":\"https:\/\/consejoderectores.cl\/en\/#website\",\"url\":\"https:\/\/consejoderectores.cl\/en\/\",\"name\":\"Consejo de Rectoras y Rectores de las Universidades Chilenas\",\"description\":\"\",\"publisher\":{\"@id\":\"https:\/\/consejoderectores.cl\/en\/#organization\"},\"potentialAction\":[{\"@type\":\"SearchAction\",\"target\":{\"@type\":\"EntryPoint\",\"urlTemplate\":\"https:\/\/consejoderectores.cl\/en\/?s={search_term_string}\"},\"query-input\":{\"@type\":\"PropertyValueSpecification\",\"valueRequired\":true,\"valueName\":\"search_term_string\"}}],\"inLanguage\":\"en-US\"},{\"@type\":\"Organization\",\"@id\":\"https:\/\/consejoderectores.cl\/en\/#organization\",\"name\":\"Consejo de Rectoras y Rectores de las Universidades Chilenas\",\"url\":\"https:\/\/consejoderectores.cl\/en\/\",\"logo\":{\"@type\":\"ImageObject\",\"inLanguage\":\"en-US\",\"@id\":\"https:\/\/consejoderectores.cl\/en\/#\/schema\/logo\/image\/\",\"url\":\"https:\/\/consejoderectores.cl\/wp-content\/uploads\/2025\/12\/logoheader_2025.png\",\"contentUrl\":\"https:\/\/consejoderectores.cl\/wp-content\/uploads\/2025\/12\/logoheader_2025.png\",\"width\":666,\"height\":305,\"caption\":\"Consejo de Rectoras y Rectores de las Universidades Chilenas\"},\"image\":{\"@id\":\"https:\/\/consejoderectores.cl\/en\/#\/schema\/logo\/image\/\"},\"sameAs\":[\"https:\/\/x.com\/CRUCH_cl\",\"https:\/\/www.instagram.com\/consejoderectores\/\",\"https:\/\/www.linkedin.com\/company\/cruch\/\",\"https:\/\/www.youtube.com\/channel\/UCzgIFRCsDlKoFpimiQmEaOA\"]}]}<\/script>\n<!-- \/ Yoast SEO plugin. -->","yoast_head_json":{"title":"Informaci\u00f3n Fondo Solidario de Cr\u00e9dito Universitario - Consejo de Rectoras y Rectores de las Universidades Chilenas","robots":{"index":"index","follow":"follow","max-snippet":"max-snippet:-1","max-image-preview":"max-image-preview:large","max-video-preview":"max-video-preview:-1"},"canonical":"https:\/\/consejoderectores.cl\/en\/fondo-solidario-de-credito-universitario\/","og_locale":"en_US","og_type":"article","og_title":"Informaci\u00f3n Fondo Solidario de Cr\u00e9dito Universitario - Consejo de Rectoras y Rectores de las Universidades Chilenas","og_description":"Informaci\u00f3n Fondo Solidario de Cr\u00e9dito Universitario 2026 En este documento encontrar\u00e1 los contactos de cada instituci\u00f3n CRUCH, a la cual podr\u00e1 solicitar informaci\u00f3n detallada.Informaci\u00f3n Fondo Solidario de Cr\u00e9dito Universitario CRUCH 2026Enlace PDF","og_url":"https:\/\/consejoderectores.cl\/en\/fondo-solidario-de-credito-universitario\/","og_site_name":"Consejo de Rectoras y Rectores de las Universidades Chilenas","article_modified_time":"2026-05-05T21:07:00+00:00","twitter_card":"summary_large_image","twitter_site":"@CRUCH_cl","twitter_misc":{"Est. reading time":"3 minutes"},"schema":{"@context":"https:\/\/schema.org","@graph":[{"@type":"WebPage","@id":"https:\/\/consejoderectores.cl\/fondo-solidario-de-credito-universitario\/","url":"https:\/\/consejoderectores.cl\/fondo-solidario-de-credito-universitario\/","name":"Informaci\u00f3n Fondo Solidario de Cr\u00e9dito Universitario - Consejo de Rectoras y Rectores de las Universidades Chilenas","isPartOf":{"@id":"https:\/\/consejoderectores.cl\/en\/#website"},"datePublished":"2021-04-27T00:47:09+00:00","dateModified":"2026-05-05T21:07:00+00:00","breadcrumb":{"@id":"https:\/\/consejoderectores.cl\/fondo-solidario-de-credito-universitario\/#breadcrumb"},"inLanguage":"en-US","potentialAction":[{"@type":"ReadAction","target":["https:\/\/consejoderectores.cl\/fondo-solidario-de-credito-universitario\/"]}]},{"@type":"BreadcrumbList","@id":"https:\/\/consejoderectores.cl\/fondo-solidario-de-credito-universitario\/#breadcrumb","itemListElement":[{"@type":"ListItem","position":1,"name":"Home","item":"https:\/\/consejoderectores.cl\/"},{"@type":"ListItem","position":2,"name":"Informaci\u00f3n Fondo Solidario de Cr\u00e9dito Universitario"}]},{"@type":"WebSite","@id":"https:\/\/consejoderectores.cl\/en\/#website","url":"https:\/\/consejoderectores.cl\/en\/","name":"Council of Rectors of Chilean Universities","description":"","publisher":{"@id":"https:\/\/consejoderectores.cl\/en\/#organization"},"potentialAction":[{"@type":"SearchAction","target":{"@type":"EntryPoint","urlTemplate":"https:\/\/consejoderectores.cl\/en\/?s={search_term_string}"},"query-input":{"@type":"PropertyValueSpecification","valueRequired":true,"valueName":"search_term_string"}}],"inLanguage":"en-US"},{"@type":"Organization","@id":"https:\/\/consejoderectores.cl\/en\/#organization","name":"Council of Rectors of Chilean Universities","url":"https:\/\/consejoderectores.cl\/en\/","logo":{"@type":"ImageObject","inLanguage":"en-US","@id":"https:\/\/consejoderectores.cl\/en\/#\/schema\/logo\/image\/","url":"https:\/\/consejoderectores.cl\/wp-content\/uploads\/2025\/12\/logoheader_2025.png","contentUrl":"https:\/\/consejoderectores.cl\/wp-content\/uploads\/2025\/12\/logoheader_2025.png","width":666,"height":305,"caption":"Consejo de Rectoras y Rectores de las Universidades Chilenas"},"image":{"@id":"https:\/\/consejoderectores.cl\/en\/#\/schema\/logo\/image\/"},"sameAs":["https:\/\/x.com\/CRUCH_cl","https:\/\/www.instagram.com\/consejoderectores\/","https:\/\/www.linkedin.com\/company\/cruch\/","https:\/\/www.youtube.com\/channel\/UCzgIFRCsDlKoFpimiQmEaOA"]}]}},"_links":{"self":[{"href":"https:\/\/consejoderectores.cl\/en\/wp-json\/wp\/v2\/pages\/2133","targetHints":{"allow":["GET"]}}],"collection":[{"href":"https:\/\/consejoderectores.cl\/en\/wp-json\/wp\/v2\/pages"}],"about":[{"href":"https:\/\/consejoderectores.cl\/en\/wp-json\/wp\/v2\/types\/page"}],"author":[{"embeddable":true,"href":"https:\/\/consejoderectores.cl\/en\/wp-json\/wp\/v2\/users\/1"}],"replies":[{"embeddable":true,"href":"https:\/\/consejoderectores.cl\/en\/wp-json\/wp\/v2\/comments?post=2133"}],"version-history":[{"count":54,"href":"https:\/\/consejoderectores.cl\/en\/wp-json\/wp\/v2\/pages\/2133\/revisions"}],"predecessor-version":[{"id":14563,"href":"https:\/\/consejoderectores.cl\/en\/wp-json\/wp\/v2\/pages\/2133\/revisions\/14563"}],"wp:attachment":[{"href":"https:\/\/consejoderectores.cl\/en\/wp-json\/wp\/v2\/media?parent=2133"}],"curies":[{"name":"wp","href":"https:\/\/api.w.org\/{rel}","templated":true}]}}