{"id":2039,"date":"2021-03-26T18:25:13","date_gmt":"2021-03-26T18:25:13","guid":{"rendered":"https:\/\/www.consejoderectores.cl\/?page_id=2039"},"modified":"2021-03-26T18:25:43","modified_gmt":"2021-03-26T18:25:43","slug":"organizacion","status":"publish","type":"page","link":"https:\/\/consejoderectores.cl\/en\/el-consejo\/organizacion\/","title":{"rendered":"Organization"},"content":{"rendered":"<div class=\"vce-row-container\" data-vce-boxed-width=\"true\"><div class=\"vce-row vce-row--col-gap-30 vce-row-columns--top vce-row-content--top\" id=\"el-ead40eb9\" data-vce-do-apply=\"all el-ead40eb9\"><div class=\"vce-row-content\" data-vce-element-content=\"true\"><div class=\"vce-col vce-col--md-75p vce-col--xs-1 vce-col--xs-last vce-col--xs-first vce-col--sm-last vce-col--sm-first vce-col--md-first vce-col--lg-first vce-col--xl-first\" id=\"el-92c7af89\"><div class=\"vce-col-inner\" data-vce-do-apply=\"border margin background  el-92c7af89\"><div class=\"vce-col-content\" data-vce-element-content=\"true\" data-vce-do-apply=\"padding el-92c7af89\"><div class=\"vce-text-block\"><div class=\"vce-text-block-wrapper vce\" id=\"el-109cb79e\" data-vce-do-apply=\"all el-109cb79e\"><p style=\"text-align: justify;\">The General Secretariat contemplates the following areas:<\/p>\n<img loading=\"lazy\" decoding=\"async\" class=\"aligncenter size-full wp-image-1673\" style=\"margin-bottom: 50px;\" src=\"https:\/\/consejoderectores.cl\/wp-content\/uploads\/2021\/03\/organigrama.png\" alt=\"\" width=\"920\" height=\"381\">\n<ul>\n \t<li>\n<p style=\"text-align: justify;\"><strong>The Legal Area<\/strong> provides advice on legal issues and matters to the plenary session of rectors, the General Secretariat and the other organs and commissions of the Council of Rectors. Specifically, its functions refer to the verification of the legality of administrative acts, the preparation of proposals and presentations directed to State bodies for the adoption of administrative and legislative measures that strengthen the higher education system, legislative monitoring and analysis. of current bills and laws that refer to or affect higher education matters, the technical representation of the Council of Rectors before ordinary courts, supervisory bodies and the Office of the Comptroller General of the Republic, the preparation of regulations, manuals, instructions, internal regulations and procedures, monitoring and analysis of resolutions issued by ordinary courts, the Constitutional Court and the Office of the Comptroller General of the Republic that refer to or affect higher education matters.<\/p>\n<\/li>\n \t<li>\n<p style=\"text-align: justify;\"><strong>The Administration and Finance Area<\/strong> It is in charge of ensuring the efficient and timely management of the financial, material and human resources of the Council of Rectors. It materializes the budgeting, accounting and administration processes of the Council in accordance with the legal and regulatory framework in force. Likewise, it keeps the records and antecedents of the personnel, exercises the control and supervision of the auxiliary personnel, takes the inventory of movable property and ensures the conservation and maintenance of the premises in which the Council of Rectors operates.<\/p>\n<\/li>\n \t<li>\n<p style=\"text-align: justify;\"><strong>The Communications Area<\/strong>, is responsible for designing, proposing and implementing the communication policy of the Council of Rectors of Chilean Universities, both in the public space and in the university environment. In addition, it provides advice on the construction of public discourse; elaborates and disseminates pertinent and relevant contents of the work of the Board; coordinates communication actions with universities; manages its own media and channels; and manages the relationship with the media.<\/p>\n<\/li>\n \t<li>\n<p style=\"text-align: justify;\"><strong>The Studies and Development Area<\/strong> Its purpose is to generate and systematize information that facilitates the strategic decision-making process by the Board of Rectors. To do this, it designs and develops studies, in addition to preparing analytical reports, publications, bulletins or other documents. Its functions include the following: articulate the inter-institutional initiatives of the universities of the Council of Rectors; generate instances that allow systematic analysis and reflection on the development of higher education and its implications in various fields.<\/p>\n<\/li>\n<\/ul><\/div><\/div><\/div><\/div><\/div><div class=\"vce-col vce-col--md-25p vce-col--xs-1 vce-col--xs-last vce-col--xs-first vce-col--sm-last vce-col--sm-first vce-col--md-last vce-col--lg-last vce-col--xl-last col-menu\" id=\"el-f6688784\"><div class=\"vce-col-inner\" data-vce-do-apply=\"border margin background  el-f6688784\"><div class=\"vce-col-content\" data-vce-element-content=\"true\" data-vce-do-apply=\"padding el-f6688784\"><div class=\"vce-text-block\"><div class=\"vce-text-block-wrapper vce\" id=\"el-2d15790e\" data-vce-do-apply=\"all el-2d15790e\"><p>The advice<\/p><\/div><\/div><div class=\"vce-shortcode\"><div class=\"vce-shortcode-wrapper vce\" id=\"el-e098fe11\" data-vce-do-apply=\"all el-e098fe11\"><button class=\"bellows-menu-toggle bellows-menu-toggle-skin-blue-material\" aria-controls=\"bellows-main-5\"><i class=\"fa fa-bars\"><\/i> <span class=\"bellows-menu-toggle-text\">Menu<\/span><\/button><nav id=\"bellows-main-5\" class=\"bellows bellows-nojs bellows-main bellows-source-menu bellows-align-full bellows-skin-blue-material bellows-type- bellows-expand-current bellows-mobile-collapse\"><ul id=\"menu-submenu-el-consejo\" class=\"bellows-nav\" data-bellows-config=\"main\"><li id=\"menu-item-105\" class=\"bellows-menu-item bellows-menu-item-type-post_type bellows-menu-item-object-page bellows-menu-item-105 bellows-item-level-0\"><a  href=\"https:\/\/consejoderectores.cl\/en\/el-consejo\/quienes-somos\/\" class=\"bellows-target\" data-ps2id-api=\"true\"><span class=\"bellows-target-title bellows-target-text\">Who we are<\/span><\/a><\/li>\n<li id=\"menu-item-109\" class=\"bellows-menu-item bellows-menu-item-type-post_type bellows-menu-item-object-page bellows-menu-item-109 bellows-item-level-0\"><a  href=\"https:\/\/consejoderectores.cl\/en\/el-consejo\/rectores-del-cruch\/\" class=\"bellows-target\" data-ps2id-api=\"true\"><span class=\"bellows-target-title bellows-target-text\">Rectors of the CRUCH<\/span><\/a><\/li>\n<li id=\"menu-item-120\" class=\"bellows-menu-item bellows-menu-item-type-post_type bellows-menu-item-object-page bellows-menu-item-120 bellows-item-level-0\"><a  href=\"https:\/\/consejoderectores.cl\/en\/el-consejo\/presidencia-y-vicepresidencia\/\" class=\"bellows-target\" data-ps2id-api=\"true\"><span class=\"bellows-target-title bellows-target-text\">Presidency and Vice-Presidency<\/span><\/a><\/li>\n<li id=\"menu-item-121\" class=\"bellows-menu-item bellows-menu-item-type-post_type bellows-menu-item-object-page bellows-menu-item-121 bellows-item-level-0\"><a  href=\"https:\/\/consejoderectores.cl\/en\/el-consejo\/comite-ejecutivo\/\" class=\"bellows-target\" data-ps2id-api=\"true\"><span class=\"bellows-target-title bellows-target-text\">Executive committee<\/span><\/a><\/li>\n<li id=\"menu-item-122\" class=\"bellows-menu-item bellows-menu-item-type-post_type bellows-menu-item-object-page bellows-menu-item-has-children bellows-menu-item-122 bellows-item-level-0\"><a  href=\"https:\/\/consejoderectores.cl\/en\/el-consejo\/actas-cruch-pag-2\/\" class=\"bellows-target\" data-ps2id-api=\"true\"><span class=\"bellows-target-title bellows-target-text\">Minutes CRUCH<\/span><button class=\"bellows-subtoggle\" aria-label=\"Toggle Submenu\"><i class=\"bellows-subtoggle-icon-expand fa fa-chevron-down\"><\/i><i class=\"bellows-subtoggle-icon-collapse fa fa-chevron-up\"><\/i><\/button><\/a>\n<ul class=\"bellows-submenu\">\n\t<li id=\"menu-item-7329\" class=\"bellows-menu-item bellows-menu-item-type-post_type bellows-menu-item-object-page bellows-menu-item-7329 bellows-item-level-1\"><a  href=\"https:\/\/consejoderectores.cl\/en\/el-consejo\/actas-cruch-pag-2\/actas-2023\/\" class=\"bellows-target\" data-ps2id-api=\"true\"><span class=\"bellows-target-title bellows-target-text\">Minutes 2023<\/span><\/a><\/li>\n\t<li id=\"menu-item-6165\" class=\"bellows-menu-item bellows-menu-item-type-post_type bellows-menu-item-object-page bellows-menu-item-6165 bellows-item-level-1\"><a  href=\"https:\/\/consejoderectores.cl\/en\/el-consejo\/actas-cruch-pag-2\/actas-2022\/\" class=\"bellows-target\" data-ps2id-api=\"true\"><span class=\"bellows-target-title bellows-target-text\">Minutes 2022<\/span><\/a><\/li>\n\t<li id=\"menu-item-1574\" class=\"bellows-menu-item bellows-menu-item-type-post_type bellows-menu-item-object-page bellows-menu-item-1574 bellows-item-level-1\"><a  href=\"https:\/\/consejoderectores.cl\/en\/el-consejo\/actas-cruch-pag-2\/actas-2021\/\" class=\"bellows-target\" data-ps2id-api=\"true\"><span class=\"bellows-target-title bellows-target-text\">Minutes 2021<\/span><\/a><\/li>\n\t<li id=\"menu-item-543\" class=\"bellows-menu-item bellows-menu-item-type-post_type bellows-menu-item-object-page bellows-menu-item-543 bellows-item-level-1\"><a  href=\"https:\/\/consejoderectores.cl\/en\/el-consejo\/actas-cruch-pag-2\/actas-2020\/\" class=\"bellows-target\" data-ps2id-api=\"true\"><span class=\"bellows-target-title bellows-target-text\">Minutes 2020<\/span><\/a><\/li>\n\t<li id=\"menu-item-563\" class=\"bellows-menu-item bellows-menu-item-type-post_type bellows-menu-item-object-page bellows-menu-item-563 bellows-item-level-1\"><a  href=\"https:\/\/consejoderectores.cl\/en\/el-consejo\/actas-cruch-pag-2\/actas-2019\/\" class=\"bellows-target\" data-ps2id-api=\"true\"><span class=\"bellows-target-title bellows-target-text\">Minutes 2019<\/span><\/a><\/li>\n\t<li id=\"menu-item-562\" class=\"bellows-menu-item bellows-menu-item-type-post_type bellows-menu-item-object-page bellows-menu-item-562 bellows-item-level-1\"><a  href=\"https:\/\/consejoderectores.cl\/en\/el-consejo\/actas-cruch-pag-2\/actas-2018\/\" class=\"bellows-target\" data-ps2id-api=\"true\"><span class=\"bellows-target-title bellows-target-text\">Minutes 2018<\/span><\/a><\/li>\n\t<li id=\"menu-item-580\" class=\"bellows-menu-item bellows-menu-item-type-post_type bellows-menu-item-object-page bellows-menu-item-580 bellows-item-level-1\"><a  href=\"https:\/\/consejoderectores.cl\/en\/el-consejo\/actas-cruch-pag-2\/actas-2017\/\" class=\"bellows-target\" data-ps2id-api=\"true\"><span class=\"bellows-target-title bellows-target-text\">Minutes 2017<\/span><\/a><\/li>\n\t<li id=\"menu-item-579\" class=\"bellows-menu-item bellows-menu-item-type-post_type bellows-menu-item-object-page bellows-menu-item-579 bellows-item-level-1\"><a  href=\"https:\/\/consejoderectores.cl\/en\/el-consejo\/actas-cruch-pag-2\/actas-2016\/\" class=\"bellows-target\" data-ps2id-api=\"true\"><span class=\"bellows-target-title bellows-target-text\">Minutes 2016<\/span><\/a><\/li>\n\t<li id=\"menu-item-578\" class=\"bellows-menu-item bellows-menu-item-type-post_type bellows-menu-item-object-page bellows-menu-item-578 bellows-item-level-1\"><a  href=\"https:\/\/consejoderectores.cl\/en\/el-consejo\/actas-cruch-pag-2\/actas-2015\/\" class=\"bellows-target\" data-ps2id-api=\"true\"><span class=\"bellows-target-title bellows-target-text\">Minutes 2015<\/span><\/a><\/li>\n\t<li id=\"menu-item-577\" class=\"bellows-menu-item bellows-menu-item-type-post_type bellows-menu-item-object-page bellows-menu-item-577 bellows-item-level-1\"><a  href=\"https:\/\/consejoderectores.cl\/en\/el-consejo\/actas-cruch-pag-2\/actas-2014\/\" class=\"bellows-target\" data-ps2id-api=\"true\"><span class=\"bellows-target-title bellows-target-text\">Minutes 2014<\/span><\/a><\/li>\n\t<li id=\"menu-item-606\" class=\"bellows-menu-item bellows-menu-item-type-post_type bellows-menu-item-object-page bellows-menu-item-606 bellows-item-level-1\"><a  href=\"https:\/\/consejoderectores.cl\/en\/el-consejo\/actas-cruch-pag-2\/actas-2013\/\" class=\"bellows-target\" data-ps2id-api=\"true\"><span class=\"bellows-target-title bellows-target-text\">Minutes 2013<\/span><\/a><\/li>\n\t<li id=\"menu-item-605\" class=\"bellows-menu-item bellows-menu-item-type-post_type bellows-menu-item-object-page bellows-menu-item-605 bellows-item-level-1\"><a  href=\"https:\/\/consejoderectores.cl\/en\/el-consejo\/actas-cruch-pag-2\/actas-2012\/\" class=\"bellows-target\" data-ps2id-api=\"true\"><span class=\"bellows-target-title bellows-target-text\">Minutes 2012<\/span><\/a><\/li>\n<\/ul>\n<\/li>\n<li id=\"menu-item-525\" class=\"bellows-menu-item bellows-menu-item-type-post_type bellows-menu-item-object-page bellows-menu-item-525 bellows-item-level-0\"><a  href=\"https:\/\/consejoderectores.cl\/en\/el-consejo\/funciones\/\" class=\"bellows-target\" data-ps2id-api=\"true\"><span class=\"bellows-target-title bellows-target-text\">Features<\/span><\/a><\/li>\n<li id=\"menu-item-2043\" class=\"bellows-menu-item bellows-menu-item-type-post_type bellows-menu-item-object-page bellows-menu-item-2043 bellows-item-level-0\"><a  href=\"https:\/\/consejoderectores.cl\/en\/el-consejo\/organizacion\/\" class=\"bellows-target\" data-ps2id-api=\"true\"><span class=\"bellows-target-title bellows-target-text\">Organization<\/span><\/a><\/li>\n<\/ul><\/nav><\/div><\/div><\/div><\/div><\/div><\/div><\/div><\/div><div class=\"vce-row-container\" data-vce-boxed-width=\"true\"><div class=\"vce-row vce-row--col-gap-30 vce-row-equal-height vce-row-columns--top vce-row-content--top\" id=\"el-d081a17b\" data-vce-do-apply=\"all el-d081a17b\"><div class=\"vce-row-content\" data-vce-element-content=\"true\"><div class=\"vce-col vce-col--md-auto vce-col--xs-1 vce-col--xs-last vce-col--xs-first vce-col--sm-last vce-col--sm-first vce-col--md-last vce-col--lg-last vce-col--xl-last vce-col--md-first vce-col--lg-first vce-col--xl-first\" id=\"el-9e46834d\"><div class=\"vce-col-inner\" data-vce-do-apply=\"border margin background  el-9e46834d\"><div class=\"vce-col-content\" data-vce-element-content=\"true\" data-vce-do-apply=\"padding el-9e46834d\"><\/div><\/div><\/div><\/div><\/div><\/div>","protected":false},"excerpt":{"rendered":"<p>La Secretar\u00eda General contempla las siguientes \u00e1reas: El \u00c1rea Jur\u00eddica presta asesor\u00eda en los temas y materias de orden jur\u00eddico al pleno de rectores, a la Secretar\u00eda General y a los restantes \u00f3rganos y comisiones del Consejo de Rectores. En espec\u00edfico, sus funciones se refieren a la verificaci\u00f3n de la legalidad de los actos administrativos, [&hellip;]<\/p>\n","protected":false},"author":1,"featured_media":0,"parent":14,"menu_order":0,"comment_status":"closed","ping_status":"closed","template":"page-full.php","meta":{"_acf_changed":false,"footnotes":""},"class_list":["post-2039","page","type-page","status-publish","hentry"],"acf":[],"yoast_head":"<!-- This site is optimized with the Yoast SEO plugin v27.1.1 - https:\/\/yoast.com\/product\/yoast-seo-wordpress\/ -->\n<title>Organizaci\u00f3n - Consejo de Rectoras y Rectores de las Universidades Chilenas<\/title>\n<meta name=\"robots\" content=\"index, follow, max-snippet:-1, max-image-preview:large, max-video-preview:-1\" \/>\n<link rel=\"canonical\" href=\"https:\/\/consejoderectores.cl\/en\/el-consejo\/secretaria-general__trashed\/organizacion\/\" \/>\n<meta property=\"og:locale\" content=\"en_US\" \/>\n<meta property=\"og:type\" content=\"article\" \/>\n<meta property=\"og:title\" content=\"Organizaci\u00f3n - Consejo de Rectoras y Rectores de las Universidades Chilenas\" \/>\n<meta property=\"og:description\" content=\"La Secretar\u00eda General contempla las siguientes \u00e1reas: El \u00c1rea Jur\u00eddica presta asesor\u00eda en los temas y materias de orden jur\u00eddico al pleno de rectores, a la Secretar\u00eda General y a los restantes \u00f3rganos y comisiones del Consejo de Rectores. En espec\u00edfico, sus funciones se refieren a la verificaci\u00f3n de la legalidad de los actos administrativos, [&hellip;]\" \/>\n<meta property=\"og:url\" content=\"https:\/\/consejoderectores.cl\/en\/el-consejo\/secretaria-general__trashed\/organizacion\/\" \/>\n<meta property=\"og:site_name\" content=\"Consejo de Rectoras y Rectores de las Universidades Chilenas\" \/>\n<meta property=\"article:modified_time\" content=\"2021-03-26T18:25:43+00:00\" \/>\n<meta name=\"twitter:card\" content=\"summary_large_image\" \/>\n<meta name=\"twitter:site\" content=\"@CRUCH_cl\" \/>\n<meta name=\"twitter:label1\" content=\"Est. reading time\" \/>\n\t<meta name=\"twitter:data1\" content=\"2 minutes\" \/>\n<script type=\"application\/ld+json\" class=\"yoast-schema-graph\">{\"@context\":\"https:\/\/schema.org\",\"@graph\":[{\"@type\":\"WebPage\",\"@id\":\"https:\/\/consejoderectores.cl\/el-consejo\/secretaria-general__trashed\/organizacion\/\",\"url\":\"https:\/\/consejoderectores.cl\/el-consejo\/secretaria-general__trashed\/organizacion\/\",\"name\":\"Organizaci\u00f3n - Consejo de Rectoras y Rectores de las Universidades Chilenas\",\"isPartOf\":{\"@id\":\"https:\/\/consejoderectores.cl\/en\/#website\"},\"datePublished\":\"2021-03-26T18:25:13+00:00\",\"dateModified\":\"2021-03-26T18:25:43+00:00\",\"breadcrumb\":{\"@id\":\"https:\/\/consejoderectores.cl\/el-consejo\/secretaria-general__trashed\/organizacion\/#breadcrumb\"},\"inLanguage\":\"en-US\",\"potentialAction\":[{\"@type\":\"ReadAction\",\"target\":[\"https:\/\/consejoderectores.cl\/el-consejo\/secretaria-general__trashed\/organizacion\/\"]}]},{\"@type\":\"BreadcrumbList\",\"@id\":\"https:\/\/consejoderectores.cl\/el-consejo\/secretaria-general__trashed\/organizacion\/#breadcrumb\",\"itemListElement\":[{\"@type\":\"ListItem\",\"position\":1,\"name\":\"Home\",\"item\":\"https:\/\/consejoderectores.cl\/\"},{\"@type\":\"ListItem\",\"position\":2,\"name\":\"El Consejo\",\"item\":\"https:\/\/consejoderectores.cl\/el-consejo\/\"},{\"@type\":\"ListItem\",\"position\":3,\"name\":\"Organizaci\u00f3n\"}]},{\"@type\":\"WebSite\",\"@id\":\"https:\/\/consejoderectores.cl\/en\/#website\",\"url\":\"https:\/\/consejoderectores.cl\/en\/\",\"name\":\"Consejo de Rectoras y Rectores de las Universidades Chilenas\",\"description\":\"\",\"publisher\":{\"@id\":\"https:\/\/consejoderectores.cl\/en\/#organization\"},\"potentialAction\":[{\"@type\":\"SearchAction\",\"target\":{\"@type\":\"EntryPoint\",\"urlTemplate\":\"https:\/\/consejoderectores.cl\/en\/?s={search_term_string}\"},\"query-input\":{\"@type\":\"PropertyValueSpecification\",\"valueRequired\":true,\"valueName\":\"search_term_string\"}}],\"inLanguage\":\"en-US\"},{\"@type\":\"Organization\",\"@id\":\"https:\/\/consejoderectores.cl\/en\/#organization\",\"name\":\"Consejo de Rectoras y Rectores de las Universidades Chilenas\",\"url\":\"https:\/\/consejoderectores.cl\/en\/\",\"logo\":{\"@type\":\"ImageObject\",\"inLanguage\":\"en-US\",\"@id\":\"https:\/\/consejoderectores.cl\/en\/#\/schema\/logo\/image\/\",\"url\":\"https:\/\/consejoderectores.cl\/wp-content\/uploads\/2025\/12\/logoheader_2025.png\",\"contentUrl\":\"https:\/\/consejoderectores.cl\/wp-content\/uploads\/2025\/12\/logoheader_2025.png\",\"width\":666,\"height\":305,\"caption\":\"Consejo de Rectoras y Rectores de las Universidades Chilenas\"},\"image\":{\"@id\":\"https:\/\/consejoderectores.cl\/en\/#\/schema\/logo\/image\/\"},\"sameAs\":[\"https:\/\/x.com\/CRUCH_cl\",\"https:\/\/www.instagram.com\/consejoderectores\/\",\"https:\/\/www.linkedin.com\/company\/cruch\/\",\"https:\/\/www.youtube.com\/channel\/UCzgIFRCsDlKoFpimiQmEaOA\"]}]}<\/script>\n<!-- \/ Yoast SEO plugin. -->","yoast_head_json":{"title":"Organizaci\u00f3n - Consejo de Rectoras y Rectores de las Universidades Chilenas","robots":{"index":"index","follow":"follow","max-snippet":"max-snippet:-1","max-image-preview":"max-image-preview:large","max-video-preview":"max-video-preview:-1"},"canonical":"https:\/\/consejoderectores.cl\/en\/el-consejo\/secretaria-general__trashed\/organizacion\/","og_locale":"en_US","og_type":"article","og_title":"Organizaci\u00f3n - Consejo de Rectoras y Rectores de las Universidades Chilenas","og_description":"La Secretar\u00eda General contempla las siguientes \u00e1reas: El \u00c1rea Jur\u00eddica presta asesor\u00eda en los temas y materias de orden jur\u00eddico al pleno de rectores, a la Secretar\u00eda General y a los restantes \u00f3rganos y comisiones del Consejo de Rectores. En espec\u00edfico, sus funciones se refieren a la verificaci\u00f3n de la legalidad de los actos administrativos, [&hellip;]","og_url":"https:\/\/consejoderectores.cl\/en\/el-consejo\/secretaria-general__trashed\/organizacion\/","og_site_name":"Consejo de Rectoras y Rectores de las Universidades Chilenas","article_modified_time":"2021-03-26T18:25:43+00:00","twitter_card":"summary_large_image","twitter_site":"@CRUCH_cl","twitter_misc":{"Est. reading time":"2 minutes"},"schema":{"@context":"https:\/\/schema.org","@graph":[{"@type":"WebPage","@id":"https:\/\/consejoderectores.cl\/el-consejo\/secretaria-general__trashed\/organizacion\/","url":"https:\/\/consejoderectores.cl\/el-consejo\/secretaria-general__trashed\/organizacion\/","name":"Organizaci\u00f3n - Consejo de Rectoras y Rectores de las Universidades Chilenas","isPartOf":{"@id":"https:\/\/consejoderectores.cl\/en\/#website"},"datePublished":"2021-03-26T18:25:13+00:00","dateModified":"2021-03-26T18:25:43+00:00","breadcrumb":{"@id":"https:\/\/consejoderectores.cl\/el-consejo\/secretaria-general__trashed\/organizacion\/#breadcrumb"},"inLanguage":"en-US","potentialAction":[{"@type":"ReadAction","target":["https:\/\/consejoderectores.cl\/el-consejo\/secretaria-general__trashed\/organizacion\/"]}]},{"@type":"BreadcrumbList","@id":"https:\/\/consejoderectores.cl\/el-consejo\/secretaria-general__trashed\/organizacion\/#breadcrumb","itemListElement":[{"@type":"ListItem","position":1,"name":"Home","item":"https:\/\/consejoderectores.cl\/"},{"@type":"ListItem","position":2,"name":"El Consejo","item":"https:\/\/consejoderectores.cl\/el-consejo\/"},{"@type":"ListItem","position":3,"name":"Organizaci\u00f3n"}]},{"@type":"WebSite","@id":"https:\/\/consejoderectores.cl\/en\/#website","url":"https:\/\/consejoderectores.cl\/en\/","name":"Council of Rectors of Chilean Universities","description":"","publisher":{"@id":"https:\/\/consejoderectores.cl\/en\/#organization"},"potentialAction":[{"@type":"SearchAction","target":{"@type":"EntryPoint","urlTemplate":"https:\/\/consejoderectores.cl\/en\/?s={search_term_string}"},"query-input":{"@type":"PropertyValueSpecification","valueRequired":true,"valueName":"search_term_string"}}],"inLanguage":"en-US"},{"@type":"Organization","@id":"https:\/\/consejoderectores.cl\/en\/#organization","name":"Council of Rectors of Chilean Universities","url":"https:\/\/consejoderectores.cl\/en\/","logo":{"@type":"ImageObject","inLanguage":"en-US","@id":"https:\/\/consejoderectores.cl\/en\/#\/schema\/logo\/image\/","url":"https:\/\/consejoderectores.cl\/wp-content\/uploads\/2025\/12\/logoheader_2025.png","contentUrl":"https:\/\/consejoderectores.cl\/wp-content\/uploads\/2025\/12\/logoheader_2025.png","width":666,"height":305,"caption":"Consejo de Rectoras y Rectores de las Universidades Chilenas"},"image":{"@id":"https:\/\/consejoderectores.cl\/en\/#\/schema\/logo\/image\/"},"sameAs":["https:\/\/x.com\/CRUCH_cl","https:\/\/www.instagram.com\/consejoderectores\/","https:\/\/www.linkedin.com\/company\/cruch\/","https:\/\/www.youtube.com\/channel\/UCzgIFRCsDlKoFpimiQmEaOA"]}]}},"_links":{"self":[{"href":"https:\/\/consejoderectores.cl\/en\/wp-json\/wp\/v2\/pages\/2039","targetHints":{"allow":["GET"]}}],"collection":[{"href":"https:\/\/consejoderectores.cl\/en\/wp-json\/wp\/v2\/pages"}],"about":[{"href":"https:\/\/consejoderectores.cl\/en\/wp-json\/wp\/v2\/types\/page"}],"author":[{"embeddable":true,"href":"https:\/\/consejoderectores.cl\/en\/wp-json\/wp\/v2\/users\/1"}],"replies":[{"embeddable":true,"href":"https:\/\/consejoderectores.cl\/en\/wp-json\/wp\/v2\/comments?post=2039"}],"version-history":[{"count":2,"href":"https:\/\/consejoderectores.cl\/en\/wp-json\/wp\/v2\/pages\/2039\/revisions"}],"predecessor-version":[{"id":2041,"href":"https:\/\/consejoderectores.cl\/en\/wp-json\/wp\/v2\/pages\/2039\/revisions\/2041"}],"up":[{"embeddable":true,"href":"https:\/\/consejoderectores.cl\/en\/wp-json\/wp\/v2\/pages\/14"}],"wp:attachment":[{"href":"https:\/\/consejoderectores.cl\/en\/wp-json\/wp\/v2\/media?parent=2039"}],"curies":[{"name":"wp","href":"https:\/\/api.w.org\/{rel}","templated":true}]}}