{"id":1894,"date":"2021-03-24T02:33:32","date_gmt":"2021-03-24T02:33:32","guid":{"rendered":"https:\/\/www.consejoderectores.cl\/?page_id=1894"},"modified":"2024-02-02T01:11:42","modified_gmt":"2024-02-02T01:11:42","slug":"ciencias-medicas-y-de-la-salud","status":"publish","type":"page","link":"https:\/\/consejoderectores.cl\/en\/tu-postgrado-en-chile\/doctorado\/areas\/ciencias-medicas-y-de-la-salud\/","title":{"rendered":"Medical and Health Sciences"},"content":{"rendered":"<div class=\"vce-row-container\" data-vce-boxed-width=\"true\"><div class=\"vce-row vce-row--col-gap-30 vce-row-equal-height vce-row-content--top\" id=\"el-defcd2d0\" data-vce-do-apply=\"all el-defcd2d0\"><div class=\"vce-row-content\" data-vce-element-content=\"true\"><div class=\"vce-col vce-col--md-75p vce-col--xs-1 vce-col--xs-last vce-col--xs-first vce-col--sm-last vce-col--sm-first vce-col--md-first vce-col--lg-first vce-col--xl-first grid-area grid-area-doc\" id=\"el-ec7310ec\"><div class=\"vce-col-inner\" data-vce-do-apply=\"border margin background  el-ec7310ec\"><div class=\"vce-col-content\" data-vce-element-content=\"true\" data-vce-do-apply=\"padding el-ec7310ec\"><div class=\"vce-raw-html\"><div class=\"vce-raw-html-wrapper\" id=\"el-8de86994\" data-vce-do-apply=\"all el-8de86994\"><ul class=\"sub-list sl-doctorado\">\n\t<li><a href=\"https:\/\/cruch-2024.saargo.com\/category\/doctorado\/d3-ciencias-medicas-y-de-la-salud\/d3a-medicina-basica\/\"> Basic Medicine<\/a><\/li>\n\t<li><a href=\"https:\/\/cruch-2024.saargo.com\/category\/doctorado\/d3-ciencias-medicas-y-de-la-salud\/d3b-medicina-clinica\/\"> Clinical medicine<\/a><\/li>\n\t<li><a href=\"https:\/\/cruch-2024.saargo.com\/category\/doctorado\/d3-ciencias-medicas-y-de-la-salud\/d3c-ciencias-de-la-salud\/\"> Health Sciences<\/a><\/li>\n\t<li><a href=\"https:\/\/cruch-2024.saargo.com\/category\/doctorado\/d3-ciencias-medicas-y-de-la-salud\/d3d-biotecnologia-en-salud\/\"> Biotechnology in Health<\/a><\/li>\n\t<li><a href=\"https:\/\/cruch-2024.saargo.com\/category\/doctorado\/d3-ciencias-medicas-y-de-la-salud\/d3e-otras-ciencias-medicas\/\"> Other Medical Sciences<\/a><\/li>\n<\/ul><\/div><\/div><\/div><\/div><\/div><div class=\"vce-col vce-col--md-25p vce-col--xs-1 vce-col--xs-last vce-col--xs-first vce-col--sm-last vce-col--sm-first vce-col--md-last vce-col--lg-last vce-col--xl-last col-menu\" id=\"el-c85de574\"><div class=\"vce-col-inner\" data-vce-do-apply=\"border margin background  el-c85de574\"><div class=\"vce-col-content\" data-vce-element-content=\"true\" data-vce-do-apply=\"padding el-c85de574\"><div class=\"vce-text-block\"><div class=\"vce-text-block-wrapper vce\" id=\"el-36fd3806\" data-vce-do-apply=\"all el-36fd3806\"><p>Doctorate<\/p><\/div><\/div><div class=\"vce-shortcode\"><div class=\"vce-shortcode-wrapper vce\" id=\"el-39cdf27f\" data-vce-do-apply=\"all el-39cdf27f\"><button class=\"bellows-menu-toggle bellows-menu-toggle-skin-blue-material\" aria-controls=\"bellows-main-9\"><i class=\"fa fa-bars\"><\/i> <span class=\"bellows-menu-toggle-text\">Menu<\/span><\/button><nav id=\"bellows-main-9\" class=\"bellows bellows-nojs bellows-main bellows-source-menu bellows-align-full bellows-skin-blue-material bellows-type- bellows-expand-current bellows-mobile-collapse\"><ul id=\"menu-submenu-doctorado\" class=\"bellows-nav\" data-bellows-config=\"main\"><li id=\"menu-item-9284\" class=\"bellows-menu-item bellows-menu-item-type-post_type bellows-menu-item-object-page bellows-menu-item-9284 bellows-item-level-0\"><a  href=\"https:\/\/consejoderectores.cl\/en\/tu-postgrado-en-chile\/doctorado\/\" class=\"bellows-target\" data-ps2id-api=\"true\"><span class=\"bellows-target-title bellows-target-text\">Presentation<\/span><\/a><\/li>\n<li id=\"menu-item-690\" class=\"bellows-menu-item bellows-menu-item-type-post_type bellows-menu-item-object-page bellows-menu-item-690 bellows-item-level-0\"><a  href=\"https:\/\/consejoderectores.cl\/en\/tu-postgrado-en-chile\/doctorado\/areas\/\" class=\"bellows-target\" data-ps2id-api=\"true\"><span class=\"bellows-target-title bellows-target-text\">Areas<\/span><\/a><\/li>\n<li id=\"menu-item-689\" class=\"bellows-menu-item bellows-menu-item-type-post_type bellows-menu-item-object-page bellows-menu-item-689 bellows-item-level-0\"><a  href=\"https:\/\/consejoderectores.cl\/en\/tu-postgrado-en-chile\/doctorado\/buscador\/\" class=\"bellows-target\" data-ps2id-api=\"true\"><span class=\"bellows-target-title bellows-target-text\">Seeker<\/span><\/a><\/li>\n<li id=\"menu-item-688\" class=\"bellows-menu-item bellows-menu-item-type-post_type bellows-menu-item-object-page bellows-menu-item-688 bellows-item-level-0\"><a  href=\"https:\/\/consejoderectores.cl\/en\/tu-postgrado-en-chile\/doctorado\/universidades\/\" class=\"bellows-target\" data-ps2id-api=\"true\"><span class=\"bellows-target-title bellows-target-text\">Universities<\/span><\/a><\/li>\n<\/ul><\/nav><\/div><\/div><\/div><\/div><\/div><\/div><\/div><\/div>","protected":false},"excerpt":{"rendered":"<p>Basic Medicine, Clinical Medicine, Health Sciences, Biotechnology in Health, Other Medical Sciences, Doctorate<\/p>","protected":false},"author":1,"featured_media":0,"parent":675,"menu_order":0,"comment_status":"closed","ping_status":"closed","template":"page-header.php","meta":{"_acf_changed":false,"footnotes":""},"class_list":["post-1894","page","type-page","status-publish","hentry"],"acf":[],"yoast_head":"<!-- This site is optimized with the Yoast SEO plugin v27.1.1 - https:\/\/yoast.com\/product\/yoast-seo-wordpress\/ -->\n<title>Ciencias M\u00e9dicas y de la Salud - Consejo de Rectoras y Rectores de las Universidades Chilenas<\/title>\n<meta name=\"robots\" content=\"index, follow, max-snippet:-1, max-image-preview:large, max-video-preview:-1\" \/>\n<link rel=\"canonical\" href=\"https:\/\/consejoderectores.cl\/en\/tu-postgrado-en-chile\/doctorado\/areas\/ciencias-medicas-y-de-la-salud\/\" \/>\n<meta property=\"og:locale\" content=\"en_US\" \/>\n<meta property=\"og:type\" content=\"article\" \/>\n<meta property=\"og:title\" content=\"Ciencias M\u00e9dicas y de la Salud - Consejo de Rectoras y Rectores de las Universidades Chilenas\" \/>\n<meta property=\"og:description\" content=\"Medicina B\u00e1sica Medicina Cl\u00ednica Ciencias de la Salud Biotecnolog\u00eda en Salud Otras Ciencias M\u00e9dicas Doctorado\" \/>\n<meta property=\"og:url\" content=\"https:\/\/consejoderectores.cl\/en\/tu-postgrado-en-chile\/doctorado\/areas\/ciencias-medicas-y-de-la-salud\/\" \/>\n<meta property=\"og:site_name\" content=\"Consejo de Rectoras y Rectores de las Universidades Chilenas\" \/>\n<meta property=\"article:modified_time\" content=\"2024-02-02T01:11:42+00:00\" \/>\n<meta name=\"twitter:card\" content=\"summary_large_image\" \/>\n<meta name=\"twitter:site\" content=\"@CRUCH_cl\" \/>\n<script type=\"application\/ld+json\" class=\"yoast-schema-graph\">{\"@context\":\"https:\/\/schema.org\",\"@graph\":[{\"@type\":\"WebPage\",\"@id\":\"https:\/\/consejoderectores.cl\/tu-postgrado-en-chile\/doctorado\/areas\/ciencias-medicas-y-de-la-salud\/\",\"url\":\"https:\/\/consejoderectores.cl\/tu-postgrado-en-chile\/doctorado\/areas\/ciencias-medicas-y-de-la-salud\/\",\"name\":\"Ciencias M\u00e9dicas y de la Salud - Consejo de Rectoras y Rectores de las Universidades Chilenas\",\"isPartOf\":{\"@id\":\"https:\/\/consejoderectores.cl\/en\/#website\"},\"datePublished\":\"2021-03-24T02:33:32+00:00\",\"dateModified\":\"2024-02-02T01:11:42+00:00\",\"breadcrumb\":{\"@id\":\"https:\/\/consejoderectores.cl\/tu-postgrado-en-chile\/doctorado\/areas\/ciencias-medicas-y-de-la-salud\/#breadcrumb\"},\"inLanguage\":\"en-US\",\"potentialAction\":[{\"@type\":\"ReadAction\",\"target\":[\"https:\/\/consejoderectores.cl\/tu-postgrado-en-chile\/doctorado\/areas\/ciencias-medicas-y-de-la-salud\/\"]}]},{\"@type\":\"BreadcrumbList\",\"@id\":\"https:\/\/consejoderectores.cl\/tu-postgrado-en-chile\/doctorado\/areas\/ciencias-medicas-y-de-la-salud\/#breadcrumb\",\"itemListElement\":[{\"@type\":\"ListItem\",\"position\":1,\"name\":\"Home\",\"item\":\"https:\/\/consejoderectores.cl\/\"},{\"@type\":\"ListItem\",\"position\":2,\"name\":\"Tu Postgrado en Chile\",\"item\":\"https:\/\/consejoderectores.cl\/tu-postgrado-en-chile\/\"},{\"@type\":\"ListItem\",\"position\":3,\"name\":\"Tu Doctorado en Chile\",\"item\":\"https:\/\/consejoderectores.cl\/tu-postgrado-en-chile\/doctorado\/\"},{\"@type\":\"ListItem\",\"position\":4,\"name\":\"\u00c1reas\",\"item\":\"https:\/\/consejoderectores.cl\/tu-postgrado-en-chile\/doctorado\/areas\/\"},{\"@type\":\"ListItem\",\"position\":5,\"name\":\"Ciencias M\u00e9dicas y de la Salud\"}]},{\"@type\":\"WebSite\",\"@id\":\"https:\/\/consejoderectores.cl\/en\/#website\",\"url\":\"https:\/\/consejoderectores.cl\/en\/\",\"name\":\"Consejo de Rectoras y Rectores de las Universidades Chilenas\",\"description\":\"\",\"publisher\":{\"@id\":\"https:\/\/consejoderectores.cl\/en\/#organization\"},\"potentialAction\":[{\"@type\":\"SearchAction\",\"target\":{\"@type\":\"EntryPoint\",\"urlTemplate\":\"https:\/\/consejoderectores.cl\/en\/?s={search_term_string}\"},\"query-input\":{\"@type\":\"PropertyValueSpecification\",\"valueRequired\":true,\"valueName\":\"search_term_string\"}}],\"inLanguage\":\"en-US\"},{\"@type\":\"Organization\",\"@id\":\"https:\/\/consejoderectores.cl\/en\/#organization\",\"name\":\"Consejo de Rectoras y Rectores de las Universidades Chilenas\",\"url\":\"https:\/\/consejoderectores.cl\/en\/\",\"logo\":{\"@type\":\"ImageObject\",\"inLanguage\":\"en-US\",\"@id\":\"https:\/\/consejoderectores.cl\/en\/#\/schema\/logo\/image\/\",\"url\":\"https:\/\/consejoderectores.cl\/wp-content\/uploads\/2025\/12\/logoheader_2025.png\",\"contentUrl\":\"https:\/\/consejoderectores.cl\/wp-content\/uploads\/2025\/12\/logoheader_2025.png\",\"width\":666,\"height\":305,\"caption\":\"Consejo de Rectoras y Rectores de las Universidades Chilenas\"},\"image\":{\"@id\":\"https:\/\/consejoderectores.cl\/en\/#\/schema\/logo\/image\/\"},\"sameAs\":[\"https:\/\/x.com\/CRUCH_cl\",\"https:\/\/www.instagram.com\/consejoderectores\/\",\"https:\/\/www.linkedin.com\/company\/cruch\/\",\"https:\/\/www.youtube.com\/channel\/UCzgIFRCsDlKoFpimiQmEaOA\"]}]}<\/script>\n<!-- \/ Yoast SEO plugin. -->","yoast_head_json":{"title":"Medical and Health Sciences - Council of Rectors of Chilean Universities","robots":{"index":"index","follow":"follow","max-snippet":"max-snippet:-1","max-image-preview":"max-image-preview:large","max-video-preview":"max-video-preview:-1"},"canonical":"https:\/\/consejoderectores.cl\/en\/tu-postgrado-en-chile\/doctorado\/areas\/ciencias-medicas-y-de-la-salud\/","og_locale":"en_US","og_type":"article","og_title":"Ciencias M\u00e9dicas y de la Salud - Consejo de Rectoras y Rectores de las Universidades Chilenas","og_description":"Medicina B\u00e1sica Medicina Cl\u00ednica Ciencias de la Salud Biotecnolog\u00eda en Salud Otras Ciencias M\u00e9dicas Doctorado","og_url":"https:\/\/consejoderectores.cl\/en\/tu-postgrado-en-chile\/doctorado\/areas\/ciencias-medicas-y-de-la-salud\/","og_site_name":"Consejo de Rectoras y Rectores de las Universidades Chilenas","article_modified_time":"2024-02-02T01:11:42+00:00","twitter_card":"summary_large_image","twitter_site":"@CRUCH_cl","schema":{"@context":"https:\/\/schema.org","@graph":[{"@type":"WebPage","@id":"https:\/\/consejoderectores.cl\/tu-postgrado-en-chile\/doctorado\/areas\/ciencias-medicas-y-de-la-salud\/","url":"https:\/\/consejoderectores.cl\/tu-postgrado-en-chile\/doctorado\/areas\/ciencias-medicas-y-de-la-salud\/","name":"Medical and Health Sciences - Council of Rectors of Chilean Universities","isPartOf":{"@id":"https:\/\/consejoderectores.cl\/en\/#website"},"datePublished":"2021-03-24T02:33:32+00:00","dateModified":"2024-02-02T01:11:42+00:00","breadcrumb":{"@id":"https:\/\/consejoderectores.cl\/tu-postgrado-en-chile\/doctorado\/areas\/ciencias-medicas-y-de-la-salud\/#breadcrumb"},"inLanguage":"en-US","potentialAction":[{"@type":"ReadAction","target":["https:\/\/consejoderectores.cl\/tu-postgrado-en-chile\/doctorado\/areas\/ciencias-medicas-y-de-la-salud\/"]}]},{"@type":"BreadcrumbList","@id":"https:\/\/consejoderectores.cl\/tu-postgrado-en-chile\/doctorado\/areas\/ciencias-medicas-y-de-la-salud\/#breadcrumb","itemListElement":[{"@type":"ListItem","position":1,"name":"Home","item":"https:\/\/consejoderectores.cl\/"},{"@type":"ListItem","position":2,"name":"Tu Postgrado en Chile","item":"https:\/\/consejoderectores.cl\/tu-postgrado-en-chile\/"},{"@type":"ListItem","position":3,"name":"Tu Doctorado en Chile","item":"https:\/\/consejoderectores.cl\/tu-postgrado-en-chile\/doctorado\/"},{"@type":"ListItem","position":4,"name":"\u00c1reas","item":"https:\/\/consejoderectores.cl\/tu-postgrado-en-chile\/doctorado\/areas\/"},{"@type":"ListItem","position":5,"name":"Ciencias M\u00e9dicas y de la Salud"}]},{"@type":"WebSite","@id":"https:\/\/consejoderectores.cl\/en\/#website","url":"https:\/\/consejoderectores.cl\/en\/","name":"Council of Rectors of Chilean Universities","description":"","publisher":{"@id":"https:\/\/consejoderectores.cl\/en\/#organization"},"potentialAction":[{"@type":"SearchAction","target":{"@type":"EntryPoint","urlTemplate":"https:\/\/consejoderectores.cl\/en\/?s={search_term_string}"},"query-input":{"@type":"PropertyValueSpecification","valueRequired":true,"valueName":"search_term_string"}}],"inLanguage":"en-US"},{"@type":"Organization","@id":"https:\/\/consejoderectores.cl\/en\/#organization","name":"Council of Rectors of Chilean Universities","url":"https:\/\/consejoderectores.cl\/en\/","logo":{"@type":"ImageObject","inLanguage":"en-US","@id":"https:\/\/consejoderectores.cl\/en\/#\/schema\/logo\/image\/","url":"https:\/\/consejoderectores.cl\/wp-content\/uploads\/2025\/12\/logoheader_2025.png","contentUrl":"https:\/\/consejoderectores.cl\/wp-content\/uploads\/2025\/12\/logoheader_2025.png","width":666,"height":305,"caption":"Consejo de Rectoras y Rectores de las Universidades Chilenas"},"image":{"@id":"https:\/\/consejoderectores.cl\/en\/#\/schema\/logo\/image\/"},"sameAs":["https:\/\/x.com\/CRUCH_cl","https:\/\/www.instagram.com\/consejoderectores\/","https:\/\/www.linkedin.com\/company\/cruch\/","https:\/\/www.youtube.com\/channel\/UCzgIFRCsDlKoFpimiQmEaOA"]}]}},"_links":{"self":[{"href":"https:\/\/consejoderectores.cl\/en\/wp-json\/wp\/v2\/pages\/1894","targetHints":{"allow":["GET"]}}],"collection":[{"href":"https:\/\/consejoderectores.cl\/en\/wp-json\/wp\/v2\/pages"}],"about":[{"href":"https:\/\/consejoderectores.cl\/en\/wp-json\/wp\/v2\/types\/page"}],"author":[{"embeddable":true,"href":"https:\/\/consejoderectores.cl\/en\/wp-json\/wp\/v2\/users\/1"}],"replies":[{"embeddable":true,"href":"https:\/\/consejoderectores.cl\/en\/wp-json\/wp\/v2\/comments?post=1894"}],"version-history":[{"count":5,"href":"https:\/\/consejoderectores.cl\/en\/wp-json\/wp\/v2\/pages\/1894\/revisions"}],"predecessor-version":[{"id":9499,"href":"https:\/\/consejoderectores.cl\/en\/wp-json\/wp\/v2\/pages\/1894\/revisions\/9499"}],"up":[{"embeddable":true,"href":"https:\/\/consejoderectores.cl\/en\/wp-json\/wp\/v2\/pages\/675"}],"wp:attachment":[{"href":"https:\/\/consejoderectores.cl\/en\/wp-json\/wp\/v2\/media?parent=1894"}],"curies":[{"name":"wp","href":"https:\/\/api.w.org\/{rel}","templated":true}]}}