{"id":1890,"date":"2021-03-24T02:30:46","date_gmt":"2021-03-24T02:30:46","guid":{"rendered":"https:\/\/www.consejoderectores.cl\/?page_id=1890"},"modified":"2024-02-02T01:09:46","modified_gmt":"2024-02-02T01:09:46","slug":"ingenieria-y-tecnologia","status":"publish","type":"page","link":"https:\/\/consejoderectores.cl\/en\/tu-postgrado-en-chile\/doctorado\/areas\/ingenieria-y-tecnologia\/","title":{"rendered":"Engineering and Technology"},"content":{"rendered":"<div class=\"vce-row-container\" data-vce-boxed-width=\"true\"><div class=\"vce-row vce-row--col-gap-30 vce-row-equal-height vce-row-content--top\" id=\"el-7af3a874\" data-vce-do-apply=\"all el-7af3a874\"><div class=\"vce-row-content\" data-vce-element-content=\"true\"><div class=\"vce-col vce-col--md-75p vce-col--xs-1 vce-col--xs-last vce-col--xs-first vce-col--sm-last vce-col--sm-first vce-col--md-first vce-col--lg-first vce-col--xl-first grid-area grid-area-doc\" id=\"el-e128e49e\"><div class=\"vce-col-inner\" data-vce-do-apply=\"border margin background  el-e128e49e\"><div class=\"vce-col-content\" data-vce-element-content=\"true\" data-vce-do-apply=\"padding el-e128e49e\"><div class=\"vce-raw-html\"><div class=\"vce-raw-html-wrapper\" id=\"el-1077f0cf\" data-vce-do-apply=\"all el-1077f0cf\"><ul class=\"sub-list sl-doctorado\">\n\t<li><a href=\"https:\/\/cruch-2024.saargo.com\/category\/doctorado\/d2-ingenieria-y-tecnologia\/d2a-ingenieria-civil\/\"> Civil Engineering<\/a><\/li>\n\t<li><a href=\"https:\/\/cruch-2024.saargo.com\/category\/doctorado\/d2-ingenieria-y-tecnologia\/d2b-ingenieria-electrica-electronica-e-informatica\/\"> Electrical, Electronic and Computer Engineering<\/a><\/li>\n\t<li><a href=\"https:\/\/cruch-2024.saargo.com\/category\/doctorado\/d2-ingenieria-y-tecnologia\/d2c-ingenieria-mecanica\/\"> Mechanical Engineering<\/a><\/li>\n\t<li><a href=\"https:\/\/cruch-2024.saargo.com\/category\/doctorado\/d2-ingenieria-y-tecnologia\/d2d-ingenieria-quimica\/\"> Chemical engineering<\/a><\/li>\n\t<li><a href=\"https:\/\/cruch-2024.saargo.com\/category\/doctorado\/d2-ingenieria-y-tecnologia\/d2e-ingenieria-de-los-materiales\/\"> Materials Engineering<\/a><\/li>\n\t<li><a href=\"https:\/\/cruch-2024.saargo.com\/category\/doctorado\/d2-ingenieria-y-tecnologia\/d2f-ingenieria-medica\/\"> Medical Engineering<\/a><\/li>\n\t<li><a href=\"https:\/\/cruch-2024.saargo.com\/category\/doctorado\/d2-ingenieria-y-tecnologia\/d2g-ingenieria-ambiental\/\"> Environmental Engineering<\/a><\/li>\n\t<li><a href=\"https:\/\/cruch-2024.saargo.com\/category\/doctorado\/d2-ingenieria-y-tecnologia\/d2h-biotecnologia-ambiental\/\"> Environmental Biotechnology<\/a><\/li>\n\t<li><a href=\"https:\/\/cruch-2024.saargo.com\/category\/doctorado\/d2-ingenieria-y-tecnologia\/d2i-biotecnologia-industrial\/\"> Industrial Biotechnology<\/a><\/li>\n\t<li><a href=\"https:\/\/cruch-2024.saargo.com\/category\/doctorado\/d2-ingenieria-y-tecnologia\/d2j-nanotecnologia\/\">Nanotechnology<\/a><\/li>\n\t<li><a href=\"https:\/\/cruch-2024.saargo.com\/category\/doctorado\/d2-ingenieria-y-tecnologia\/d2k-otras-ingenieria-y-tecnologias\/\"> Other Engineering and Technologies<\/a><\/li>\n<\/ul><\/div><\/div><\/div><\/div><\/div><div class=\"vce-col vce-col--md-25p vce-col--xs-1 vce-col--xs-last vce-col--xs-first vce-col--sm-last vce-col--sm-first vce-col--md-last vce-col--lg-last vce-col--xl-last col-menu\" id=\"el-6d279af8\"><div class=\"vce-col-inner\" data-vce-do-apply=\"border margin background  el-6d279af8\"><div class=\"vce-col-content\" data-vce-element-content=\"true\" data-vce-do-apply=\"padding el-6d279af8\"><div class=\"vce-text-block\"><div class=\"vce-text-block-wrapper vce\" id=\"el-62a3932e\" data-vce-do-apply=\"all el-62a3932e\"><p>Doctorate<\/p><\/div><\/div><div class=\"vce-shortcode\"><div class=\"vce-shortcode-wrapper vce\" id=\"el-619c68eb\" data-vce-do-apply=\"all el-619c68eb\"><button class=\"bellows-menu-toggle bellows-menu-toggle-skin-blue-material\" aria-controls=\"bellows-main-9\"><i class=\"fa fa-bars\"><\/i> <span class=\"bellows-menu-toggle-text\">Menu<\/span><\/button><nav id=\"bellows-main-9\" class=\"bellows bellows-nojs bellows-main bellows-source-menu bellows-align-full bellows-skin-blue-material bellows-type- bellows-expand-current bellows-mobile-collapse\"><ul id=\"menu-submenu-doctorado\" class=\"bellows-nav\" data-bellows-config=\"main\"><li id=\"menu-item-9284\" class=\"bellows-menu-item bellows-menu-item-type-post_type bellows-menu-item-object-page bellows-menu-item-9284 bellows-item-level-0\"><a  href=\"https:\/\/consejoderectores.cl\/en\/tu-postgrado-en-chile\/doctorado\/\" class=\"bellows-target\" data-ps2id-api=\"true\"><span class=\"bellows-target-title bellows-target-text\">Presentation<\/span><\/a><\/li>\n<li id=\"menu-item-690\" class=\"bellows-menu-item bellows-menu-item-type-post_type bellows-menu-item-object-page bellows-menu-item-690 bellows-item-level-0\"><a  href=\"https:\/\/consejoderectores.cl\/en\/tu-postgrado-en-chile\/doctorado\/areas\/\" class=\"bellows-target\" data-ps2id-api=\"true\"><span class=\"bellows-target-title bellows-target-text\">Areas<\/span><\/a><\/li>\n<li id=\"menu-item-689\" class=\"bellows-menu-item bellows-menu-item-type-post_type bellows-menu-item-object-page bellows-menu-item-689 bellows-item-level-0\"><a  href=\"https:\/\/consejoderectores.cl\/en\/tu-postgrado-en-chile\/doctorado\/buscador\/\" class=\"bellows-target\" data-ps2id-api=\"true\"><span class=\"bellows-target-title bellows-target-text\">Seeker<\/span><\/a><\/li>\n<li id=\"menu-item-688\" class=\"bellows-menu-item bellows-menu-item-type-post_type bellows-menu-item-object-page bellows-menu-item-688 bellows-item-level-0\"><a  href=\"https:\/\/consejoderectores.cl\/en\/tu-postgrado-en-chile\/doctorado\/universidades\/\" class=\"bellows-target\" data-ps2id-api=\"true\"><span class=\"bellows-target-title bellows-target-text\">Universities<\/span><\/a><\/li>\n<\/ul><\/nav><\/div><\/div><\/div><\/div><\/div><\/div><\/div><\/div>","protected":false},"excerpt":{"rendered":"<p>Ingenier\u00eda Civil Ingenier\u00eda El\u00e9ctrica, Electr\u00f3nica e Inform\u00e1tica Ingenier\u00eda Mec\u00e1nica Ingenier\u00eda Qu\u00edmica Ingenier\u00eda de los Materiales Ingenier\u00eda M\u00e9dica Ingenier\u00eda Ambiental Biotecnolog\u00eda Ambiental Biotecnolog\u00eda Industrial Nanotecnolog\u00eda Otras Ingenier\u00eda y Tecnolog\u00edas Doctorado<\/p>","protected":false},"author":1,"featured_media":0,"parent":675,"menu_order":0,"comment_status":"closed","ping_status":"closed","template":"page-header.php","meta":{"_acf_changed":false,"footnotes":""},"class_list":["post-1890","page","type-page","status-publish","hentry"],"acf":[],"yoast_head":"<!-- This site is optimized with the Yoast SEO plugin v27.1.1 - https:\/\/yoast.com\/product\/yoast-seo-wordpress\/ -->\n<title>Ingenier\u00eda y Tecnolog\u00eda - Consejo de Rectoras y Rectores de las Universidades Chilenas<\/title>\n<meta name=\"robots\" content=\"index, follow, max-snippet:-1, max-image-preview:large, max-video-preview:-1\" \/>\n<link rel=\"canonical\" href=\"https:\/\/consejoderectores.cl\/en\/tu-postgrado-en-chile\/doctorado\/areas\/ingenieria-y-tecnologia\/\" \/>\n<meta property=\"og:locale\" content=\"en_US\" \/>\n<meta property=\"og:type\" content=\"article\" \/>\n<meta property=\"og:title\" content=\"Ingenier\u00eda y Tecnolog\u00eda - Consejo de Rectoras y Rectores de las Universidades Chilenas\" \/>\n<meta property=\"og:description\" content=\"Ingenier\u00eda Civil Ingenier\u00eda El\u00e9ctrica, Electr\u00f3nica e Inform\u00e1tica Ingenier\u00eda Mec\u00e1nica Ingenier\u00eda Qu\u00edmica Ingenier\u00eda de los Materiales Ingenier\u00eda M\u00e9dica Ingenier\u00eda Ambiental Biotecnolog\u00eda Ambiental Biotecnolog\u00eda Industrial Nanotecnolog\u00eda Otras Ingenier\u00eda y Tecnolog\u00edas Doctorado\" \/>\n<meta property=\"og:url\" content=\"https:\/\/consejoderectores.cl\/en\/tu-postgrado-en-chile\/doctorado\/areas\/ingenieria-y-tecnologia\/\" \/>\n<meta property=\"og:site_name\" content=\"Consejo de Rectoras y Rectores de las Universidades Chilenas\" \/>\n<meta property=\"article:modified_time\" content=\"2024-02-02T01:09:46+00:00\" \/>\n<meta name=\"twitter:card\" content=\"summary_large_image\" \/>\n<meta name=\"twitter:site\" content=\"@CRUCH_cl\" \/>\n<script type=\"application\/ld+json\" class=\"yoast-schema-graph\">{\"@context\":\"https:\/\/schema.org\",\"@graph\":[{\"@type\":\"WebPage\",\"@id\":\"https:\/\/consejoderectores.cl\/tu-postgrado-en-chile\/doctorado\/areas\/ingenieria-y-tecnologia\/\",\"url\":\"https:\/\/consejoderectores.cl\/tu-postgrado-en-chile\/doctorado\/areas\/ingenieria-y-tecnologia\/\",\"name\":\"Ingenier\u00eda y Tecnolog\u00eda - Consejo de Rectoras y Rectores de las Universidades Chilenas\",\"isPartOf\":{\"@id\":\"https:\/\/consejoderectores.cl\/en\/#website\"},\"datePublished\":\"2021-03-24T02:30:46+00:00\",\"dateModified\":\"2024-02-02T01:09:46+00:00\",\"breadcrumb\":{\"@id\":\"https:\/\/consejoderectores.cl\/tu-postgrado-en-chile\/doctorado\/areas\/ingenieria-y-tecnologia\/#breadcrumb\"},\"inLanguage\":\"en-US\",\"potentialAction\":[{\"@type\":\"ReadAction\",\"target\":[\"https:\/\/consejoderectores.cl\/tu-postgrado-en-chile\/doctorado\/areas\/ingenieria-y-tecnologia\/\"]}]},{\"@type\":\"BreadcrumbList\",\"@id\":\"https:\/\/consejoderectores.cl\/tu-postgrado-en-chile\/doctorado\/areas\/ingenieria-y-tecnologia\/#breadcrumb\",\"itemListElement\":[{\"@type\":\"ListItem\",\"position\":1,\"name\":\"Home\",\"item\":\"https:\/\/consejoderectores.cl\/\"},{\"@type\":\"ListItem\",\"position\":2,\"name\":\"Tu Postgrado en Chile\",\"item\":\"https:\/\/consejoderectores.cl\/tu-postgrado-en-chile\/\"},{\"@type\":\"ListItem\",\"position\":3,\"name\":\"Tu Doctorado en Chile\",\"item\":\"https:\/\/consejoderectores.cl\/tu-postgrado-en-chile\/doctorado\/\"},{\"@type\":\"ListItem\",\"position\":4,\"name\":\"\u00c1reas\",\"item\":\"https:\/\/consejoderectores.cl\/tu-postgrado-en-chile\/doctorado\/areas\/\"},{\"@type\":\"ListItem\",\"position\":5,\"name\":\"Ingenier\u00eda y Tecnolog\u00eda\"}]},{\"@type\":\"WebSite\",\"@id\":\"https:\/\/consejoderectores.cl\/en\/#website\",\"url\":\"https:\/\/consejoderectores.cl\/en\/\",\"name\":\"Consejo de Rectoras y Rectores de las Universidades Chilenas\",\"description\":\"\",\"publisher\":{\"@id\":\"https:\/\/consejoderectores.cl\/en\/#organization\"},\"potentialAction\":[{\"@type\":\"SearchAction\",\"target\":{\"@type\":\"EntryPoint\",\"urlTemplate\":\"https:\/\/consejoderectores.cl\/en\/?s={search_term_string}\"},\"query-input\":{\"@type\":\"PropertyValueSpecification\",\"valueRequired\":true,\"valueName\":\"search_term_string\"}}],\"inLanguage\":\"en-US\"},{\"@type\":\"Organization\",\"@id\":\"https:\/\/consejoderectores.cl\/en\/#organization\",\"name\":\"Consejo de Rectoras y Rectores de las Universidades Chilenas\",\"url\":\"https:\/\/consejoderectores.cl\/en\/\",\"logo\":{\"@type\":\"ImageObject\",\"inLanguage\":\"en-US\",\"@id\":\"https:\/\/consejoderectores.cl\/en\/#\/schema\/logo\/image\/\",\"url\":\"https:\/\/consejoderectores.cl\/wp-content\/uploads\/2025\/12\/logoheader_2025.png\",\"contentUrl\":\"https:\/\/consejoderectores.cl\/wp-content\/uploads\/2025\/12\/logoheader_2025.png\",\"width\":666,\"height\":305,\"caption\":\"Consejo de Rectoras y Rectores de las Universidades Chilenas\"},\"image\":{\"@id\":\"https:\/\/consejoderectores.cl\/en\/#\/schema\/logo\/image\/\"},\"sameAs\":[\"https:\/\/x.com\/CRUCH_cl\",\"https:\/\/www.instagram.com\/consejoderectores\/\",\"https:\/\/www.linkedin.com\/company\/cruch\/\",\"https:\/\/www.youtube.com\/channel\/UCzgIFRCsDlKoFpimiQmEaOA\"]}]}<\/script>\n<!-- \/ Yoast SEO plugin. -->","yoast_head_json":{"title":"Ingenier\u00eda y Tecnolog\u00eda - Consejo de Rectoras y Rectores de las Universidades Chilenas","robots":{"index":"index","follow":"follow","max-snippet":"max-snippet:-1","max-image-preview":"max-image-preview:large","max-video-preview":"max-video-preview:-1"},"canonical":"https:\/\/consejoderectores.cl\/en\/tu-postgrado-en-chile\/doctorado\/areas\/ingenieria-y-tecnologia\/","og_locale":"en_US","og_type":"article","og_title":"Ingenier\u00eda y Tecnolog\u00eda - Consejo de Rectoras y Rectores de las Universidades Chilenas","og_description":"Ingenier\u00eda Civil Ingenier\u00eda El\u00e9ctrica, Electr\u00f3nica e Inform\u00e1tica Ingenier\u00eda Mec\u00e1nica Ingenier\u00eda Qu\u00edmica Ingenier\u00eda de los Materiales Ingenier\u00eda M\u00e9dica Ingenier\u00eda Ambiental Biotecnolog\u00eda Ambiental Biotecnolog\u00eda Industrial Nanotecnolog\u00eda Otras Ingenier\u00eda y Tecnolog\u00edas Doctorado","og_url":"https:\/\/consejoderectores.cl\/en\/tu-postgrado-en-chile\/doctorado\/areas\/ingenieria-y-tecnologia\/","og_site_name":"Consejo de Rectoras y Rectores de las Universidades Chilenas","article_modified_time":"2024-02-02T01:09:46+00:00","twitter_card":"summary_large_image","twitter_site":"@CRUCH_cl","schema":{"@context":"https:\/\/schema.org","@graph":[{"@type":"WebPage","@id":"https:\/\/consejoderectores.cl\/tu-postgrado-en-chile\/doctorado\/areas\/ingenieria-y-tecnologia\/","url":"https:\/\/consejoderectores.cl\/tu-postgrado-en-chile\/doctorado\/areas\/ingenieria-y-tecnologia\/","name":"Ingenier\u00eda y Tecnolog\u00eda - Consejo de Rectoras y Rectores de las Universidades Chilenas","isPartOf":{"@id":"https:\/\/consejoderectores.cl\/en\/#website"},"datePublished":"2021-03-24T02:30:46+00:00","dateModified":"2024-02-02T01:09:46+00:00","breadcrumb":{"@id":"https:\/\/consejoderectores.cl\/tu-postgrado-en-chile\/doctorado\/areas\/ingenieria-y-tecnologia\/#breadcrumb"},"inLanguage":"en-US","potentialAction":[{"@type":"ReadAction","target":["https:\/\/consejoderectores.cl\/tu-postgrado-en-chile\/doctorado\/areas\/ingenieria-y-tecnologia\/"]}]},{"@type":"BreadcrumbList","@id":"https:\/\/consejoderectores.cl\/tu-postgrado-en-chile\/doctorado\/areas\/ingenieria-y-tecnologia\/#breadcrumb","itemListElement":[{"@type":"ListItem","position":1,"name":"Home","item":"https:\/\/consejoderectores.cl\/"},{"@type":"ListItem","position":2,"name":"Tu Postgrado en Chile","item":"https:\/\/consejoderectores.cl\/tu-postgrado-en-chile\/"},{"@type":"ListItem","position":3,"name":"Tu Doctorado en Chile","item":"https:\/\/consejoderectores.cl\/tu-postgrado-en-chile\/doctorado\/"},{"@type":"ListItem","position":4,"name":"\u00c1reas","item":"https:\/\/consejoderectores.cl\/tu-postgrado-en-chile\/doctorado\/areas\/"},{"@type":"ListItem","position":5,"name":"Ingenier\u00eda y Tecnolog\u00eda"}]},{"@type":"WebSite","@id":"https:\/\/consejoderectores.cl\/en\/#website","url":"https:\/\/consejoderectores.cl\/en\/","name":"Council of Rectors of Chilean Universities","description":"","publisher":{"@id":"https:\/\/consejoderectores.cl\/en\/#organization"},"potentialAction":[{"@type":"SearchAction","target":{"@type":"EntryPoint","urlTemplate":"https:\/\/consejoderectores.cl\/en\/?s={search_term_string}"},"query-input":{"@type":"PropertyValueSpecification","valueRequired":true,"valueName":"search_term_string"}}],"inLanguage":"en-US"},{"@type":"Organization","@id":"https:\/\/consejoderectores.cl\/en\/#organization","name":"Council of Rectors of Chilean Universities","url":"https:\/\/consejoderectores.cl\/en\/","logo":{"@type":"ImageObject","inLanguage":"en-US","@id":"https:\/\/consejoderectores.cl\/en\/#\/schema\/logo\/image\/","url":"https:\/\/consejoderectores.cl\/wp-content\/uploads\/2025\/12\/logoheader_2025.png","contentUrl":"https:\/\/consejoderectores.cl\/wp-content\/uploads\/2025\/12\/logoheader_2025.png","width":666,"height":305,"caption":"Consejo de Rectoras y Rectores de las Universidades Chilenas"},"image":{"@id":"https:\/\/consejoderectores.cl\/en\/#\/schema\/logo\/image\/"},"sameAs":["https:\/\/x.com\/CRUCH_cl","https:\/\/www.instagram.com\/consejoderectores\/","https:\/\/www.linkedin.com\/company\/cruch\/","https:\/\/www.youtube.com\/channel\/UCzgIFRCsDlKoFpimiQmEaOA"]}]}},"_links":{"self":[{"href":"https:\/\/consejoderectores.cl\/en\/wp-json\/wp\/v2\/pages\/1890","targetHints":{"allow":["GET"]}}],"collection":[{"href":"https:\/\/consejoderectores.cl\/en\/wp-json\/wp\/v2\/pages"}],"about":[{"href":"https:\/\/consejoderectores.cl\/en\/wp-json\/wp\/v2\/types\/page"}],"author":[{"embeddable":true,"href":"https:\/\/consejoderectores.cl\/en\/wp-json\/wp\/v2\/users\/1"}],"replies":[{"embeddable":true,"href":"https:\/\/consejoderectores.cl\/en\/wp-json\/wp\/v2\/comments?post=1890"}],"version-history":[{"count":7,"href":"https:\/\/consejoderectores.cl\/en\/wp-json\/wp\/v2\/pages\/1890\/revisions"}],"predecessor-version":[{"id":9498,"href":"https:\/\/consejoderectores.cl\/en\/wp-json\/wp\/v2\/pages\/1890\/revisions\/9498"}],"up":[{"embeddable":true,"href":"https:\/\/consejoderectores.cl\/en\/wp-json\/wp\/v2\/pages\/675"}],"wp:attachment":[{"href":"https:\/\/consejoderectores.cl\/en\/wp-json\/wp\/v2\/media?parent=1890"}],"curies":[{"name":"wp","href":"https:\/\/api.w.org\/{rel}","templated":true}]}}