{"id":1829,"date":"2021-03-23T00:56:30","date_gmt":"2021-03-23T00:56:30","guid":{"rendered":"https:\/\/www.consejoderectores.cl\/?page_id=1829"},"modified":"2024-03-06T10:31:01","modified_gmt":"2024-03-06T10:31:01","slug":"documentos","status":"publish","type":"page","link":"https:\/\/consejoderectores.cl\/en\/comisiones-cruch\/comision-de-bibliotecas\/documentos\/","title":{"rendered":"Documents"},"content":{"rendered":"<div class=\"vce-row-container\" data-vce-boxed-width=\"true\"><div class=\"vce-row vce-row--col-gap-30 vce-row-content--top\" id=\"el-c3420ef6\" data-vce-do-apply=\"all el-c3420ef6\"><div class=\"vce-row-content\" data-vce-element-content=\"true\"><div class=\"vce-col vce-col--md-auto vce-col--xs-1 vce-col--xs-last vce-col--xs-first vce-col--sm-last vce-col--sm-first vce-col--md-last vce-col--lg-last vce-col--xl-last vce-col--md-first vce-col--lg-first vce-col--xl-first\" id=\"el-2ba67e07\"><div class=\"vce-col-inner\" data-vce-do-apply=\"border margin background  el-2ba67e07\"><div class=\"vce-col-content\" data-vce-element-content=\"true\" data-vce-do-apply=\"padding el-2ba67e07\"><div class=\"vce-row-container\" data-vce-boxed-width=\"true\"><div class=\"vce-row vce-row--col-gap-30 vce-row-equal-height vce-row-content--top\" id=\"el-d2c6f24a\" data-vce-do-apply=\"all el-d2c6f24a\"><div class=\"vce-row-content\" data-vce-element-content=\"true\"><div class=\"vce-col vce-col--md-auto vce-col--xs-1 vce-col--xs-last vce-col--xs-first vce-col--sm-last vce-col--sm-first vce-col--md-first vce-col--lg-first vce-col--xl-first col-acta ord\" id=\"el-bf1d1082\"><div class=\"vce-col-inner\" data-vce-do-apply=\"border margin background  el-bf1d1082\"><div class=\"vce-col-content\" data-vce-element-content=\"true\" data-vce-do-apply=\"padding el-bf1d1082\"><div class=\"vce-single-image-container vce-single-image--align-left\"><div class=\"vce vce-single-image-wrapper\" id=\"el-f3d310df\" data-vce-do-apply=\"all el-f3d310df\"><figure><div class=\"vce-single-image-figure-inner\" style=\"width: 1024px;\"><div class=\"vce-single-image-inner vce-single-image--absolute\" style=\"width: 100%; padding-bottom: 48.8281%;\"><img loading=\"lazy\" decoding=\"async\" class=\"vce-single-image\"  width=\"1024\" height=\"500\" srcset=\"https:\/\/consejoderectores.cl\/wp-content\/uploads\/2024\/02\/declaraciones-publicas-320x156.jpg 320w, https:\/\/consejoderectores.cl\/wp-content\/uploads\/2024\/02\/declaraciones-publicas-480x234.jpg 480w, https:\/\/consejoderectores.cl\/wp-content\/uploads\/2024\/02\/declaraciones-publicas-800x391.jpg 800w, https:\/\/consejoderectores.cl\/wp-content\/uploads\/2024\/03\/declaraciones-publicas-1024x500.jpg 1024w\" src=\"https:\/\/consejoderectores.cl\/wp-content\/uploads\/2024\/03\/declaraciones-publicas-1024x500.jpg\" data-img-src=\"https:\/\/consejoderectores.cl\/wp-content\/uploads\/2024\/02\/declaraciones-publicas.jpg\" data-attachment-id=\"10085\"  alt=\"\" title=\"public statements\" \/><\/div><\/div><figcaption hidden=\"\"><\/figcaption><\/figure><\/div><\/div><div class=\"vce-text-block\"><div class=\"vce-text-block-wrapper vce\" id=\"el-f4fc0b51\" data-vce-do-apply=\"all el-f4fc0b51\"><h3><a class=\"title\" href=\"http:\/\/cabid.cl\/Publicaciones\/index.php\/ed\/catalog\/book\/2\">Support services for research and scientific publication: In Chilean University Libraries belonging to the Council of Rectors<\/a><\/h3><p><em>August 2020<\/em><\/p><\/div><\/div><div class=\"vce-button--style-basic-container btn-link vce-button--style-basic-container--align-left\"><span class=\"vce-button--style-basic-wrapper vce\" id=\"el-afdab733\" data-vce-do-apply=\"margin el-afdab733\"><a class=\"vce-button vce-button--style-basic vce-button--style-basic--border-square vce-button--style-basic--size-medium vce-button--style-basic--color-b-14-182-144--fff\" href=\"https:\/\/www.consejoderectores.cl\/wp-content\/uploads\/2022\/11\/2-Manuscrito-de-libro-9-1-10-20200804.pdf\" title=\"\" data-vce-do-apply=\"padding border background  el-afdab733\">Download pdf<\/a><\/span><\/div><\/div><\/div><\/div><div class=\"vce-col vce-col--md-auto vce-col--xs-1 vce-col--xs-last vce-col--xs-first vce-col--sm-last vce-col--sm-first col-acta ord\" id=\"el-be564158\"><div class=\"vce-col-inner\" data-vce-do-apply=\"border margin background  el-be564158\"><div class=\"vce-col-content\" data-vce-element-content=\"true\" data-vce-do-apply=\"padding el-be564158\"><div class=\"vce-single-image-container vce-single-image--align-left\"><div class=\"vce vce-single-image-wrapper\" id=\"el-e62bfdf3\" data-vce-do-apply=\"all el-e62bfdf3\"><figure><div class=\"vce-single-image-figure-inner\" style=\"width: 1024px;\"><div class=\"vce-single-image-inner vce-single-image--absolute\" style=\"width: 100%; padding-bottom: 48.8281%;\"><img loading=\"lazy\" decoding=\"async\" class=\"vce-single-image\"  width=\"1024\" height=\"500\" srcset=\"https:\/\/consejoderectores.cl\/wp-content\/uploads\/2024\/02\/declaraciones-publicas-320x156.jpg 320w, https:\/\/consejoderectores.cl\/wp-content\/uploads\/2024\/02\/declaraciones-publicas-480x234.jpg 480w, https:\/\/consejoderectores.cl\/wp-content\/uploads\/2024\/02\/declaraciones-publicas-800x391.jpg 800w, https:\/\/consejoderectores.cl\/wp-content\/uploads\/2024\/03\/declaraciones-publicas-1024x500.jpg 1024w\" src=\"https:\/\/consejoderectores.cl\/wp-content\/uploads\/2024\/03\/declaraciones-publicas-1024x500.jpg\" data-img-src=\"https:\/\/consejoderectores.cl\/wp-content\/uploads\/2024\/02\/declaraciones-publicas.jpg\" data-attachment-id=\"10085\"  alt=\"\" title=\"public statements\" \/><\/div><\/div><figcaption hidden=\"\"><\/figcaption><\/figure><\/div><\/div><div class=\"vce-text-block\"><div class=\"vce-text-block-wrapper vce\" id=\"el-fd1ab155\" data-vce-do-apply=\"all el-fd1ab155\"><h3><a class=\"title\" href=\"http:\/\/cabid.cl\/Publicaciones\/index.php\/ed\/catalog\/book\/1\">Standards for Chilean University Libraries: Fundamental Principles<\/a><\/h3><p><em>July 2020<\/em><\/p><\/div><\/div><div class=\"vce-button--style-basic-container btn-link vce-button--style-basic-container--align-left\"><span class=\"vce-button--style-basic-wrapper vce\" id=\"el-a51c80eb\" data-vce-do-apply=\"margin el-a51c80eb\"><a class=\"vce-button vce-button--style-basic vce-button--style-basic--border-square vce-button--style-basic--size-medium vce-button--style-basic--color-b-14-182-144--fff\" href=\"https:\/\/www.consejoderectores.cl\/wp-content\/uploads\/2022\/11\/1-Manuscrito-de-libro-5-2-10-20210317.pdf\" title=\"\" data-vce-do-apply=\"padding border background  el-a51c80eb\">Download pdf<\/a><\/span><\/div><\/div><\/div><\/div><div class=\"vce-col vce-col--md-auto vce-col--xs-1 vce-col--xs-last vce-col--xs-first vce-col--sm-last vce-col--sm-first vce-col--md-last vce-col--lg-last vce-col--xl-last\" id=\"el-37427172\"><div class=\"vce-col-inner\" data-vce-do-apply=\"border margin background  el-37427172\"><div class=\"vce-col-content\" data-vce-element-content=\"true\" data-vce-do-apply=\"padding el-37427172\"><div><\/div><\/div><\/div><\/div><\/div><\/div><\/div><\/div><\/div><\/div><\/div><\/div><\/div><div class=\"vce-row-container\" data-vce-boxed-width=\"true\"><div class=\"vce-row vce-row--col-gap-30 vce-row-equal-height vce-row-content--top\" id=\"el-2781aba1\" data-vce-do-apply=\"all el-2781aba1\"><div class=\"vce-row-content\" data-vce-element-content=\"true\"><div class=\"vce-col vce-col--md-auto vce-col--xs-1 vce-col--xs-last vce-col--xs-first vce-col--sm-last vce-col--sm-first vce-col--md-last vce-col--lg-last vce-col--xl-last vce-col--md-first vce-col--lg-first vce-col--xl-first\" id=\"el-887a3625\"><div class=\"vce-col-inner\" data-vce-do-apply=\"border margin background  el-887a3625\"><div class=\"vce-col-content\" data-vce-element-content=\"true\" data-vce-do-apply=\"padding el-887a3625\"><div><\/div><\/div><\/div><\/div><\/div><\/div><\/div>","protected":false},"excerpt":{"rendered":"<p>Support Services for Research and Scientific Publication: In Chilean University Libraries belonging to the Council of Rectors, August 2020, Download PDF; Standards for Chilean University Libraries: Fundamental Principles, July 2020, Download PDF<\/p>","protected":false},"author":1,"featured_media":0,"parent":1821,"menu_order":0,"comment_status":"closed","ping_status":"closed","template":"page-header.php","meta":{"_acf_changed":false,"footnotes":""},"class_list":["post-1829","page","type-page","status-publish","hentry"],"acf":[],"yoast_head":"<!-- This site is optimized with the Yoast SEO plugin v27.1.1 - https:\/\/yoast.com\/product\/yoast-seo-wordpress\/ -->\n<title>Documentos - Consejo de Rectoras y Rectores de las Universidades Chilenas<\/title>\n<meta name=\"robots\" content=\"index, follow, max-snippet:-1, max-image-preview:large, max-video-preview:-1\" \/>\n<link rel=\"canonical\" href=\"https:\/\/consejoderectores.cl\/en\/comisiones-cruch\/comision-de-bibliotecas\/documentos\/\" \/>\n<meta property=\"og:locale\" content=\"en_US\" \/>\n<meta property=\"og:type\" content=\"article\" \/>\n<meta property=\"og:title\" content=\"Documentos - Consejo de Rectoras y Rectores de las Universidades Chilenas\" \/>\n<meta property=\"og:description\" content=\"Servicios de apoyo a la investigaci\u00f3n y publicaci\u00f3n cient\u00edfica: En Bibliotecas Universitarias Chilenas pertenecientes al Consejo de RectoresAgosto 2020Descargar PDFEst\u00e1ndares para Bibliotecas Universitarias Chilenas: Principios FundamentalesJulio 2020Descargar PDF\" \/>\n<meta property=\"og:url\" content=\"https:\/\/consejoderectores.cl\/en\/comisiones-cruch\/comision-de-bibliotecas\/documentos\/\" \/>\n<meta property=\"og:site_name\" content=\"Consejo de Rectoras y Rectores de las Universidades Chilenas\" \/>\n<meta property=\"article:modified_time\" content=\"2024-03-06T10:31:01+00:00\" \/>\n<meta name=\"twitter:card\" content=\"summary_large_image\" \/>\n<meta name=\"twitter:site\" content=\"@CRUCH_cl\" \/>\n<script type=\"application\/ld+json\" class=\"yoast-schema-graph\">{\"@context\":\"https:\/\/schema.org\",\"@graph\":[{\"@type\":\"WebPage\",\"@id\":\"https:\/\/consejoderectores.cl\/comisiones-cruch\/comision-de-bibliotecas\/documentos\/\",\"url\":\"https:\/\/consejoderectores.cl\/comisiones-cruch\/comision-de-bibliotecas\/documentos\/\",\"name\":\"Documentos - Consejo de Rectoras y Rectores de las Universidades Chilenas\",\"isPartOf\":{\"@id\":\"https:\/\/consejoderectores.cl\/en\/#website\"},\"datePublished\":\"2021-03-23T00:56:30+00:00\",\"dateModified\":\"2024-03-06T10:31:01+00:00\",\"breadcrumb\":{\"@id\":\"https:\/\/consejoderectores.cl\/comisiones-cruch\/comision-de-bibliotecas\/documentos\/#breadcrumb\"},\"inLanguage\":\"en-US\",\"potentialAction\":[{\"@type\":\"ReadAction\",\"target\":[\"https:\/\/consejoderectores.cl\/comisiones-cruch\/comision-de-bibliotecas\/documentos\/\"]}]},{\"@type\":\"BreadcrumbList\",\"@id\":\"https:\/\/consejoderectores.cl\/comisiones-cruch\/comision-de-bibliotecas\/documentos\/#breadcrumb\",\"itemListElement\":[{\"@type\":\"ListItem\",\"position\":1,\"name\":\"Home\",\"item\":\"https:\/\/consejoderectores.cl\/\"},{\"@type\":\"ListItem\",\"position\":2,\"name\":\"Comisiones CRUCH\",\"item\":\"https:\/\/consejoderectores.cl\/comisiones-cruch\/\"},{\"@type\":\"ListItem\",\"position\":3,\"name\":\"Comisi\u00f3n de Bibliotecas\",\"item\":\"https:\/\/consejoderectores.cl\/comisiones-cruch\/comision-de-bibliotecas\/\"},{\"@type\":\"ListItem\",\"position\":4,\"name\":\"Documentos\"}]},{\"@type\":\"WebSite\",\"@id\":\"https:\/\/consejoderectores.cl\/en\/#website\",\"url\":\"https:\/\/consejoderectores.cl\/en\/\",\"name\":\"Consejo de Rectoras y Rectores de las Universidades Chilenas\",\"description\":\"\",\"publisher\":{\"@id\":\"https:\/\/consejoderectores.cl\/en\/#organization\"},\"potentialAction\":[{\"@type\":\"SearchAction\",\"target\":{\"@type\":\"EntryPoint\",\"urlTemplate\":\"https:\/\/consejoderectores.cl\/en\/?s={search_term_string}\"},\"query-input\":{\"@type\":\"PropertyValueSpecification\",\"valueRequired\":true,\"valueName\":\"search_term_string\"}}],\"inLanguage\":\"en-US\"},{\"@type\":\"Organization\",\"@id\":\"https:\/\/consejoderectores.cl\/en\/#organization\",\"name\":\"Consejo de Rectoras y Rectores de las Universidades Chilenas\",\"url\":\"https:\/\/consejoderectores.cl\/en\/\",\"logo\":{\"@type\":\"ImageObject\",\"inLanguage\":\"en-US\",\"@id\":\"https:\/\/consejoderectores.cl\/en\/#\/schema\/logo\/image\/\",\"url\":\"https:\/\/consejoderectores.cl\/wp-content\/uploads\/2025\/12\/logoheader_2025.png\",\"contentUrl\":\"https:\/\/consejoderectores.cl\/wp-content\/uploads\/2025\/12\/logoheader_2025.png\",\"width\":666,\"height\":305,\"caption\":\"Consejo de Rectoras y Rectores de las Universidades Chilenas\"},\"image\":{\"@id\":\"https:\/\/consejoderectores.cl\/en\/#\/schema\/logo\/image\/\"},\"sameAs\":[\"https:\/\/x.com\/CRUCH_cl\",\"https:\/\/www.instagram.com\/consejoderectores\/\",\"https:\/\/www.linkedin.com\/company\/cruch\/\",\"https:\/\/www.youtube.com\/channel\/UCzgIFRCsDlKoFpimiQmEaOA\"]}]}<\/script>\n<!-- \/ Yoast SEO plugin. -->","yoast_head_json":{"title":"Documents - Council of Rectors of Chilean Universities","robots":{"index":"index","follow":"follow","max-snippet":"max-snippet:-1","max-image-preview":"max-image-preview:large","max-video-preview":"max-video-preview:-1"},"canonical":"https:\/\/consejoderectores.cl\/en\/comisiones-cruch\/comision-de-bibliotecas\/documentos\/","og_locale":"en_US","og_type":"article","og_title":"Documentos - Consejo de Rectoras y Rectores de las Universidades Chilenas","og_description":"Servicios de apoyo a la investigaci\u00f3n y publicaci\u00f3n cient\u00edfica: En Bibliotecas Universitarias Chilenas pertenecientes al Consejo de RectoresAgosto 2020Descargar PDFEst\u00e1ndares para Bibliotecas Universitarias Chilenas: Principios FundamentalesJulio 2020Descargar PDF","og_url":"https:\/\/consejoderectores.cl\/en\/comisiones-cruch\/comision-de-bibliotecas\/documentos\/","og_site_name":"Consejo de Rectoras y Rectores de las Universidades Chilenas","article_modified_time":"2024-03-06T10:31:01+00:00","twitter_card":"summary_large_image","twitter_site":"@CRUCH_cl","schema":{"@context":"https:\/\/schema.org","@graph":[{"@type":"WebPage","@id":"https:\/\/consejoderectores.cl\/comisiones-cruch\/comision-de-bibliotecas\/documentos\/","url":"https:\/\/consejoderectores.cl\/comisiones-cruch\/comision-de-bibliotecas\/documentos\/","name":"Documents - Council of Rectors of Chilean Universities","isPartOf":{"@id":"https:\/\/consejoderectores.cl\/en\/#website"},"datePublished":"2021-03-23T00:56:30+00:00","dateModified":"2024-03-06T10:31:01+00:00","breadcrumb":{"@id":"https:\/\/consejoderectores.cl\/comisiones-cruch\/comision-de-bibliotecas\/documentos\/#breadcrumb"},"inLanguage":"en-US","potentialAction":[{"@type":"ReadAction","target":["https:\/\/consejoderectores.cl\/comisiones-cruch\/comision-de-bibliotecas\/documentos\/"]}]},{"@type":"BreadcrumbList","@id":"https:\/\/consejoderectores.cl\/comisiones-cruch\/comision-de-bibliotecas\/documentos\/#breadcrumb","itemListElement":[{"@type":"ListItem","position":1,"name":"Home","item":"https:\/\/consejoderectores.cl\/"},{"@type":"ListItem","position":2,"name":"Comisiones CRUCH","item":"https:\/\/consejoderectores.cl\/comisiones-cruch\/"},{"@type":"ListItem","position":3,"name":"Comisi\u00f3n de Bibliotecas","item":"https:\/\/consejoderectores.cl\/comisiones-cruch\/comision-de-bibliotecas\/"},{"@type":"ListItem","position":4,"name":"Documentos"}]},{"@type":"WebSite","@id":"https:\/\/consejoderectores.cl\/en\/#website","url":"https:\/\/consejoderectores.cl\/en\/","name":"Council of Rectors of Chilean Universities","description":"","publisher":{"@id":"https:\/\/consejoderectores.cl\/en\/#organization"},"potentialAction":[{"@type":"SearchAction","target":{"@type":"EntryPoint","urlTemplate":"https:\/\/consejoderectores.cl\/en\/?s={search_term_string}"},"query-input":{"@type":"PropertyValueSpecification","valueRequired":true,"valueName":"search_term_string"}}],"inLanguage":"en-US"},{"@type":"Organization","@id":"https:\/\/consejoderectores.cl\/en\/#organization","name":"Council of Rectors of Chilean Universities","url":"https:\/\/consejoderectores.cl\/en\/","logo":{"@type":"ImageObject","inLanguage":"en-US","@id":"https:\/\/consejoderectores.cl\/en\/#\/schema\/logo\/image\/","url":"https:\/\/consejoderectores.cl\/wp-content\/uploads\/2025\/12\/logoheader_2025.png","contentUrl":"https:\/\/consejoderectores.cl\/wp-content\/uploads\/2025\/12\/logoheader_2025.png","width":666,"height":305,"caption":"Consejo de Rectoras y Rectores de las Universidades Chilenas"},"image":{"@id":"https:\/\/consejoderectores.cl\/en\/#\/schema\/logo\/image\/"},"sameAs":["https:\/\/x.com\/CRUCH_cl","https:\/\/www.instagram.com\/consejoderectores\/","https:\/\/www.linkedin.com\/company\/cruch\/","https:\/\/www.youtube.com\/channel\/UCzgIFRCsDlKoFpimiQmEaOA"]}]}},"_links":{"self":[{"href":"https:\/\/consejoderectores.cl\/en\/wp-json\/wp\/v2\/pages\/1829","targetHints":{"allow":["GET"]}}],"collection":[{"href":"https:\/\/consejoderectores.cl\/en\/wp-json\/wp\/v2\/pages"}],"about":[{"href":"https:\/\/consejoderectores.cl\/en\/wp-json\/wp\/v2\/types\/page"}],"author":[{"embeddable":true,"href":"https:\/\/consejoderectores.cl\/en\/wp-json\/wp\/v2\/users\/1"}],"replies":[{"embeddable":true,"href":"https:\/\/consejoderectores.cl\/en\/wp-json\/wp\/v2\/comments?post=1829"}],"version-history":[{"count":9,"href":"https:\/\/consejoderectores.cl\/en\/wp-json\/wp\/v2\/pages\/1829\/revisions"}],"predecessor-version":[{"id":10261,"href":"https:\/\/consejoderectores.cl\/en\/wp-json\/wp\/v2\/pages\/1829\/revisions\/10261"}],"up":[{"embeddable":true,"href":"https:\/\/consejoderectores.cl\/en\/wp-json\/wp\/v2\/pages\/1821"}],"wp:attachment":[{"href":"https:\/\/consejoderectores.cl\/en\/wp-json\/wp\/v2\/media?parent=1829"}],"curies":[{"name":"wp","href":"https:\/\/api.w.org\/{rel}","templated":true}]}}