{"id":1803,"date":"2021-04-24T00:38:13","date_gmt":"2021-04-24T00:38:13","guid":{"rendered":"https:\/\/www.consejoderectores.cl\/?page_id=1803"},"modified":"2024-01-30T12:51:50","modified_gmt":"2024-01-30T12:51:50","slug":"noticias","status":"publish","type":"page","link":"https:\/\/consejoderectores.cl\/en\/comisiones-cruch\/comision-de-admision-y-matricula\/noticias\/","title":{"rendered":"News"},"content":{"rendered":"<div class=\"vce-row-container\" data-vce-boxed-width=\"true\"><div class=\"vce-row vce-row--col-gap-30 vce-row-equal-height vce-row-content--top\" id=\"el-827c227d\" data-vce-do-apply=\"all el-827c227d\"><div class=\"vce-row-content\" data-vce-element-content=\"true\"><div class=\"vce-col vce-col--md-auto vce-col--xs-1 vce-col--xs-last vce-col--xs-first vce-col--sm-last vce-col--sm-first vce-col--md-last vce-col--lg-last vce-col--xl-last vce-col--md-first vce-col--lg-first vce-col--xl-first\" id=\"el-503379a2\"><div class=\"vce-col-inner\" data-vce-do-apply=\"border margin background  el-503379a2\"><div class=\"vce-col-content\" data-vce-element-content=\"true\" data-vce-do-apply=\"padding el-503379a2\"><div class=\"vce-shortcode\"><div class=\"vce-shortcode-wrapper vce\" id=\"el-806c5fd8\" data-vce-do-apply=\"all el-806c5fd8\"><div class=\"display-posts-listing grid\"><div class=\"listing-item\"><a class=\"image\" href=\"https:\/\/consejoderectores.cl\/en\/2025\/11\/20\/comision-de-admision-y-matricula-del-cruch-refuerza-coordinacion-para-el-proceso-de-admision-2026\/\"><img width=\"848\" height=\"636\" src=\"https:\/\/consejoderectores.cl\/wp-content\/uploads\/2025\/11\/WhatsApp-Image-2025-11-13-at-13.23.29-1024x768.jpg\" class=\"attachment-large size-large wp-post-image\" alt=\"\" srcset=\"https:\/\/consejoderectores.cl\/wp-content\/uploads\/2025\/11\/WhatsApp-Image-2025-11-13-at-13.23.29-1024x768.jpg 1024w, https:\/\/consejoderectores.cl\/wp-content\/uploads\/2025\/11\/WhatsApp-Image-2025-11-13-at-13.23.29-300x225.jpg 300w, https:\/\/consejoderectores.cl\/wp-content\/uploads\/2025\/11\/WhatsApp-Image-2025-11-13-at-13.23.29-768x576.jpg 768w, https:\/\/consejoderectores.cl\/wp-content\/uploads\/2025\/11\/WhatsApp-Image-2025-11-13-at-13.23.29-1536x1152.jpg 1536w, https:\/\/consejoderectores.cl\/wp-content\/uploads\/2025\/11\/WhatsApp-Image-2025-11-13-at-13.23.29-16x12.jpg 16w, https:\/\/consejoderectores.cl\/wp-content\/uploads\/2025\/11\/WhatsApp-Image-2025-11-13-at-13.23.29-320x240.jpg 320w, https:\/\/consejoderectores.cl\/wp-content\/uploads\/2025\/11\/WhatsApp-Image-2025-11-13-at-13.23.29-480x360.jpg 480w, https:\/\/consejoderectores.cl\/wp-content\/uploads\/2025\/11\/WhatsApp-Image-2025-11-13-at-13.23.29-800x600.jpg 800w, https:\/\/consejoderectores.cl\/wp-content\/uploads\/2025\/11\/WhatsApp-Image-2025-11-13-at-13.23.29-848x636.jpg 848w, https:\/\/consejoderectores.cl\/wp-content\/uploads\/2025\/11\/WhatsApp-Image-2025-11-13-at-13.23.29-1140x855.jpg 1140w, https:\/\/consejoderectores.cl\/wp-content\/uploads\/2025\/11\/WhatsApp-Image-2025-11-13-at-13.23.29-1170x878.jpg 1170w, https:\/\/consejoderectores.cl\/wp-content\/uploads\/2025\/11\/WhatsApp-Image-2025-11-13-at-13.23.29.jpg 1600w\" sizes=\"(max-width: 848px) 100vw, 848px\" \/><\/a> <a class=\"title\" href=\"https:\/\/consejoderectores.cl\/en\/2025\/11\/20\/comision-de-admision-y-matricula-del-cruch-refuerza-coordinacion-para-el-proceso-de-admision-2026\/\">CRUCH Admissions and Enrollment Committee strengthens coordination for Admissions 2026<\/a> <span class=\"date\">Thursday, November 20, 2025<\/span> <span class=\"excerpt\">With\u2026 <a class=\"excerpt-more\" href=\"https:\/\/consejoderectores.cl\/en\/2025\/11\/20\/comision-de-admision-y-matricula-del-cruch-refuerza-coordinacion-para-el-proceso-de-admision-2026\/\">Read more<\/a><\/span><\/div><div class=\"listing-item\"><a class=\"image\" href=\"https:\/\/consejoderectores.cl\/en\/2024\/11\/20\/comision-de-admision-y-matricula-cruch-advierte-falta-de-informacion-clave-para-proceso-de-admision-2025\/\"><img width=\"848\" height=\"566\" src=\"https:\/\/consejoderectores.cl\/wp-content\/uploads\/2024\/11\/Foto-admision-pequena-1024x683.png\" class=\"attachment-large size-large wp-post-image\" alt=\"\" srcset=\"https:\/\/consejoderectores.cl\/wp-content\/uploads\/2024\/11\/Foto-admision-pequena-1024x683.png 1024w, https:\/\/consejoderectores.cl\/wp-content\/uploads\/2024\/11\/Foto-admision-pequena-300x200.png 300w, https:\/\/consejoderectores.cl\/wp-content\/uploads\/2024\/11\/Foto-admision-pequena-768x512.png 768w, https:\/\/consejoderectores.cl\/wp-content\/uploads\/2024\/11\/Foto-admision-pequena-1536x1024.png 1536w, https:\/\/consejoderectores.cl\/wp-content\/uploads\/2024\/11\/Foto-admision-pequena-2048x1366.png 2048w, https:\/\/consejoderectores.cl\/wp-content\/uploads\/2024\/11\/Foto-admision-pequena-18x12.png 18w, https:\/\/consejoderectores.cl\/wp-content\/uploads\/2024\/11\/Foto-admision-pequena-320x213.png 320w, https:\/\/consejoderectores.cl\/wp-content\/uploads\/2024\/11\/Foto-admision-pequena-480x320.png 480w, https:\/\/consejoderectores.cl\/wp-content\/uploads\/2024\/11\/Foto-admision-pequena-800x533.png 800w, https:\/\/consejoderectores.cl\/wp-content\/uploads\/2024\/11\/Foto-admision-pequena-848x565.png 848w, https:\/\/consejoderectores.cl\/wp-content\/uploads\/2024\/11\/Foto-admision-pequena-1140x760.png 1140w, https:\/\/consejoderectores.cl\/wp-content\/uploads\/2024\/11\/Foto-admision-pequena-1170x780.png 1170w, https:\/\/consejoderectores.cl\/wp-content\/uploads\/2024\/11\/Foto-admision-pequena-1920x1280.png 1920w\" sizes=\"(max-width: 848px) 100vw, 848px\" \/><\/a> <a class=\"title\" href=\"https:\/\/consejoderectores.cl\/en\/2024\/11\/20\/comision-de-admision-y-matricula-cruch-advierte-falta-de-informacion-clave-para-proceso-de-admision-2025\/\">CRUCH Admissions and Enrollment Commission warns of lack of key information for the 2025 Admissions process<\/a> <span class=\"date\">Wednesday, November 20, 2024<\/span> <span class=\"excerpt\">On\u2026 <a class=\"excerpt-more\" href=\"https:\/\/consejoderectores.cl\/en\/2024\/11\/20\/comision-de-admision-y-matricula-cruch-advierte-falta-de-informacion-clave-para-proceso-de-admision-2025\/\">Read more<\/a><\/span><\/div><div class=\"listing-item\"><a class=\"image\" href=\"https:\/\/consejoderectores.cl\/en\/2023\/12\/29\/admision-2024-universidades-del-cruch-ofreceran-mas-de-69-mil-vacantes-y-1-266-carreras\/\"><img width=\"848\" height=\"394\" src=\"https:\/\/consejoderectores.cl\/wp-content\/uploads\/2024\/02\/Estudiantes-Admision-2024-1024x476.jpg\" class=\"attachment-large size-large wp-post-image\" alt=\"\" srcset=\"https:\/\/consejoderectores.cl\/wp-content\/uploads\/2024\/02\/Estudiantes-Admision-2024-1024x476.jpg 1024w, https:\/\/consejoderectores.cl\/wp-content\/uploads\/2024\/02\/Estudiantes-Admision-2024-300x140.jpg 300w, https:\/\/consejoderectores.cl\/wp-content\/uploads\/2024\/02\/Estudiantes-Admision-2024-768x357.jpg 768w, https:\/\/consejoderectores.cl\/wp-content\/uploads\/2024\/02\/Estudiantes-Admision-2024-18x8.jpg 18w, https:\/\/consejoderectores.cl\/wp-content\/uploads\/2024\/02\/Estudiantes-Admision-2024-320x149.jpg 320w, https:\/\/consejoderectores.cl\/wp-content\/uploads\/2024\/02\/Estudiantes-Admision-2024-480x223.jpg 480w, https:\/\/consejoderectores.cl\/wp-content\/uploads\/2024\/02\/Estudiantes-Admision-2024-800x372.jpg 800w, https:\/\/consejoderectores.cl\/wp-content\/uploads\/2024\/02\/Estudiantes-Admision-2024-848x394.jpg 848w, https:\/\/consejoderectores.cl\/wp-content\/uploads\/2024\/02\/Estudiantes-Admision-2024.jpg 1101w\" sizes=\"(max-width: 848px) 100vw, 848px\" \/><\/a> <a class=\"title\" href=\"https:\/\/consejoderectores.cl\/en\/2023\/12\/29\/admision-2024-universidades-del-cruch-ofreceran-mas-de-69-mil-vacantes-y-1-266-carreras\/\">Admissions 2024: CRUCH universities will offer more than 69,000 places and 1,266 degree programs<\/a> <span class=\"date\">Friday, December 29, 2023<\/span> <span class=\"excerpt\">Between\u2026 <a class=\"excerpt-more\" href=\"https:\/\/consejoderectores.cl\/en\/2023\/12\/29\/admision-2024-universidades-del-cruch-ofreceran-mas-de-69-mil-vacantes-y-1-266-carreras\/\">Read more<\/a><\/span><\/div><div class=\"listing-item\"><a class=\"image\" href=\"https:\/\/consejoderectores.cl\/en\/2023\/11\/16\/presidenta-de-comision-de-admision-cruch-la-colaboracion-estrecha-entre-las-30-universidades-del-consejo-permite-garantizar-el-exito-del-proceso-de-acceso-a-la-educacion-superior\/\"><img width=\"848\" height=\"566\" src=\"https:\/\/consejoderectores.cl\/wp-content\/uploads\/2023\/11\/reu-admision-1-1-1024x683.jpg\" class=\"attachment-large size-large wp-post-image\" alt=\"\" \/><\/a> <a class=\"title\" href=\"https:\/\/consejoderectores.cl\/en\/2023\/11\/16\/presidenta-de-comision-de-admision-cruch-la-colaboracion-estrecha-entre-las-30-universidades-del-consejo-permite-garantizar-el-exito-del-proceso-de-acceso-a-la-educacion-superior\/\">President of the CRUCH Admissions Committee: \u201cClose collaboration between the 30 universities of the Council ensures the success of the access process to Higher Education\u201d<\/a> <span class=\"date\">Thursday, November 16, 2023<\/span> <span class=\"excerpt\">The\u2026 <a class=\"excerpt-more\" href=\"https:\/\/consejoderectores.cl\/en\/2023\/11\/16\/presidenta-de-comision-de-admision-cruch-la-colaboracion-estrecha-entre-las-30-universidades-del-consejo-permite-garantizar-el-exito-del-proceso-de-acceso-a-la-educacion-superior\/\">Read more<\/a><\/span><\/div><div class=\"listing-item\"><a class=\"image\" href=\"https:\/\/consejoderectores.cl\/en\/2023\/04\/25\/comision-de-admision-y-matricula-del-cruch-se-reunio-en-ucn-para-abordar-los-desafios-del-actual-proceso-de-admision\/\"><img width=\"763\" height=\"506\" src=\"https:\/\/consejoderectores.cl\/wp-content\/uploads\/2023\/04\/comision-admision-foto.jpeg\" class=\"attachment-large size-large wp-post-image\" alt=\"\" srcset=\"https:\/\/consejoderectores.cl\/wp-content\/uploads\/2023\/04\/comision-admision-foto.jpeg 763w, https:\/\/consejoderectores.cl\/wp-content\/uploads\/2023\/04\/comision-admision-foto-300x199.jpeg 300w, https:\/\/consejoderectores.cl\/wp-content\/uploads\/2023\/04\/comision-admision-foto-18x12.jpeg 18w, https:\/\/consejoderectores.cl\/wp-content\/uploads\/2023\/04\/comision-admision-foto-320x212.jpeg 320w, https:\/\/consejoderectores.cl\/wp-content\/uploads\/2023\/04\/comision-admision-foto-480x318.jpeg 480w\" sizes=\"(max-width: 763px) 100vw, 763px\" \/><\/a> <a class=\"title\" href=\"https:\/\/consejoderectores.cl\/en\/2023\/04\/25\/comision-de-admision-y-matricula-del-cruch-se-reunio-en-ucn-para-abordar-los-desafios-del-actual-proceso-de-admision\/\">CRUCH Admission and Enrollment Commission met at UCN to address the challenges of the current admission process<\/a> <span class=\"date\">Tuesday, April 25, 2023<\/span> <span class=\"excerpt\">With\u2026 <a class=\"excerpt-more\" href=\"https:\/\/consejoderectores.cl\/en\/2023\/04\/25\/comision-de-admision-y-matricula-del-cruch-se-reunio-en-ucn-para-abordar-los-desafios-del-actual-proceso-de-admision\/\">Read more<\/a><\/span><\/div><div class=\"listing-item\"><a class=\"image\" href=\"https:\/\/consejoderectores.cl\/en\/2022\/11\/21\/integrantes-de-la-comision-de-admision-y-matricula-del-cruch-se-reunieron-para-analizar-los-desafios-y-cambios-del-proceso-de-admision-2023\/\"><img width=\"848\" height=\"446\" src=\"https:\/\/consejoderectores.cl\/wp-content\/uploads\/2022\/11\/Comision-de-Admision-y-Matricula_Aysen_noviembre-2022-1024x539.jpg\" class=\"attachment-large size-large wp-post-image\" alt=\"\" srcset=\"https:\/\/consejoderectores.cl\/wp-content\/uploads\/2022\/11\/Comision-de-Admision-y-Matricula_Aysen_noviembre-2022-1024x539.jpg 1024w, https:\/\/consejoderectores.cl\/wp-content\/uploads\/2022\/11\/Comision-de-Admision-y-Matricula_Aysen_noviembre-2022-300x158.jpg 300w, https:\/\/consejoderectores.cl\/wp-content\/uploads\/2022\/11\/Comision-de-Admision-y-Matricula_Aysen_noviembre-2022-768x404.jpg 768w, https:\/\/consejoderectores.cl\/wp-content\/uploads\/2022\/11\/Comision-de-Admision-y-Matricula_Aysen_noviembre-2022-16x8.jpg 16w, https:\/\/consejoderectores.cl\/wp-content\/uploads\/2022\/11\/Comision-de-Admision-y-Matricula_Aysen_noviembre-2022-848x447.jpg 848w, https:\/\/consejoderectores.cl\/wp-content\/uploads\/2022\/11\/Comision-de-Admision-y-Matricula_Aysen_noviembre-2022-1140x600.jpg 1140w, https:\/\/consejoderectores.cl\/wp-content\/uploads\/2022\/11\/Comision-de-Admision-y-Matricula_Aysen_noviembre-2022-1170x616.jpg 1170w, https:\/\/consejoderectores.cl\/wp-content\/uploads\/2022\/11\/Comision-de-Admision-y-Matricula_Aysen_noviembre-2022.jpg 1280w\" sizes=\"(max-width: 848px) 100vw, 848px\" \/><\/a> <a class=\"title\" href=\"https:\/\/consejoderectores.cl\/en\/2022\/11\/21\/integrantes-de-la-comision-de-admision-y-matricula-del-cruch-se-reunieron-para-analizar-los-desafios-y-cambios-del-proceso-de-admision-2023\/\">Members of the CRUCH Admissions and Enrollment Committee met to analyze the challenges and changes in the 2023 Admissions process<\/a> <span class=\"date\">Monday, November 21, 2022<\/span> <span class=\"excerpt\">The\u2026 <a class=\"excerpt-more\" href=\"https:\/\/consejoderectores.cl\/en\/2022\/11\/21\/integrantes-de-la-comision-de-admision-y-matricula-del-cruch-se-reunieron-para-analizar-los-desafios-y-cambios-del-proceso-de-admision-2023\/\">Read more<\/a><\/span><\/div><div class=\"listing-item\"><a class=\"image\" href=\"https:\/\/consejoderectores.cl\/en\/2022\/05\/04\/comision-de-admision-y-matricula-del-cruch-desarrolla-taller-para-abordar-cambios-en-el-sistema-de-acceso\/\"><img width=\"848\" height=\"636\" src=\"https:\/\/consejoderectores.cl\/wp-content\/uploads\/2022\/05\/comision-admision-1-1024x768.jpeg\" class=\"attachment-large size-large wp-post-image\" alt=\"\" srcset=\"https:\/\/consejoderectores.cl\/wp-content\/uploads\/2022\/05\/comision-admision-1-1024x768.jpeg 1024w, https:\/\/consejoderectores.cl\/wp-content\/uploads\/2022\/05\/comision-admision-1-300x225.jpeg 300w, https:\/\/consejoderectores.cl\/wp-content\/uploads\/2022\/05\/comision-admision-1-768x576.jpeg 768w, https:\/\/consejoderectores.cl\/wp-content\/uploads\/2022\/05\/comision-admision-1-1536x1152.jpeg 1536w, https:\/\/consejoderectores.cl\/wp-content\/uploads\/2022\/05\/comision-admision-1-16x12.jpeg 16w, https:\/\/consejoderectores.cl\/wp-content\/uploads\/2022\/05\/comision-admision-1-848x636.jpeg 848w, https:\/\/consejoderectores.cl\/wp-content\/uploads\/2022\/05\/comision-admision-1-1140x855.jpeg 1140w, https:\/\/consejoderectores.cl\/wp-content\/uploads\/2022\/05\/comision-admision-1-1170x878.jpeg 1170w, https:\/\/consejoderectores.cl\/wp-content\/uploads\/2022\/05\/comision-admision-1.jpeg 1600w\" sizes=\"(max-width: 848px) 100vw, 848px\" \/><\/a> <a class=\"title\" href=\"https:\/\/consejoderectores.cl\/en\/2022\/05\/04\/comision-de-admision-y-matricula-del-cruch-desarrolla-taller-para-abordar-cambios-en-el-sistema-de-acceso\/\">CRUCH Admissions and Enrollment Committee develops workshop to address changes in the Access System<\/a> <span class=\"date\">Wednesday, May 4, 2022<\/span> <span class=\"excerpt\">The\u2026 <a class=\"excerpt-more\" href=\"https:\/\/consejoderectores.cl\/en\/2022\/05\/04\/comision-de-admision-y-matricula-del-cruch-desarrolla-taller-para-abordar-cambios-en-el-sistema-de-acceso\/\">Read more<\/a><\/span><\/div><div class=\"listing-item\"><a class=\"image\" href=\"https:\/\/consejoderectores.cl\/en\/2021\/06\/18\/nuevos-liderazgos-y-lineamientos-de-trabajo-marcaran-el-2021-de-la-comision-de-admision-y-matricula-del-cruch\/\"><img width=\"848\" height=\"493\" src=\"https:\/\/consejoderectores.cl\/wp-content\/uploads\/2021\/07\/Plenaria-admision_junio-2021-1024x595.png\" class=\"attachment-large size-large wp-post-image\" alt=\"\" srcset=\"https:\/\/consejoderectores.cl\/wp-content\/uploads\/2021\/07\/Plenaria-admision_junio-2021-1024x595.png 1024w, https:\/\/consejoderectores.cl\/wp-content\/uploads\/2021\/07\/Plenaria-admision_junio-2021-300x174.png 300w, https:\/\/consejoderectores.cl\/wp-content\/uploads\/2021\/07\/Plenaria-admision_junio-2021-768x446.png 768w, https:\/\/consejoderectores.cl\/wp-content\/uploads\/2021\/07\/Plenaria-admision_junio-2021-16x9.png 16w, https:\/\/consejoderectores.cl\/wp-content\/uploads\/2021\/07\/Plenaria-admision_junio-2021-848x493.png 848w, https:\/\/consejoderectores.cl\/wp-content\/uploads\/2021\/07\/Plenaria-admision_junio-2021-1140x662.png 1140w, https:\/\/consejoderectores.cl\/wp-content\/uploads\/2021\/07\/Plenaria-admision_junio-2021-1170x680.png 1170w, https:\/\/consejoderectores.cl\/wp-content\/uploads\/2021\/07\/Plenaria-admision_junio-2021.png 1379w\" sizes=\"(max-width: 848px) 100vw, 848px\" \/><\/a> <a class=\"title\" href=\"https:\/\/consejoderectores.cl\/en\/2021\/06\/18\/nuevos-liderazgos-y-lineamientos-de-trabajo-marcaran-el-2021-de-la-comision-de-admision-y-matricula-del-cruch\/\">New leadership and work guidelines will mark 2021 of the CRUCH Admission and Enrollment Commission<\/a> <span class=\"date\">Friday 18 June 2021<\/span> <span class=\"excerpt\">On\u2026 <a class=\"excerpt-more\" href=\"https:\/\/consejoderectores.cl\/en\/2021\/06\/18\/nuevos-liderazgos-y-lineamientos-de-trabajo-marcaran-el-2021-de-la-comision-de-admision-y-matricula-del-cruch\/\">Read more<\/a><\/span><\/div><\/div><\/div><\/div><\/div><\/div><\/div><\/div><\/div><\/div>","protected":false},"excerpt":{"rendered":"","protected":false},"author":1,"featured_media":0,"parent":290,"menu_order":0,"comment_status":"closed","ping_status":"closed","template":"page-header.php","meta":{"_acf_changed":false,"footnotes":""},"class_list":["post-1803","page","type-page","status-publish","hentry"],"acf":[],"yoast_head":"<!-- This site is optimized with the Yoast SEO plugin v27.1.1 - https:\/\/yoast.com\/product\/yoast-seo-wordpress\/ -->\n<title>Noticias - Consejo de Rectoras y Rectores de las Universidades Chilenas<\/title>\n<meta name=\"robots\" content=\"index, follow, max-snippet:-1, max-image-preview:large, max-video-preview:-1\" \/>\n<link rel=\"canonical\" href=\"https:\/\/consejoderectores.cl\/en\/comisiones-cruch\/comision-de-admision-y-matricula\/noticias\/\" \/>\n<meta property=\"og:locale\" content=\"en_US\" \/>\n<meta property=\"og:type\" content=\"article\" \/>\n<meta property=\"og:title\" content=\"Noticias - Consejo de Rectoras y Rectores de las Universidades Chilenas\" \/>\n<meta property=\"og:url\" content=\"https:\/\/consejoderectores.cl\/en\/comisiones-cruch\/comision-de-admision-y-matricula\/noticias\/\" \/>\n<meta property=\"og:site_name\" content=\"Consejo de Rectoras y Rectores de las Universidades Chilenas\" \/>\n<meta property=\"article:modified_time\" content=\"2024-01-30T12:51:50+00:00\" \/>\n<meta name=\"twitter:card\" content=\"summary_large_image\" \/>\n<meta name=\"twitter:site\" content=\"@CRUCH_cl\" \/>\n<script type=\"application\/ld+json\" class=\"yoast-schema-graph\">{\"@context\":\"https:\/\/schema.org\",\"@graph\":[{\"@type\":\"WebPage\",\"@id\":\"https:\/\/consejoderectores.cl\/comisiones-cruch\/comision-de-admision-y-matricula\/noticias\/\",\"url\":\"https:\/\/consejoderectores.cl\/comisiones-cruch\/comision-de-admision-y-matricula\/noticias\/\",\"name\":\"Noticias - Consejo de Rectoras y Rectores de las Universidades Chilenas\",\"isPartOf\":{\"@id\":\"https:\/\/consejoderectores.cl\/en\/#website\"},\"datePublished\":\"2021-04-24T00:38:13+00:00\",\"dateModified\":\"2024-01-30T12:51:50+00:00\",\"breadcrumb\":{\"@id\":\"https:\/\/consejoderectores.cl\/comisiones-cruch\/comision-de-admision-y-matricula\/noticias\/#breadcrumb\"},\"inLanguage\":\"en-US\",\"potentialAction\":[{\"@type\":\"ReadAction\",\"target\":[\"https:\/\/consejoderectores.cl\/comisiones-cruch\/comision-de-admision-y-matricula\/noticias\/\"]}]},{\"@type\":\"BreadcrumbList\",\"@id\":\"https:\/\/consejoderectores.cl\/comisiones-cruch\/comision-de-admision-y-matricula\/noticias\/#breadcrumb\",\"itemListElement\":[{\"@type\":\"ListItem\",\"position\":1,\"name\":\"Home\",\"item\":\"https:\/\/consejoderectores.cl\/\"},{\"@type\":\"ListItem\",\"position\":2,\"name\":\"Comisiones CRUCH\",\"item\":\"https:\/\/consejoderectores.cl\/comisiones-cruch\/\"},{\"@type\":\"ListItem\",\"position\":3,\"name\":\"Comisi\u00f3n de Admisi\u00f3n y Matr\u00edcula\",\"item\":\"https:\/\/consejoderectores.cl\/comisiones-cruch\/comision-de-admision-y-matricula\/\"},{\"@type\":\"ListItem\",\"position\":4,\"name\":\"Noticias\"}]},{\"@type\":\"WebSite\",\"@id\":\"https:\/\/consejoderectores.cl\/en\/#website\",\"url\":\"https:\/\/consejoderectores.cl\/en\/\",\"name\":\"Consejo de Rectoras y Rectores de las Universidades Chilenas\",\"description\":\"\",\"publisher\":{\"@id\":\"https:\/\/consejoderectores.cl\/en\/#organization\"},\"potentialAction\":[{\"@type\":\"SearchAction\",\"target\":{\"@type\":\"EntryPoint\",\"urlTemplate\":\"https:\/\/consejoderectores.cl\/en\/?s={search_term_string}\"},\"query-input\":{\"@type\":\"PropertyValueSpecification\",\"valueRequired\":true,\"valueName\":\"search_term_string\"}}],\"inLanguage\":\"en-US\"},{\"@type\":\"Organization\",\"@id\":\"https:\/\/consejoderectores.cl\/en\/#organization\",\"name\":\"Consejo de Rectoras y Rectores de las Universidades Chilenas\",\"url\":\"https:\/\/consejoderectores.cl\/en\/\",\"logo\":{\"@type\":\"ImageObject\",\"inLanguage\":\"en-US\",\"@id\":\"https:\/\/consejoderectores.cl\/en\/#\/schema\/logo\/image\/\",\"url\":\"https:\/\/consejoderectores.cl\/wp-content\/uploads\/2025\/12\/logoheader_2025.png\",\"contentUrl\":\"https:\/\/consejoderectores.cl\/wp-content\/uploads\/2025\/12\/logoheader_2025.png\",\"width\":666,\"height\":305,\"caption\":\"Consejo de Rectoras y Rectores de las Universidades Chilenas\"},\"image\":{\"@id\":\"https:\/\/consejoderectores.cl\/en\/#\/schema\/logo\/image\/\"},\"sameAs\":[\"https:\/\/x.com\/CRUCH_cl\",\"https:\/\/www.instagram.com\/consejoderectores\/\",\"https:\/\/www.linkedin.com\/company\/cruch\/\",\"https:\/\/www.youtube.com\/channel\/UCzgIFRCsDlKoFpimiQmEaOA\"]}]}<\/script>\n<!-- \/ Yoast SEO plugin. -->","yoast_head_json":{"title":"News - Council of Rectors of Chilean Universities","robots":{"index":"index","follow":"follow","max-snippet":"max-snippet:-1","max-image-preview":"max-image-preview:large","max-video-preview":"max-video-preview:-1"},"canonical":"https:\/\/consejoderectores.cl\/en\/comisiones-cruch\/comision-de-admision-y-matricula\/noticias\/","og_locale":"en_US","og_type":"article","og_title":"Noticias - Consejo de Rectoras y Rectores de las Universidades Chilenas","og_url":"https:\/\/consejoderectores.cl\/en\/comisiones-cruch\/comision-de-admision-y-matricula\/noticias\/","og_site_name":"Consejo de Rectoras y Rectores de las Universidades Chilenas","article_modified_time":"2024-01-30T12:51:50+00:00","twitter_card":"summary_large_image","twitter_site":"@CRUCH_cl","schema":{"@context":"https:\/\/schema.org","@graph":[{"@type":"WebPage","@id":"https:\/\/consejoderectores.cl\/comisiones-cruch\/comision-de-admision-y-matricula\/noticias\/","url":"https:\/\/consejoderectores.cl\/comisiones-cruch\/comision-de-admision-y-matricula\/noticias\/","name":"News - Council of Rectors of Chilean Universities","isPartOf":{"@id":"https:\/\/consejoderectores.cl\/en\/#website"},"datePublished":"2021-04-24T00:38:13+00:00","dateModified":"2024-01-30T12:51:50+00:00","breadcrumb":{"@id":"https:\/\/consejoderectores.cl\/comisiones-cruch\/comision-de-admision-y-matricula\/noticias\/#breadcrumb"},"inLanguage":"en-US","potentialAction":[{"@type":"ReadAction","target":["https:\/\/consejoderectores.cl\/comisiones-cruch\/comision-de-admision-y-matricula\/noticias\/"]}]},{"@type":"BreadcrumbList","@id":"https:\/\/consejoderectores.cl\/comisiones-cruch\/comision-de-admision-y-matricula\/noticias\/#breadcrumb","itemListElement":[{"@type":"ListItem","position":1,"name":"Home","item":"https:\/\/consejoderectores.cl\/"},{"@type":"ListItem","position":2,"name":"Comisiones CRUCH","item":"https:\/\/consejoderectores.cl\/comisiones-cruch\/"},{"@type":"ListItem","position":3,"name":"Comisi\u00f3n de Admisi\u00f3n y Matr\u00edcula","item":"https:\/\/consejoderectores.cl\/comisiones-cruch\/comision-de-admision-y-matricula\/"},{"@type":"ListItem","position":4,"name":"Noticias"}]},{"@type":"WebSite","@id":"https:\/\/consejoderectores.cl\/en\/#website","url":"https:\/\/consejoderectores.cl\/en\/","name":"Council of Rectors of Chilean Universities","description":"","publisher":{"@id":"https:\/\/consejoderectores.cl\/en\/#organization"},"potentialAction":[{"@type":"SearchAction","target":{"@type":"EntryPoint","urlTemplate":"https:\/\/consejoderectores.cl\/en\/?s={search_term_string}"},"query-input":{"@type":"PropertyValueSpecification","valueRequired":true,"valueName":"search_term_string"}}],"inLanguage":"en-US"},{"@type":"Organization","@id":"https:\/\/consejoderectores.cl\/en\/#organization","name":"Council of Rectors of Chilean Universities","url":"https:\/\/consejoderectores.cl\/en\/","logo":{"@type":"ImageObject","inLanguage":"en-US","@id":"https:\/\/consejoderectores.cl\/en\/#\/schema\/logo\/image\/","url":"https:\/\/consejoderectores.cl\/wp-content\/uploads\/2025\/12\/logoheader_2025.png","contentUrl":"https:\/\/consejoderectores.cl\/wp-content\/uploads\/2025\/12\/logoheader_2025.png","width":666,"height":305,"caption":"Consejo de Rectoras y Rectores de las Universidades Chilenas"},"image":{"@id":"https:\/\/consejoderectores.cl\/en\/#\/schema\/logo\/image\/"},"sameAs":["https:\/\/x.com\/CRUCH_cl","https:\/\/www.instagram.com\/consejoderectores\/","https:\/\/www.linkedin.com\/company\/cruch\/","https:\/\/www.youtube.com\/channel\/UCzgIFRCsDlKoFpimiQmEaOA"]}]}},"_links":{"self":[{"href":"https:\/\/consejoderectores.cl\/en\/wp-json\/wp\/v2\/pages\/1803","targetHints":{"allow":["GET"]}}],"collection":[{"href":"https:\/\/consejoderectores.cl\/en\/wp-json\/wp\/v2\/pages"}],"about":[{"href":"https:\/\/consejoderectores.cl\/en\/wp-json\/wp\/v2\/types\/page"}],"author":[{"embeddable":true,"href":"https:\/\/consejoderectores.cl\/en\/wp-json\/wp\/v2\/users\/1"}],"replies":[{"embeddable":true,"href":"https:\/\/consejoderectores.cl\/en\/wp-json\/wp\/v2\/comments?post=1803"}],"version-history":[{"count":5,"href":"https:\/\/consejoderectores.cl\/en\/wp-json\/wp\/v2\/pages\/1803\/revisions"}],"predecessor-version":[{"id":9388,"href":"https:\/\/consejoderectores.cl\/en\/wp-json\/wp\/v2\/pages\/1803\/revisions\/9388"}],"up":[{"embeddable":true,"href":"https:\/\/consejoderectores.cl\/en\/wp-json\/wp\/v2\/pages\/290"}],"wp:attachment":[{"href":"https:\/\/consejoderectores.cl\/en\/wp-json\/wp\/v2\/media?parent=1803"}],"curies":[{"name":"wp","href":"https:\/\/api.w.org\/{rel}","templated":true}]}}