{"id":1723,"date":"2021-03-22T20:34:15","date_gmt":"2021-03-22T20:34:15","guid":{"rendered":"https:\/\/www.consejoderectores.cl\/?page_id=1723"},"modified":"2024-03-05T18:11:53","modified_gmt":"2024-03-05T18:11:53","slug":"documentos","status":"publish","type":"page","link":"https:\/\/consejoderectores.cl\/en\/comisiones-cruch\/comision-de-admision-y-matricula\/documentos\/","title":{"rendered":"Documents"},"content":{"rendered":"<div class=\"vce-row-container\" data-vce-boxed-width=\"true\"><div class=\"vce-row vce-row--col-gap-30 vce-row-equal-height vce-row-content--top\" id=\"el-0bf4303f\" data-vce-do-apply=\"all el-0bf4303f\"><div class=\"vce-row-content\" data-vce-element-content=\"true\"><div class=\"vce-col vce-col--md-97p vce-col--xs-1 vce-col--xs-last vce-col--xs-first vce-col--sm-last vce-col--sm-first vce-col--md-last vce-col--lg-last vce-col--xl-last vce-col--md-first vce-col--lg-first vce-col--xl-first\" id=\"el-1e5c7c59\"><div class=\"vce-col-inner\" data-vce-do-apply=\"border margin background  el-1e5c7c59\"><div class=\"vce-col-content\" data-vce-element-content=\"true\" data-vce-do-apply=\"padding el-1e5c7c59\"><div class=\"vce-row-container\" data-vce-boxed-width=\"true\"><div class=\"vce-row vce-row--col-gap-30 vce-row-content--top\" id=\"el-41269b9c\" data-vce-do-apply=\"all el-41269b9c\"><div class=\"vce-row-content\" data-vce-element-content=\"true\"><div class=\"vce-col vce-col--md-auto vce-col--xs-1 vce-col--xs-last vce-col--xs-first vce-col--sm-last vce-col--sm-first vce-col--md-last vce-col--lg-last vce-col--xl-last vce-col--md-first vce-col--lg-first vce-col--xl-first\" id=\"el-8794b49f\"><div class=\"vce-col-inner\" data-vce-do-apply=\"border margin background  el-8794b49f\"><div class=\"vce-col-content\" data-vce-element-content=\"true\" data-vce-do-apply=\"padding el-8794b49f\"><div class=\"vce-row-container\" data-vce-boxed-width=\"true\"><div class=\"vce-row vce-row--col-gap-30 vce-row-equal-height vce-row-content--top\" id=\"el-3cddeadc\" data-vce-do-apply=\"all el-3cddeadc\"><div class=\"vce-content-background-container\"><\/div><div class=\"vce-row-content\" data-vce-element-content=\"true\"><div class=\"vce-col vce-col--md-auto vce-col--xs-1 vce-col--xs-last vce-col--xs-first vce-col--sm-last vce-col--sm-first vce-col--md-first vce-col--lg-first vce-col--xl-first col-acta ord\" id=\"el-dc827505\"><div class=\"vce-col-inner\" data-vce-do-apply=\"border margin background  el-dc827505\"><div class=\"vce-col-content\" data-vce-element-content=\"true\" data-vce-do-apply=\"padding el-dc827505\"><div class=\"vce-single-image-container vce-single-image--align-left\"><div class=\"vce vce-single-image-wrapper\" id=\"el-cd155427\" data-vce-do-apply=\"all el-cd155427\"><figure><div class=\"vce-single-image-figure-inner\" style=\"width: 763px;\"><div class=\"vce-single-image-inner vce-single-image--absolute\" style=\"width: 100%; padding-bottom: 59.8952%;\"><img loading=\"lazy\" decoding=\"async\" class=\"vce-single-image\"  width=\"763\" height=\"457\" src=\"https:\/\/www.consejoderectores.cl\/wp-content\/uploads\/2023\/04\/comision-admision-foto-recortada-3.jpg\" data-img-src=\"https:\/\/www.consejoderectores.cl\/wp-content\/uploads\/2023\/04\/comision-admision-foto-recortada-3.jpg\" data-attachment-id=\"7529\"  alt=\"\" title=\"admissions committee cropped photo 3\" \/><\/div><\/div><figcaption hidden=\"\"><\/figcaption><\/figure><\/div><\/div><div class=\"vce-text-block\"><div class=\"vce-text-block-wrapper vce\" id=\"el-a99ac65a\" data-vce-do-apply=\"all el-a99ac65a\"><h3>Plenary Presentations&nbsp;<\/h3><p><em>April 2023<\/em><\/p><\/div><\/div><div class=\"vce-button--style-basic-container btn-link vce-button--style-basic-container--align-left\"><span class=\"vce-button--style-basic-wrapper vce vce-button--style-basic-wrapper--stretched\" id=\"el-86653fe5\" data-vce-do-apply=\"margin el-86653fe5\"><a class=\"vce-button vce-button--style-basic vce-button--style-basic--border-square vce-button--style-basic--size-medium vce-button--style-basic--color-b-14-182-144--fff\" href=\"https:\/\/www.consejoderectores.cl\/wp-content\/uploads\/2023\/04\/PPT-Comision-Admision-y-Matricula-2023.pdf\" title=\"\" target=\"_blank\" data-vce-do-apply=\"padding border background  el-86653fe5\" rel=\"noopener\">Download 1st Presentation<\/a><\/span><\/div><div class=\"vce-button--style-basic-container btn-link vce-button--style-basic-container--align-left\"><span class=\"vce-button--style-basic-wrapper vce\" id=\"el-a328258a\" data-vce-do-apply=\"margin el-a328258a\"><a class=\"vce-button vce-button--style-basic vce-button--style-basic--border-square vce-button--style-basic--size-medium vce-button--style-basic--color-b-14-182-144--fff\" href=\"https:\/\/www.consejoderectores.cl\/wp-content\/uploads\/2023\/04\/PPT_Pedagogias-Plenaria-Cruch.pdf\" title=\"\" target=\"_blank\" data-vce-do-apply=\"padding border background  el-a328258a\" rel=\"noopener\">Download 2nd Presentation<\/a><\/span><\/div><div class=\"vce-button--style-basic-container btn-link vce-button--style-basic-container--align-left\"><span class=\"vce-button--style-basic-wrapper vce\" id=\"el-4341c303\" data-vce-do-apply=\"margin el-4341c303\"><a class=\"vce-button vce-button--style-basic vce-button--style-basic--border-square vce-button--style-basic--size-medium vce-button--style-basic--color-b-14-182-144--fff\" href=\"https:\/\/www.consejoderectores.cl\/wp-content\/uploads\/2023\/04\/Presentacion-PlenariaRC.pdf\" title=\"\" target=\"_blank\" data-vce-do-apply=\"padding border background  el-4341c303\" rel=\"noopener\">Download 3rd Presentation<\/a><\/span><\/div><\/div><\/div><\/div><div class=\"vce-col vce-col--md-auto vce-col--xs-1 vce-col--xs-last vce-col--xs-first vce-col--sm-last vce-col--sm-first col-acta ord\" id=\"el-498b7089\"><div class=\"vce-col-inner\" data-vce-do-apply=\"border margin background  el-498b7089\"><div class=\"vce-col-content\" data-vce-element-content=\"true\" data-vce-do-apply=\"padding el-498b7089\"><div class=\"vce-single-image-container vce-single-image--align-left\"><div class=\"vce vce-single-image-wrapper\" id=\"el-eff198b1\" data-vce-do-apply=\"all el-eff198b1\"><figure><div class=\"vce-single-image-figure-inner\" style=\"width: 1024px;\"><div class=\"vce-single-image-inner vce-single-image--absolute\" style=\"width: 100%; padding-bottom: 58.5938%;\"><img loading=\"lazy\" decoding=\"async\" class=\"vce-single-image\"  width=\"1024\" height=\"600\" src=\"https:\/\/www.consejoderectores.cl\/wp-content\/uploads\/2021\/08\/foto4.png\" data-img-src=\"https:\/\/www.consejoderectores.cl\/wp-content\/uploads\/2021\/08\/foto4.png\" data-attachment-id=\"2962\"  alt=\"\" title=\"photo4\" \/><\/div><\/div><figcaption hidden=\"\"><\/figcaption><\/figure><\/div><\/div><div class=\"vce-text-block\"><div class=\"vce-text-block-wrapper vce\" id=\"el-c69a6a95\" data-vce-do-apply=\"all el-c69a6a95\"><h3>First Meeting Delegates<\/h3><p><em>July 2021<\/em><\/p><\/div><\/div><div class=\"vce-button--style-basic-container btn-link vce-button--style-basic-container--align-left\"><span class=\"vce-button--style-basic-wrapper vce\" id=\"el-20d291cf\" data-vce-do-apply=\"margin el-20d291cf\"><a class=\"vce-button vce-button--style-basic vce-button--style-basic--border-square vce-button--style-basic--size-medium vce-button--style-basic--color-b-14-182-144--fff\" href=\"https:\/\/www.consejoderectores.cl\/wp-content\/uploads\/2021\/08\/DuocparaCRUCH010721-v2.pdf\" title=\"\" data-vce-do-apply=\"padding border background  el-20d291cf\">Download 1st Presentation<\/a><\/span><\/div><div class=\"vce-button--style-basic-container btn-link vce-button--style-basic-container--align-left\"><span class=\"vce-button--style-basic-wrapper vce\" id=\"el-2dcdcc22\" data-vce-do-apply=\"margin el-2dcdcc22\"><a class=\"vce-button vce-button--style-basic vce-button--style-basic--border-square vce-button--style-basic--size-medium vce-button--style-basic--color-b-14-182-144--fff\" href=\"https:\/\/www.consejoderectores.cl\/wp-content\/uploads\/2021\/08\/Larroucau_PPT-1.pdf\" title=\"\" data-vce-do-apply=\"padding border background  el-2dcdcc22\">Download 2nd Presentation<\/a><\/span><\/div><\/div><\/div><\/div><div class=\"vce-col vce-col--md-auto vce-col--xs-1 vce-col--xs-last vce-col--xs-first vce-col--sm-last vce-col--sm-first vce-col--md-last vce-col--lg-last vce-col--xl-last\" id=\"el-17bed097\"><div class=\"vce-col-inner\" data-vce-do-apply=\"border margin background  el-17bed097\"><div class=\"vce-col-content\" data-vce-element-content=\"true\" data-vce-do-apply=\"padding el-17bed097\"><div><\/div><\/div><\/div><\/div><\/div><\/div><\/div><\/div><\/div><\/div><\/div><\/div><\/div><\/div><\/div><\/div><\/div><\/div><\/div>","protected":false},"excerpt":{"rendered":"<p>Plenary Presentations April 2023 Download 1st Presentation Download 2nd Presentation Download 3rd Presentation First Delegates Meeting July 2021 Download 1st Presentation Download 2nd Presentation<\/p>","protected":false},"author":1,"featured_media":0,"parent":290,"menu_order":0,"comment_status":"closed","ping_status":"closed","template":"page-header.php","meta":{"_acf_changed":false,"footnotes":""},"class_list":["post-1723","page","type-page","status-publish","hentry"],"acf":[],"yoast_head":"<!-- This site is optimized with the Yoast SEO plugin v27.1.1 - https:\/\/yoast.com\/product\/yoast-seo-wordpress\/ -->\n<title>Documentos - Consejo de Rectoras y Rectores de las Universidades Chilenas<\/title>\n<meta name=\"robots\" content=\"index, follow, max-snippet:-1, max-image-preview:large, max-video-preview:-1\" \/>\n<link rel=\"canonical\" href=\"https:\/\/consejoderectores.cl\/en\/comisiones-cruch\/comision-de-admision-y-matricula\/documentos\/\" \/>\n<meta property=\"og:locale\" content=\"en_US\" \/>\n<meta property=\"og:type\" content=\"article\" \/>\n<meta property=\"og:title\" content=\"Documentos - Consejo de Rectoras y Rectores de las Universidades Chilenas\" \/>\n<meta property=\"og:description\" content=\"Presentaciones Plenaria&nbsp;Abril 2023Descargar 1era Presentaci\u00f3nDescargar 2da Presentaci\u00f3nDescargar 3era Presentaci\u00f3nPrimer Encuentro Delegados\/asJulio 2021Descargar 1era Presentaci\u00f3nDescargar 2da Presentaci\u00f3n\" \/>\n<meta property=\"og:url\" content=\"https:\/\/consejoderectores.cl\/en\/comisiones-cruch\/comision-de-admision-y-matricula\/documentos\/\" \/>\n<meta property=\"og:site_name\" content=\"Consejo de Rectoras y Rectores de las Universidades Chilenas\" \/>\n<meta property=\"article:modified_time\" content=\"2024-03-05T18:11:53+00:00\" \/>\n<meta property=\"og:image\" content=\"https:\/\/www.consejoderectores.cl\/wp-content\/uploads\/2023\/04\/comision-admision-foto-recortada-3.jpg\" \/>\n<meta name=\"twitter:card\" content=\"summary_large_image\" \/>\n<meta name=\"twitter:site\" content=\"@CRUCH_cl\" \/>\n<script type=\"application\/ld+json\" class=\"yoast-schema-graph\">{\"@context\":\"https:\/\/schema.org\",\"@graph\":[{\"@type\":\"WebPage\",\"@id\":\"https:\/\/consejoderectores.cl\/comisiones-cruch\/comision-de-admision-y-matricula\/documentos\/\",\"url\":\"https:\/\/consejoderectores.cl\/comisiones-cruch\/comision-de-admision-y-matricula\/documentos\/\",\"name\":\"Documentos - Consejo de Rectoras y Rectores de las Universidades Chilenas\",\"isPartOf\":{\"@id\":\"https:\/\/consejoderectores.cl\/en\/#website\"},\"primaryImageOfPage\":{\"@id\":\"https:\/\/consejoderectores.cl\/comisiones-cruch\/comision-de-admision-y-matricula\/documentos\/#primaryimage\"},\"image\":{\"@id\":\"https:\/\/consejoderectores.cl\/comisiones-cruch\/comision-de-admision-y-matricula\/documentos\/#primaryimage\"},\"thumbnailUrl\":\"https:\/\/www.consejoderectores.cl\/wp-content\/uploads\/2023\/04\/comision-admision-foto-recortada-3.jpg\",\"datePublished\":\"2021-03-22T20:34:15+00:00\",\"dateModified\":\"2024-03-05T18:11:53+00:00\",\"breadcrumb\":{\"@id\":\"https:\/\/consejoderectores.cl\/comisiones-cruch\/comision-de-admision-y-matricula\/documentos\/#breadcrumb\"},\"inLanguage\":\"en-US\",\"potentialAction\":[{\"@type\":\"ReadAction\",\"target\":[\"https:\/\/consejoderectores.cl\/comisiones-cruch\/comision-de-admision-y-matricula\/documentos\/\"]}]},{\"@type\":\"ImageObject\",\"inLanguage\":\"en-US\",\"@id\":\"https:\/\/consejoderectores.cl\/comisiones-cruch\/comision-de-admision-y-matricula\/documentos\/#primaryimage\",\"url\":\"https:\/\/www.consejoderectores.cl\/wp-content\/uploads\/2023\/04\/comision-admision-foto-recortada-3.jpg\",\"contentUrl\":\"https:\/\/www.consejoderectores.cl\/wp-content\/uploads\/2023\/04\/comision-admision-foto-recortada-3.jpg\"},{\"@type\":\"BreadcrumbList\",\"@id\":\"https:\/\/consejoderectores.cl\/comisiones-cruch\/comision-de-admision-y-matricula\/documentos\/#breadcrumb\",\"itemListElement\":[{\"@type\":\"ListItem\",\"position\":1,\"name\":\"Home\",\"item\":\"https:\/\/consejoderectores.cl\/\"},{\"@type\":\"ListItem\",\"position\":2,\"name\":\"Comisiones CRUCH\",\"item\":\"https:\/\/consejoderectores.cl\/comisiones-cruch\/\"},{\"@type\":\"ListItem\",\"position\":3,\"name\":\"Comisi\u00f3n de Admisi\u00f3n y Matr\u00edcula\",\"item\":\"https:\/\/consejoderectores.cl\/comisiones-cruch\/comision-de-admision-y-matricula\/\"},{\"@type\":\"ListItem\",\"position\":4,\"name\":\"Documentos\"}]},{\"@type\":\"WebSite\",\"@id\":\"https:\/\/consejoderectores.cl\/en\/#website\",\"url\":\"https:\/\/consejoderectores.cl\/en\/\",\"name\":\"Consejo de Rectoras y Rectores de las Universidades Chilenas\",\"description\":\"\",\"publisher\":{\"@id\":\"https:\/\/consejoderectores.cl\/en\/#organization\"},\"potentialAction\":[{\"@type\":\"SearchAction\",\"target\":{\"@type\":\"EntryPoint\",\"urlTemplate\":\"https:\/\/consejoderectores.cl\/en\/?s={search_term_string}\"},\"query-input\":{\"@type\":\"PropertyValueSpecification\",\"valueRequired\":true,\"valueName\":\"search_term_string\"}}],\"inLanguage\":\"en-US\"},{\"@type\":\"Organization\",\"@id\":\"https:\/\/consejoderectores.cl\/en\/#organization\",\"name\":\"Consejo de Rectoras y Rectores de las Universidades Chilenas\",\"url\":\"https:\/\/consejoderectores.cl\/en\/\",\"logo\":{\"@type\":\"ImageObject\",\"inLanguage\":\"en-US\",\"@id\":\"https:\/\/consejoderectores.cl\/en\/#\/schema\/logo\/image\/\",\"url\":\"https:\/\/consejoderectores.cl\/wp-content\/uploads\/2025\/12\/logoheader_2025.png\",\"contentUrl\":\"https:\/\/consejoderectores.cl\/wp-content\/uploads\/2025\/12\/logoheader_2025.png\",\"width\":666,\"height\":305,\"caption\":\"Consejo de Rectoras y Rectores de las Universidades Chilenas\"},\"image\":{\"@id\":\"https:\/\/consejoderectores.cl\/en\/#\/schema\/logo\/image\/\"},\"sameAs\":[\"https:\/\/x.com\/CRUCH_cl\",\"https:\/\/www.instagram.com\/consejoderectores\/\",\"https:\/\/www.linkedin.com\/company\/cruch\/\",\"https:\/\/www.youtube.com\/channel\/UCzgIFRCsDlKoFpimiQmEaOA\"]}]}<\/script>\n<!-- \/ Yoast SEO plugin. -->","yoast_head_json":{"title":"Documents - Council of Rectors of Chilean Universities","robots":{"index":"index","follow":"follow","max-snippet":"max-snippet:-1","max-image-preview":"max-image-preview:large","max-video-preview":"max-video-preview:-1"},"canonical":"https:\/\/consejoderectores.cl\/en\/comisiones-cruch\/comision-de-admision-y-matricula\/documentos\/","og_locale":"en_US","og_type":"article","og_title":"Documentos - Consejo de Rectoras y Rectores de las Universidades Chilenas","og_description":"Presentaciones Plenaria&nbsp;Abril 2023Descargar 1era Presentaci\u00f3nDescargar 2da Presentaci\u00f3nDescargar 3era Presentaci\u00f3nPrimer Encuentro Delegados\/asJulio 2021Descargar 1era Presentaci\u00f3nDescargar 2da Presentaci\u00f3n","og_url":"https:\/\/consejoderectores.cl\/en\/comisiones-cruch\/comision-de-admision-y-matricula\/documentos\/","og_site_name":"Consejo de Rectoras y Rectores de las Universidades Chilenas","article_modified_time":"2024-03-05T18:11:53+00:00","og_image":[{"url":"https:\/\/www.consejoderectores.cl\/wp-content\/uploads\/2023\/04\/comision-admision-foto-recortada-3.jpg","type":"","width":"","height":""}],"twitter_card":"summary_large_image","twitter_site":"@CRUCH_cl","schema":{"@context":"https:\/\/schema.org","@graph":[{"@type":"WebPage","@id":"https:\/\/consejoderectores.cl\/comisiones-cruch\/comision-de-admision-y-matricula\/documentos\/","url":"https:\/\/consejoderectores.cl\/comisiones-cruch\/comision-de-admision-y-matricula\/documentos\/","name":"Documents - Council of Rectors of Chilean Universities","isPartOf":{"@id":"https:\/\/consejoderectores.cl\/en\/#website"},"primaryImageOfPage":{"@id":"https:\/\/consejoderectores.cl\/comisiones-cruch\/comision-de-admision-y-matricula\/documentos\/#primaryimage"},"image":{"@id":"https:\/\/consejoderectores.cl\/comisiones-cruch\/comision-de-admision-y-matricula\/documentos\/#primaryimage"},"thumbnailUrl":"https:\/\/www.consejoderectores.cl\/wp-content\/uploads\/2023\/04\/comision-admision-foto-recortada-3.jpg","datePublished":"2021-03-22T20:34:15+00:00","dateModified":"2024-03-05T18:11:53+00:00","breadcrumb":{"@id":"https:\/\/consejoderectores.cl\/comisiones-cruch\/comision-de-admision-y-matricula\/documentos\/#breadcrumb"},"inLanguage":"en-US","potentialAction":[{"@type":"ReadAction","target":["https:\/\/consejoderectores.cl\/comisiones-cruch\/comision-de-admision-y-matricula\/documentos\/"]}]},{"@type":"ImageObject","inLanguage":"en-US","@id":"https:\/\/consejoderectores.cl\/comisiones-cruch\/comision-de-admision-y-matricula\/documentos\/#primaryimage","url":"https:\/\/www.consejoderectores.cl\/wp-content\/uploads\/2023\/04\/comision-admision-foto-recortada-3.jpg","contentUrl":"https:\/\/www.consejoderectores.cl\/wp-content\/uploads\/2023\/04\/comision-admision-foto-recortada-3.jpg"},{"@type":"BreadcrumbList","@id":"https:\/\/consejoderectores.cl\/comisiones-cruch\/comision-de-admision-y-matricula\/documentos\/#breadcrumb","itemListElement":[{"@type":"ListItem","position":1,"name":"Home","item":"https:\/\/consejoderectores.cl\/"},{"@type":"ListItem","position":2,"name":"Comisiones CRUCH","item":"https:\/\/consejoderectores.cl\/comisiones-cruch\/"},{"@type":"ListItem","position":3,"name":"Comisi\u00f3n de Admisi\u00f3n y Matr\u00edcula","item":"https:\/\/consejoderectores.cl\/comisiones-cruch\/comision-de-admision-y-matricula\/"},{"@type":"ListItem","position":4,"name":"Documentos"}]},{"@type":"WebSite","@id":"https:\/\/consejoderectores.cl\/en\/#website","url":"https:\/\/consejoderectores.cl\/en\/","name":"Council of Rectors of Chilean Universities","description":"","publisher":{"@id":"https:\/\/consejoderectores.cl\/en\/#organization"},"potentialAction":[{"@type":"SearchAction","target":{"@type":"EntryPoint","urlTemplate":"https:\/\/consejoderectores.cl\/en\/?s={search_term_string}"},"query-input":{"@type":"PropertyValueSpecification","valueRequired":true,"valueName":"search_term_string"}}],"inLanguage":"en-US"},{"@type":"Organization","@id":"https:\/\/consejoderectores.cl\/en\/#organization","name":"Council of Rectors of Chilean Universities","url":"https:\/\/consejoderectores.cl\/en\/","logo":{"@type":"ImageObject","inLanguage":"en-US","@id":"https:\/\/consejoderectores.cl\/en\/#\/schema\/logo\/image\/","url":"https:\/\/consejoderectores.cl\/wp-content\/uploads\/2025\/12\/logoheader_2025.png","contentUrl":"https:\/\/consejoderectores.cl\/wp-content\/uploads\/2025\/12\/logoheader_2025.png","width":666,"height":305,"caption":"Consejo de Rectoras y Rectores de las Universidades Chilenas"},"image":{"@id":"https:\/\/consejoderectores.cl\/en\/#\/schema\/logo\/image\/"},"sameAs":["https:\/\/x.com\/CRUCH_cl","https:\/\/www.instagram.com\/consejoderectores\/","https:\/\/www.linkedin.com\/company\/cruch\/","https:\/\/www.youtube.com\/channel\/UCzgIFRCsDlKoFpimiQmEaOA"]}]}},"_links":{"self":[{"href":"https:\/\/consejoderectores.cl\/en\/wp-json\/wp\/v2\/pages\/1723","targetHints":{"allow":["GET"]}}],"collection":[{"href":"https:\/\/consejoderectores.cl\/en\/wp-json\/wp\/v2\/pages"}],"about":[{"href":"https:\/\/consejoderectores.cl\/en\/wp-json\/wp\/v2\/types\/page"}],"author":[{"embeddable":true,"href":"https:\/\/consejoderectores.cl\/en\/wp-json\/wp\/v2\/users\/1"}],"replies":[{"embeddable":true,"href":"https:\/\/consejoderectores.cl\/en\/wp-json\/wp\/v2\/comments?post=1723"}],"version-history":[{"count":30,"href":"https:\/\/consejoderectores.cl\/en\/wp-json\/wp\/v2\/pages\/1723\/revisions"}],"predecessor-version":[{"id":10243,"href":"https:\/\/consejoderectores.cl\/en\/wp-json\/wp\/v2\/pages\/1723\/revisions\/10243"}],"up":[{"embeddable":true,"href":"https:\/\/consejoderectores.cl\/en\/wp-json\/wp\/v2\/pages\/290"}],"wp:attachment":[{"href":"https:\/\/consejoderectores.cl\/en\/wp-json\/wp\/v2\/media?parent=1723"}],"curies":[{"name":"wp","href":"https:\/\/api.w.org\/{rel}","templated":true}]}}