{"id":14360,"date":"2026-03-18T20:15:58","date_gmt":"2026-03-18T20:15:58","guid":{"rendered":"https:\/\/consejoderectores.cl\/?page_id=14360"},"modified":"2026-03-23T19:38:28","modified_gmt":"2026-03-23T19:38:28","slug":"publicaciones-relacionadas","status":"publish","type":"page","link":"https:\/\/consejoderectores.cl\/en\/publicaciones\/publicaciones-relacionadas\/","title":{"rendered":"Related Publications"},"content":{"rendered":"<div class=\"vce-row-container\" data-vce-boxed-width=\"true\"><div class=\"vce-row vce-row--col-gap-30 vce-row-content--top\" id=\"el-68c1caa9\" data-vce-do-apply=\"all el-68c1caa9\"><div class=\"vce-row-content\" data-vce-element-content=\"true\"><div class=\"vce-col vce-col--md-auto vce-col--xs-1 vce-col--xs-last vce-col--xs-first vce-col--sm-last vce-col--sm-first vce-col--md-last vce-col--lg-last vce-col--xl-last vce-col--md-first vce-col--lg-first vce-col--xl-first\" id=\"el-9c0cdfb1\"><div class=\"vce-col-inner\" data-vce-do-apply=\"border margin background  el-9c0cdfb1\"><div class=\"vce-col-content\" data-vce-element-content=\"true\" data-vce-do-apply=\"padding el-9c0cdfb1\"><div class=\"vce-text-block\"><div class=\"vce-text-block-wrapper vce\" id=\"el-c3d4ce97\" data-vce-do-apply=\"all el-c3d4ce97\"><p style=\"text-align: justify; padding-bottom: 30px;\">This section brings together publications external to CRUCH that address topics related to our work, providing context and relevant perspectives for the community.<\/p>\n<\/div><\/div><div class=\"vce-row-container\" data-vce-boxed-width=\"true\"><div class=\"vce-row vce-row--col-gap-64 cont-mes vce-row-equal-height vce-row-content--top\" id=\"el-b8c3832b\" data-vce-do-apply=\"all el-b8c3832b\"><div class=\"vce-content-background-container\"><\/div><div class=\"vce-row-content\" data-vce-element-content=\"true\"><div class=\"vce-col vce-col--md-50p vce-col--xs-1 vce-col--xs-last vce-col--xs-first vce-col--sm-last vce-col--sm-first vce-col--md-first vce-col--lg-first vce-col--xl-first\" id=\"el-2a7e7a17\"><div class=\"vce-col-inner\" data-vce-do-apply=\"border margin background  el-2a7e7a17\"><div class=\"vce-col-content\" data-vce-element-content=\"true\" data-vce-do-apply=\"padding el-2a7e7a17\"><div class=\"vce-text-block\"><div class=\"vce-text-block-wrapper vce\" id=\"el-d05c776a\" data-vce-do-apply=\"all el-d05c776a\"><h4>Project Chile 2050<\/h4>\n<\/div><\/div><div class=\"vce-row-container\" data-vce-boxed-width=\"true\"><div class=\"vce-row vce-row--has-col-background vce-row--col-gap-30 vce-row-equal-height vce-row-content--top\" id=\"el-57799fea\" data-vce-do-apply=\"all el-57799fea\"><div class=\"vce-content-background-container\"><\/div><div class=\"vce-row-content\" data-vce-element-content=\"true\"><div class=\"vce-col vce-element--has-background vce-col--md-50p vce-col--xs-1 vce-col--xs-last vce-col--xs-first vce-col--sm-last vce-col--sm-first vce-col--md-first vce-col--lg-first vce-col--xl-first\" id=\"el-2ae9878f\"><div class=\"vce-col-inner\" data-vce-do-apply=\"border margin background  el-2ae9878f\"><div class=\"vce-content-background-container\"><div class=\"vce-asset-background-simple-container vce-visible-all-only vce-asset-background-simple--style-cover vce-asset-background-simple--position-right-center\"><div class=\"vce-asset-background-simple\">\n              <div class=\"vce-asset-background-simple-item vcv-lozad\" data-background-image=\"https:\/\/consejoderectores.cl\/wp-content\/uploads\/2026\/03\/proyecta.png\"><\/div>\n              <noscript>\n                <div class=\"vce-asset-background-simple-item\" style=\"background-image: url(https:\/\/consejoderectores.cl\/wp-content\/uploads\/2026\/03\/proyecta.png)\"><\/div>\n              <\/noscript>\n            <\/div><\/div><\/div><div class=\"vce-col-content\" data-vce-element-content=\"true\" data-vce-do-apply=\"padding el-2ae9878f\"><div class=\"vcv-row-control-wrapper\"><\/div><\/div><\/div><\/div><div class=\"vce-col vce-col--md-50p vce-col--xs-1 vce-col--xs-last vce-col--xs-first vce-col--sm-last vce-col--sm-first vce-col--md-last vce-col--lg-last vce-col--xl-last\" id=\"el-e7bd18ac\"><div class=\"vce-col-inner\" data-vce-do-apply=\"border margin background  el-e7bd18ac\"><div class=\"vce-col-content\" data-vce-element-content=\"true\" data-vce-do-apply=\"padding el-e7bd18ac\"><div class=\"vce-text-block\"><div class=\"vce-text-block-wrapper vce\" id=\"el-801daada\" data-vce-do-apply=\"all el-801daada\"><p>&nbsp;<\/p>\n<p>&nbsp;<\/p>\n<p>&nbsp;<\/p>\n<p>&nbsp;<\/p>\n<p><strong>August 2025<\/strong><\/p><\/div><\/div><div class=\"vce-button--style-basic-container btn-link vce-button--style-basic-container--align-left\"><span class=\"vce-button--style-basic-wrapper vce\" id=\"el-3705ddfe\" data-vce-do-apply=\"margin el-3705ddfe\"><a class=\"vce-button vce-button--style-basic vce-button--style-basic--border-square vce-button--style-basic--size-medium vce-button--style-basic--color-b-14-182-144--fff\" href=\"https:\/\/cfstorage.sfo3.cdn.digitaloceanspaces.com\/pch2050\/docs\/policy-brief-2025.pdf\" title=\"\" target=\"_blank\" data-vce-do-apply=\"padding border background  el-3705ddfe\">Download full version<\/a><\/span><\/div><\/div><\/div><\/div><\/div><\/div><\/div><\/div><\/div><\/div><div class=\"vce-col vce-col--md-50p vce-col--xs-1 vce-col--xs-last vce-col--xs-first vce-col--sm-last vce-col--sm-first vce-col--md-last vce-col--lg-last vce-col--xl-last\" id=\"el-e316cee5\"><div class=\"vce-col-inner\" data-vce-do-apply=\"border margin background  el-e316cee5\"><div class=\"vce-col-content\" data-vce-element-content=\"true\" data-vce-do-apply=\"padding el-e316cee5\"><div class=\"vce-text-block\"><div class=\"vce-text-block-wrapper vce\" id=\"el-c877cd6a\" data-vce-do-apply=\"all el-c877cd6a\"><h4>NANCEN Manual<\/h4>\n<\/div><\/div><div class=\"vce-row-container\" data-vce-boxed-width=\"true\"><div class=\"vce-row vce-row--has-col-background vce-row--col-gap-30 vce-row-equal-height vce-row-content--top\" id=\"el-451a6514\" data-vce-do-apply=\"all el-451a6514\"><div class=\"vce-content-background-container\"><\/div><div class=\"vce-row-content\" data-vce-element-content=\"true\"><div class=\"vce-col vce-element--has-background vce-col--md-50p vce-col--xs-1 vce-col--xs-last vce-col--xs-first vce-col--sm-last vce-col--sm-first vce-col--md-first vce-col--lg-first vce-col--xl-first\" id=\"el-9434abe8\"><div class=\"vce-col-inner\" data-vce-do-apply=\"border margin background  el-9434abe8\"><div class=\"vce-content-background-container\"><div class=\"vce-asset-background-simple-container vce-visible-all-only vce-asset-background-simple--style-cover vce-asset-background-simple--position-right-center\"><div class=\"vce-asset-background-simple\">\n              <div class=\"vce-asset-background-simple-item vcv-lozad\" data-background-image=\"https:\/\/consejoderectores.cl\/wp-content\/uploads\/2026\/03\/dialogo.png\"><\/div>\n              <noscript>\n                <div class=\"vce-asset-background-simple-item\" style=\"background-image: url(https:\/\/consejoderectores.cl\/wp-content\/uploads\/2026\/03\/dialogo.png)\"><\/div>\n              <\/noscript>\n            <\/div><\/div><\/div><div class=\"vce-col-content\" data-vce-element-content=\"true\" data-vce-do-apply=\"padding el-9434abe8\"><div class=\"vcv-row-control-wrapper\"><\/div><\/div><\/div><\/div><div class=\"vce-col vce-col--md-50p vce-col--xs-1 vce-col--xs-last vce-col--xs-first vce-col--sm-last vce-col--sm-first vce-col--md-last vce-col--lg-last vce-col--xl-last\" id=\"el-3f56ada9\"><div class=\"vce-col-inner\" data-vce-do-apply=\"border margin background  el-3f56ada9\"><div class=\"vce-col-content\" data-vce-element-content=\"true\" data-vce-do-apply=\"padding el-3f56ada9\"><div class=\"vce-text-block\"><div class=\"vce-text-block-wrapper vce\" id=\"el-c1fc5f29\" data-vce-do-apply=\"all el-c1fc5f29\"><p>&nbsp;<\/p>\n<p>&nbsp;<\/p>\n<p>&nbsp;<\/p>\n<p>&nbsp;<\/p>\n<p><strong>2024<\/strong><\/p><\/div><\/div><div class=\"vce-button--style-basic-container btn-link vce-button--style-basic-container--align-left\"><span class=\"vce-button--style-basic-wrapper vce\" id=\"el-6bc78a90\" data-vce-do-apply=\"margin el-6bc78a90\"><a class=\"vce-button vce-button--style-basic vce-button--style-basic--border-square vce-button--style-basic--size-medium vce-button--style-basic--color-b-14-182-144--fff\" href=\"https:\/\/consejoderectores.cl\/wp-content\/uploads\/2024\/09\/Manual-Nansen_2024.pdf\" title=\"\" target=\"_blank\" data-vce-do-apply=\"padding border background  el-6bc78a90\">Download full version<\/a><\/span><\/div><\/div><\/div><\/div><\/div><\/div><\/div><\/div><\/div><\/div><div class=\"vce-col vce-col--md-50p vce-col--xs-1 vce-col--xs-last vce-col--xs-first vce-col--sm-last vce-col--sm-first vce-col--md-first vce-col--lg-first vce-col--xl-first\" id=\"el-ec974101\"><div class=\"vce-col-inner\" data-vce-do-apply=\"border margin background  el-ec974101\"><div class=\"vce-col-content\" data-vce-element-content=\"true\" data-vce-do-apply=\"padding el-ec974101\"><div class=\"vcv-row-control-wrapper\"><\/div><\/div><\/div><\/div><div class=\"vce-col vce-col--md-auto vce-col--xs-1 vce-col--xs-last vce-col--xs-first vce-col--sm-last vce-col--sm-first vce-col--md-last vce-col--lg-last vce-col--xl-last\" id=\"el-651469ad\"><div class=\"vce-col-inner\" data-vce-do-apply=\"border margin background  el-651469ad\"><div class=\"vce-content-background-container\"><\/div><div class=\"vce-col-content\" data-vce-element-content=\"true\" data-vce-do-apply=\"padding el-651469ad\"><div class=\"vcv-row-control-wrapper\"><\/div><\/div><\/div><\/div><\/div><\/div><\/div><\/div><\/div><\/div><\/div><\/div><\/div><div class=\"vce-row-container\" data-vce-boxed-width=\"true\"><div class=\"vce-row vce-row--col-gap-30 vce-row-equal-height vce-row-content--top\" id=\"el-739dd4a4\" data-vce-do-apply=\"all el-739dd4a4\"><div class=\"vce-row-content\" data-vce-element-content=\"true\"><div class=\"vce-col vce-col--md-auto vce-col--xs-1 vce-col--xs-last vce-col--xs-first vce-col--sm-last vce-col--sm-first vce-col--md-last vce-col--lg-last vce-col--xl-last vce-col--md-first vce-col--lg-first vce-col--xl-first\" id=\"el-22934a7c\"><div class=\"vce-col-inner\" data-vce-do-apply=\"border margin background  el-22934a7c\"><div class=\"vce-col-content\" data-vce-element-content=\"true\" data-vce-do-apply=\"padding el-22934a7c\"><div class=\"vcv-row-control-wrapper\"><\/div><\/div><\/div><\/div><\/div><\/div><\/div>","protected":false},"excerpt":{"rendered":"<p>This section brings together publications from outside the CRUCH (Council of Rectors of Chilean Universities) that address topics related to our work, providing context and perspectives relevant to the community. Proyecta Chile 2050 August 2025 Download full version NANCEN Manual 2024 Download full version<\/p>","protected":false},"author":1,"featured_media":0,"parent":785,"menu_order":0,"comment_status":"closed","ping_status":"closed","template":"page-header.php","meta":{"_acf_changed":false,"footnotes":""},"class_list":["post-14360","page","type-page","status-publish","hentry"],"acf":[],"yoast_head":"<!-- This site is optimized with the Yoast SEO plugin v27.1.1 - https:\/\/yoast.com\/product\/yoast-seo-wordpress\/ -->\n<title>Publicaciones Relacionadas - Consejo de Rectoras y Rectores de las Universidades Chilenas<\/title>\n<meta name=\"robots\" content=\"index, follow, max-snippet:-1, max-image-preview:large, max-video-preview:-1\" \/>\n<link rel=\"canonical\" href=\"https:\/\/consejoderectores.cl\/en\/publicaciones\/publicaciones-relacionadas\/\" \/>\n<meta property=\"og:locale\" content=\"en_US\" \/>\n<meta property=\"og:type\" content=\"article\" \/>\n<meta property=\"og:title\" content=\"Publicaciones Relacionadas - Consejo de Rectoras y Rectores de las Universidades Chilenas\" \/>\n<meta property=\"og:description\" content=\"En esta secci\u00f3n se re\u00fanen publicaciones externas al CRUCH que abordan tem\u00e1ticas vinculadas a nuestro quehacer, aportando contexto y perspectivas relevantes para la comunidad. Proyecta Chile 2050 &nbsp; &nbsp; &nbsp; &nbsp; Agosto 2025Descargar versi\u00f3n completaManual NANCEN &nbsp; &nbsp; &nbsp; &nbsp; 2024Descargar versi\u00f3n completa\" \/>\n<meta property=\"og:url\" content=\"https:\/\/consejoderectores.cl\/en\/publicaciones\/publicaciones-relacionadas\/\" \/>\n<meta property=\"og:site_name\" content=\"Consejo de Rectoras y Rectores de las Universidades Chilenas\" \/>\n<meta property=\"article:modified_time\" content=\"2026-03-23T19:38:28+00:00\" \/>\n<meta name=\"twitter:card\" content=\"summary_large_image\" \/>\n<meta name=\"twitter:site\" content=\"@CRUCH_cl\" \/>\n<meta name=\"twitter:label1\" content=\"Est. reading time\" \/>\n\t<meta name=\"twitter:data1\" content=\"2 minutes\" \/>\n<script type=\"application\/ld+json\" class=\"yoast-schema-graph\">{\"@context\":\"https:\/\/schema.org\",\"@graph\":[{\"@type\":\"WebPage\",\"@id\":\"https:\/\/consejoderectores.cl\/publicaciones\/publicaciones-relacionadas\/\",\"url\":\"https:\/\/consejoderectores.cl\/publicaciones\/publicaciones-relacionadas\/\",\"name\":\"Publicaciones Relacionadas - Consejo de Rectoras y Rectores de las Universidades Chilenas\",\"isPartOf\":{\"@id\":\"https:\/\/consejoderectores.cl\/en\/#website\"},\"datePublished\":\"2026-03-18T20:15:58+00:00\",\"dateModified\":\"2026-03-23T19:38:28+00:00\",\"breadcrumb\":{\"@id\":\"https:\/\/consejoderectores.cl\/publicaciones\/publicaciones-relacionadas\/#breadcrumb\"},\"inLanguage\":\"en-US\",\"potentialAction\":[{\"@type\":\"ReadAction\",\"target\":[\"https:\/\/consejoderectores.cl\/publicaciones\/publicaciones-relacionadas\/\"]}]},{\"@type\":\"BreadcrumbList\",\"@id\":\"https:\/\/consejoderectores.cl\/publicaciones\/publicaciones-relacionadas\/#breadcrumb\",\"itemListElement\":[{\"@type\":\"ListItem\",\"position\":1,\"name\":\"Home\",\"item\":\"https:\/\/consejoderectores.cl\/\"},{\"@type\":\"ListItem\",\"position\":2,\"name\":\"Publicaciones\",\"item\":\"https:\/\/consejoderectores.cl\/publicaciones\/\"},{\"@type\":\"ListItem\",\"position\":3,\"name\":\"Publicaciones Relacionadas\"}]},{\"@type\":\"WebSite\",\"@id\":\"https:\/\/consejoderectores.cl\/en\/#website\",\"url\":\"https:\/\/consejoderectores.cl\/en\/\",\"name\":\"Consejo de Rectoras y Rectores de las Universidades Chilenas\",\"description\":\"\",\"publisher\":{\"@id\":\"https:\/\/consejoderectores.cl\/en\/#organization\"},\"potentialAction\":[{\"@type\":\"SearchAction\",\"target\":{\"@type\":\"EntryPoint\",\"urlTemplate\":\"https:\/\/consejoderectores.cl\/en\/?s={search_term_string}\"},\"query-input\":{\"@type\":\"PropertyValueSpecification\",\"valueRequired\":true,\"valueName\":\"search_term_string\"}}],\"inLanguage\":\"en-US\"},{\"@type\":\"Organization\",\"@id\":\"https:\/\/consejoderectores.cl\/en\/#organization\",\"name\":\"Consejo de Rectoras y Rectores de las Universidades Chilenas\",\"url\":\"https:\/\/consejoderectores.cl\/en\/\",\"logo\":{\"@type\":\"ImageObject\",\"inLanguage\":\"en-US\",\"@id\":\"https:\/\/consejoderectores.cl\/en\/#\/schema\/logo\/image\/\",\"url\":\"https:\/\/consejoderectores.cl\/wp-content\/uploads\/2025\/12\/logoheader_2025.png\",\"contentUrl\":\"https:\/\/consejoderectores.cl\/wp-content\/uploads\/2025\/12\/logoheader_2025.png\",\"width\":666,\"height\":305,\"caption\":\"Consejo de Rectoras y Rectores de las Universidades Chilenas\"},\"image\":{\"@id\":\"https:\/\/consejoderectores.cl\/en\/#\/schema\/logo\/image\/\"},\"sameAs\":[\"https:\/\/x.com\/CRUCH_cl\",\"https:\/\/www.instagram.com\/consejoderectores\/\",\"https:\/\/www.linkedin.com\/company\/cruch\/\",\"https:\/\/www.youtube.com\/channel\/UCzgIFRCsDlKoFpimiQmEaOA\"]}]}<\/script>\n<!-- \/ Yoast SEO plugin. -->","yoast_head_json":{"title":"Related Publications - Council of Rectors of Chilean Universities","robots":{"index":"index","follow":"follow","max-snippet":"max-snippet:-1","max-image-preview":"max-image-preview:large","max-video-preview":"max-video-preview:-1"},"canonical":"https:\/\/consejoderectores.cl\/en\/publicaciones\/publicaciones-relacionadas\/","og_locale":"en_US","og_type":"article","og_title":"Publicaciones Relacionadas - Consejo de Rectoras y Rectores de las Universidades Chilenas","og_description":"En esta secci\u00f3n se re\u00fanen publicaciones externas al CRUCH que abordan tem\u00e1ticas vinculadas a nuestro quehacer, aportando contexto y perspectivas relevantes para la comunidad. Proyecta Chile 2050 &nbsp; &nbsp; &nbsp; &nbsp; Agosto 2025Descargar versi\u00f3n completaManual NANCEN &nbsp; &nbsp; &nbsp; &nbsp; 2024Descargar versi\u00f3n completa","og_url":"https:\/\/consejoderectores.cl\/en\/publicaciones\/publicaciones-relacionadas\/","og_site_name":"Consejo de Rectoras y Rectores de las Universidades Chilenas","article_modified_time":"2026-03-23T19:38:28+00:00","twitter_card":"summary_large_image","twitter_site":"@CRUCH_cl","twitter_misc":{"Est. reading time":"2 minutes"},"schema":{"@context":"https:\/\/schema.org","@graph":[{"@type":"WebPage","@id":"https:\/\/consejoderectores.cl\/publicaciones\/publicaciones-relacionadas\/","url":"https:\/\/consejoderectores.cl\/publicaciones\/publicaciones-relacionadas\/","name":"Related Publications - Council of Rectors of Chilean Universities","isPartOf":{"@id":"https:\/\/consejoderectores.cl\/en\/#website"},"datePublished":"2026-03-18T20:15:58+00:00","dateModified":"2026-03-23T19:38:28+00:00","breadcrumb":{"@id":"https:\/\/consejoderectores.cl\/publicaciones\/publicaciones-relacionadas\/#breadcrumb"},"inLanguage":"en-US","potentialAction":[{"@type":"ReadAction","target":["https:\/\/consejoderectores.cl\/publicaciones\/publicaciones-relacionadas\/"]}]},{"@type":"BreadcrumbList","@id":"https:\/\/consejoderectores.cl\/publicaciones\/publicaciones-relacionadas\/#breadcrumb","itemListElement":[{"@type":"ListItem","position":1,"name":"Home","item":"https:\/\/consejoderectores.cl\/"},{"@type":"ListItem","position":2,"name":"Publicaciones","item":"https:\/\/consejoderectores.cl\/publicaciones\/"},{"@type":"ListItem","position":3,"name":"Publicaciones Relacionadas"}]},{"@type":"WebSite","@id":"https:\/\/consejoderectores.cl\/en\/#website","url":"https:\/\/consejoderectores.cl\/en\/","name":"Council of Rectors of Chilean Universities","description":"","publisher":{"@id":"https:\/\/consejoderectores.cl\/en\/#organization"},"potentialAction":[{"@type":"SearchAction","target":{"@type":"EntryPoint","urlTemplate":"https:\/\/consejoderectores.cl\/en\/?s={search_term_string}"},"query-input":{"@type":"PropertyValueSpecification","valueRequired":true,"valueName":"search_term_string"}}],"inLanguage":"en-US"},{"@type":"Organization","@id":"https:\/\/consejoderectores.cl\/en\/#organization","name":"Council of Rectors of Chilean Universities","url":"https:\/\/consejoderectores.cl\/en\/","logo":{"@type":"ImageObject","inLanguage":"en-US","@id":"https:\/\/consejoderectores.cl\/en\/#\/schema\/logo\/image\/","url":"https:\/\/consejoderectores.cl\/wp-content\/uploads\/2025\/12\/logoheader_2025.png","contentUrl":"https:\/\/consejoderectores.cl\/wp-content\/uploads\/2025\/12\/logoheader_2025.png","width":666,"height":305,"caption":"Consejo de Rectoras y Rectores de las Universidades Chilenas"},"image":{"@id":"https:\/\/consejoderectores.cl\/en\/#\/schema\/logo\/image\/"},"sameAs":["https:\/\/x.com\/CRUCH_cl","https:\/\/www.instagram.com\/consejoderectores\/","https:\/\/www.linkedin.com\/company\/cruch\/","https:\/\/www.youtube.com\/channel\/UCzgIFRCsDlKoFpimiQmEaOA"]}]}},"_links":{"self":[{"href":"https:\/\/consejoderectores.cl\/en\/wp-json\/wp\/v2\/pages\/14360","targetHints":{"allow":["GET"]}}],"collection":[{"href":"https:\/\/consejoderectores.cl\/en\/wp-json\/wp\/v2\/pages"}],"about":[{"href":"https:\/\/consejoderectores.cl\/en\/wp-json\/wp\/v2\/types\/page"}],"author":[{"embeddable":true,"href":"https:\/\/consejoderectores.cl\/en\/wp-json\/wp\/v2\/users\/1"}],"replies":[{"embeddable":true,"href":"https:\/\/consejoderectores.cl\/en\/wp-json\/wp\/v2\/comments?post=14360"}],"version-history":[{"count":7,"href":"https:\/\/consejoderectores.cl\/en\/wp-json\/wp\/v2\/pages\/14360\/revisions"}],"predecessor-version":[{"id":14422,"href":"https:\/\/consejoderectores.cl\/en\/wp-json\/wp\/v2\/pages\/14360\/revisions\/14422"}],"up":[{"embeddable":true,"href":"https:\/\/consejoderectores.cl\/en\/wp-json\/wp\/v2\/pages\/785"}],"wp:attachment":[{"href":"https:\/\/consejoderectores.cl\/en\/wp-json\/wp\/v2\/media?parent=14360"}],"curies":[{"name":"wp","href":"https:\/\/api.w.org\/{rel}","templated":true}]}}