{"id":14279,"date":"2026-02-25T14:19:28","date_gmt":"2026-02-25T14:19:28","guid":{"rendered":"https:\/\/consejoderectores.cl\/?page_id=14279"},"modified":"2026-02-25T15:13:14","modified_gmt":"2026-02-25T15:13:14","slug":"codigo-de-etica","status":"publish","type":"page","link":"https:\/\/consejoderectores.cl\/en\/secretaria-general\/codigo-de-etica\/","title":{"rendered":"Code of Ethics"},"content":{"rendered":"<div class=\"vce-row-container\" data-vce-boxed-width=\"true\"><div class=\"vce-row vce-row--col-gap-30 vce-row-equal-height vce-row-content--top\" id=\"el-62e58137\" data-vce-do-apply=\"all el-62e58137\"><div class=\"vce-row-content\" data-vce-element-content=\"true\"><div class=\"vce-col vce-col--md-50p vce-col--xs-1 vce-col--xs-last vce-col--xs-first vce-col--sm-last vce-col--sm-first vce-col--md-first vce-col--lg-first vce-col--xl-first\" id=\"el-ede545f6\"><div class=\"vce-col-inner\" data-vce-do-apply=\"border margin background  el-ede545f6\"><div class=\"vce-col-content\" data-vce-element-content=\"true\" data-vce-do-apply=\"padding el-ede545f6\"><div class=\"vce-text-block\"><div class=\"vce-text-block-wrapper vce\" id=\"el-a0d6bc9a\" data-vce-do-apply=\"all el-a0d6bc9a\"><p>The purpose of this Code of Ethics is to guide the conduct and decisions of the members of the Council of Rectors and Rectors of the people involved in the work of CRUCH, to ensure that their decisions are adopted with impartiality, objectivity and reasonableness, ensuring that the highest standards in Higher Education are achieved.<\/p>\r\n<h6 style=\"margin-bottom: 1.5rem; font-size: 1.2rem;\"><strong>Key Points of the Document<\/strong><\/h6>\r\n<p><strong>Core Values:<\/strong> Commitment to the common good, justice, academic freedom and respect for human dignity.<\/p>\r\n<p><strong>Principles of Conduct:<\/strong> Probity in management, transparency in decision-making, and responsibility to society.<\/p>\r\n<p><strong>Prevention of Conflicts of Interest:<\/strong> Clear rules to avoid situations that compromise the impartiality of the Council.<\/p>\r\n<p><strong>Work Environment and Respect:<\/strong> Promotion of spaces free from discrimination and harassment.<\/p>\r\n<p><strong>Compliance Mechanisms:<\/strong> Establishment of procedures to ensure compliance with these rules.<\/p>\r\n<\/div><\/div><\/div><\/div><\/div><div class=\"vce-col vce-col--md-25p vce-col--xs-1 vce-col--xs-last vce-col--xs-first vce-col--sm-last vce-col--sm-first\" id=\"el-4b5b017c\"><div class=\"vce-col-inner\" data-vce-do-apply=\"border margin background  el-4b5b017c\"><div class=\"vce-col-content\" data-vce-element-content=\"true\" data-vce-do-apply=\"padding el-4b5b017c\"><div class=\"vce-raw-html\"><div class=\"vce-raw-html-wrapper\" id=\"el-f573a810\" data-vce-do-apply=\"all el-f573a810\"><div class=\"cBox pBox eBox\">\r\n<img decoding=\"async\" src=\"https:\/\/consejoderectores.cl\/wp-content\/uploads\/2026\/02\/LOGO-COLOR_HORIZONTAL.png\" alt=\"MG. MAR\u00cdA ANG\u00c9LICA BOSCH\">\r\n<h3>Code of Ethics<\/h3>\r\n<h4>CRUCH<\/h4>\r\n<\/div><\/div><\/div><div class=\"vce-button--style-basic-container btn-link btn-link-ce vce-button--style-basic-container--align-center\"><span class=\"vce-button--style-basic-wrapper vce vce-button--style-basic-wrapper--stretched\" id=\"el-e2a80b4c\" data-vce-do-apply=\"margin el-e2a80b4c\"><a class=\"vce-button vce-button--style-basic vce-button--style-basic--border-rounded vce-button--style-basic--size-medium vce-button--style-basic--color-b-1-115-188--fff\" href=\"https:\/\/consejoderectores.cl\/wp-content\/uploads\/2024\/11\/CODIGO-DE-ETICA_-14_3docx.pdf\" title=\"\" data-vce-do-apply=\"padding border background  el-e2a80b4c\">Download pdf<\/a><\/span><\/div><\/div><\/div><\/div><div class=\"vce-col vce-col--md-25p vce-col--xs-1 vce-col--xs-last vce-col--xs-first vce-col--sm-last vce-col--sm-first vce-col--md-last vce-col--lg-last vce-col--xl-last\" id=\"el-ae8708e2\"><div class=\"vce-col-inner\" data-vce-do-apply=\"border margin background  el-ae8708e2\"><div class=\"vce-col-content\" data-vce-element-content=\"true\" data-vce-do-apply=\"padding el-ae8708e2\"><div class=\"vce-raw-html\"><div class=\"vce-raw-html-wrapper\" id=\"el-35c3c1af\" data-vce-do-apply=\"all el-35c3c1af\"><div class=\"cBox pBox eBox\">\r\n<img decoding=\"async\" src=\"https:\/\/consejoderectores.cl\/wp-content\/uploads\/2026\/02\/LOGO-COLOR_HORIZONTAL.png\">\r\n<h3>Exempt Resolution No. 20-2017<\/h3>\r\n<h4>Authorizes Institutional Code of Ethics<\/h4>\r\n<\/div><\/div><\/div><div class=\"vce-button--style-basic-container btn-link btn-link-ce vce-button--style-basic-container--align-center\"><span class=\"vce-button--style-basic-wrapper vce vce-button--style-basic-wrapper--stretched\" id=\"el-6447b88b\" data-vce-do-apply=\"margin el-6447b88b\"><a class=\"vce-button vce-button--style-basic vce-button--style-basic--border-rounded vce-button--style-basic--size-medium vce-button--style-basic--color-b-1-115-188--fff\" href=\"https:\/\/consejoderectores.cl\/wp-content\/uploads\/2024\/11\/REX20-2017.pdf\" title=\"\" data-vce-do-apply=\"padding border background  el-6447b88b\">Download pdf<\/a><\/span><\/div><\/div><\/div><\/div><\/div><\/div><\/div>","protected":false},"excerpt":{"rendered":"<p>El presente C\u00f3digo de \u00c9tica tiene por objeto guiar las conductas y decisiones de los miembros del Consejo de Rectoras y Rectores de las personas involucradas en las labores del CRUCH, para asegurar que sus decisiones sean adoptadas con imparcialidad, objetividad y razonabilidad, velando por alcanzar los m\u00e1s elevados est\u00e1ndares en la Educaci\u00f3n Superior. Puntos [&hellip;]<\/p>\n","protected":false},"author":1,"featured_media":0,"parent":14201,"menu_order":0,"comment_status":"closed","ping_status":"closed","template":"page-header.php","meta":{"_acf_changed":false,"footnotes":""},"class_list":["post-14279","page","type-page","status-publish","hentry"],"acf":[],"yoast_head":"<!-- This site is optimized with the Yoast SEO plugin v27.1.1 - https:\/\/yoast.com\/product\/yoast-seo-wordpress\/ -->\n<title>C\u00f3digo de \u00c9tica - Consejo de Rectoras y Rectores de las Universidades Chilenas<\/title>\n<meta name=\"robots\" content=\"index, follow, max-snippet:-1, max-image-preview:large, max-video-preview:-1\" \/>\n<link rel=\"canonical\" href=\"https:\/\/consejoderectores.cl\/en\/secretaria-general\/codigo-de-etica\/\" \/>\n<meta property=\"og:locale\" content=\"en_US\" \/>\n<meta property=\"og:type\" content=\"article\" \/>\n<meta property=\"og:title\" content=\"C\u00f3digo de \u00c9tica - Consejo de Rectoras y Rectores de las Universidades Chilenas\" \/>\n<meta property=\"og:description\" content=\"El presente C\u00f3digo de \u00c9tica tiene por objeto guiar las conductas y decisiones de los miembros del Consejo de Rectoras y Rectores de las personas involucradas en las labores del CRUCH, para asegurar que sus decisiones sean adoptadas con imparcialidad, objetividad y razonabilidad, velando por alcanzar los m\u00e1s elevados est\u00e1ndares en la Educaci\u00f3n Superior. Puntos [&hellip;]\" \/>\n<meta property=\"og:url\" content=\"https:\/\/consejoderectores.cl\/en\/secretaria-general\/codigo-de-etica\/\" \/>\n<meta property=\"og:site_name\" content=\"Consejo de Rectoras y Rectores de las Universidades Chilenas\" \/>\n<meta property=\"article:modified_time\" content=\"2026-02-25T15:13:14+00:00\" \/>\n<meta property=\"og:image\" content=\"https:\/\/consejoderectores.cl\/wp-content\/uploads\/2026\/02\/LOGO-COLOR_HORIZONTAL.png\" \/>\n<meta name=\"twitter:card\" content=\"summary_large_image\" \/>\n<meta name=\"twitter:site\" content=\"@CRUCH_cl\" \/>\n<meta name=\"twitter:label1\" content=\"Est. reading time\" \/>\n\t<meta name=\"twitter:data1\" content=\"2 minutes\" \/>\n<script type=\"application\/ld+json\" class=\"yoast-schema-graph\">{\"@context\":\"https:\/\/schema.org\",\"@graph\":[{\"@type\":\"WebPage\",\"@id\":\"https:\/\/consejoderectores.cl\/secretaria-general\/codigo-de-etica\/\",\"url\":\"https:\/\/consejoderectores.cl\/secretaria-general\/codigo-de-etica\/\",\"name\":\"C\u00f3digo de \u00c9tica - Consejo de Rectoras y Rectores de las Universidades Chilenas\",\"isPartOf\":{\"@id\":\"https:\/\/consejoderectores.cl\/en\/#website\"},\"primaryImageOfPage\":{\"@id\":\"https:\/\/consejoderectores.cl\/secretaria-general\/codigo-de-etica\/#primaryimage\"},\"image\":{\"@id\":\"https:\/\/consejoderectores.cl\/secretaria-general\/codigo-de-etica\/#primaryimage\"},\"thumbnailUrl\":\"https:\/\/consejoderectores.cl\/wp-content\/uploads\/2026\/02\/LOGO-COLOR_HORIZONTAL.png\",\"datePublished\":\"2026-02-25T14:19:28+00:00\",\"dateModified\":\"2026-02-25T15:13:14+00:00\",\"breadcrumb\":{\"@id\":\"https:\/\/consejoderectores.cl\/secretaria-general\/codigo-de-etica\/#breadcrumb\"},\"inLanguage\":\"en-US\",\"potentialAction\":[{\"@type\":\"ReadAction\",\"target\":[\"https:\/\/consejoderectores.cl\/secretaria-general\/codigo-de-etica\/\"]}]},{\"@type\":\"ImageObject\",\"inLanguage\":\"en-US\",\"@id\":\"https:\/\/consejoderectores.cl\/secretaria-general\/codigo-de-etica\/#primaryimage\",\"url\":\"https:\/\/consejoderectores.cl\/wp-content\/uploads\/2026\/02\/LOGO-COLOR_HORIZONTAL.png\",\"contentUrl\":\"https:\/\/consejoderectores.cl\/wp-content\/uploads\/2026\/02\/LOGO-COLOR_HORIZONTAL.png\"},{\"@type\":\"BreadcrumbList\",\"@id\":\"https:\/\/consejoderectores.cl\/secretaria-general\/codigo-de-etica\/#breadcrumb\",\"itemListElement\":[{\"@type\":\"ListItem\",\"position\":1,\"name\":\"Home\",\"item\":\"https:\/\/consejoderectores.cl\/\"},{\"@type\":\"ListItem\",\"position\":2,\"name\":\"Secretar\u00eda General\",\"item\":\"https:\/\/consejoderectores.cl\/secretaria-general\/\"},{\"@type\":\"ListItem\",\"position\":3,\"name\":\"C\u00f3digo de \u00c9tica\"}]},{\"@type\":\"WebSite\",\"@id\":\"https:\/\/consejoderectores.cl\/en\/#website\",\"url\":\"https:\/\/consejoderectores.cl\/en\/\",\"name\":\"Consejo de Rectoras y Rectores de las Universidades Chilenas\",\"description\":\"\",\"publisher\":{\"@id\":\"https:\/\/consejoderectores.cl\/en\/#organization\"},\"potentialAction\":[{\"@type\":\"SearchAction\",\"target\":{\"@type\":\"EntryPoint\",\"urlTemplate\":\"https:\/\/consejoderectores.cl\/en\/?s={search_term_string}\"},\"query-input\":{\"@type\":\"PropertyValueSpecification\",\"valueRequired\":true,\"valueName\":\"search_term_string\"}}],\"inLanguage\":\"en-US\"},{\"@type\":\"Organization\",\"@id\":\"https:\/\/consejoderectores.cl\/en\/#organization\",\"name\":\"Consejo de Rectoras y Rectores de las Universidades Chilenas\",\"url\":\"https:\/\/consejoderectores.cl\/en\/\",\"logo\":{\"@type\":\"ImageObject\",\"inLanguage\":\"en-US\",\"@id\":\"https:\/\/consejoderectores.cl\/en\/#\/schema\/logo\/image\/\",\"url\":\"https:\/\/consejoderectores.cl\/wp-content\/uploads\/2025\/12\/logoheader_2025.png\",\"contentUrl\":\"https:\/\/consejoderectores.cl\/wp-content\/uploads\/2025\/12\/logoheader_2025.png\",\"width\":666,\"height\":305,\"caption\":\"Consejo de Rectoras y Rectores de las Universidades Chilenas\"},\"image\":{\"@id\":\"https:\/\/consejoderectores.cl\/en\/#\/schema\/logo\/image\/\"},\"sameAs\":[\"https:\/\/x.com\/CRUCH_cl\",\"https:\/\/www.instagram.com\/consejoderectores\/\",\"https:\/\/www.linkedin.com\/company\/cruch\/\",\"https:\/\/www.youtube.com\/channel\/UCzgIFRCsDlKoFpimiQmEaOA\"]}]}<\/script>\n<!-- \/ Yoast SEO plugin. -->","yoast_head_json":{"title":"Code of Ethics - Council of Rectors of Chilean Universities","robots":{"index":"index","follow":"follow","max-snippet":"max-snippet:-1","max-image-preview":"max-image-preview:large","max-video-preview":"max-video-preview:-1"},"canonical":"https:\/\/consejoderectores.cl\/en\/secretaria-general\/codigo-de-etica\/","og_locale":"en_US","og_type":"article","og_title":"C\u00f3digo de \u00c9tica - Consejo de Rectoras y Rectores de las Universidades Chilenas","og_description":"El presente C\u00f3digo de \u00c9tica tiene por objeto guiar las conductas y decisiones de los miembros del Consejo de Rectoras y Rectores de las personas involucradas en las labores del CRUCH, para asegurar que sus decisiones sean adoptadas con imparcialidad, objetividad y razonabilidad, velando por alcanzar los m\u00e1s elevados est\u00e1ndares en la Educaci\u00f3n Superior. Puntos [&hellip;]","og_url":"https:\/\/consejoderectores.cl\/en\/secretaria-general\/codigo-de-etica\/","og_site_name":"Consejo de Rectoras y Rectores de las Universidades Chilenas","article_modified_time":"2026-02-25T15:13:14+00:00","og_image":[{"url":"https:\/\/consejoderectores.cl\/wp-content\/uploads\/2026\/02\/LOGO-COLOR_HORIZONTAL.png","type":"","width":"","height":""}],"twitter_card":"summary_large_image","twitter_site":"@CRUCH_cl","twitter_misc":{"Est. reading time":"2 minutes"},"schema":{"@context":"https:\/\/schema.org","@graph":[{"@type":"WebPage","@id":"https:\/\/consejoderectores.cl\/secretaria-general\/codigo-de-etica\/","url":"https:\/\/consejoderectores.cl\/secretaria-general\/codigo-de-etica\/","name":"Code of Ethics - Council of Rectors of Chilean Universities","isPartOf":{"@id":"https:\/\/consejoderectores.cl\/en\/#website"},"primaryImageOfPage":{"@id":"https:\/\/consejoderectores.cl\/secretaria-general\/codigo-de-etica\/#primaryimage"},"image":{"@id":"https:\/\/consejoderectores.cl\/secretaria-general\/codigo-de-etica\/#primaryimage"},"thumbnailUrl":"https:\/\/consejoderectores.cl\/wp-content\/uploads\/2026\/02\/LOGO-COLOR_HORIZONTAL.png","datePublished":"2026-02-25T14:19:28+00:00","dateModified":"2026-02-25T15:13:14+00:00","breadcrumb":{"@id":"https:\/\/consejoderectores.cl\/secretaria-general\/codigo-de-etica\/#breadcrumb"},"inLanguage":"en-US","potentialAction":[{"@type":"ReadAction","target":["https:\/\/consejoderectores.cl\/secretaria-general\/codigo-de-etica\/"]}]},{"@type":"ImageObject","inLanguage":"en-US","@id":"https:\/\/consejoderectores.cl\/secretaria-general\/codigo-de-etica\/#primaryimage","url":"https:\/\/consejoderectores.cl\/wp-content\/uploads\/2026\/02\/LOGO-COLOR_HORIZONTAL.png","contentUrl":"https:\/\/consejoderectores.cl\/wp-content\/uploads\/2026\/02\/LOGO-COLOR_HORIZONTAL.png"},{"@type":"BreadcrumbList","@id":"https:\/\/consejoderectores.cl\/secretaria-general\/codigo-de-etica\/#breadcrumb","itemListElement":[{"@type":"ListItem","position":1,"name":"Home","item":"https:\/\/consejoderectores.cl\/"},{"@type":"ListItem","position":2,"name":"Secretar\u00eda General","item":"https:\/\/consejoderectores.cl\/secretaria-general\/"},{"@type":"ListItem","position":3,"name":"C\u00f3digo de \u00c9tica"}]},{"@type":"WebSite","@id":"https:\/\/consejoderectores.cl\/en\/#website","url":"https:\/\/consejoderectores.cl\/en\/","name":"Council of Rectors of Chilean Universities","description":"","publisher":{"@id":"https:\/\/consejoderectores.cl\/en\/#organization"},"potentialAction":[{"@type":"SearchAction","target":{"@type":"EntryPoint","urlTemplate":"https:\/\/consejoderectores.cl\/en\/?s={search_term_string}"},"query-input":{"@type":"PropertyValueSpecification","valueRequired":true,"valueName":"search_term_string"}}],"inLanguage":"en-US"},{"@type":"Organization","@id":"https:\/\/consejoderectores.cl\/en\/#organization","name":"Council of Rectors of Chilean Universities","url":"https:\/\/consejoderectores.cl\/en\/","logo":{"@type":"ImageObject","inLanguage":"en-US","@id":"https:\/\/consejoderectores.cl\/en\/#\/schema\/logo\/image\/","url":"https:\/\/consejoderectores.cl\/wp-content\/uploads\/2025\/12\/logoheader_2025.png","contentUrl":"https:\/\/consejoderectores.cl\/wp-content\/uploads\/2025\/12\/logoheader_2025.png","width":666,"height":305,"caption":"Consejo de Rectoras y Rectores de las Universidades Chilenas"},"image":{"@id":"https:\/\/consejoderectores.cl\/en\/#\/schema\/logo\/image\/"},"sameAs":["https:\/\/x.com\/CRUCH_cl","https:\/\/www.instagram.com\/consejoderectores\/","https:\/\/www.linkedin.com\/company\/cruch\/","https:\/\/www.youtube.com\/channel\/UCzgIFRCsDlKoFpimiQmEaOA"]}]}},"_links":{"self":[{"href":"https:\/\/consejoderectores.cl\/en\/wp-json\/wp\/v2\/pages\/14279","targetHints":{"allow":["GET"]}}],"collection":[{"href":"https:\/\/consejoderectores.cl\/en\/wp-json\/wp\/v2\/pages"}],"about":[{"href":"https:\/\/consejoderectores.cl\/en\/wp-json\/wp\/v2\/types\/page"}],"author":[{"embeddable":true,"href":"https:\/\/consejoderectores.cl\/en\/wp-json\/wp\/v2\/users\/1"}],"replies":[{"embeddable":true,"href":"https:\/\/consejoderectores.cl\/en\/wp-json\/wp\/v2\/comments?post=14279"}],"version-history":[{"count":7,"href":"https:\/\/consejoderectores.cl\/en\/wp-json\/wp\/v2\/pages\/14279\/revisions"}],"predecessor-version":[{"id":14295,"href":"https:\/\/consejoderectores.cl\/en\/wp-json\/wp\/v2\/pages\/14279\/revisions\/14295"}],"up":[{"embeddable":true,"href":"https:\/\/consejoderectores.cl\/en\/wp-json\/wp\/v2\/pages\/14201"}],"wp:attachment":[{"href":"https:\/\/consejoderectores.cl\/en\/wp-json\/wp\/v2\/media?parent=14279"}],"curies":[{"name":"wp","href":"https:\/\/api.w.org\/{rel}","templated":true}]}}