{"id":12020,"date":"2024-11-27T18:57:03","date_gmt":"2024-11-27T18:57:03","guid":{"rendered":"https:\/\/consejoderectores.cl\/?page_id=12020"},"modified":"2024-12-03T19:21:58","modified_gmt":"2024-12-03T19:21:58","slug":"convocatoria-concurso-nueva-imagen-de-marca-cruch","status":"publish","type":"page","link":"https:\/\/consejoderectores.cl\/en\/convocatoria-concurso-nueva-imagen-de-marca-cruch\/","title":{"rendered":"CALL FOR ENTRIES &quot;MAKE HISTORY WITH YOUR DESIGN: CRUCH New Brand Image Competition&quot;\""},"content":{"rendered":"<div class=\"vce-row-container\" data-vce-boxed-width=\"true\"><div class=\"vce-row vce-row--col-gap-30 convocatoria-wrap-1 vce-row-equal-height vce-row-content--top\" id=\"el-79d2f904\" data-vce-do-apply=\"all el-79d2f904\"><div class=\"vce-content-background-container\"><\/div><div class=\"vce-row-content\" data-vce-element-content=\"true\"><div class=\"vce-col vce-col--md-50p vce-col--xs-1 vce-col--xs-last vce-col--xs-first vce-col--sm-last vce-col--sm-first vce-col--md-first vce-col--lg-first vce-col--xl-first\" id=\"el-f49a5e51\"><div class=\"vce-col-inner\" data-vce-do-apply=\"border margin background  el-f49a5e51\"><div class=\"vce-col-content\" data-vce-element-content=\"true\" data-vce-do-apply=\"padding el-f49a5e51\"><div class=\"vce-single-image-container vce-single-image--align-left\"><div class=\"vce vce-single-image-wrapper\" id=\"el-0d899f13\" data-vce-do-apply=\"all el-0d899f13\"><figure><div class=\"vce-single-image-figure-inner\" style=\"width: 724px;\"><a href=\"https:\/\/consejoderectores.cl\/wp-content\/uploads\/2024\/12\/REX_Bases-Concurso-Imagen-CRUCH.pdf\" title=\"CRUCH Competition Rules\" target=\"_blank\" class=\"vce-single-image-inner vce-single-image--absolute\" style=\"width: 100%; padding-bottom: 141.436%;\" rel=\"noopener\"><img loading=\"lazy\" decoding=\"async\" class=\"vce-single-image\"  width=\"724\" height=\"1024\" srcset=\"https:\/\/consejoderectores.cl\/wp-content\/uploads\/2024\/12\/Afiche-Concurso-CRUCH-OK-724x1024.png 724w, https:\/\/consejoderectores.cl\/wp-content\/uploads\/2024\/12\/Afiche-Concurso-CRUCH-OK-320x453.png 320w, https:\/\/consejoderectores.cl\/wp-content\/uploads\/2024\/12\/Afiche-Concurso-CRUCH-OK-480x679.png 480w, https:\/\/consejoderectores.cl\/wp-content\/uploads\/2024\/12\/Afiche-Concurso-CRUCH-OK-800x1131.png 800w\" src=\"https:\/\/consejoderectores.cl\/wp-content\/uploads\/2024\/12\/Afiche-Concurso-CRUCH-OK-724x1024.png\" data-img-src=\"https:\/\/consejoderectores.cl\/wp-content\/uploads\/2024\/12\/Afiche-Concurso-CRUCH-OK.png\" data-attachment-id=\"12093\"  alt=\"\" title=\"Poster-Contest-CRUCH-OK\" \/><\/a><\/div><figcaption hidden=\"\"><\/figcaption><\/figure><\/div><\/div><\/div><\/div><\/div><div class=\"vce-col vce-col--md-50p vce-col--xs-1 vce-col--xs-last vce-col--xs-first vce-col--sm-last vce-col--sm-first vce-col--md-last vce-col--lg-last vce-col--xl-last\" id=\"el-93964632\"><div class=\"vce-col-inner\" data-vce-do-apply=\"border margin background  el-93964632\"><div class=\"vce-col-content\" data-vce-element-content=\"true\" data-vce-do-apply=\"padding el-93964632\"><div class=\"vce-text-block\"><div class=\"vce-text-block-wrapper vce\" id=\"el-30c21f84\" data-vce-do-apply=\"all el-30c21f84\"><h4>&nbsp;<\/h4>\n<h4>&nbsp;<\/h4>\n<h4>Context<\/h4>\n<p>The Council of Rectors of Chilean Universities (CRUCH) <a href=\"..\/el-consejo\/quienes-somos\/#el-ca989830\">He turned 70 on August 14, 2024<\/a>.<\/p>\n<p>Since its creation by law in 1954, CRUCH has been a key player in building and strengthening quality higher education in Chile.<\/p>\n<p>Currently, CRUCH is made up of the rectors of the 30 prestigious and public-vocation universities in the country, (link to rectors) that represent the most diverse intellectual and cultural traditions, and contribute substantially to the territorial development of the regions, from Arica and Parinacota to Magallanes.<\/p>\n<p>&nbsp;<\/p>\n<h4><strong>Objective of the competition<\/strong><\/h4>\n<p>The objective of the competition is to receive design proposals for a new image or graphic brand that reflects the evolution of a key organization in the field of Higher Education in Chile, as well as its commitment to academic excellence, innovation and service to society.<\/p>\n<p>This competition is organized by the Council of Rectors of Chilean Universities, with the collaboration of the academic units gathered in the Network of Design Schools (ReDis) of the CRUCH.<\/p><\/div><\/div><\/div><\/div><\/div><\/div><\/div><\/div><div class=\"vce-row-container\" data-vce-boxed-width=\"true\"><div class=\"vce-row vce-row--col-gap-30 vce-row-equal-height vce-row-content--top\" id=\"el-f02c2ff5\" data-vce-do-apply=\"all el-f02c2ff5\"><div class=\"vce-content-background-container\"><\/div><div class=\"vce-row-content\" data-vce-element-content=\"true\"><div class=\"vce-col vce-col--md-auto vce-col--xs-1 vce-col--xs-last vce-col--xs-first vce-col--sm-last vce-col--sm-first vce-col--md-last vce-col--lg-last vce-col--xl-last vce-col--md-first vce-col--lg-first vce-col--xl-first\" id=\"el-a6d6df5f\"><div class=\"vce-col-inner\" data-vce-do-apply=\"border margin background  el-a6d6df5f\"><div class=\"vce-col-content\" data-vce-element-content=\"true\" data-vce-do-apply=\"padding el-a6d6df5f\"><div class=\"vce-text-block\"><div class=\"vce-text-block-wrapper vce\" id=\"el-ddce2404\" data-vce-do-apply=\"all el-ddce2404\"><h4>&nbsp;<\/h4>\n<h4>Specific considerations of the competition<\/h4>\n<p>The new image\u2014which could replace the current brand\u2014must identify and represent CRUCH, considering its history, evolution, and <a href=\"..\/estrategia-sde-cruch-2030\/\">future challenges<\/a>, in addition to its application in different supports and media.<\/p>\n<p>This competition aims to:<\/p>\n<ul>\n<li>To renew the visual identity of the Council of Rectors of Chilean Universities (CRUCH), reflecting its trajectory, values and vision for the future, and strengthening its presence and recognition at the national and international level.<\/li>\n<li>To reinforce the perception of CRUCH as a leading entity in the development and strengthening of Higher Education.<\/li>\n<li>Ensure that the new visual identity is integrated into all CRUCH activities, communication materials and events, increasing its visibility and consistency.<\/li>\n<li>Create communication materials that highlight the strengths and opportunities that CRUCH offers as an organization that advises and formulates proposals to the Ministry of Education on public policies and that coordinates the universities that comprise it, in accordance with Article 5 of Law No. 21,091 on Higher Education and its Organic Statute.<\/li>\n<\/ul>\n<p>The design of the proposal and its content must:<\/p>\n<ul>\n<li>Reflect creativity and originality; institutional coherence; adaptability; visual impact; and differentiation.<\/li>\n<li>Identify the CRUCH and represent what is required in the brief, renewing the visual identity and reflecting the institutional and corporate values of the organization.<\/li>\n<li>To give an account of the history and evolution of CRUCH, as well as its future challenges for the development of the country.<\/li>\n<li>Consider the application on different platforms and media.<\/li>\n<li>The proposed design should be versatile and functional across various formats and platforms, including digital media, print, and physical signage, ensuring consistent and effective application across all materials.<\/li>\n<\/ul>\n<h4>&nbsp;<\/h4>\n<h4>Who can apply?<\/h4>\n<p>The competition is aimed at undergraduate and postgraduate students belonging to any of the CRUCH universities (<a href=\"..\/el-consejo\/universidades-cruch\/\">See here<\/a>).<\/p>\n<p>Participants may participate individually or in teams of up to three members, from the same or several CRUCH study centers, with the sponsorship of an academic affiliated with one of the 30 universities that make up CRUCH.<\/p>\n<p>Applicants must prove their status as a regular student at one of the universities belonging to CRUCH, through a certificate of regular student status.<\/p>\n<p>&nbsp;<\/p>\n<h4>Requirements<\/h4>\n<p><strong>Check the contest rules <a href=\"..\/wp-content\/uploads\/2024\/12\/REX_Bases-Concurso-Imagen-CRUCH.pdf\">HERE<\/a><\/strong><\/p>\n<p>The applicant(s) must submit the following documents:<\/p>\n<ul>\n<li><strong>Project application form<\/strong>, according to <a href=\"..\/wp-content\/uploads\/2024\/12\/Anexo-1.docx\">Appendix 1<\/a>.<\/li>\n<li><strong>Certificate of regular student status for the participant(s), <\/strong>whose issue date cannot be earlier than 60 days after its submission to the competition.<\/li>\n<li><strong>Academic sponsorship letter, <\/strong>according to <a href=\"..\/wp-content\/uploads\/2024\/12\/Anexo-2.docx\">Appendix 2<\/a>.<\/li>\n<li><strong>Presentation of the proposal<\/strong>, according to 5.2.1 letter b) of these terms and conditions.<\/li>\n<li><strong>Description of the proposal, <\/strong>according to 5.2.1 letter c) of these terms.<\/li>\n<li><strong>Basic Brand Manual Proposal<\/strong>: according to 5.2.1 letter d) of these terms and conditions.<\/li>\n<li><strong>Sworn declaration<\/strong>, according to <a href=\"..\/wp-content\/uploads\/2024\/12\/Anexo-3.docx\">Annex 3<\/a>.<\/li>\n<li><strong>Declaration of no plagiarism<\/strong>, according to <a href=\"..\/wp-content\/uploads\/2024\/12\/Anexo-4.docx\">Annex 4<\/a>.<\/li>\n<\/ul>\n<h4>&nbsp;<\/h4>\n<h4>Awards and recognitions<\/h4>\n<p><strong>1st place:&nbsp;<\/strong>The winner of the competition, whether they participated individually or as a team, will be recognized with a commemorative medal; a plaque and the right to be hired to carry out the final project for a maximum amount of $1,000,000.<\/p>\n<p><strong>2nd and 3rd place:<\/strong> Recognition plaque.<\/p>\n<p>The pre-selected works will be exhibited in an online gallery, on the competition website and the websites of the CRUCH universities.<\/p>\n<h4>&nbsp;<\/h4>\n<h4>Application deadlines<\/h4>\n<p>From December 4, 2024 to May 15, 2025.<\/p>\n<p>The applicant(s) must send all the documents indicated in the terms and conditions to the following email address:&nbsp;<a href=\"mailto:cruch@consejoderectores.cl\">cruch@consejoderectores.cl<\/a><\/p>\n<h4>&nbsp;<\/h4>\n<h4>More information<\/h4>\n<p>For inquiries about the competition process or any questions, please contact us through the following means:<\/p>\n<p>Email: <a href=\"mailto:cruch@consejoderectores.cl\">cruch@consejoderectores.cl<\/a>&nbsp;<\/p>\n<p>Telephone: +56 9 224 268 622<\/p><\/div><\/div><\/div><\/div><\/div><\/div><\/div><\/div>","protected":false},"excerpt":{"rendered":"<p>&nbsp; &nbsp; Contexto El Consejo de Rectoras y Rectores de las Universidades Chilenas (CRUCH) cumpli\u00f3 70 a\u00f1os el 14 de agosto de 2024. Desde su creaci\u00f3n por ley, en 1954, el CRUCH ha sido un actor clave en la construcci\u00f3n y fortalecimiento de una educaci\u00f3n superior de calidad en Chile. En la actualidad, el CRUCH [&hellip;]<\/p>\n","protected":false},"author":1,"featured_media":0,"parent":0,"menu_order":0,"comment_status":"closed","ping_status":"closed","template":"page-header.php","meta":{"_acf_changed":false,"footnotes":""},"class_list":["post-12020","page","type-page","status-publish","hentry"],"acf":[],"yoast_head":"<!-- This site is optimized with the Yoast SEO plugin v27.1.1 - https:\/\/yoast.com\/product\/yoast-seo-wordpress\/ -->\n<title>CONVOCATORIA &quot;HAZ HISTORIA CON TU DISE\u00d1O: Concurso Nueva Imagen de Marca CRUCH&quot; - Consejo de Rectoras y Rectores de las Universidades Chilenas<\/title>\n<meta name=\"robots\" content=\"index, follow, max-snippet:-1, max-image-preview:large, max-video-preview:-1\" \/>\n<link rel=\"canonical\" href=\"https:\/\/consejoderectores.cl\/en\/convocatoria-concurso-nueva-imagen-de-marca-cruch\/\" \/>\n<meta property=\"og:locale\" content=\"en_US\" \/>\n<meta property=\"og:type\" content=\"article\" \/>\n<meta property=\"og:title\" content=\"CONVOCATORIA &quot;HAZ HISTORIA CON TU DISE\u00d1O: Concurso Nueva Imagen de Marca CRUCH&quot; - Consejo de Rectoras y Rectores de las Universidades Chilenas\" \/>\n<meta property=\"og:description\" content=\"&nbsp; &nbsp; Contexto El Consejo de Rectoras y Rectores de las Universidades Chilenas (CRUCH) cumpli\u00f3 70 a\u00f1os el 14 de agosto de 2024. Desde su creaci\u00f3n por ley, en 1954, el CRUCH ha sido un actor clave en la construcci\u00f3n y fortalecimiento de una educaci\u00f3n superior de calidad en Chile. En la actualidad, el CRUCH [&hellip;]\" \/>\n<meta property=\"og:url\" content=\"https:\/\/consejoderectores.cl\/en\/convocatoria-concurso-nueva-imagen-de-marca-cruch\/\" \/>\n<meta property=\"og:site_name\" content=\"Consejo de Rectoras y Rectores de las Universidades Chilenas\" \/>\n<meta property=\"article:modified_time\" content=\"2024-12-03T19:21:58+00:00\" \/>\n<meta name=\"twitter:card\" content=\"summary_large_image\" \/>\n<meta name=\"twitter:site\" content=\"@CRUCH_cl\" \/>\n<meta name=\"twitter:label1\" content=\"Est. reading time\" \/>\n\t<meta name=\"twitter:data1\" content=\"4 minutes\" \/>\n<script type=\"application\/ld+json\" class=\"yoast-schema-graph\">{\"@context\":\"https:\/\/schema.org\",\"@graph\":[{\"@type\":\"WebPage\",\"@id\":\"https:\/\/consejoderectores.cl\/convocatoria-concurso-nueva-imagen-de-marca-cruch\/\",\"url\":\"https:\/\/consejoderectores.cl\/convocatoria-concurso-nueva-imagen-de-marca-cruch\/\",\"name\":\"CONVOCATORIA &quot;HAZ HISTORIA CON TU DISE\u00d1O: Concurso Nueva Imagen de Marca CRUCH&quot; - Consejo de Rectoras y Rectores de las Universidades Chilenas\",\"isPartOf\":{\"@id\":\"https:\/\/consejoderectores.cl\/en\/#website\"},\"datePublished\":\"2024-11-27T18:57:03+00:00\",\"dateModified\":\"2024-12-03T19:21:58+00:00\",\"breadcrumb\":{\"@id\":\"https:\/\/consejoderectores.cl\/convocatoria-concurso-nueva-imagen-de-marca-cruch\/#breadcrumb\"},\"inLanguage\":\"en-US\",\"potentialAction\":[{\"@type\":\"ReadAction\",\"target\":[\"https:\/\/consejoderectores.cl\/convocatoria-concurso-nueva-imagen-de-marca-cruch\/\"]}]},{\"@type\":\"BreadcrumbList\",\"@id\":\"https:\/\/consejoderectores.cl\/convocatoria-concurso-nueva-imagen-de-marca-cruch\/#breadcrumb\",\"itemListElement\":[{\"@type\":\"ListItem\",\"position\":1,\"name\":\"Home\",\"item\":\"https:\/\/consejoderectores.cl\/\"},{\"@type\":\"ListItem\",\"position\":2,\"name\":\"CONVOCATORIA &quot;HAZ HISTORIA CON TU DISE\u00d1O: Concurso Nueva Imagen de Marca CRUCH&quot;\"}]},{\"@type\":\"WebSite\",\"@id\":\"https:\/\/consejoderectores.cl\/en\/#website\",\"url\":\"https:\/\/consejoderectores.cl\/en\/\",\"name\":\"Consejo de Rectoras y Rectores de las Universidades Chilenas\",\"description\":\"\",\"publisher\":{\"@id\":\"https:\/\/consejoderectores.cl\/en\/#organization\"},\"potentialAction\":[{\"@type\":\"SearchAction\",\"target\":{\"@type\":\"EntryPoint\",\"urlTemplate\":\"https:\/\/consejoderectores.cl\/en\/?s={search_term_string}\"},\"query-input\":{\"@type\":\"PropertyValueSpecification\",\"valueRequired\":true,\"valueName\":\"search_term_string\"}}],\"inLanguage\":\"en-US\"},{\"@type\":\"Organization\",\"@id\":\"https:\/\/consejoderectores.cl\/en\/#organization\",\"name\":\"Consejo de Rectoras y Rectores de las Universidades Chilenas\",\"url\":\"https:\/\/consejoderectores.cl\/en\/\",\"logo\":{\"@type\":\"ImageObject\",\"inLanguage\":\"en-US\",\"@id\":\"https:\/\/consejoderectores.cl\/en\/#\/schema\/logo\/image\/\",\"url\":\"https:\/\/consejoderectores.cl\/wp-content\/uploads\/2025\/12\/logoheader_2025.png\",\"contentUrl\":\"https:\/\/consejoderectores.cl\/wp-content\/uploads\/2025\/12\/logoheader_2025.png\",\"width\":666,\"height\":305,\"caption\":\"Consejo de Rectoras y Rectores de las Universidades Chilenas\"},\"image\":{\"@id\":\"https:\/\/consejoderectores.cl\/en\/#\/schema\/logo\/image\/\"},\"sameAs\":[\"https:\/\/x.com\/CRUCH_cl\",\"https:\/\/www.instagram.com\/consejoderectores\/\",\"https:\/\/www.linkedin.com\/company\/cruch\/\",\"https:\/\/www.youtube.com\/channel\/UCzgIFRCsDlKoFpimiQmEaOA\"]}]}<\/script>\n<!-- \/ Yoast SEO plugin. -->","yoast_head_json":{"title":"CONVOCATORIA &quot;HAZ HISTORIA CON TU DISE\u00d1O: Concurso Nueva Imagen de Marca CRUCH&quot; - Consejo de Rectoras y Rectores de las Universidades Chilenas","robots":{"index":"index","follow":"follow","max-snippet":"max-snippet:-1","max-image-preview":"max-image-preview:large","max-video-preview":"max-video-preview:-1"},"canonical":"https:\/\/consejoderectores.cl\/en\/convocatoria-concurso-nueva-imagen-de-marca-cruch\/","og_locale":"en_US","og_type":"article","og_title":"CONVOCATORIA &quot;HAZ HISTORIA CON TU DISE\u00d1O: Concurso Nueva Imagen de Marca CRUCH&quot; - Consejo de Rectoras y Rectores de las Universidades Chilenas","og_description":"&nbsp; &nbsp; Contexto El Consejo de Rectoras y Rectores de las Universidades Chilenas (CRUCH) cumpli\u00f3 70 a\u00f1os el 14 de agosto de 2024. Desde su creaci\u00f3n por ley, en 1954, el CRUCH ha sido un actor clave en la construcci\u00f3n y fortalecimiento de una educaci\u00f3n superior de calidad en Chile. En la actualidad, el CRUCH [&hellip;]","og_url":"https:\/\/consejoderectores.cl\/en\/convocatoria-concurso-nueva-imagen-de-marca-cruch\/","og_site_name":"Consejo de Rectoras y Rectores de las Universidades Chilenas","article_modified_time":"2024-12-03T19:21:58+00:00","twitter_card":"summary_large_image","twitter_site":"@CRUCH_cl","twitter_misc":{"Est. reading time":"4 minutes"},"schema":{"@context":"https:\/\/schema.org","@graph":[{"@type":"WebPage","@id":"https:\/\/consejoderectores.cl\/convocatoria-concurso-nueva-imagen-de-marca-cruch\/","url":"https:\/\/consejoderectores.cl\/convocatoria-concurso-nueva-imagen-de-marca-cruch\/","name":"CONVOCATORIA &quot;HAZ HISTORIA CON TU DISE\u00d1O: Concurso Nueva Imagen de Marca CRUCH&quot; - Consejo de Rectoras y Rectores de las Universidades Chilenas","isPartOf":{"@id":"https:\/\/consejoderectores.cl\/en\/#website"},"datePublished":"2024-11-27T18:57:03+00:00","dateModified":"2024-12-03T19:21:58+00:00","breadcrumb":{"@id":"https:\/\/consejoderectores.cl\/convocatoria-concurso-nueva-imagen-de-marca-cruch\/#breadcrumb"},"inLanguage":"en-US","potentialAction":[{"@type":"ReadAction","target":["https:\/\/consejoderectores.cl\/convocatoria-concurso-nueva-imagen-de-marca-cruch\/"]}]},{"@type":"BreadcrumbList","@id":"https:\/\/consejoderectores.cl\/convocatoria-concurso-nueva-imagen-de-marca-cruch\/#breadcrumb","itemListElement":[{"@type":"ListItem","position":1,"name":"Home","item":"https:\/\/consejoderectores.cl\/"},{"@type":"ListItem","position":2,"name":"CONVOCATORIA &quot;HAZ HISTORIA CON TU DISE\u00d1O: Concurso Nueva Imagen de Marca CRUCH&quot;"}]},{"@type":"WebSite","@id":"https:\/\/consejoderectores.cl\/en\/#website","url":"https:\/\/consejoderectores.cl\/en\/","name":"Council of Rectors of Chilean Universities","description":"","publisher":{"@id":"https:\/\/consejoderectores.cl\/en\/#organization"},"potentialAction":[{"@type":"SearchAction","target":{"@type":"EntryPoint","urlTemplate":"https:\/\/consejoderectores.cl\/en\/?s={search_term_string}"},"query-input":{"@type":"PropertyValueSpecification","valueRequired":true,"valueName":"search_term_string"}}],"inLanguage":"en-US"},{"@type":"Organization","@id":"https:\/\/consejoderectores.cl\/en\/#organization","name":"Council of Rectors of Chilean Universities","url":"https:\/\/consejoderectores.cl\/en\/","logo":{"@type":"ImageObject","inLanguage":"en-US","@id":"https:\/\/consejoderectores.cl\/en\/#\/schema\/logo\/image\/","url":"https:\/\/consejoderectores.cl\/wp-content\/uploads\/2025\/12\/logoheader_2025.png","contentUrl":"https:\/\/consejoderectores.cl\/wp-content\/uploads\/2025\/12\/logoheader_2025.png","width":666,"height":305,"caption":"Consejo de Rectoras y Rectores de las Universidades Chilenas"},"image":{"@id":"https:\/\/consejoderectores.cl\/en\/#\/schema\/logo\/image\/"},"sameAs":["https:\/\/x.com\/CRUCH_cl","https:\/\/www.instagram.com\/consejoderectores\/","https:\/\/www.linkedin.com\/company\/cruch\/","https:\/\/www.youtube.com\/channel\/UCzgIFRCsDlKoFpimiQmEaOA"]}]}},"_links":{"self":[{"href":"https:\/\/consejoderectores.cl\/en\/wp-json\/wp\/v2\/pages\/12020","targetHints":{"allow":["GET"]}}],"collection":[{"href":"https:\/\/consejoderectores.cl\/en\/wp-json\/wp\/v2\/pages"}],"about":[{"href":"https:\/\/consejoderectores.cl\/en\/wp-json\/wp\/v2\/types\/page"}],"author":[{"embeddable":true,"href":"https:\/\/consejoderectores.cl\/en\/wp-json\/wp\/v2\/users\/1"}],"replies":[{"embeddable":true,"href":"https:\/\/consejoderectores.cl\/en\/wp-json\/wp\/v2\/comments?post=12020"}],"version-history":[{"count":47,"href":"https:\/\/consejoderectores.cl\/en\/wp-json\/wp\/v2\/pages\/12020\/revisions"}],"predecessor-version":[{"id":12110,"href":"https:\/\/consejoderectores.cl\/en\/wp-json\/wp\/v2\/pages\/12020\/revisions\/12110"}],"wp:attachment":[{"href":"https:\/\/consejoderectores.cl\/en\/wp-json\/wp\/v2\/media?parent=12020"}],"curies":[{"name":"wp","href":"https:\/\/api.w.org\/{rel}","templated":true}]}}