{"id":1027,"date":"2021-02-24T01:56:36","date_gmt":"2021-02-24T01:56:36","guid":{"rendered":"https:\/\/www.consejoderectores.cl\/?page_id=1027"},"modified":"2024-10-09T18:23:38","modified_gmt":"2024-10-09T18:23:38","slug":"universidades-participantes","status":"publish","type":"page","link":"https:\/\/consejoderectores.cl\/en\/pregrado-y-sellos-cruch\/universidades-participantes\/","title":{"rendered":"Participating Universities"},"content":{"rendered":"<div class=\"vce-row-container\" data-vce-boxed-width=\"true\"><div class=\"vce-row vce-row--col-gap-30 vce-row-content--top\" id=\"el-efc7991d\" data-vce-do-apply=\"all el-efc7991d\"><div class=\"vce-row-content\" data-vce-element-content=\"true\"><div class=\"vce-col vce-col--md-auto vce-col--xs-1 vce-col--xs-last vce-col--xs-first vce-col--sm-last vce-col--sm-first vce-col--md-last vce-col--lg-last vce-col--xl-last vce-col--md-first vce-col--lg-first vce-col--xl-first\" id=\"el-7d85379f\"><div class=\"vce-col-inner\" data-vce-do-apply=\"border margin background  el-7d85379f\"><div class=\"vce-col-content\" data-vce-element-content=\"true\" data-vce-do-apply=\"padding el-7d85379f\"><div class=\"vce-text-block\"><div class=\"vce-text-block-wrapper vce\" id=\"el-6eaf9179\" data-vce-do-apply=\"all el-6eaf9179\"><p>The ENCE project currently involves twenty institutions from the Council of Rectors of Chilean Universities, and it is expected that other educational institutions will gradually join.<\/p><\/div><\/div><div class=\"vce-raw-html\"><div class=\"vce-raw-html-wrapper\" id=\"el-5175ca8f\" data-vce-do-apply=\"all el-5175ca8f\"><div class=\"time-line\">\n\t\n<div class=\"time-line-year d-flex\">\n\t<div class=\"dot-year d-flex\">\n\t\t<span class=\"the-dot\"><\/span>\n\t\t<h5>2017<\/h5>\n\t<\/div>\n\t<ul class=\"list-u\">\n\t\t<li class=\"d-flex align-items-center\"><img decoding=\"async\" src=\"https:\/\/www.consejoderectores.cl\/wp-content\/uploads\/2021\/01\/duo_valparaiso.jpg\"> <span>University of Valpara\u00edso (2016)<\/span><\/li>\n\t\t<li class=\"d-flex align-items-center\"><img decoding=\"async\" src=\"https:\/\/www.consejoderectores.cl\/wp-content\/uploads\/2021\/01\/duo_catolica.jpg\"> <span>Pontifical Catholic University of Chile<\/span><\/li>\n\t\t<li class=\"d-flex align-items-center\"><img decoding=\"async\" src=\"https:\/\/www.consejoderectores.cl\/wp-content\/uploads\/2021\/01\/duo_chile.jpg\"> <span>University of Chile<\/span><\/li>\n\t<\/ul>\n<\/div>\n\n<div class=\"time-line-year d-flex\">\n\t<div class=\"dot-year d-flex\">\n\t\t<span class=\"the-dot\"><\/span>\n\t\t<h5>2018<\/h5>\n\t<\/div>\n\t<ul class=\"list-u\">\n\t\t<li class=\"d-flex align-items-center\"><img decoding=\"async\" src=\"https:\/\/www.consejoderectores.cl\/wp-content\/uploads\/2021\/01\/duo_catolicatemuco.jpg\"> <span>Catholic University of Temuco<\/span><\/li>\n\t\t<li class=\"d-flex align-items-center\"><img decoding=\"async\" src=\"https:\/\/www.consejoderectores.cl\/wp-content\/uploads\/2021\/01\/duo_upla.jpg\"> <span>University of Playa Ancha<\/span><\/li>\n\t<\/ul>\n<\/div>\n\n<div class=\"time-line-year d-flex\">\n\t<div class=\"dot-year d-flex\">\n\t\t<span class=\"the-dot\"><\/span>\n\t\t<h5>2019<\/h5>\n\t<\/div>\n\t<ul class=\"list-u\">\n\t\t<li class=\"d-flex align-items-center\"><img decoding=\"async\" src=\"https:\/\/www.consejoderectores.cl\/wp-content\/uploads\/2021\/01\/duo_aysen.jpg\"> <span>University of Ays\u00e9n<\/span><\/li>\n\t\t<li class=\"d-flex align-items-center\"><img decoding=\"async\" src=\"https:\/\/www.consejoderectores.cl\/wp-content\/uploads\/2021\/01\/duo_santisima_concepcion.jpg\"> <span>Catholic University of the Holy Conception<\/span><\/li>\n\t\t<li class=\"d-flex align-items-center\"><img decoding=\"async\" src=\"https:\/\/www.consejoderectores.cl\/wp-content\/uploads\/2021\/01\/duo_frontera.jpg\"> <span>University of La Frontera<\/span><\/li>\n\t\t<li class=\"d-flex align-items-center\"><img decoding=\"async\" src=\"https:\/\/www.consejoderectores.cl\/wp-content\/uploads\/2021\/01\/duo_talca.jpg\"> <span>Talca University<\/span><\/li>\n\t<\/ul>\n<\/div>\n\n<div class=\"time-line-year d-flex\">\n\t<div class=\"dot-year d-flex\">\n\t\t<span class=\"the-dot\"><\/span>\n\t\t<h5>2020<\/h5>\n\t<\/div>\n\t<ul class=\"list-u\">\n\t\t<li class=\"d-flex align-items-center\"><img decoding=\"async\" src=\"https:\/\/www.consejoderectores.cl\/wp-content\/uploads\/2021\/01\/duo_utem.jpg\"> <span>Metropolitan Technological University<\/span><\/li>\n\t\t<li class=\"d-flex align-items-center\"><img decoding=\"async\" src=\"https:\/\/www.consejoderectores.cl\/wp-content\/uploads\/2021\/01\/duo_arturoprat.jpg\"> <span>Arturo Prat University<\/span><\/li>\n\t\t<li class=\"d-flex align-items-center\"><img decoding=\"async\" src=\"https:\/\/www.consejoderectores.cl\/wp-content\/uploads\/2021\/01\/duo_lagos.jpg\"> <span>University of Los Lagos<\/span><\/li>\n\t<\/ul>\n<\/div>\n\n<div class=\"time-line-year d-flex\">\n\t<div class=\"dot-year d-flex\">\n\t\t<span class=\"the-dot\"><\/span>\n\t\t<h5>2021<\/h5>\n\t<\/div>\n\t<ul class=\"list-u\">\n\t\t<li class=\"d-flex align-items-center\"><img decoding=\"async\" src=\"https:\/\/www.consejoderectores.cl\/wp-content\/uploads\/2021\/01\/duo_magallanes.jpg\"> <span>University of Magallanes<\/span><\/li>\n\t\t<li class=\"d-flex align-items-center\"><img decoding=\"async\" src=\"https:\/\/www.consejoderectores.cl\/wp-content\/uploads\/2021\/01\/duo_andes.jpg\"> <span>University of the Andes<\/span><\/li>\n\t\t<li class=\"d-flex align-items-center\"><img decoding=\"async\" src=\"https:\/\/www.consejoderectores.cl\/wp-content\/uploads\/2021\/01\/duo_usach.jpg\"> <span>University of Santiago, Chile<\/span><\/li>\n\t<\/ul>\n<\/div>\n\n<div class=\"time-line-year d-flex\">\n\t<div class=\"dot-year d-flex\">\n\t\t<span class=\"the-dot\"><\/span>\n\t\t<h5>2022<\/h5>\n\t<\/div>\n\t<ul class=\"list-u\">\n\t\t<li class=\"d-flex align-items-center\"><img decoding=\"async\" src=\"https:\/\/www.consejoderectores.cl\/wp-content\/uploads\/2021\/01\/duo_umce.jpg\"> <span>Metropolitan University of Education Sciences<\/span><\/li>\n\t\t<li class=\"d-flex align-items-center\"><img decoding=\"async\" src=\"https:\/\/www.consejoderectores.cl\/wp-content\/uploads\/2021\/01\/duo_atacama.jpg\"> <span>Atacama University<\/span><\/li>\n\t\t<li class=\"d-flex align-items-center\"><img decoding=\"async\" src=\"https:\/\/www.consejoderectores.cl\/wp-content\/uploads\/2021\/01\/duo_alberto.jpg\"> <span>Alberto Hurtado University<\/span><\/li>\n\t<\/ul>\n<\/div>\n<div class=\"time-line-year d-flex\">\n\t<div class=\"dot-year d-flex\">\n\t\t<span class=\"the-dot\"><\/span>\n\t\t<h5>2023<\/h5>\n\t<\/div>\n\t<ul class=\"list-u\">\n\t\t<li class=\"d-flex align-items-center\"><img decoding=\"async\" src=\"https:\/\/www.consejoderectores.cl\/wp-content\/uploads\/2021\/01\/duo_catolicamaule.jpg\"> <span>Catholic University of Maule<\/span><\/li>\n\t\t<li class=\"d-flex align-items-center\"><img decoding=\"async\" src=\"https:\/\/www.consejoderectores.cl\/wp-content\/uploads\/2021\/01\/duo_serena.jpg\"> <span>University of La Serena<\/span><\/li>\n\t\t\n<\/ul><\/div><\/div><\/div><\/div><\/div><\/div><\/div><\/div><\/div><\/div>","protected":false},"excerpt":{"rendered":"<p>En el proyecto ENCE participan hoy veinte instituciones del Consejo de Rectores de las Universidades Chilenas, y se espera que progresivamente se sumen otras casas de estudios. 2017 Universidad de Valpara\u00edso (2016) Pontificia Universidad Cat\u00f3lica de Chile Universidad de Chile 2018 Universidad Cat\u00f3lica de Temuco Universidad de Playa Ancha 2019 Universidad de Ays\u00e9n Universidad Cat\u00f3lica [&hellip;]<\/p>\n","protected":false},"author":1,"featured_media":0,"parent":1001,"menu_order":0,"comment_status":"closed","ping_status":"closed","template":"page-header.php","meta":{"_acf_changed":false,"footnotes":""},"class_list":["post-1027","page","type-page","status-publish","hentry"],"acf":[],"yoast_head":"<!-- This site is optimized with the Yoast SEO plugin v27.1.1 - https:\/\/yoast.com\/product\/yoast-seo-wordpress\/ -->\n<title>Universidades Participantes - Consejo de Rectoras y Rectores de las Universidades Chilenas<\/title>\n<meta name=\"robots\" content=\"index, follow, max-snippet:-1, max-image-preview:large, max-video-preview:-1\" \/>\n<link rel=\"canonical\" href=\"https:\/\/consejoderectores.cl\/en\/pregrado-y-sellos-cruch\/universidades-participantes\/\" \/>\n<meta property=\"og:locale\" content=\"en_US\" \/>\n<meta property=\"og:type\" content=\"article\" \/>\n<meta property=\"og:title\" content=\"Universidades Participantes - Consejo de Rectoras y Rectores de las Universidades Chilenas\" \/>\n<meta property=\"og:description\" content=\"En el proyecto ENCE participan hoy veinte instituciones del Consejo de Rectores de las Universidades Chilenas, y se espera que progresivamente se sumen otras casas de estudios. 2017 Universidad de Valpara\u00edso (2016) Pontificia Universidad Cat\u00f3lica de Chile Universidad de Chile 2018 Universidad Cat\u00f3lica de Temuco Universidad de Playa Ancha 2019 Universidad de Ays\u00e9n Universidad Cat\u00f3lica [&hellip;]\" \/>\n<meta property=\"og:url\" content=\"https:\/\/consejoderectores.cl\/en\/pregrado-y-sellos-cruch\/universidades-participantes\/\" \/>\n<meta property=\"og:site_name\" content=\"Consejo de Rectoras y Rectores de las Universidades Chilenas\" \/>\n<meta property=\"article:modified_time\" content=\"2024-10-09T18:23:38+00:00\" \/>\n<meta property=\"og:image\" content=\"https:\/\/www.consejoderectores.cl\/wp-content\/uploads\/2021\/01\/duo_valparaiso.jpg\" \/>\n<meta name=\"twitter:card\" content=\"summary_large_image\" \/>\n<meta name=\"twitter:site\" content=\"@CRUCH_cl\" \/>\n<meta name=\"twitter:label1\" content=\"Est. reading time\" \/>\n\t<meta name=\"twitter:data1\" content=\"1 minute\" \/>\n<script type=\"application\/ld+json\" class=\"yoast-schema-graph\">{\"@context\":\"https:\/\/schema.org\",\"@graph\":[{\"@type\":\"WebPage\",\"@id\":\"https:\/\/consejoderectores.cl\/pregrado-y-sellos-cruch\/universidades-participantes\/\",\"url\":\"https:\/\/consejoderectores.cl\/pregrado-y-sellos-cruch\/universidades-participantes\/\",\"name\":\"Universidades Participantes - Consejo de Rectoras y Rectores de las Universidades Chilenas\",\"isPartOf\":{\"@id\":\"https:\/\/consejoderectores.cl\/en\/#website\"},\"primaryImageOfPage\":{\"@id\":\"https:\/\/consejoderectores.cl\/pregrado-y-sellos-cruch\/universidades-participantes\/#primaryimage\"},\"image\":{\"@id\":\"https:\/\/consejoderectores.cl\/pregrado-y-sellos-cruch\/universidades-participantes\/#primaryimage\"},\"thumbnailUrl\":\"https:\/\/www.consejoderectores.cl\/wp-content\/uploads\/2021\/01\/duo_valparaiso.jpg\",\"datePublished\":\"2021-02-24T01:56:36+00:00\",\"dateModified\":\"2024-10-09T18:23:38+00:00\",\"breadcrumb\":{\"@id\":\"https:\/\/consejoderectores.cl\/pregrado-y-sellos-cruch\/universidades-participantes\/#breadcrumb\"},\"inLanguage\":\"en-US\",\"potentialAction\":[{\"@type\":\"ReadAction\",\"target\":[\"https:\/\/consejoderectores.cl\/pregrado-y-sellos-cruch\/universidades-participantes\/\"]}]},{\"@type\":\"ImageObject\",\"inLanguage\":\"en-US\",\"@id\":\"https:\/\/consejoderectores.cl\/pregrado-y-sellos-cruch\/universidades-participantes\/#primaryimage\",\"url\":\"https:\/\/www.consejoderectores.cl\/wp-content\/uploads\/2021\/01\/duo_valparaiso.jpg\",\"contentUrl\":\"https:\/\/www.consejoderectores.cl\/wp-content\/uploads\/2021\/01\/duo_valparaiso.jpg\"},{\"@type\":\"BreadcrumbList\",\"@id\":\"https:\/\/consejoderectores.cl\/pregrado-y-sellos-cruch\/universidades-participantes\/#breadcrumb\",\"itemListElement\":[{\"@type\":\"ListItem\",\"position\":1,\"name\":\"Home\",\"item\":\"https:\/\/consejoderectores.cl\/\"},{\"@type\":\"ListItem\",\"position\":2,\"name\":\"Encuesta Nacional de Compromiso Estudiantil (ENCE)\",\"item\":\"https:\/\/consejoderectores.cl\/pregrado-y-sellos-cruch\/\"},{\"@type\":\"ListItem\",\"position\":3,\"name\":\"Universidades Participantes\"}]},{\"@type\":\"WebSite\",\"@id\":\"https:\/\/consejoderectores.cl\/en\/#website\",\"url\":\"https:\/\/consejoderectores.cl\/en\/\",\"name\":\"Consejo de Rectoras y Rectores de las Universidades Chilenas\",\"description\":\"\",\"publisher\":{\"@id\":\"https:\/\/consejoderectores.cl\/en\/#organization\"},\"potentialAction\":[{\"@type\":\"SearchAction\",\"target\":{\"@type\":\"EntryPoint\",\"urlTemplate\":\"https:\/\/consejoderectores.cl\/en\/?s={search_term_string}\"},\"query-input\":{\"@type\":\"PropertyValueSpecification\",\"valueRequired\":true,\"valueName\":\"search_term_string\"}}],\"inLanguage\":\"en-US\"},{\"@type\":\"Organization\",\"@id\":\"https:\/\/consejoderectores.cl\/en\/#organization\",\"name\":\"Consejo de Rectoras y Rectores de las Universidades Chilenas\",\"url\":\"https:\/\/consejoderectores.cl\/en\/\",\"logo\":{\"@type\":\"ImageObject\",\"inLanguage\":\"en-US\",\"@id\":\"https:\/\/consejoderectores.cl\/en\/#\/schema\/logo\/image\/\",\"url\":\"https:\/\/consejoderectores.cl\/wp-content\/uploads\/2025\/12\/logoheader_2025.png\",\"contentUrl\":\"https:\/\/consejoderectores.cl\/wp-content\/uploads\/2025\/12\/logoheader_2025.png\",\"width\":666,\"height\":305,\"caption\":\"Consejo de Rectoras y Rectores de las Universidades Chilenas\"},\"image\":{\"@id\":\"https:\/\/consejoderectores.cl\/en\/#\/schema\/logo\/image\/\"},\"sameAs\":[\"https:\/\/x.com\/CRUCH_cl\",\"https:\/\/www.instagram.com\/consejoderectores\/\",\"https:\/\/www.linkedin.com\/company\/cruch\/\",\"https:\/\/www.youtube.com\/channel\/UCzgIFRCsDlKoFpimiQmEaOA\"]}]}<\/script>\n<!-- \/ Yoast SEO plugin. -->","yoast_head_json":{"title":"Universidades Participantes - Consejo de Rectoras y Rectores de las Universidades Chilenas","robots":{"index":"index","follow":"follow","max-snippet":"max-snippet:-1","max-image-preview":"max-image-preview:large","max-video-preview":"max-video-preview:-1"},"canonical":"https:\/\/consejoderectores.cl\/en\/pregrado-y-sellos-cruch\/universidades-participantes\/","og_locale":"en_US","og_type":"article","og_title":"Universidades Participantes - Consejo de Rectoras y Rectores de las Universidades Chilenas","og_description":"En el proyecto ENCE participan hoy veinte instituciones del Consejo de Rectores de las Universidades Chilenas, y se espera que progresivamente se sumen otras casas de estudios. 2017 Universidad de Valpara\u00edso (2016) Pontificia Universidad Cat\u00f3lica de Chile Universidad de Chile 2018 Universidad Cat\u00f3lica de Temuco Universidad de Playa Ancha 2019 Universidad de Ays\u00e9n Universidad Cat\u00f3lica [&hellip;]","og_url":"https:\/\/consejoderectores.cl\/en\/pregrado-y-sellos-cruch\/universidades-participantes\/","og_site_name":"Consejo de Rectoras y Rectores de las Universidades Chilenas","article_modified_time":"2024-10-09T18:23:38+00:00","og_image":[{"url":"https:\/\/www.consejoderectores.cl\/wp-content\/uploads\/2021\/01\/duo_valparaiso.jpg","type":"","width":"","height":""}],"twitter_card":"summary_large_image","twitter_site":"@CRUCH_cl","twitter_misc":{"Est. reading time":"1 minute"},"schema":{"@context":"https:\/\/schema.org","@graph":[{"@type":"WebPage","@id":"https:\/\/consejoderectores.cl\/pregrado-y-sellos-cruch\/universidades-participantes\/","url":"https:\/\/consejoderectores.cl\/pregrado-y-sellos-cruch\/universidades-participantes\/","name":"Universidades Participantes - Consejo de Rectoras y Rectores de las Universidades Chilenas","isPartOf":{"@id":"https:\/\/consejoderectores.cl\/en\/#website"},"primaryImageOfPage":{"@id":"https:\/\/consejoderectores.cl\/pregrado-y-sellos-cruch\/universidades-participantes\/#primaryimage"},"image":{"@id":"https:\/\/consejoderectores.cl\/pregrado-y-sellos-cruch\/universidades-participantes\/#primaryimage"},"thumbnailUrl":"https:\/\/www.consejoderectores.cl\/wp-content\/uploads\/2021\/01\/duo_valparaiso.jpg","datePublished":"2021-02-24T01:56:36+00:00","dateModified":"2024-10-09T18:23:38+00:00","breadcrumb":{"@id":"https:\/\/consejoderectores.cl\/pregrado-y-sellos-cruch\/universidades-participantes\/#breadcrumb"},"inLanguage":"en-US","potentialAction":[{"@type":"ReadAction","target":["https:\/\/consejoderectores.cl\/pregrado-y-sellos-cruch\/universidades-participantes\/"]}]},{"@type":"ImageObject","inLanguage":"en-US","@id":"https:\/\/consejoderectores.cl\/pregrado-y-sellos-cruch\/universidades-participantes\/#primaryimage","url":"https:\/\/www.consejoderectores.cl\/wp-content\/uploads\/2021\/01\/duo_valparaiso.jpg","contentUrl":"https:\/\/www.consejoderectores.cl\/wp-content\/uploads\/2021\/01\/duo_valparaiso.jpg"},{"@type":"BreadcrumbList","@id":"https:\/\/consejoderectores.cl\/pregrado-y-sellos-cruch\/universidades-participantes\/#breadcrumb","itemListElement":[{"@type":"ListItem","position":1,"name":"Home","item":"https:\/\/consejoderectores.cl\/"},{"@type":"ListItem","position":2,"name":"Encuesta Nacional de Compromiso Estudiantil (ENCE)","item":"https:\/\/consejoderectores.cl\/pregrado-y-sellos-cruch\/"},{"@type":"ListItem","position":3,"name":"Universidades Participantes"}]},{"@type":"WebSite","@id":"https:\/\/consejoderectores.cl\/en\/#website","url":"https:\/\/consejoderectores.cl\/en\/","name":"Council of Rectors of Chilean Universities","description":"","publisher":{"@id":"https:\/\/consejoderectores.cl\/en\/#organization"},"potentialAction":[{"@type":"SearchAction","target":{"@type":"EntryPoint","urlTemplate":"https:\/\/consejoderectores.cl\/en\/?s={search_term_string}"},"query-input":{"@type":"PropertyValueSpecification","valueRequired":true,"valueName":"search_term_string"}}],"inLanguage":"en-US"},{"@type":"Organization","@id":"https:\/\/consejoderectores.cl\/en\/#organization","name":"Council of Rectors of Chilean Universities","url":"https:\/\/consejoderectores.cl\/en\/","logo":{"@type":"ImageObject","inLanguage":"en-US","@id":"https:\/\/consejoderectores.cl\/en\/#\/schema\/logo\/image\/","url":"https:\/\/consejoderectores.cl\/wp-content\/uploads\/2025\/12\/logoheader_2025.png","contentUrl":"https:\/\/consejoderectores.cl\/wp-content\/uploads\/2025\/12\/logoheader_2025.png","width":666,"height":305,"caption":"Consejo de Rectoras y Rectores de las Universidades Chilenas"},"image":{"@id":"https:\/\/consejoderectores.cl\/en\/#\/schema\/logo\/image\/"},"sameAs":["https:\/\/x.com\/CRUCH_cl","https:\/\/www.instagram.com\/consejoderectores\/","https:\/\/www.linkedin.com\/company\/cruch\/","https:\/\/www.youtube.com\/channel\/UCzgIFRCsDlKoFpimiQmEaOA"]}]}},"_links":{"self":[{"href":"https:\/\/consejoderectores.cl\/en\/wp-json\/wp\/v2\/pages\/1027","targetHints":{"allow":["GET"]}}],"collection":[{"href":"https:\/\/consejoderectores.cl\/en\/wp-json\/wp\/v2\/pages"}],"about":[{"href":"https:\/\/consejoderectores.cl\/en\/wp-json\/wp\/v2\/types\/page"}],"author":[{"embeddable":true,"href":"https:\/\/consejoderectores.cl\/en\/wp-json\/wp\/v2\/users\/1"}],"replies":[{"embeddable":true,"href":"https:\/\/consejoderectores.cl\/en\/wp-json\/wp\/v2\/comments?post=1027"}],"version-history":[{"count":25,"href":"https:\/\/consejoderectores.cl\/en\/wp-json\/wp\/v2\/pages\/1027\/revisions"}],"predecessor-version":[{"id":11845,"href":"https:\/\/consejoderectores.cl\/en\/wp-json\/wp\/v2\/pages\/1027\/revisions\/11845"}],"up":[{"embeddable":true,"href":"https:\/\/consejoderectores.cl\/en\/wp-json\/wp\/v2\/pages\/1001"}],"wp:attachment":[{"href":"https:\/\/consejoderectores.cl\/en\/wp-json\/wp\/v2\/media?parent=1027"}],"curies":[{"name":"wp","href":"https:\/\/api.w.org\/{rel}","templated":true}]}}